{"id":942,"date":"2025-02-17T12:35:59","date_gmt":"2025-02-17T12:35:59","guid":{"rendered":"https:\/\/testigosfalsos.es\/tf\/?page_id=942"},"modified":"2025-02-17T12:45:34","modified_gmt":"2025-02-17T12:45:34","slug":"2013-tentaciones","status":"publish","type":"page","link":"https:\/\/testigosfalsos.es\/tf\/2013-tentaciones\/","title":{"rendered":"2013 &#8211; Tentaciones"},"content":{"rendered":"\t\t<div data-elementor-type=\"wp-page\" data-elementor-id=\"942\" class=\"elementor elementor-942\" data-elementor-post-type=\"page\">\n\t\t\t\t<div class=\"elementor-element elementor-element-55600cb e-flex e-con-boxed e-con e-parent\" data-id=\"55600cb\" data-element_type=\"container\" data-e-type=\"container\">\n\t\t\t\t\t<div class=\"e-con-inner\">\n\t\t\t\t<div class=\"elementor-element elementor-element-c7785ee elementor-widget-divider--view-line elementor-widget elementor-widget-divider\" data-id=\"c7785ee\" data-element_type=\"widget\" data-e-type=\"widget\" data-widget_type=\"divider.default\">\n\t\t\t\t<div class=\"elementor-widget-container\">\n\t\t\t\t\t\t\t<div class=\"elementor-divider\">\n\t\t\t<span class=\"elementor-divider-separator\">\n\t\t\t\t\t\t<\/span>\n\t\t<\/div>\n\t\t\t\t\t\t<\/div>\n\t\t\t\t<\/div>\n\t\t\t\t\t<\/div>\n\t\t\t\t<\/div>\n\t\t<div class=\"elementor-element elementor-element-e8ce051 e-flex e-con-boxed e-con e-parent\" data-id=\"e8ce051\" data-element_type=\"container\" data-e-type=\"container\">\n\t\t\t\t\t<div class=\"e-con-inner\">\n\t\t\t\t<div class=\"elementor-element elementor-element-095bfdc elementor-widget elementor-widget-heading\" data-id=\"095bfdc\" data-element_type=\"widget\" data-e-type=\"widget\" data-widget_type=\"heading.default\">\n\t\t\t\t<div class=\"elementor-widget-container\">\n\t\t\t\t\t<h3 class=\"elementor-heading-title elementor-size-default\">2013 - Tentaciones<\/h3>\t\t\t\t<\/div>\n\t\t\t\t<\/div>\n\t\t\t\t\t<\/div>\n\t\t\t\t<\/div>\n\t\t<div class=\"elementor-element elementor-element-225efd7 e-flex e-con-boxed e-con e-parent\" data-id=\"225efd7\" data-element_type=\"container\" data-e-type=\"container\">\n\t\t\t\t\t<div class=\"e-con-inner\">\n\t\t\t\t<div class=\"elementor-element elementor-element-887827d elementor-widget-divider--view-line elementor-widget elementor-widget-divider\" data-id=\"887827d\" data-element_type=\"widget\" data-e-type=\"widget\" data-widget_type=\"divider.default\">\n\t\t\t\t<div class=\"elementor-widget-container\">\n\t\t\t\t\t\t\t<div class=\"elementor-divider\">\n\t\t\t<span class=\"elementor-divider-separator\">\n\t\t\t\t\t\t<\/span>\n\t\t<\/div>\n\t\t\t\t\t\t<\/div>\n\t\t\t\t<\/div>\n\t\t\t\t\t<\/div>\n\t\t\t\t<\/div>\n\t\t<div class=\"elementor-element elementor-element-10eeb76 e-flex e-con-boxed e-con e-parent\" data-id=\"10eeb76\" data-element_type=\"container\" data-e-type=\"container\">\n\t\t\t\t\t<div class=\"e-con-inner\">\n\t\t<div class=\"elementor-element elementor-element-eef9070 e-con-full e-flex e-con e-child\" data-id=\"eef9070\" data-element_type=\"container\" data-e-type=\"container\">\n\t\t\t\t<div class=\"elementor-element elementor-element-8b8ec5c elementor-widget elementor-widget-image\" data-id=\"8b8ec5c\" data-element_type=\"widget\" data-e-type=\"widget\" data-widget_type=\"image.default\">\n\t\t\t\t<div class=\"elementor-widget-container\">\n\t\t\t\t\t\t\t\t\t\t\t\t\t\t\t<img fetchpriority=\"high\" decoding=\"async\" width=\"640\" height=\"480\" src=\"https:\/\/testigosfalsos.es\/tf\/wp-content\/uploads\/2025\/02\/evangelio2.jpg\" class=\"attachment-large size-large wp-image-758\" alt=\"\" srcset=\"https:\/\/testigosfalsos.es\/tf\/wp-content\/uploads\/2025\/02\/evangelio2.jpg 640w, https:\/\/testigosfalsos.es\/tf\/wp-content\/uploads\/2025\/02\/evangelio2-300x225.jpg 300w\" sizes=\"(max-width: 640px) 100vw, 640px\" \/>\t\t\t\t\t\t\t\t\t\t\t\t\t\t\t<\/div>\n\t\t\t\t<\/div>\n\t\t\t\t<\/div>\n\t\t<div class=\"elementor-element elementor-element-7266411 e-con-full e-flex e-con e-child\" data-id=\"7266411\" data-element_type=\"container\" data-e-type=\"container\">\n\t\t\t\t<div class=\"elementor-element elementor-element-9d0346b elementor-widget elementor-widget-image\" data-id=\"9d0346b\" data-element_type=\"widget\" data-e-type=\"widget\" data-widget_type=\"image.default\">\n\t\t\t\t<div class=\"elementor-widget-container\">\n\t\t\t\t\t\t\t\t\t\t\t\t\t\t\t<img decoding=\"async\" width=\"640\" height=\"480\" src=\"https:\/\/testigosfalsos.es\/tf\/wp-content\/uploads\/2025\/02\/pata2.jpg\" class=\"attachment-large size-large wp-image-759\" alt=\"\" srcset=\"https:\/\/testigosfalsos.es\/tf\/wp-content\/uploads\/2025\/02\/pata2.jpg 640w, https:\/\/testigosfalsos.es\/tf\/wp-content\/uploads\/2025\/02\/pata2-300x225.jpg 300w\" sizes=\"(max-width: 640px) 100vw, 640px\" \/>\t\t\t\t\t\t\t\t\t\t\t\t\t\t\t<\/div>\n\t\t\t\t<\/div>\n\t\t\t\t<\/div>\n\t\t\t\t\t<\/div>\n\t\t\t\t<\/div>\n\t\t<div class=\"elementor-element elementor-element-da636f6 e-flex e-con-boxed e-con e-parent\" data-id=\"da636f6\" data-element_type=\"container\" data-e-type=\"container\">\n\t\t\t\t\t<div class=\"e-con-inner\">\n\t\t<div class=\"elementor-element elementor-element-ec7b7ae e-con-full e-flex e-con e-child\" data-id=\"ec7b7ae\" data-element_type=\"container\" data-e-type=\"container\">\n\t\t\t\t<div class=\"elementor-element elementor-element-45fde5d elementor-widget elementor-widget-heading\" data-id=\"45fde5d\" data-element_type=\"widget\" data-e-type=\"widget\" data-widget_type=\"heading.default\">\n\t\t\t\t<div class=\"elementor-widget-container\">\n\t\t\t\t\t<h4 class=\"elementor-heading-title elementor-size-default\">Manuel Merino Torres<\/h4>\t\t\t\t<\/div>\n\t\t\t\t<\/div>\n\t\t\t\t<\/div>\n\t\t<div class=\"elementor-element elementor-element-483b12f e-con-full e-flex e-con e-child\" data-id=\"483b12f\" data-element_type=\"container\" data-e-type=\"container\">\n\t\t\t\t<div class=\"elementor-element elementor-element-aec6b54 elementor-widget elementor-widget-heading\" data-id=\"aec6b54\" data-element_type=\"widget\" data-e-type=\"widget\" data-widget_type=\"heading.default\">\n\t\t\t\t<div class=\"elementor-widget-container\">\n\t\t\t\t\t<h4 class=\"elementor-heading-title elementor-size-default\">Manuel Aguilera Garc\u00eda<\/h4>\t\t\t\t<\/div>\n\t\t\t\t<\/div>\n\t\t\t\t<\/div>\n\t\t\t\t\t<\/div>\n\t\t\t\t<\/div>\n\t\t<div class=\"elementor-element elementor-element-689f1a1 e-flex e-con-boxed e-con e-parent\" data-id=\"689f1a1\" data-element_type=\"container\" data-e-type=\"container\">\n\t\t\t\t\t<div class=\"e-con-inner\">\n\t\t\t\t<div class=\"elementor-element elementor-element-c38ea8c elementor-widget-divider--view-line elementor-widget elementor-widget-divider\" data-id=\"c38ea8c\" data-element_type=\"widget\" data-e-type=\"widget\" data-widget_type=\"divider.default\">\n\t\t\t\t<div class=\"elementor-widget-container\">\n\t\t\t\t\t\t\t<div class=\"elementor-divider\">\n\t\t\t<span class=\"elementor-divider-separator\">\n\t\t\t\t\t\t<\/span>\n\t\t<\/div>\n\t\t\t\t\t\t<\/div>\n\t\t\t\t<\/div>\n\t\t\t\t\t<\/div>\n\t\t\t\t<\/div>\n\t\t<div class=\"elementor-element elementor-element-4d42712 e-flex e-con-boxed e-con e-parent\" data-id=\"4d42712\" data-element_type=\"container\" data-e-type=\"container\">\n\t\t\t\t\t<div class=\"e-con-inner\">\n\t\t\t\t<div class=\"elementor-element elementor-element-7a2f4f5 elementor-widget elementor-widget-heading\" data-id=\"7a2f4f5\" data-element_type=\"widget\" data-e-type=\"widget\" data-widget_type=\"heading.default\">\n\t\t\t\t<div class=\"elementor-widget-container\">\n\t\t\t\t\t<h4 class=\"elementor-heading-title elementor-size-default\"><a href=\"https:\/\/testigosfalsos.es\/tf\/evangelio-tentaciones\/\" target=\"_blank\">Lee el Evangelio de esta junta<\/a><\/h4>\t\t\t\t<\/div>\n\t\t\t\t<\/div>\n\t\t\t\t\t<\/div>\n\t\t\t\t<\/div>\n\t\t<div class=\"elementor-element elementor-element-b418680 e-flex e-con-boxed e-con e-parent\" data-id=\"b418680\" data-element_type=\"container\" data-e-type=\"container\">\n\t\t\t\t\t<div class=\"e-con-inner\">\n\t\t\t\t<div class=\"elementor-element elementor-element-af9430a elementor-widget-divider--view-line elementor-widget elementor-widget-divider\" data-id=\"af9430a\" data-element_type=\"widget\" data-e-type=\"widget\" data-widget_type=\"divider.default\">\n\t\t\t\t<div class=\"elementor-widget-container\">\n\t\t\t\t\t\t\t<div class=\"elementor-divider\">\n\t\t\t<span class=\"elementor-divider-separator\">\n\t\t\t\t\t\t<\/span>\n\t\t<\/div>\n\t\t\t\t\t\t<\/div>\n\t\t\t\t<\/div>\n\t\t\t\t\t<\/div>\n\t\t\t\t<\/div>\n\t\t<div class=\"elementor-element elementor-element-c0d4723 e-flex e-con-boxed e-con e-parent\" data-id=\"c0d4723\" data-element_type=\"container\" data-e-type=\"container\">\n\t\t\t\t\t<div class=\"e-con-inner\">\n\t\t\t\t<div class=\"elementor-element elementor-element-0a90efe elementor-align-center elementor-widget elementor-widget-button\" data-id=\"0a90efe\" data-element_type=\"widget\" data-e-type=\"widget\" data-widget_type=\"button.default\">\n\t\t\t\t<div class=\"elementor-widget-container\">\n\t\t\t\t\t\t\t\t\t<div class=\"elementor-button-wrapper\">\n\t\t\t\t\t<a class=\"elementor-button elementor-button-link elementor-size-sm\" href=\"#\">\n\t\t\t\t\t\t<span class=\"elementor-button-content-wrapper\">\n\t\t\t\t\t\t\t\t\t<span class=\"elementor-button-text\">Pulse sobre las im\u00e1genes para ver el alb\u00fam completo<\/span>\n\t\t\t\t\t<\/span>\n\t\t\t\t\t<\/a>\n\t\t\t\t<\/div>\n\t\t\t\t\t\t\t\t<\/div>\n\t\t\t\t<\/div>\n\t\t\t\t\t<\/div>\n\t\t\t\t<\/div>\n\t\t<div class=\"elementor-element elementor-element-09eddd8 e-flex e-con-boxed e-con e-parent\" data-id=\"09eddd8\" data-element_type=\"container\" data-e-type=\"container\">\n\t\t\t\t\t<div class=\"e-con-inner\">\n\t\t\t\t<div class=\"elementor-element elementor-element-b2aadef elementor-widget elementor-widget-html\" data-id=\"b2aadef\" data-element_type=\"widget\" data-e-type=\"widget\" data-widget_type=\"html.default\">\n\t\t\t\t<div class=\"elementor-widget-container\">\n\t\t\t\t\t<style>      div.simple-google-photos-grid {\n        width:100%;\n        height:100%;\n        overflow:hidden;\n      }\n      div.simple-google-photos-grid-cell {\n        box-sizing:border-box;\n        padding:5px;\n        float:left;\n      }\n      img.simple-google-photos-grid-image {\n        object-fit: cover;\n      }<\/style><div class=\"simple-google-photos-grid\"><div class=\"simple-google-photos-grid-cell\" style=\"width:33%\"><a href=\"https:\/\/photos.app.goo.gl\/f6hAppR3ATcfRL1R6\" target=\"_blank\"><img decoding=\"async\" src=\"https:\/\/lh3.googleusercontent.com\/pw\/AP1GczMFSQLRl4e_BAsy8A9ZANBw--TFqLoYOGUMtsjd3KPxToZiicf8mdeHeEHznHIOY2tg1k7N_QUi-2ovTQteDlHjckhdGpi9cpBY8Ohxk0fPi4XCQOM\" alt=\"Google Photo\" class=\"simple-google-photos-grid-image\"><\/a><\/div><div class=\"simple-google-photos-grid-cell\" style=\"width:33%\"><a href=\"https:\/\/photos.app.goo.gl\/f6hAppR3ATcfRL1R6\" target=\"_blank\"><img decoding=\"async\" src=\"https:\/\/lh3.googleusercontent.com\/pw\/AP1GczNy5iItE_GaSF971r43hKaaMpiOKmrPDz48LhgpzGT1wr4bB1ZHEJuF5XKyLaBEvzB6oCUCotFWbvsVaVtQao0bCa7b3ZoVc_6Jl1LeVGgB_h_5SR4\" alt=\"Google Photo\" class=\"simple-google-photos-grid-image\"><\/a><\/div><div class=\"simple-google-photos-grid-cell\" style=\"width:33%\"><a href=\"https:\/\/photos.app.goo.gl\/f6hAppR3ATcfRL1R6\" target=\"_blank\"><img decoding=\"async\" src=\"https:\/\/lh3.googleusercontent.com\/pw\/AP1GczMq2hpejK8V-jTE8u7LyDzc2eMsEGO7aKcdT00FyaXD3dbTLu3JF44qgV_PBJhlvPppCGEa3ec_OhyB5Endl4PVrxCJV5HLRNUU0qLS2qQyVzaDMdA\" alt=\"Google Photo\" class=\"simple-google-photos-grid-image\"><\/a><\/div><div class=\"simple-google-photos-grid-cell\" style=\"width:33%\"><a href=\"https:\/\/photos.app.goo.gl\/f6hAppR3ATcfRL1R6\" target=\"_blank\"><img decoding=\"async\" src=\"https:\/\/lh3.googleusercontent.com\/pw\/AP1GczOnTP3ntDdNBoTaMjMo3XbHD2QutX9fVL5Jq7xKn-Ym7tVd17SLexFqkFuoOPgVqA87_eieNMVr_wEkcZjoGHqUY4_tPMGjLbrylfYtQW0EcbcXcgU\" alt=\"Google Photo\" class=\"simple-google-photos-grid-image\"><\/a><\/div><div class=\"simple-google-photos-grid-cell\" style=\"width:33%\"><a href=\"https:\/\/photos.app.goo.gl\/f6hAppR3ATcfRL1R6\" target=\"_blank\"><img decoding=\"async\" src=\"https:\/\/lh3.googleusercontent.com\/pw\/AP1GczOwyMD5D0S4szkwyPGWMsKME2Lioi2n43_yriuXmoOwUGv08a00zhO8gt620EGkeclsoXBuAOx4VC-hFNi1ExzLOcjmhtiN0lvpAXrIXbszeuYhrBI\" alt=\"Google Photo\" class=\"simple-google-photos-grid-image\"><\/a><\/div><div class=\"simple-google-photos-grid-cell\" style=\"width:33%\"><a href=\"https:\/\/photos.app.goo.gl\/f6hAppR3ATcfRL1R6\" target=\"_blank\"><img decoding=\"async\" src=\"https:\/\/lh3.googleusercontent.com\/pw\/AP1GczNDROheCY9czzyXZLYHPZptX8u28EsqM2j3bimaQwSIh_IMeAVO1oNkBLmQ4uSJ2hU6ylN4Fie0SuV2yjytKT03ubXGgc3r_lE_WAsm8qynH1uxGgk\" alt=\"Google Photo\" class=\"simple-google-photos-grid-image\"><\/a><\/div><\/div><script>      (function() {\n        if( window.jQuery ){\n          jQuery( document ).ready(function() {\n            jQuery(\"div.simple-google-photos-grid\").each(function(i){\n              var container = jQuery(this);\n              var width = container.find(\"div.simple-google-photos-grid-cell\").first().width();\n              container.find(\"img.simple-google-photos-grid-image\").css(\"width\", width).css(\"height\", width);\n            });\n          });\n        }\n      })();<\/script>\t\t\t\t<\/div>\n\t\t\t\t<\/div>\n\t\t\t\t\t<\/div>\n\t\t\t\t<\/div>\n\t\t<div class=\"elementor-element elementor-element-c30bbad e-flex e-con-boxed e-con e-parent\" data-id=\"c30bbad\" data-element_type=\"container\" data-e-type=\"container\">\n\t\t\t\t\t<div class=\"e-con-inner\">\n\t\t\t\t<div class=\"elementor-element elementor-element-bf881c4 elementor-widget elementor-widget-spacer\" data-id=\"bf881c4\" data-element_type=\"widget\" data-e-type=\"widget\" data-widget_type=\"spacer.default\">\n\t\t\t\t<div class=\"elementor-widget-container\">\n\t\t\t\t\t\t\t<div class=\"elementor-spacer\">\n\t\t\t<div class=\"elementor-spacer-inner\"><\/div>\n\t\t<\/div>\n\t\t\t\t\t\t<\/div>\n\t\t\t\t<\/div>\n\t\t\t\t\t<\/div>\n\t\t\t\t<\/div>\n\t\t\t\t<\/div>\n\t\t","protected":false},"excerpt":{"rendered":"<p>2013 &#8211; Tentaciones Manuel Merino Torres Manuel Aguilera Garc\u00eda Lee el Evangelio de esta junta Pulse sobre las im\u00e1genes para ver el alb\u00fam completo<\/p>\n","protected":false},"author":1,"featured_media":0,"parent":0,"menu_order":0,"comment_status":"closed","ping_status":"closed","template":"page-templates\/template-pagebuilder-full-width.php","meta":{"neve_meta_sidebar":"","neve_meta_container":"","neve_meta_enable_content_width":"on","neve_meta_content_width":100,"neve_meta_title_alignment":"","neve_meta_author_avatar":"","neve_post_elements_order":"","neve_meta_disable_header":"","neve_meta_disable_footer":"","neve_meta_disable_title":"on","footnotes":""},"wf_page_folders":[24],"class_list":["post-942","page","type-page","status-publish","hentry"],"_links":{"self":[{"href":"https:\/\/testigosfalsos.es\/tf\/wp-json\/wp\/v2\/pages\/942","targetHints":{"allow":["GET"]}}],"collection":[{"href":"https:\/\/testigosfalsos.es\/tf\/wp-json\/wp\/v2\/pages"}],"about":[{"href":"https:\/\/testigosfalsos.es\/tf\/wp-json\/wp\/v2\/types\/page"}],"author":[{"embeddable":true,"href":"https:\/\/testigosfalsos.es\/tf\/wp-json\/wp\/v2\/users\/1"}],"replies":[{"embeddable":true,"href":"https:\/\/testigosfalsos.es\/tf\/wp-json\/wp\/v2\/comments?post=942"}],"version-history":[{"count":8,"href":"https:\/\/testigosfalsos.es\/tf\/wp-json\/wp\/v2\/pages\/942\/revisions"}],"predecessor-version":[{"id":950,"href":"https:\/\/testigosfalsos.es\/tf\/wp-json\/wp\/v2\/pages\/942\/revisions\/950"}],"wp:attachment":[{"href":"https:\/\/testigosfalsos.es\/tf\/wp-json\/wp\/v2\/media?parent=942"}],"wp:term":[{"taxonomy":"wf_page_folders","embeddable":true,"href":"https:\/\/testigosfalsos.es\/tf\/wp-json\/wp\/v2\/wf_page_folders?post=942"}],"curies":[{"name":"wp","href":"https:\/\/api.w.org\/{rel}","templated":true}]}}