{"id":921,"date":"2025-02-16T23:39:50","date_gmt":"2025-02-16T23:39:50","guid":{"rendered":"https:\/\/testigosfalsos.es\/tf\/?page_id=921"},"modified":"2025-02-16T23:41:06","modified_gmt":"2025-02-16T23:41:06","slug":"evangelio-ramos","status":"publish","type":"page","link":"https:\/\/testigosfalsos.es\/tf\/evangelio-ramos\/","title":{"rendered":"Evangelio Ramos"},"content":{"rendered":"\t\t<div data-elementor-type=\"wp-page\" data-elementor-id=\"921\" class=\"elementor elementor-921\" data-elementor-post-type=\"page\">\n\t\t\t\t<div class=\"elementor-element elementor-element-55600cb e-flex e-con-boxed e-con e-parent\" data-id=\"55600cb\" data-element_type=\"container\" data-e-type=\"container\">\n\t\t\t\t\t<div class=\"e-con-inner\">\n\t\t\t\t<div class=\"elementor-element elementor-element-c7785ee elementor-widget-divider--view-line elementor-widget elementor-widget-divider\" data-id=\"c7785ee\" data-element_type=\"widget\" data-e-type=\"widget\" data-widget_type=\"divider.default\">\n\t\t\t\t<div class=\"elementor-widget-container\">\n\t\t\t\t\t\t\t<div class=\"elementor-divider\">\n\t\t\t<span class=\"elementor-divider-separator\">\n\t\t\t\t\t\t<\/span>\n\t\t<\/div>\n\t\t\t\t\t\t<\/div>\n\t\t\t\t<\/div>\n\t\t\t\t\t<\/div>\n\t\t\t\t<\/div>\n\t\t<div class=\"elementor-element elementor-element-e8ce051 e-flex e-con-boxed e-con e-parent\" data-id=\"e8ce051\" data-element_type=\"container\" data-e-type=\"container\">\n\t\t\t\t\t<div class=\"e-con-inner\">\n\t\t\t\t<div class=\"elementor-element elementor-element-095bfdc elementor-widget elementor-widget-heading\" data-id=\"095bfdc\" data-element_type=\"widget\" data-e-type=\"widget\" data-widget_type=\"heading.default\">\n\t\t\t\t<div class=\"elementor-widget-container\">\n\t\t\t\t\t<h3 class=\"elementor-heading-title elementor-size-default\">S\u00e1bado Transfiguraci\u00f3n<\/h3>\t\t\t\t<\/div>\n\t\t\t\t<\/div>\n\t\t\t\t\t<\/div>\n\t\t\t\t<\/div>\n\t\t<div class=\"elementor-element elementor-element-cdf4bd6 e-flex e-con-boxed e-con e-parent\" data-id=\"cdf4bd6\" data-element_type=\"container\" data-e-type=\"container\">\n\t\t\t\t\t<div class=\"e-con-inner\">\n\t\t\t\t<div class=\"elementor-element elementor-element-48e64f0 elementor-widget-divider--view-line elementor-widget elementor-widget-divider\" data-id=\"48e64f0\" data-element_type=\"widget\" data-e-type=\"widget\" data-widget_type=\"divider.default\">\n\t\t\t\t<div class=\"elementor-widget-container\">\n\t\t\t\t\t\t\t<div class=\"elementor-divider\">\n\t\t\t<span class=\"elementor-divider-separator\">\n\t\t\t\t\t\t<\/span>\n\t\t<\/div>\n\t\t\t\t\t\t<\/div>\n\t\t\t\t<\/div>\n\t\t\t\t\t<\/div>\n\t\t\t\t<\/div>\n\t\t<div class=\"elementor-element elementor-element-f790a40 e-flex e-con-boxed e-con e-parent\" data-id=\"f790a40\" data-element_type=\"container\" data-e-type=\"container\">\n\t\t\t\t\t<div class=\"e-con-inner\">\n\t\t\t\t<div class=\"elementor-element elementor-element-caa386e elementor-widget elementor-widget-text-editor\" data-id=\"caa386e\" data-element_type=\"widget\" data-e-type=\"widget\" data-widget_type=\"text-editor.default\">\n\t\t\t\t<div class=\"elementor-widget-container\">\n\t\t\t\t\t\t\t\t\t<p align=\"center\"><img fetchpriority=\"high\" decoding=\"async\" class=\"alignnone size-medium wp-image-883\" src=\"https:\/\/testigosfalsos.es\/tf\/wp-content\/uploads\/2025\/02\/pata7-2-248x300.jpg\" alt=\"\" width=\"248\" height=\"300\" srcset=\"https:\/\/testigosfalsos.es\/tf\/wp-content\/uploads\/2025\/02\/pata7-2-248x300.jpg 248w, https:\/\/testigosfalsos.es\/tf\/wp-content\/uploads\/2025\/02\/pata7-2.jpg 380w\" sizes=\"(max-width: 248px) 100vw, 248px\" \/><\/p><p align=\"center\"><strong><em>Evangelio.- (Mat. 21, 1-9)<\/em><\/strong><\/p><p align=\"center\"><strong><em>\u00abEn aquel tiempo: Acerc\u00e1ndose Jes\u00fas a Jerusal\u00e9n, luego que llegaron a la vistas de Betfage , al pie del monte de los olivos, despacho Jes\u00fas a dos disc\u00edpulos, dici\u00e9ndoles: &#8211; Id a esa aldea que se ve enfrente de vosotros , y sin mas diligencia encontrareis una asna atada, y su pollino con ella; desatadlos, y tra\u00e9dmelos. Que si alguno os dijere algo, respondedle que los ha de menester el Se\u00f1or; y al punto os lo dejar\u00e1 llevar-. Todo esto sucedi\u00f3 en cumplimiento de lo que dijo el profeta: -Decid a la hija de Sion: Mira que viene a ti tu rey lleno de mansedumbre, sentado sobre una asna y su pollino, hijo de la que esta acostumbrada al yugo- Idos los dos disc\u00edpulos, hicieron lo que Jes\u00fas les mand\u00f3. Trajeron el asna y el pollino, y los aparejaron con sus vestidos y le hicieron sentar encima. Y una gran muchedumbre de gentes tend\u00edan por el camino sus vestidos; otros cortaban ramas de los arboles, y los pon\u00edan por donde hab\u00eda de pasar; y por tanto las gentes que iban delante como las que ven\u00edan detr\u00e1s clamaban diciendo: -Hosanna, Salud y gloria al hijo de David. Bendito sea el que viene en nombre del Se\u00f1or.- , Los Disc\u00edpulos reprend\u00edan a las gentes que gritaban. Entonces Jes\u00fas les dijo: -Dejad que griten: porque si no lo hacen ellos, hasta las mismas piedras gritaran.\u00bb<\/em><\/strong><\/p><p align=\"center\"><strong><em>Palabra de Dios.\u00a0<\/em><\/strong><\/p>\t\t\t\t\t\t\t\t<\/div>\n\t\t\t\t<\/div>\n\t\t\t\t\t<\/div>\n\t\t\t\t<\/div>\n\t\t\t\t<\/div>\n\t\t","protected":false},"excerpt":{"rendered":"<p>S\u00e1bado Transfiguraci\u00f3n Evangelio.- (Mat. 21, 1-9) \u00abEn aquel tiempo: Acerc\u00e1ndose Jes\u00fas a Jerusal\u00e9n, luego que llegaron a la vistas de Betfage , al pie del monte de los olivos, despacho Jes\u00fas a dos disc\u00edpulos, dici\u00e9ndoles: &#8211; Id a esa aldea que se ve enfrente de vosotros , y sin mas diligencia encontrareis una asna atada,&hellip;&nbsp;<a href=\"https:\/\/testigosfalsos.es\/tf\/evangelio-ramos\/\" rel=\"bookmark\">Leer m\u00e1s &raquo;<span class=\"screen-reader-text\">Evangelio Ramos<\/span><\/a><\/p>\n","protected":false},"author":1,"featured_media":0,"parent":0,"menu_order":0,"comment_status":"closed","ping_status":"closed","template":"page-templates\/template-pagebuilder-full-width.php","meta":{"neve_meta_sidebar":"","neve_meta_container":"","neve_meta_enable_content_width":"on","neve_meta_content_width":100,"neve_meta_title_alignment":"","neve_meta_author_avatar":"","neve_post_elements_order":"","neve_meta_disable_header":"","neve_meta_disable_footer":"","neve_meta_disable_title":"on","footnotes":""},"wf_page_folders":[25],"class_list":["post-921","page","type-page","status-publish","hentry"],"_links":{"self":[{"href":"https:\/\/testigosfalsos.es\/tf\/wp-json\/wp\/v2\/pages\/921","targetHints":{"allow":["GET"]}}],"collection":[{"href":"https:\/\/testigosfalsos.es\/tf\/wp-json\/wp\/v2\/pages"}],"about":[{"href":"https:\/\/testigosfalsos.es\/tf\/wp-json\/wp\/v2\/types\/page"}],"author":[{"embeddable":true,"href":"https:\/\/testigosfalsos.es\/tf\/wp-json\/wp\/v2\/users\/1"}],"replies":[{"embeddable":true,"href":"https:\/\/testigosfalsos.es\/tf\/wp-json\/wp\/v2\/comments?post=921"}],"version-history":[{"count":4,"href":"https:\/\/testigosfalsos.es\/tf\/wp-json\/wp\/v2\/pages\/921\/revisions"}],"predecessor-version":[{"id":925,"href":"https:\/\/testigosfalsos.es\/tf\/wp-json\/wp\/v2\/pages\/921\/revisions\/925"}],"wp:attachment":[{"href":"https:\/\/testigosfalsos.es\/tf\/wp-json\/wp\/v2\/media?parent=921"}],"wp:term":[{"taxonomy":"wf_page_folders","embeddable":true,"href":"https:\/\/testigosfalsos.es\/tf\/wp-json\/wp\/v2\/wf_page_folders?post=921"}],"curies":[{"name":"wp","href":"https:\/\/api.w.org\/{rel}","templated":true}]}}