{"id":916,"date":"2025-02-16T23:37:45","date_gmt":"2025-02-16T23:37:45","guid":{"rendered":"https:\/\/testigosfalsos.es\/tf\/?page_id=916"},"modified":"2025-02-16T23:39:02","modified_gmt":"2025-02-16T23:39:02","slug":"evangelio-pasion","status":"publish","type":"page","link":"https:\/\/testigosfalsos.es\/tf\/evangelio-pasion\/","title":{"rendered":"Evangelio Pasi\u00f3n"},"content":{"rendered":"\t\t<div data-elementor-type=\"wp-page\" data-elementor-id=\"916\" class=\"elementor elementor-916\" data-elementor-post-type=\"page\">\n\t\t\t\t<div class=\"elementor-element elementor-element-55600cb e-flex e-con-boxed e-con e-parent\" data-id=\"55600cb\" data-element_type=\"container\" data-e-type=\"container\">\n\t\t\t\t\t<div class=\"e-con-inner\">\n\t\t\t\t<div class=\"elementor-element elementor-element-c7785ee elementor-widget-divider--view-line elementor-widget elementor-widget-divider\" data-id=\"c7785ee\" data-element_type=\"widget\" data-e-type=\"widget\" data-widget_type=\"divider.default\">\n\t\t\t\t<div class=\"elementor-widget-container\">\n\t\t\t\t\t\t\t<div class=\"elementor-divider\">\n\t\t\t<span class=\"elementor-divider-separator\">\n\t\t\t\t\t\t<\/span>\n\t\t<\/div>\n\t\t\t\t\t\t<\/div>\n\t\t\t\t<\/div>\n\t\t\t\t\t<\/div>\n\t\t\t\t<\/div>\n\t\t<div class=\"elementor-element elementor-element-e8ce051 e-flex e-con-boxed e-con e-parent\" data-id=\"e8ce051\" data-element_type=\"container\" data-e-type=\"container\">\n\t\t\t\t\t<div class=\"e-con-inner\">\n\t\t\t\t<div class=\"elementor-element elementor-element-095bfdc elementor-widget elementor-widget-heading\" data-id=\"095bfdc\" data-element_type=\"widget\" data-e-type=\"widget\" data-widget_type=\"heading.default\">\n\t\t\t\t<div class=\"elementor-widget-container\">\n\t\t\t\t\t<h3 class=\"elementor-heading-title elementor-size-default\">S\u00e1bado Pasi\u00f3n<\/h3>\t\t\t\t<\/div>\n\t\t\t\t<\/div>\n\t\t\t\t\t<\/div>\n\t\t\t\t<\/div>\n\t\t<div class=\"elementor-element elementor-element-cdf4bd6 e-flex e-con-boxed e-con e-parent\" data-id=\"cdf4bd6\" data-element_type=\"container\" data-e-type=\"container\">\n\t\t\t\t\t<div class=\"e-con-inner\">\n\t\t\t\t<div class=\"elementor-element elementor-element-48e64f0 elementor-widget-divider--view-line elementor-widget elementor-widget-divider\" data-id=\"48e64f0\" data-element_type=\"widget\" data-e-type=\"widget\" data-widget_type=\"divider.default\">\n\t\t\t\t<div class=\"elementor-widget-container\">\n\t\t\t\t\t\t\t<div class=\"elementor-divider\">\n\t\t\t<span class=\"elementor-divider-separator\">\n\t\t\t\t\t\t<\/span>\n\t\t<\/div>\n\t\t\t\t\t\t<\/div>\n\t\t\t\t<\/div>\n\t\t\t\t\t<\/div>\n\t\t\t\t<\/div>\n\t\t<div class=\"elementor-element elementor-element-f790a40 e-flex e-con-boxed e-con e-parent\" data-id=\"f790a40\" data-element_type=\"container\" data-e-type=\"container\">\n\t\t\t\t\t<div class=\"e-con-inner\">\n\t\t\t\t<div class=\"elementor-element elementor-element-caa386e elementor-widget elementor-widget-text-editor\" data-id=\"caa386e\" data-element_type=\"widget\" data-e-type=\"widget\" data-widget_type=\"text-editor.default\">\n\t\t\t\t<div class=\"elementor-widget-container\">\n\t\t\t\t\t\t\t\t\t<p align=\"center\"><img fetchpriority=\"high\" decoding=\"async\" class=\"alignnone size-medium wp-image-882\" src=\"https:\/\/testigosfalsos.es\/tf\/wp-content\/uploads\/2025\/02\/pata6-3-247x300.jpg\" alt=\"\" width=\"247\" height=\"300\" srcset=\"https:\/\/testigosfalsos.es\/tf\/wp-content\/uploads\/2025\/02\/pata6-3-247x300.jpg 247w, https:\/\/testigosfalsos.es\/tf\/wp-content\/uploads\/2025\/02\/pata6-3.jpg 250w\" sizes=\"(max-width: 247px) 100vw, 247px\" \/><\/p><p align=\"center\"><strong>Evangelio.- (Lc. 18. 31-43)<\/strong><\/p><p align=\"center\"><strong><em>\u00abEn aquel tiempo: Tomando Jes\u00fas aparta a los doce ap\u00f3stoles, les dice: &#8211; Ya veis que subimos a Jerusal\u00e9n, donde se cumplir\u00e1n todas la cosas que fueron escritas por los profetas acerca del hijo del hombre, porque ser\u00e1 entregado en manos de los gentiles, y escupido y azotado, escarnecido, le dar\u00e1n la muerte y al tercer D\u00eda resucitar\u00e1.- Pero ellos, ninguna de estas cosas comprendieron: Antes era este un lenguaje desconocido para ellos, ni entend\u00edan la significaci\u00f3n de las palabras dichas. Y al acercarse a Jeric\u00f3, estaba un ciego sentado a la Orilla del camino pidiendo limosna. Y sintiendo el tropel de la gente que pasaba, pregunt\u00f3 que novedad era aquella. Dijeronle que Jes\u00fas Nazareno pasaba por all\u00ed de camino. Y al punto se puso a gritar: Jes\u00fas, hijo de David, Ten piedad de m\u00ed. Los que iban delante le reprend\u00edan para que callase,. Pero el levantaba mucho m\u00e1s el grito: Hijo de David, ten piedad de mi. Parose entonces Jes\u00fas y mand\u00f3 traerle a su presencia. Y cuando le tuvo ya cerca, preguntole diciendo: &#8211; \u00bfQue quieres que te haga?-. Se\u00f1or respondi\u00f3 \u00e9l, que yo tenga vista. D\u00edjole Jes\u00fas: &#8211; Tenla-; y se que tu fe te ha salvado. Y al instante vio, y le segu\u00eda celebrando las grandezas de Dios. Y todo el Pueblo, cuando vio esto, alab\u00f3 a Dios.\u00bb<\/em><\/strong><\/p><p align=\"center\"><em><strong>Palabra de Dios.<\/strong>\u00a0<\/em><\/p>\t\t\t\t\t\t\t\t<\/div>\n\t\t\t\t<\/div>\n\t\t\t\t\t<\/div>\n\t\t\t\t<\/div>\n\t\t\t\t<\/div>\n\t\t","protected":false},"excerpt":{"rendered":"<p>S\u00e1bado Pasi\u00f3n Evangelio.- (Lc. 18. 31-43) \u00abEn aquel tiempo: Tomando Jes\u00fas aparta a los doce ap\u00f3stoles, les dice: &#8211; Ya veis que subimos a Jerusal\u00e9n, donde se cumplir\u00e1n todas la cosas que fueron escritas por los profetas acerca del hijo del hombre, porque ser\u00e1 entregado en manos de los gentiles, y escupido y azotado, escarnecido,&hellip;&nbsp;<a href=\"https:\/\/testigosfalsos.es\/tf\/evangelio-pasion\/\" rel=\"bookmark\">Leer m\u00e1s &raquo;<span class=\"screen-reader-text\">Evangelio Pasi\u00f3n<\/span><\/a><\/p>\n","protected":false},"author":1,"featured_media":0,"parent":0,"menu_order":0,"comment_status":"closed","ping_status":"closed","template":"page-templates\/template-pagebuilder-full-width.php","meta":{"neve_meta_sidebar":"","neve_meta_container":"","neve_meta_enable_content_width":"on","neve_meta_content_width":100,"neve_meta_title_alignment":"","neve_meta_author_avatar":"","neve_post_elements_order":"","neve_meta_disable_header":"","neve_meta_disable_footer":"","neve_meta_disable_title":"on","footnotes":""},"wf_page_folders":[25],"class_list":["post-916","page","type-page","status-publish","hentry"],"_links":{"self":[{"href":"https:\/\/testigosfalsos.es\/tf\/wp-json\/wp\/v2\/pages\/916","targetHints":{"allow":["GET"]}}],"collection":[{"href":"https:\/\/testigosfalsos.es\/tf\/wp-json\/wp\/v2\/pages"}],"about":[{"href":"https:\/\/testigosfalsos.es\/tf\/wp-json\/wp\/v2\/types\/page"}],"author":[{"embeddable":true,"href":"https:\/\/testigosfalsos.es\/tf\/wp-json\/wp\/v2\/users\/1"}],"replies":[{"embeddable":true,"href":"https:\/\/testigosfalsos.es\/tf\/wp-json\/wp\/v2\/comments?post=916"}],"version-history":[{"count":4,"href":"https:\/\/testigosfalsos.es\/tf\/wp-json\/wp\/v2\/pages\/916\/revisions"}],"predecessor-version":[{"id":920,"href":"https:\/\/testigosfalsos.es\/tf\/wp-json\/wp\/v2\/pages\/916\/revisions\/920"}],"wp:attachment":[{"href":"https:\/\/testigosfalsos.es\/tf\/wp-json\/wp\/v2\/media?parent=916"}],"wp:term":[{"taxonomy":"wf_page_folders","embeddable":true,"href":"https:\/\/testigosfalsos.es\/tf\/wp-json\/wp\/v2\/wf_page_folders?post=916"}],"curies":[{"name":"wp","href":"https:\/\/api.w.org\/{rel}","templated":true}]}}