{"id":911,"date":"2025-02-16T23:35:37","date_gmt":"2025-02-16T23:35:37","guid":{"rendered":"https:\/\/testigosfalsos.es\/tf\/?page_id=911"},"modified":"2025-02-16T23:37:00","modified_gmt":"2025-02-16T23:37:00","slug":"evangelio-pan-y-peces","status":"publish","type":"page","link":"https:\/\/testigosfalsos.es\/tf\/evangelio-pan-y-peces\/","title":{"rendered":"Evangelio Pan y Peces"},"content":{"rendered":"\t\t<div data-elementor-type=\"wp-page\" data-elementor-id=\"911\" class=\"elementor elementor-911\" data-elementor-post-type=\"page\">\n\t\t\t\t<div class=\"elementor-element elementor-element-55600cb e-flex e-con-boxed e-con e-parent\" data-id=\"55600cb\" data-element_type=\"container\" data-e-type=\"container\">\n\t\t\t\t\t<div class=\"e-con-inner\">\n\t\t\t\t<div class=\"elementor-element elementor-element-c7785ee elementor-widget-divider--view-line elementor-widget elementor-widget-divider\" data-id=\"c7785ee\" data-element_type=\"widget\" data-e-type=\"widget\" data-widget_type=\"divider.default\">\n\t\t\t\t<div class=\"elementor-widget-container\">\n\t\t\t\t\t\t\t<div class=\"elementor-divider\">\n\t\t\t<span class=\"elementor-divider-separator\">\n\t\t\t\t\t\t<\/span>\n\t\t<\/div>\n\t\t\t\t\t\t<\/div>\n\t\t\t\t<\/div>\n\t\t\t\t\t<\/div>\n\t\t\t\t<\/div>\n\t\t<div class=\"elementor-element elementor-element-e8ce051 e-flex e-con-boxed e-con e-parent\" data-id=\"e8ce051\" data-element_type=\"container\" data-e-type=\"container\">\n\t\t\t\t\t<div class=\"e-con-inner\">\n\t\t\t\t<div class=\"elementor-element elementor-element-095bfdc elementor-widget elementor-widget-heading\" data-id=\"095bfdc\" data-element_type=\"widget\" data-e-type=\"widget\" data-widget_type=\"heading.default\">\n\t\t\t\t<div class=\"elementor-widget-container\">\n\t\t\t\t\t<h3 class=\"elementor-heading-title elementor-size-default\">S\u00e1bado Pan y Peces<\/h3>\t\t\t\t<\/div>\n\t\t\t\t<\/div>\n\t\t\t\t\t<\/div>\n\t\t\t\t<\/div>\n\t\t<div class=\"elementor-element elementor-element-cdf4bd6 e-flex e-con-boxed e-con e-parent\" data-id=\"cdf4bd6\" data-element_type=\"container\" data-e-type=\"container\">\n\t\t\t\t\t<div class=\"e-con-inner\">\n\t\t\t\t<div class=\"elementor-element elementor-element-48e64f0 elementor-widget-divider--view-line elementor-widget elementor-widget-divider\" data-id=\"48e64f0\" data-element_type=\"widget\" data-e-type=\"widget\" data-widget_type=\"divider.default\">\n\t\t\t\t<div class=\"elementor-widget-container\">\n\t\t\t\t\t\t\t<div class=\"elementor-divider\">\n\t\t\t<span class=\"elementor-divider-separator\">\n\t\t\t\t\t\t<\/span>\n\t\t<\/div>\n\t\t\t\t\t\t<\/div>\n\t\t\t\t<\/div>\n\t\t\t\t\t<\/div>\n\t\t\t\t<\/div>\n\t\t<div class=\"elementor-element elementor-element-f790a40 e-flex e-con-boxed e-con e-parent\" data-id=\"f790a40\" data-element_type=\"container\" data-e-type=\"container\">\n\t\t\t\t\t<div class=\"e-con-inner\">\n\t\t\t\t<div class=\"elementor-element elementor-element-caa386e elementor-widget elementor-widget-text-editor\" data-id=\"caa386e\" data-element_type=\"widget\" data-e-type=\"widget\" data-widget_type=\"text-editor.default\">\n\t\t\t\t<div class=\"elementor-widget-container\">\n\t\t\t\t\t\t\t\t\t<p align=\"center\"><img fetchpriority=\"high\" decoding=\"async\" class=\"alignnone size-full wp-image-881\" src=\"https:\/\/testigosfalsos.es\/tf\/wp-content\/uploads\/2025\/02\/pata5-3.jpg\" alt=\"\" width=\"250\" height=\"258\" \/><\/p><p style=\"text-align: center;\"><em><strong>Evangelio (Mc 6,34-44)<\/strong><\/em><\/p><p style=\"text-align: center;\"><em>\u00a0<b>En aquel tiempo, vio Jes\u00fas una gran multitud y tuvo compasi\u00f3n de ellos, porque eran como ovejas que no tienen pastor, y comenz\u00f3 a ense\u00f1arles muchas cosas. Y como fuese muy tarde, se llegaron a \u00c9l sus disc\u00edpulos y le dijeron: \u00abEste lugar es desierto y la hora es ya pasada; desp\u00eddelos para que vayan a las granjas y aldeas de la comarca a comprar de comer\u00bb. Y \u00c9l les respondi\u00f3 y dijo: \u00abDadles vosotros de comer\u00bb. Y le dijeron: \u00ab\u00bfEs que vamos a comprar doscientos denarios de pan para darles de comer?\u00bb. \u00c9l les contest\u00f3: \u00ab\u00bfCu\u00e1ntos panes ten\u00e9is? Id a verlo\u00bb. Y habi\u00e9ndolo visto, dicen: \u00abCinco, y dos peces\u00bb.<\/b><b><\/b><\/em><\/p><p style=\"text-align: center;\"><em><b>Entonces les mand\u00f3 que se acomodaran todos por grupos de comensales sobre la hierba verde. Y se sentaron en grupos de ciento y de cincuenta. Y tomando los cinco panes y los dos peces y levantando los ojos al cielo, bendijo, parti\u00f3 los panes y los dio a sus disc\u00edpulos para que los distribuyesen; tambi\u00e9n parti\u00f3 los dos peces para todos. Y comieron todos hasta que quedaron satisfechos. Y recogieron doce cestas llenas de los trozos que sobraron de los panes y de los peces. Los que comieron eran cinco mil hombres<\/b><\/em><\/p><p style=\"text-align: center;\"><em><b>PALABRA DE DIOS<\/b><\/em><\/p>\t\t\t\t\t\t\t\t<\/div>\n\t\t\t\t<\/div>\n\t\t\t\t\t<\/div>\n\t\t\t\t<\/div>\n\t\t\t\t<\/div>\n\t\t","protected":false},"excerpt":{"rendered":"<p>S\u00e1bado Pan y Peces Evangelio (Mc 6,34-44) \u00a0En aquel tiempo, vio Jes\u00fas una gran multitud y tuvo compasi\u00f3n de ellos, porque eran como ovejas que no tienen pastor, y comenz\u00f3 a ense\u00f1arles muchas cosas. Y como fuese muy tarde, se llegaron a \u00c9l sus disc\u00edpulos y le dijeron: \u00abEste lugar es desierto y la hora&hellip;&nbsp;<a href=\"https:\/\/testigosfalsos.es\/tf\/evangelio-pan-y-peces\/\" rel=\"bookmark\">Leer m\u00e1s &raquo;<span class=\"screen-reader-text\">Evangelio Pan y Peces<\/span><\/a><\/p>\n","protected":false},"author":1,"featured_media":0,"parent":0,"menu_order":0,"comment_status":"closed","ping_status":"closed","template":"page-templates\/template-pagebuilder-full-width.php","meta":{"neve_meta_sidebar":"","neve_meta_container":"","neve_meta_enable_content_width":"on","neve_meta_content_width":100,"neve_meta_title_alignment":"","neve_meta_author_avatar":"","neve_post_elements_order":"","neve_meta_disable_header":"","neve_meta_disable_footer":"","neve_meta_disable_title":"on","footnotes":""},"wf_page_folders":[25],"class_list":["post-911","page","type-page","status-publish","hentry"],"_links":{"self":[{"href":"https:\/\/testigosfalsos.es\/tf\/wp-json\/wp\/v2\/pages\/911","targetHints":{"allow":["GET"]}}],"collection":[{"href":"https:\/\/testigosfalsos.es\/tf\/wp-json\/wp\/v2\/pages"}],"about":[{"href":"https:\/\/testigosfalsos.es\/tf\/wp-json\/wp\/v2\/types\/page"}],"author":[{"embeddable":true,"href":"https:\/\/testigosfalsos.es\/tf\/wp-json\/wp\/v2\/users\/1"}],"replies":[{"embeddable":true,"href":"https:\/\/testigosfalsos.es\/tf\/wp-json\/wp\/v2\/comments?post=911"}],"version-history":[{"count":4,"href":"https:\/\/testigosfalsos.es\/tf\/wp-json\/wp\/v2\/pages\/911\/revisions"}],"predecessor-version":[{"id":915,"href":"https:\/\/testigosfalsos.es\/tf\/wp-json\/wp\/v2\/pages\/911\/revisions\/915"}],"wp:attachment":[{"href":"https:\/\/testigosfalsos.es\/tf\/wp-json\/wp\/v2\/media?parent=911"}],"wp:term":[{"taxonomy":"wf_page_folders","embeddable":true,"href":"https:\/\/testigosfalsos.es\/tf\/wp-json\/wp\/v2\/wf_page_folders?post=911"}],"curies":[{"name":"wp","href":"https:\/\/api.w.org\/{rel}","templated":true}]}}