{"id":903,"date":"2025-02-16T23:33:28","date_gmt":"2025-02-16T23:33:28","guid":{"rendered":"https:\/\/testigosfalsos.es\/tf\/?page_id=903"},"modified":"2025-02-16T23:34:39","modified_gmt":"2025-02-16T23:34:39","slug":"evangelio-tentaciones","status":"publish","type":"page","link":"https:\/\/testigosfalsos.es\/tf\/evangelio-tentaciones\/","title":{"rendered":"Evangelio Tentaciones"},"content":{"rendered":"\t\t<div data-elementor-type=\"wp-page\" data-elementor-id=\"903\" class=\"elementor elementor-903\" data-elementor-post-type=\"page\">\n\t\t\t\t<div class=\"elementor-element elementor-element-55600cb e-flex e-con-boxed e-con e-parent\" data-id=\"55600cb\" data-element_type=\"container\" data-e-type=\"container\">\n\t\t\t\t\t<div class=\"e-con-inner\">\n\t\t\t\t<div class=\"elementor-element elementor-element-c7785ee elementor-widget-divider--view-line elementor-widget elementor-widget-divider\" data-id=\"c7785ee\" data-element_type=\"widget\" data-e-type=\"widget\" data-widget_type=\"divider.default\">\n\t\t\t\t<div class=\"elementor-widget-container\">\n\t\t\t\t\t\t\t<div class=\"elementor-divider\">\n\t\t\t<span class=\"elementor-divider-separator\">\n\t\t\t\t\t\t<\/span>\n\t\t<\/div>\n\t\t\t\t\t\t<\/div>\n\t\t\t\t<\/div>\n\t\t\t\t\t<\/div>\n\t\t\t\t<\/div>\n\t\t<div class=\"elementor-element elementor-element-e8ce051 e-flex e-con-boxed e-con e-parent\" data-id=\"e8ce051\" data-element_type=\"container\" data-e-type=\"container\">\n\t\t\t\t\t<div class=\"e-con-inner\">\n\t\t\t\t<div class=\"elementor-element elementor-element-095bfdc elementor-widget elementor-widget-heading\" data-id=\"095bfdc\" data-element_type=\"widget\" data-e-type=\"widget\" data-widget_type=\"heading.default\">\n\t\t\t\t<div class=\"elementor-widget-container\">\n\t\t\t\t\t<h3 class=\"elementor-heading-title elementor-size-default\">S\u00e1bado Tentaciones<\/h3>\t\t\t\t<\/div>\n\t\t\t\t<\/div>\n\t\t\t\t\t<\/div>\n\t\t\t\t<\/div>\n\t\t<div class=\"elementor-element elementor-element-cdf4bd6 e-flex e-con-boxed e-con e-parent\" data-id=\"cdf4bd6\" data-element_type=\"container\" data-e-type=\"container\">\n\t\t\t\t\t<div class=\"e-con-inner\">\n\t\t\t\t<div class=\"elementor-element elementor-element-48e64f0 elementor-widget-divider--view-line elementor-widget elementor-widget-divider\" data-id=\"48e64f0\" data-element_type=\"widget\" data-e-type=\"widget\" data-widget_type=\"divider.default\">\n\t\t\t\t<div class=\"elementor-widget-container\">\n\t\t\t\t\t\t\t<div class=\"elementor-divider\">\n\t\t\t<span class=\"elementor-divider-separator\">\n\t\t\t\t\t\t<\/span>\n\t\t<\/div>\n\t\t\t\t\t\t<\/div>\n\t\t\t\t<\/div>\n\t\t\t\t\t<\/div>\n\t\t\t\t<\/div>\n\t\t<div class=\"elementor-element elementor-element-f790a40 e-flex e-con-boxed e-con e-parent\" data-id=\"f790a40\" data-element_type=\"container\" data-e-type=\"container\">\n\t\t\t\t\t<div class=\"e-con-inner\">\n\t\t\t\t<div class=\"elementor-element elementor-element-caa386e elementor-widget elementor-widget-text-editor\" data-id=\"caa386e\" data-element_type=\"widget\" data-e-type=\"widget\" data-widget_type=\"text-editor.default\">\n\t\t\t\t<div class=\"elementor-widget-container\">\n\t\t\t\t\t\t\t\t\t<p align=\"center\"><img fetchpriority=\"high\" decoding=\"async\" class=\"alignnone size-full wp-image-880\" src=\"https:\/\/testigosfalsos.es\/tf\/wp-content\/uploads\/2025\/02\/pata4-4.jpg\" alt=\"\" width=\"250\" height=\"286\" \/><\/p><p align=\"center\"><strong><em>Evangelio.- (Mat.4. 1-11)<\/em><\/strong><\/p><p align=\"center\"><strong><em>\u00abEn aquel tiempo: Jes\u00fas fue conducido del Esp\u00edritu Santo al Desierto\u00a0 para que fuese\u00a0 tentado all\u00ed por el diablo. Y despu\u00e9s de haber ayunado cuarenta d\u00edas con cuarenta noches. Tuvo hambre. Entonces, acerc\u00e1ndose el Tentador, le dijo: &#8211; Di que esas piedras se conviertan en panes.- M\u00e1s Jes\u00fas le respondi\u00f3: -Escrito est\u00e1: No solo de pan vive el hombre, sino de toda palabra o disposici\u00f3n que sale de la boca de Dios.- Despu\u00e9s de esto le transport\u00f3 el Diablo a la Santa Ciudad de Jerusal\u00e9n, y le puso sobre lo alto del Templo. Y le dijo: &#8211; Si eres el hijo de Dios, \u00e9chate de aqu\u00ed abajo; pues esta escrito que te ha encomendado a sus \u00e1ngeles, los cuales te tomar\u00e1n en las palmas de sus manos para que tu pie no tropiece contra alguna piedra.- Replicole Jes\u00fas: -Tambi\u00e9n est\u00e1 escrito: No tentar\u00e1s al Se\u00f1or tu Dios.- Todav\u00eda le subi\u00f3 el diablo a un monte muy encumbrado, y mostrole todos los reinos del mundo y le dijo: -Todas estas cosas te dar\u00e9 si, postr\u00e1ndote delante de mi me adorares.- Respondiole Jes\u00fas: -Ap\u00e1rtate de ah\u00ed Satan\u00e1s; porque esta escrito: Adorar\u00e1s al Se\u00f1or tu Dios y a el solo servir\u00e1s.- Con eso le dejo el Diablo y se acercaron los \u00e1ngeles y le sirvieron.\u00bb<\/em><\/strong><\/p><p align=\"center\"><strong><em>Palabra de Dios.\u00a0<\/em><\/strong><\/p>\t\t\t\t\t\t\t\t<\/div>\n\t\t\t\t<\/div>\n\t\t\t\t\t<\/div>\n\t\t\t\t<\/div>\n\t\t\t\t<\/div>\n\t\t","protected":false},"excerpt":{"rendered":"<p>S\u00e1bado Tentaciones Evangelio.- (Mat.4. 1-11) \u00abEn aquel tiempo: Jes\u00fas fue conducido del Esp\u00edritu Santo al Desierto\u00a0 para que fuese\u00a0 tentado all\u00ed por el diablo. Y despu\u00e9s de haber ayunado cuarenta d\u00edas con cuarenta noches. Tuvo hambre. Entonces, acerc\u00e1ndose el Tentador, le dijo: &#8211; Di que esas piedras se conviertan en panes.- M\u00e1s Jes\u00fas le respondi\u00f3:&hellip;&nbsp;<a href=\"https:\/\/testigosfalsos.es\/tf\/evangelio-tentaciones\/\" rel=\"bookmark\">Leer m\u00e1s &raquo;<span class=\"screen-reader-text\">Evangelio Tentaciones<\/span><\/a><\/p>\n","protected":false},"author":1,"featured_media":0,"parent":0,"menu_order":0,"comment_status":"closed","ping_status":"closed","template":"page-templates\/template-pagebuilder-full-width.php","meta":{"neve_meta_sidebar":"","neve_meta_container":"","neve_meta_enable_content_width":"on","neve_meta_content_width":100,"neve_meta_title_alignment":"","neve_meta_author_avatar":"","neve_post_elements_order":"","neve_meta_disable_header":"","neve_meta_disable_footer":"","neve_meta_disable_title":"on","footnotes":""},"wf_page_folders":[25],"class_list":["post-903","page","type-page","status-publish","hentry"],"_links":{"self":[{"href":"https:\/\/testigosfalsos.es\/tf\/wp-json\/wp\/v2\/pages\/903","targetHints":{"allow":["GET"]}}],"collection":[{"href":"https:\/\/testigosfalsos.es\/tf\/wp-json\/wp\/v2\/pages"}],"about":[{"href":"https:\/\/testigosfalsos.es\/tf\/wp-json\/wp\/v2\/types\/page"}],"author":[{"embeddable":true,"href":"https:\/\/testigosfalsos.es\/tf\/wp-json\/wp\/v2\/users\/1"}],"replies":[{"embeddable":true,"href":"https:\/\/testigosfalsos.es\/tf\/wp-json\/wp\/v2\/comments?post=903"}],"version-history":[{"count":7,"href":"https:\/\/testigosfalsos.es\/tf\/wp-json\/wp\/v2\/pages\/903\/revisions"}],"predecessor-version":[{"id":910,"href":"https:\/\/testigosfalsos.es\/tf\/wp-json\/wp\/v2\/pages\/903\/revisions\/910"}],"wp:attachment":[{"href":"https:\/\/testigosfalsos.es\/tf\/wp-json\/wp\/v2\/media?parent=903"}],"wp:term":[{"taxonomy":"wf_page_folders","embeddable":true,"href":"https:\/\/testigosfalsos.es\/tf\/wp-json\/wp\/v2\/wf_page_folders?post=903"}],"curies":[{"name":"wp","href":"https:\/\/api.w.org\/{rel}","templated":true}]}}