{"id":898,"date":"2025-02-16T23:31:05","date_gmt":"2025-02-16T23:31:05","guid":{"rendered":"https:\/\/testigosfalsos.es\/tf\/?page_id=898"},"modified":"2025-02-16T23:32:09","modified_gmt":"2025-02-16T23:32:09","slug":"evangelio-transfiguracion","status":"publish","type":"page","link":"https:\/\/testigosfalsos.es\/tf\/evangelio-transfiguracion\/","title":{"rendered":"Evangelio Transfiguraci\u00f3n"},"content":{"rendered":"\t\t<div data-elementor-type=\"wp-page\" data-elementor-id=\"898\" class=\"elementor elementor-898\" data-elementor-post-type=\"page\">\n\t\t\t\t<div class=\"elementor-element elementor-element-55600cb e-flex e-con-boxed e-con e-parent\" data-id=\"55600cb\" data-element_type=\"container\" data-e-type=\"container\">\n\t\t\t\t\t<div class=\"e-con-inner\">\n\t\t\t\t<div class=\"elementor-element elementor-element-c7785ee elementor-widget-divider--view-line elementor-widget elementor-widget-divider\" data-id=\"c7785ee\" data-element_type=\"widget\" data-e-type=\"widget\" data-widget_type=\"divider.default\">\n\t\t\t\t<div class=\"elementor-widget-container\">\n\t\t\t\t\t\t\t<div class=\"elementor-divider\">\n\t\t\t<span class=\"elementor-divider-separator\">\n\t\t\t\t\t\t<\/span>\n\t\t<\/div>\n\t\t\t\t\t\t<\/div>\n\t\t\t\t<\/div>\n\t\t\t\t\t<\/div>\n\t\t\t\t<\/div>\n\t\t<div class=\"elementor-element elementor-element-e8ce051 e-flex e-con-boxed e-con e-parent\" data-id=\"e8ce051\" data-element_type=\"container\" data-e-type=\"container\">\n\t\t\t\t\t<div class=\"e-con-inner\">\n\t\t\t\t<div class=\"elementor-element elementor-element-095bfdc elementor-widget elementor-widget-heading\" data-id=\"095bfdc\" data-element_type=\"widget\" data-e-type=\"widget\" data-widget_type=\"heading.default\">\n\t\t\t\t<div class=\"elementor-widget-container\">\n\t\t\t\t\t<h3 class=\"elementor-heading-title elementor-size-default\">S\u00e1bado Transfiguraci\u00f3n<\/h3>\t\t\t\t<\/div>\n\t\t\t\t<\/div>\n\t\t\t\t\t<\/div>\n\t\t\t\t<\/div>\n\t\t<div class=\"elementor-element elementor-element-cdf4bd6 e-flex e-con-boxed e-con e-parent\" data-id=\"cdf4bd6\" data-element_type=\"container\" data-e-type=\"container\">\n\t\t\t\t\t<div class=\"e-con-inner\">\n\t\t\t\t<div class=\"elementor-element elementor-element-48e64f0 elementor-widget-divider--view-line elementor-widget elementor-widget-divider\" data-id=\"48e64f0\" data-element_type=\"widget\" data-e-type=\"widget\" data-widget_type=\"divider.default\">\n\t\t\t\t<div class=\"elementor-widget-container\">\n\t\t\t\t\t\t\t<div class=\"elementor-divider\">\n\t\t\t<span class=\"elementor-divider-separator\">\n\t\t\t\t\t\t<\/span>\n\t\t<\/div>\n\t\t\t\t\t\t<\/div>\n\t\t\t\t<\/div>\n\t\t\t\t\t<\/div>\n\t\t\t\t<\/div>\n\t\t<div class=\"elementor-element elementor-element-f790a40 e-flex e-con-boxed e-con e-parent\" data-id=\"f790a40\" data-element_type=\"container\" data-e-type=\"container\">\n\t\t\t\t\t<div class=\"e-con-inner\">\n\t\t\t\t<div class=\"elementor-element elementor-element-caa386e elementor-widget elementor-widget-text-editor\" data-id=\"caa386e\" data-element_type=\"widget\" data-e-type=\"widget\" data-widget_type=\"text-editor.default\">\n\t\t\t\t<div class=\"elementor-widget-container\">\n\t\t\t\t\t\t\t\t\t<p align=\"center\"><img fetchpriority=\"high\" decoding=\"async\" class=\"alignnone size-full wp-image-879\" src=\"https:\/\/testigosfalsos.es\/tf\/wp-content\/uploads\/2025\/02\/pata3-3.jpg\" alt=\"\" width=\"250\" height=\"263\" \/><\/p><p align=\"center\"><strong><em>Evangelio.- (Mat.17. 1-9)<\/em><\/strong><\/p><p align=\"center\"><strong><em>\u00abEn aquel tiempo: Tom\u00f3 Jes\u00fas consigo a Pedro y a Santiago, y a Juan su hermano; y subiendo con ellos solos a un alto monte se transfigur\u00f3 en su presencia; de modo que su rostro se puso resplandeciente como el sol, y sus vestidos blancos como la nieve. Y al mismo tiempo les aparecieron Mois\u00e9s y El\u00edas conversando con \u00e9l de lo que deb\u00eda padecer en Jerusal\u00e9n, entonces pedro, tomando la palabra dijo a Jes\u00fas: -Se\u00f1or, bueno es estarnos aqu\u00ed si te parece, formemos tres tiendas o pabellones; uno para ti, otro para Mois\u00e9s y otro para El\u00edas.- Todav\u00eda estaba hablando Pedro cuando una nube resplandeciente vino a cubrirlos, y al mismo instante reson\u00f3 desde la nube una voz que dec\u00eda: -Este es mi hijo muy amado en quien tengo puestas todas mis complacencias. A \u00e9l deb\u00e9is de escuchar.- A esta voz, los ap\u00f3stoles cayeron sobre su rostro en tierra, y quedaron pose\u00eddos de un grande espanto, m\u00e1s Jes\u00fas se lleg\u00f3 a ellos. Los toc\u00f3 y les dijo: -Levantaos, y no teng\u00e1is miedo.-\u00a0 y alzando los ojos no vieron a nadie, sino solo a Jes\u00fas. Y al bajar del monte les puso Jes\u00fas precepto, diciendo: No dig\u00e1is a nadie lo que hab\u00e9is visto. Hasta tanto que el hijo del hombre haya resucitado de entre los muertos.-\u00ab<\/em><\/strong><\/p><p align=\"center\"><strong><em>Palabra de Dios.<\/em><\/strong><\/p>\t\t\t\t\t\t\t\t<\/div>\n\t\t\t\t<\/div>\n\t\t\t\t\t<\/div>\n\t\t\t\t<\/div>\n\t\t\t\t<\/div>\n\t\t","protected":false},"excerpt":{"rendered":"<p>S\u00e1bado Transfiguraci\u00f3n Evangelio.- (Mat.17. 1-9) \u00abEn aquel tiempo: Tom\u00f3 Jes\u00fas consigo a Pedro y a Santiago, y a Juan su hermano; y subiendo con ellos solos a un alto monte se transfigur\u00f3 en su presencia; de modo que su rostro se puso resplandeciente como el sol, y sus vestidos blancos como la nieve. Y al&hellip;&nbsp;<a href=\"https:\/\/testigosfalsos.es\/tf\/evangelio-transfiguracion\/\" rel=\"bookmark\">Leer m\u00e1s &raquo;<span class=\"screen-reader-text\">Evangelio Transfiguraci\u00f3n<\/span><\/a><\/p>\n","protected":false},"author":1,"featured_media":0,"parent":0,"menu_order":0,"comment_status":"closed","ping_status":"closed","template":"page-templates\/template-pagebuilder-full-width.php","meta":{"neve_meta_sidebar":"","neve_meta_container":"","neve_meta_enable_content_width":"on","neve_meta_content_width":100,"neve_meta_title_alignment":"","neve_meta_author_avatar":"","neve_post_elements_order":"","neve_meta_disable_header":"","neve_meta_disable_footer":"","neve_meta_disable_title":"on","footnotes":""},"wf_page_folders":[25],"class_list":["post-898","page","type-page","status-publish","hentry"],"_links":{"self":[{"href":"https:\/\/testigosfalsos.es\/tf\/wp-json\/wp\/v2\/pages\/898","targetHints":{"allow":["GET"]}}],"collection":[{"href":"https:\/\/testigosfalsos.es\/tf\/wp-json\/wp\/v2\/pages"}],"about":[{"href":"https:\/\/testigosfalsos.es\/tf\/wp-json\/wp\/v2\/types\/page"}],"author":[{"embeddable":true,"href":"https:\/\/testigosfalsos.es\/tf\/wp-json\/wp\/v2\/users\/1"}],"replies":[{"embeddable":true,"href":"https:\/\/testigosfalsos.es\/tf\/wp-json\/wp\/v2\/comments?post=898"}],"version-history":[{"count":4,"href":"https:\/\/testigosfalsos.es\/tf\/wp-json\/wp\/v2\/pages\/898\/revisions"}],"predecessor-version":[{"id":902,"href":"https:\/\/testigosfalsos.es\/tf\/wp-json\/wp\/v2\/pages\/898\/revisions\/902"}],"wp:attachment":[{"href":"https:\/\/testigosfalsos.es\/tf\/wp-json\/wp\/v2\/media?parent=898"}],"wp:term":[{"taxonomy":"wf_page_folders","embeddable":true,"href":"https:\/\/testigosfalsos.es\/tf\/wp-json\/wp\/v2\/wf_page_folders?post=898"}],"curies":[{"name":"wp","href":"https:\/\/api.w.org\/{rel}","templated":true}]}}