{"id":893,"date":"2025-02-16T23:29:13","date_gmt":"2025-02-16T23:29:13","guid":{"rendered":"https:\/\/testigosfalsos.es\/tf\/?page_id=893"},"modified":"2025-02-16T23:30:22","modified_gmt":"2025-02-16T23:30:22","slug":"evangelio-diablo-mudo","status":"publish","type":"page","link":"https:\/\/testigosfalsos.es\/tf\/evangelio-diablo-mudo\/","title":{"rendered":"Evangelio Diablo Mudo"},"content":{"rendered":"\t\t<div data-elementor-type=\"wp-page\" data-elementor-id=\"893\" class=\"elementor elementor-893\" data-elementor-post-type=\"page\">\n\t\t\t\t<div class=\"elementor-element elementor-element-55600cb e-flex e-con-boxed e-con e-parent\" data-id=\"55600cb\" data-element_type=\"container\" data-e-type=\"container\">\n\t\t\t\t\t<div class=\"e-con-inner\">\n\t\t\t\t<div class=\"elementor-element elementor-element-c7785ee elementor-widget-divider--view-line elementor-widget elementor-widget-divider\" data-id=\"c7785ee\" data-element_type=\"widget\" data-e-type=\"widget\" data-widget_type=\"divider.default\">\n\t\t\t\t<div class=\"elementor-widget-container\">\n\t\t\t\t\t\t\t<div class=\"elementor-divider\">\n\t\t\t<span class=\"elementor-divider-separator\">\n\t\t\t\t\t\t<\/span>\n\t\t<\/div>\n\t\t\t\t\t\t<\/div>\n\t\t\t\t<\/div>\n\t\t\t\t\t<\/div>\n\t\t\t\t<\/div>\n\t\t<div class=\"elementor-element elementor-element-e8ce051 e-flex e-con-boxed e-con e-parent\" data-id=\"e8ce051\" data-element_type=\"container\" data-e-type=\"container\">\n\t\t\t\t\t<div class=\"e-con-inner\">\n\t\t\t\t<div class=\"elementor-element elementor-element-095bfdc elementor-widget elementor-widget-heading\" data-id=\"095bfdc\" data-element_type=\"widget\" data-e-type=\"widget\" data-widget_type=\"heading.default\">\n\t\t\t\t<div class=\"elementor-widget-container\">\n\t\t\t\t\t<h3 class=\"elementor-heading-title elementor-size-default\">S\u00e1bado de Diablo Mudo<\/h3>\t\t\t\t<\/div>\n\t\t\t\t<\/div>\n\t\t\t\t\t<\/div>\n\t\t\t\t<\/div>\n\t\t<div class=\"elementor-element elementor-element-cdf4bd6 e-flex e-con-boxed e-con e-parent\" data-id=\"cdf4bd6\" data-element_type=\"container\" data-e-type=\"container\">\n\t\t\t\t\t<div class=\"e-con-inner\">\n\t\t\t\t<div class=\"elementor-element elementor-element-48e64f0 elementor-widget-divider--view-line elementor-widget elementor-widget-divider\" data-id=\"48e64f0\" data-element_type=\"widget\" data-e-type=\"widget\" data-widget_type=\"divider.default\">\n\t\t\t\t<div class=\"elementor-widget-container\">\n\t\t\t\t\t\t\t<div class=\"elementor-divider\">\n\t\t\t<span class=\"elementor-divider-separator\">\n\t\t\t\t\t\t<\/span>\n\t\t<\/div>\n\t\t\t\t\t\t<\/div>\n\t\t\t\t<\/div>\n\t\t\t\t\t<\/div>\n\t\t\t\t<\/div>\n\t\t<div class=\"elementor-element elementor-element-f790a40 e-flex e-con-boxed e-con e-parent\" data-id=\"f790a40\" data-element_type=\"container\" data-e-type=\"container\">\n\t\t\t\t\t<div class=\"e-con-inner\">\n\t\t\t\t<div class=\"elementor-element elementor-element-caa386e elementor-widget elementor-widget-text-editor\" data-id=\"caa386e\" data-element_type=\"widget\" data-e-type=\"widget\" data-widget_type=\"text-editor.default\">\n\t\t\t\t<div class=\"elementor-widget-container\">\n\t\t\t\t\t\t\t\t\t<p align=\"center\"><img fetchpriority=\"high\" decoding=\"async\" class=\"alignnone size-full wp-image-878\" src=\"https:\/\/testigosfalsos.es\/tf\/wp-content\/uploads\/2025\/02\/pata2-3.jpg\" alt=\"\" width=\"250\" height=\"297\" \/><\/p><p align=\"center\"><strong><em>Evangelio.- (In..6. 1-15)<\/em><\/strong><\/p><p align=\"center\"><strong><em>\u00abEn aquel tiempo: Jes\u00fas lanzaba un demonio, el cual era mudo; y as\u00ed que hubo echado al demonio, habl\u00f3 el mudo, y todas las gentes quedaron muy admiradas. M\u00e1s no faltaron all\u00ed algunos que dijeron: -Por arte de Beelzebud,\u00a0 pr\u00edncipe de los demonios, echa \u00e9l los demonios.- y otros por tentarle, le ped\u00edan que les\u00a0 hiciese ver alg\u00fan prodigio en el cielo. Pero Jes\u00fas, penetrando en sus pensamientos. Les dijo: -Todo reino dividido en partidos contrarios, quedar\u00e1 destruido; y una casa dividida en fracciones, camina a su ruina. Si, pues Satan\u00e1s est\u00e1 tambi\u00e9n dividido contra si mismo, \u00bfComo ha de subsistir su reino?, ya que dec\u00eds vosotros que yo lanzo demonios por parte de Belceb\u00fa. y si yo lanzo los demonios por virtud de Belceb\u00fa, \u00bfpor virtud de quien los lanzan vuestros hijos?. Por tanto, ellos impuros eran vuestros jueces. Pero si yo lanzo los demonios con el dedo o virtud de Dios, es evidente que ha llegado ya el reino de Dios a vosotros. Cuando un hombre bien armado, guarda la entrada de su casa, todas las cosas est\u00e1n seguras. Pero si otros m\u00e1s valientes que \u00e9 asalt\u00e1ndole, le vencen; le desarmaran de todos sus arneses, en que tango confiaba, y repartir\u00e1n sus despojos, quien no esta por mi, esta contra mi y quien no recoge conmigo, desparrama. Cuando un esp\u00edritu inmundo ha salido de un hombre, se va por lugares \u00e1ridos, buscando lugar donde reposar; y no hall\u00e1ndolo dice: me volver\u00e9 a mi casa de donde sal\u00ed. Y viniendo a ella, la halla barrida y bien adornada. Entonces va y toma consigo a otro siete esp\u00edritu peores que \u00e9l; y entrando en esta casa, fijan en ella su morada. Con lo cual. el ultimo estado de aquel hombre viene a ser peor que el primero, estando en estas consideraciones- , he aqu\u00ed que una mujer, levantando la voz en medio del pueblo exclam\u00f3: -Bienaventurado el vientre que te llevo y los pechos que te amamantaron.- , pero Jes\u00fas respondi\u00f3: &#8211; Bienaventurados m\u00e1s bien los que escuchan la palabra de Dios y la ponen en practica.-\u00ab<\/em><\/strong><\/p><p align=\"center\"><strong><em>Palabra de Dios.\u00a0<\/em><\/strong><\/p>\t\t\t\t\t\t\t\t<\/div>\n\t\t\t\t<\/div>\n\t\t\t\t\t<\/div>\n\t\t\t\t<\/div>\n\t\t\t\t<\/div>\n\t\t","protected":false},"excerpt":{"rendered":"<p>S\u00e1bado de Diablo Mudo Evangelio.- (In..6. 1-15) \u00abEn aquel tiempo: Jes\u00fas lanzaba un demonio, el cual era mudo; y as\u00ed que hubo echado al demonio, habl\u00f3 el mudo, y todas las gentes quedaron muy admiradas. M\u00e1s no faltaron all\u00ed algunos que dijeron: -Por arte de Beelzebud,\u00a0 pr\u00edncipe de los demonios, echa \u00e9l los demonios.- y&hellip;&nbsp;<a href=\"https:\/\/testigosfalsos.es\/tf\/evangelio-diablo-mudo\/\" rel=\"bookmark\">Leer m\u00e1s &raquo;<span class=\"screen-reader-text\">Evangelio Diablo Mudo<\/span><\/a><\/p>\n","protected":false},"author":1,"featured_media":0,"parent":0,"menu_order":0,"comment_status":"closed","ping_status":"closed","template":"page-templates\/template-pagebuilder-full-width.php","meta":{"neve_meta_sidebar":"","neve_meta_container":"","neve_meta_enable_content_width":"on","neve_meta_content_width":100,"neve_meta_title_alignment":"","neve_meta_author_avatar":"","neve_post_elements_order":"","neve_meta_disable_header":"","neve_meta_disable_footer":"","neve_meta_disable_title":"on","footnotes":""},"wf_page_folders":[25],"class_list":["post-893","page","type-page","status-publish","hentry"],"_links":{"self":[{"href":"https:\/\/testigosfalsos.es\/tf\/wp-json\/wp\/v2\/pages\/893","targetHints":{"allow":["GET"]}}],"collection":[{"href":"https:\/\/testigosfalsos.es\/tf\/wp-json\/wp\/v2\/pages"}],"about":[{"href":"https:\/\/testigosfalsos.es\/tf\/wp-json\/wp\/v2\/types\/page"}],"author":[{"embeddable":true,"href":"https:\/\/testigosfalsos.es\/tf\/wp-json\/wp\/v2\/users\/1"}],"replies":[{"embeddable":true,"href":"https:\/\/testigosfalsos.es\/tf\/wp-json\/wp\/v2\/comments?post=893"}],"version-history":[{"count":4,"href":"https:\/\/testigosfalsos.es\/tf\/wp-json\/wp\/v2\/pages\/893\/revisions"}],"predecessor-version":[{"id":897,"href":"https:\/\/testigosfalsos.es\/tf\/wp-json\/wp\/v2\/pages\/893\/revisions\/897"}],"wp:attachment":[{"href":"https:\/\/testigosfalsos.es\/tf\/wp-json\/wp\/v2\/media?parent=893"}],"wp:term":[{"taxonomy":"wf_page_folders","embeddable":true,"href":"https:\/\/testigosfalsos.es\/tf\/wp-json\/wp\/v2\/wf_page_folders?post=893"}],"curies":[{"name":"wp","href":"https:\/\/api.w.org\/{rel}","templated":true}]}}