{"id":7951,"date":"2025-02-25T19:51:09","date_gmt":"2025-02-25T19:51:09","guid":{"rendered":"https:\/\/testigosfalsos.es\/tf\/?page_id=7951"},"modified":"2025-02-25T20:00:01","modified_gmt":"2025-02-25T20:00:01","slug":"hermanos-mayores-virgen","status":"publish","type":"page","link":"https:\/\/testigosfalsos.es\/tf\/hermanos-mayores-virgen\/","title":{"rendered":"Hermanos Mayores Virgen"},"content":{"rendered":"\t\t<div data-elementor-type=\"wp-page\" data-elementor-id=\"7951\" class=\"elementor elementor-7951\" data-elementor-post-type=\"page\">\n\t\t\t\t\t\t<section class=\"elementor-section elementor-top-section elementor-element elementor-element-8412a4e elementor-section-boxed elementor-section-height-default elementor-section-height-default\" data-id=\"8412a4e\" data-element_type=\"section\" data-e-type=\"section\">\n\t\t\t\t\t\t<div class=\"elementor-container elementor-column-gap-default\">\n\t\t\t\t\t<div class=\"elementor-column elementor-col-100 elementor-top-column elementor-element elementor-element-429bf74\" data-id=\"429bf74\" data-element_type=\"column\" data-e-type=\"column\">\n\t\t\t<div class=\"elementor-widget-wrap elementor-element-populated\">\n\t\t\t\t\t\t<div class=\"elementor-element elementor-element-4172770 elementor-widget-divider--view-line elementor-widget elementor-widget-divider\" data-id=\"4172770\" data-element_type=\"widget\" data-e-type=\"widget\" data-widget_type=\"divider.default\">\n\t\t\t\t<div class=\"elementor-widget-container\">\n\t\t\t\t\t\t\t<div class=\"elementor-divider\">\n\t\t\t<span class=\"elementor-divider-separator\">\n\t\t\t\t\t\t<\/span>\n\t\t<\/div>\n\t\t\t\t\t\t<\/div>\n\t\t\t\t<\/div>\n\t\t\t\t\t<\/div>\n\t\t<\/div>\n\t\t\t\t\t<\/div>\n\t\t<\/section>\n\t\t\t\t<section class=\"elementor-section elementor-top-section elementor-element elementor-element-e9c54c5 elementor-section-boxed elementor-section-height-default elementor-section-height-default\" data-id=\"e9c54c5\" data-element_type=\"section\" data-e-type=\"section\">\n\t\t\t\t\t\t<div class=\"elementor-container elementor-column-gap-default\">\n\t\t\t\t\t<div class=\"elementor-column elementor-col-100 elementor-top-column elementor-element elementor-element-1ab6b4b\" data-id=\"1ab6b4b\" data-element_type=\"column\" data-e-type=\"column\">\n\t\t\t<div class=\"elementor-widget-wrap elementor-element-populated\">\n\t\t\t\t\t\t<div class=\"elementor-element elementor-element-3c784ac elementor-widget elementor-widget-heading\" data-id=\"3c784ac\" data-element_type=\"widget\" data-e-type=\"widget\" data-widget_type=\"heading.default\">\n\t\t\t\t<div class=\"elementor-widget-container\">\n\t\t\t\t\t<h4 class=\"elementor-heading-title elementor-size-default\">Hermanos Mayores \"Testigos\" de la Virgen de la Victoria<\/h4>\t\t\t\t<\/div>\n\t\t\t\t<\/div>\n\t\t\t\t\t<\/div>\n\t\t<\/div>\n\t\t\t\t\t<\/div>\n\t\t<\/section>\n\t\t\t\t<section class=\"elementor-section elementor-top-section elementor-element elementor-element-e0a3a58 elementor-section-boxed elementor-section-height-default elementor-section-height-default\" data-id=\"e0a3a58\" data-element_type=\"section\" data-e-type=\"section\">\n\t\t\t\t\t\t<div class=\"elementor-container elementor-column-gap-default\">\n\t\t\t\t\t<div class=\"elementor-column elementor-col-100 elementor-top-column elementor-element elementor-element-4ce0295\" data-id=\"4ce0295\" data-element_type=\"column\" data-e-type=\"column\">\n\t\t\t<div class=\"elementor-widget-wrap elementor-element-populated\">\n\t\t\t\t\t\t<div class=\"elementor-element elementor-element-9680c67 elementor-widget-divider--view-line elementor-widget elementor-widget-divider\" data-id=\"9680c67\" data-element_type=\"widget\" data-e-type=\"widget\" data-widget_type=\"divider.default\">\n\t\t\t\t<div class=\"elementor-widget-container\">\n\t\t\t\t\t\t\t<div class=\"elementor-divider\">\n\t\t\t<span class=\"elementor-divider-separator\">\n\t\t\t\t\t\t<\/span>\n\t\t<\/div>\n\t\t\t\t\t\t<\/div>\n\t\t\t\t<\/div>\n\t\t\t\t\t<\/div>\n\t\t<\/div>\n\t\t\t\t\t<\/div>\n\t\t<\/section>\n\t\t<div class=\"elementor-element elementor-element-7b9ddf1 e-flex e-con-boxed e-con e-parent\" data-id=\"7b9ddf1\" data-element_type=\"container\" data-e-type=\"container\">\n\t\t\t\t\t<div class=\"e-con-inner\">\n\t\t\t\t<div class=\"elementor-element elementor-element-d2af424 elementor-widget elementor-widget-image\" data-id=\"d2af424\" data-element_type=\"widget\" data-e-type=\"widget\" data-widget_type=\"image.default\">\n\t\t\t\t<div class=\"elementor-widget-container\">\n\t\t\t\t\t\t\t\t\t\t\t\t\t\t\t<img fetchpriority=\"high\" decoding=\"async\" width=\"683\" height=\"1029\" src=\"https:\/\/testigosfalsos.es\/tf\/wp-content\/uploads\/2025\/02\/victoria.jpg\" class=\"attachment-medium_large size-medium_large wp-image-7954\" alt=\"\" srcset=\"https:\/\/testigosfalsos.es\/tf\/wp-content\/uploads\/2025\/02\/victoria.jpg 683w, https:\/\/testigosfalsos.es\/tf\/wp-content\/uploads\/2025\/02\/victoria-199x300.jpg 199w, https:\/\/testigosfalsos.es\/tf\/wp-content\/uploads\/2025\/02\/victoria-680x1024.jpg 680w\" sizes=\"(max-width: 683px) 100vw, 683px\" \/>\t\t\t\t\t\t\t\t\t\t\t\t\t\t\t<\/div>\n\t\t\t\t<\/div>\n\t\t\t\t\t<\/div>\n\t\t\t\t<\/div>\n\t\t\t\t<section class=\"elementor-section elementor-top-section elementor-element elementor-element-ac8f02f elementor-section-boxed elementor-section-height-default elementor-section-height-default\" data-id=\"ac8f02f\" data-element_type=\"section\" data-e-type=\"section\">\n\t\t\t\t\t\t<div class=\"elementor-container elementor-column-gap-default\">\n\t\t\t\t\t<div class=\"elementor-column elementor-col-100 elementor-top-column elementor-element elementor-element-fd8f18d\" data-id=\"fd8f18d\" data-element_type=\"column\" data-e-type=\"column\">\n\t\t\t<div class=\"elementor-widget-wrap elementor-element-populated\">\n\t\t\t\t\t\t<div class=\"elementor-element elementor-element-82ec57a elementor-widget-divider--view-line elementor-widget elementor-widget-divider\" data-id=\"82ec57a\" data-element_type=\"widget\" data-e-type=\"widget\" data-widget_type=\"divider.default\">\n\t\t\t\t<div class=\"elementor-widget-container\">\n\t\t\t\t\t\t\t<div class=\"elementor-divider\">\n\t\t\t<span class=\"elementor-divider-separator\">\n\t\t\t\t\t\t<\/span>\n\t\t<\/div>\n\t\t\t\t\t\t<\/div>\n\t\t\t\t<\/div>\n\t\t\t\t\t<\/div>\n\t\t<\/div>\n\t\t\t\t\t<\/div>\n\t\t<\/section>\n\t\t<div class=\"elementor-element elementor-element-fe8d711 e-flex e-con-boxed e-con e-parent\" data-id=\"fe8d711\" data-element_type=\"container\" data-e-type=\"container\">\n\t\t\t\t\t<div class=\"e-con-inner\">\n\t\t\t\t<div class=\"elementor-element elementor-element-75be132 elementor-widget elementor-widget-shortcode\" data-id=\"75be132\" data-element_type=\"widget\" data-e-type=\"widget\" data-widget_type=\"shortcode.default\">\n\t\t\t\t<div class=\"elementor-widget-container\">\n\t\t\t\t\t\t\t<div class=\"elementor-shortcode\">\n<table id=\"tablepress-3\" class=\"tablepress tablepress-id-3\">\n<thead>\n<tr class=\"row-1\">\n\t<th class=\"column-1\">NOMBRE DEL HERMANO<\/th><th class=\"column-2\">A\u00d1O<\/th>\n<\/tr>\n<\/thead>\n<tbody class=\"row-striping row-hover\">\n<tr class=\"row-2\">\n\t<td class=\"column-1\">Sebast\u00edan Dur\u00e1n Dur\u00e1n<\/td><td class=\"column-2\">1988<\/td>\n<\/tr>\n<tr class=\"row-3\">\n\t<td class=\"column-1\">Antonio Cejas Guerrero<\/td><td class=\"column-2\">1989<\/td>\n<\/tr>\n<tr class=\"row-4\">\n\t<td class=\"column-1\">Antonio Cort\u00e9s Garc\u00eda<\/td><td class=\"column-2\">1990<\/td>\n<\/tr>\n<tr class=\"row-5\">\n\t<td class=\"column-1\">Manuel Velasco Delado<\/td><td class=\"column-2\">1991<\/td>\n<\/tr>\n<tr class=\"row-6\">\n\t<td class=\"column-1\">Francisco Castillo Castillo<\/td><td class=\"column-2\">1992<\/td>\n<\/tr>\n<tr class=\"row-7\">\n\t<td class=\"column-1\">Manuel Mart\u00edn Due\u00f1as<\/td><td class=\"column-2\">1993<\/td>\n<\/tr>\n<tr class=\"row-8\">\n\t<td class=\"column-1\">Francisco Alarc\u00f3n Rosales<\/td><td class=\"column-2\">1994<\/td>\n<\/tr>\n<tr class=\"row-9\">\n\t<td class=\"column-1\">Santiago Gil S\u00e1nchez<\/td><td class=\"column-2\">1995<\/td>\n<\/tr>\n<tr class=\"row-10\">\n\t<td class=\"column-1\">Manuel Guerrero L\u00f3pez<\/td><td class=\"column-2\">1996<\/td>\n<\/tr>\n<tr class=\"row-11\">\n\t<td class=\"column-1\">Jose Antonio Basc\u00f3n Gutierrez<\/td><td class=\"column-2\">1997<\/td>\n<\/tr>\n<tr class=\"row-12\">\n\t<td class=\"column-1\">Rafael Ru\u00edz Ligero<\/td><td class=\"column-2\">2002<\/td>\n<\/tr>\n<tr class=\"row-13\">\n\t<td class=\"column-1\">Rafael Casasola Baena<\/td><td class=\"column-2\">2003<\/td>\n<\/tr>\n<tr class=\"row-14\">\n\t<td class=\"column-1\">Manuel Cuenca Cabezas<\/td><td class=\"column-2\">2004<\/td>\n<\/tr>\n<tr class=\"row-15\">\n\t<td class=\"column-1\">Manuel Aguilera Garc\u00eda<\/td><td class=\"column-2\">2005<\/td>\n<\/tr>\n<tr class=\"row-16\">\n\t<td class=\"column-1\">Lu\u00eds Cortes Fern\u00e1ndez<\/td><td class=\"column-2\">2006<\/td>\n<\/tr>\n<tr class=\"row-17\">\n\t<td class=\"column-1\">Jer\u00f3nimo Guillen Gil<\/td><td class=\"column-2\">2007<\/td>\n<\/tr>\n<tr class=\"row-18\">\n\t<td class=\"column-1\">Emilio Velasco<\/td><td class=\"column-2\">2008<\/td>\n<\/tr>\n<tr class=\"row-19\">\n\t<td class=\"column-1\">Rafael Casasola Logro\u00f1o<\/td><td class=\"column-2\">2010<\/td>\n<\/tr>\n<tr class=\"row-20\">\n\t<td class=\"column-1\">Juan Manuel Parras Rejano<\/td><td class=\"column-2\">2011<\/td>\n<\/tr>\n<tr class=\"row-21\">\n\t<td class=\"column-1\">Manuel Merino Torres<\/td><td class=\"column-2\">2017<\/td>\n<\/tr>\n<\/tbody>\n<\/table>\n<!-- #tablepress-3 from cache --><\/div>\n\t\t\t\t\t\t<\/div>\n\t\t\t\t<\/div>\n\t\t\t\t\t<\/div>\n\t\t\t\t<\/div>\n\t\t\t\t<\/div>\n\t\t","protected":false},"excerpt":{"rendered":"<p>Hermanos Mayores \u00abTestigos\u00bb de la Virgen de la Victoria<\/p>\n","protected":false},"author":1,"featured_media":0,"parent":0,"menu_order":0,"comment_status":"closed","ping_status":"closed","template":"","meta":{"neve_meta_sidebar":"","neve_meta_container":"","neve_meta_enable_content_width":"off","neve_meta_content_width":100,"neve_meta_title_alignment":"","neve_meta_author_avatar":"","neve_post_elements_order":"","neve_meta_disable_header":"","neve_meta_disable_footer":"","neve_meta_disable_title":"","footnotes":""},"wf_page_folders":[17],"class_list":["post-7951","page","type-page","status-publish","hentry"],"_links":{"self":[{"href":"https:\/\/testigosfalsos.es\/tf\/wp-json\/wp\/v2\/pages\/7951","targetHints":{"allow":["GET"]}}],"collection":[{"href":"https:\/\/testigosfalsos.es\/tf\/wp-json\/wp\/v2\/pages"}],"about":[{"href":"https:\/\/testigosfalsos.es\/tf\/wp-json\/wp\/v2\/types\/page"}],"author":[{"embeddable":true,"href":"https:\/\/testigosfalsos.es\/tf\/wp-json\/wp\/v2\/users\/1"}],"replies":[{"embeddable":true,"href":"https:\/\/testigosfalsos.es\/tf\/wp-json\/wp\/v2\/comments?post=7951"}],"version-history":[{"count":4,"href":"https:\/\/testigosfalsos.es\/tf\/wp-json\/wp\/v2\/pages\/7951\/revisions"}],"predecessor-version":[{"id":7957,"href":"https:\/\/testigosfalsos.es\/tf\/wp-json\/wp\/v2\/pages\/7951\/revisions\/7957"}],"wp:attachment":[{"href":"https:\/\/testigosfalsos.es\/tf\/wp-json\/wp\/v2\/media?parent=7951"}],"wp:term":[{"taxonomy":"wf_page_folders","embeddable":true,"href":"https:\/\/testigosfalsos.es\/tf\/wp-json\/wp\/v2\/wf_page_folders?post=7951"}],"curies":[{"name":"wp","href":"https:\/\/api.w.org\/{rel}","templated":true}]}}