{"id":7922,"date":"2025-02-21T15:02:43","date_gmt":"2025-02-21T15:02:43","guid":{"rendered":"https:\/\/testigosfalsos.es\/tf\/?page_id=7922"},"modified":"2025-02-21T15:11:43","modified_gmt":"2025-02-21T15:11:43","slug":"hermanos-desde-la-reorganizacion","status":"publish","type":"page","link":"https:\/\/testigosfalsos.es\/tf\/hermanos-desde-la-reorganizacion\/","title":{"rendered":"Hermanos desde la Reorganizacion"},"content":{"rendered":"\t\t<div data-elementor-type=\"wp-page\" data-elementor-id=\"7922\" class=\"elementor elementor-7922\" data-elementor-post-type=\"page\">\n\t\t\t\t<div class=\"elementor-element elementor-element-55600cb e-flex e-con-boxed e-con e-parent\" data-id=\"55600cb\" data-element_type=\"container\" data-e-type=\"container\">\n\t\t\t\t\t<div class=\"e-con-inner\">\n\t\t\t\t<div class=\"elementor-element elementor-element-c7785ee elementor-widget-divider--view-line elementor-widget elementor-widget-divider\" data-id=\"c7785ee\" data-element_type=\"widget\" data-e-type=\"widget\" data-widget_type=\"divider.default\">\n\t\t\t\t<div class=\"elementor-widget-container\">\n\t\t\t\t\t\t\t<div class=\"elementor-divider\">\n\t\t\t<span class=\"elementor-divider-separator\">\n\t\t\t\t\t\t<\/span>\n\t\t<\/div>\n\t\t\t\t\t\t<\/div>\n\t\t\t\t<\/div>\n\t\t\t\t\t<\/div>\n\t\t\t\t<\/div>\n\t\t<div class=\"elementor-element elementor-element-e8ce051 e-flex e-con-boxed e-con e-parent\" data-id=\"e8ce051\" data-element_type=\"container\" data-e-type=\"container\">\n\t\t\t\t\t<div class=\"e-con-inner\">\n\t\t\t\t<div class=\"elementor-element elementor-element-095bfdc elementor-widget elementor-widget-heading\" data-id=\"095bfdc\" data-element_type=\"widget\" data-e-type=\"widget\" data-widget_type=\"heading.default\">\n\t\t\t\t<div class=\"elementor-widget-container\">\n\t\t\t\t\t<h3 class=\"elementor-heading-title elementor-size-default\">Nuestros hermanos pasivos.<\/h3>\t\t\t\t<\/div>\n\t\t\t\t<\/div>\n\t\t\t\t\t<\/div>\n\t\t\t\t<\/div>\n\t\t<div class=\"elementor-element elementor-element-8d89ae5 e-flex e-con-boxed e-con e-parent\" data-id=\"8d89ae5\" data-element_type=\"container\" data-e-type=\"container\">\n\t\t\t\t\t<div class=\"e-con-inner\">\n\t\t\t\t<div class=\"elementor-element elementor-element-fdf64f8 elementor-widget elementor-widget-shortcode\" data-id=\"fdf64f8\" data-element_type=\"widget\" data-e-type=\"widget\" data-widget_type=\"shortcode.default\">\n\t\t\t\t<div class=\"elementor-widget-container\">\n\t\t\t\t\t\t\t<div class=\"elementor-shortcode\">\n<table id=\"tablepress-1\" class=\"tablepress tablepress-id-1\">\n<thead>\n<tr class=\"row-1\">\n\t<th class=\"column-1\">NOMBRE DEL HERMANO<\/th><th class=\"column-2\">FECHA INGRESO<\/th><th class=\"column-3\">FECHA DE BAJA<\/th><th class=\"column-4\">ESTADO<\/th>\n<\/tr>\n<\/thead>\n<tbody class=\"row-striping row-hover\">\n<tr class=\"row-2\">\n\t<td class=\"column-1\">Antonio Rivas Chac\u00f3n<\/td><td class=\"column-2\">1950<\/td><td class=\"column-3\">2000<\/td><td class=\"column-4\">\u2020<\/td>\n<\/tr>\n<tr class=\"row-3\">\n\t<td class=\"column-1\">Antonio Sebastianes Fern\u00e1ndez<\/td><td class=\"column-2\">1955<\/td><td class=\"column-3\">2001<\/td><td class=\"column-4\">\u2020<\/td>\n<\/tr>\n<tr class=\"row-4\">\n\t<td class=\"column-1\">Jos\u00e9 Labrador L\u00f3pez<\/td><td class=\"column-2\"><\/td><td class=\"column-3\">1990<\/td><td class=\"column-4\">\u2020<\/td>\n<\/tr>\n<tr class=\"row-5\">\n\t<td class=\"column-1\">Pascual Garc\u00eda Morales<\/td><td class=\"column-2\">1974<\/td><td class=\"column-3\">1978<\/td><td class=\"column-4\">\u2020<\/td>\n<\/tr>\n<tr class=\"row-6\">\n\t<td class=\"column-1\">Rafael Quero Medina<\/td><td class=\"column-2\">1974<\/td><td class=\"column-3\">1985<\/td><td class=\"column-4\">\u2020<\/td>\n<\/tr>\n<tr class=\"row-7\">\n\t<td class=\"column-1\">Mart\u00edn Ruiz Garc\u00eda de Dionisio<\/td><td class=\"column-2\">1974<\/td><td class=\"column-3\">1988<\/td><td class=\"column-4\">\u2020<\/td>\n<\/tr>\n<tr class=\"row-8\">\n\t<td class=\"column-1\">Francisco Castillo Castillo<\/td><td class=\"column-2\">1974<\/td><td class=\"column-3\">2011<\/td><td class=\"column-4\">\u2020<\/td>\n<\/tr>\n<tr class=\"row-9\">\n\t<td class=\"column-1\">Salvador Merino Cabello<\/td><td class=\"column-2\">1974<\/td><td class=\"column-3\">1989<\/td><td class=\"column-4\">\u2020<\/td>\n<\/tr>\n<tr class=\"row-10\">\n\t<td class=\"column-1\">Jos\u00e9 Antonio L\u00f3pez Palomo<\/td><td class=\"column-2\">1974<\/td><td class=\"column-3\">1983<\/td><td class=\"column-4\">\u2020<\/td>\n<\/tr>\n<tr class=\"row-11\">\n\t<td class=\"column-1\">Francisco Almeda Campos<\/td><td class=\"column-2\">1974<\/td><td class=\"column-3\">2002<\/td><td class=\"column-4\">\u2020<\/td>\n<\/tr>\n<tr class=\"row-12\">\n\t<td class=\"column-1\">Nemesio Cerezo P\u00e9rez<\/td><td class=\"column-2\">1974<\/td><td class=\"column-3\">2001<\/td><td class=\"column-4\">\u2020<\/td>\n<\/tr>\n<tr class=\"row-13\">\n\t<td class=\"column-1\">Manuel Mart\u00edn Due\u00f1as<\/td><td class=\"column-2\">1974<\/td><td class=\"column-3\">2001<\/td><td class=\"column-4\">\u2020<\/td>\n<\/tr>\n<tr class=\"row-14\">\n\t<td class=\"column-1\">Manuel Moreno Moreno<\/td><td class=\"column-2\">1974<\/td><td class=\"column-3\">1990<\/td><td class=\"column-4\">\u2020<\/td>\n<\/tr>\n<tr class=\"row-15\">\n\t<td class=\"column-1\">Jos\u00e9 Mar\u00eda Bordas R\u00edvas<\/td><td class=\"column-2\">1974<\/td><td class=\"column-3\">1980<\/td><td class=\"column-4\">\u2020<\/td>\n<\/tr>\n<tr class=\"row-16\">\n\t<td class=\"column-1\">Lu\u00eds M\u00e1rquez Alba<\/td><td class=\"column-2\">1974<\/td><td class=\"column-3\">1981<\/td><td class=\"column-4\">\u2020<\/td>\n<\/tr>\n<tr class=\"row-17\">\n\t<td class=\"column-1\">Antonio Fern\u00e1ndez D\u00edaz<\/td><td class=\"column-2\">1974<\/td><td class=\"column-3\">1980<\/td><td class=\"column-4\"><\/td>\n<\/tr>\n<tr class=\"row-18\">\n\t<td class=\"column-1\">Antonio Jesus Velasco Jurado<\/td><td class=\"column-2\">1974<\/td><td class=\"column-3\">1990<\/td><td class=\"column-4\"><\/td>\n<\/tr>\n<tr class=\"row-19\">\n\t<td class=\"column-1\">Antonio Cort\u00e9s Garc\u00eda<\/td><td class=\"column-2\">1974<\/td><td class=\"column-3\">2001<\/td><td class=\"column-4\"><\/td>\n<\/tr>\n<tr class=\"row-20\">\n\t<td class=\"column-1\">Andr\u00e9s del Rio Exp\u00f3sito<\/td><td class=\"column-2\">1974<\/td><td class=\"column-3\">1978<\/td><td class=\"column-4\">\u2020<\/td>\n<\/tr>\n<tr class=\"row-21\">\n\t<td class=\"column-1\">Francisco Morillo Quintero<\/td><td class=\"column-2\">1974<\/td><td class=\"column-3\">1976<\/td><td class=\"column-4\">\u2020<\/td>\n<\/tr>\n<tr class=\"row-22\">\n\t<td class=\"column-1\">Jes\u00fas Nu\u00f1ez Carr\u00edl<\/td><td class=\"column-2\">1974\u00ba<\/td><td class=\"column-3\">1982<\/td><td class=\"column-4\">\u2020<\/td>\n<\/tr>\n<tr class=\"row-23\">\n\t<td class=\"column-1\">Jos\u00e9 Rold\u00e1n Dom\u00ednguez<\/td><td class=\"column-2\">1975<\/td><td class=\"column-3\">2010<\/td><td class=\"column-4\">\u2020<\/td>\n<\/tr>\n<tr class=\"row-24\">\n\t<td class=\"column-1\">Bernardino Solano Granados<\/td><td class=\"column-2\">1975<\/td><td class=\"column-3\">1976<\/td><td class=\"column-4\">\u2020<\/td>\n<\/tr>\n<tr class=\"row-25\">\n\t<td class=\"column-1\">Antonio Sierra Aranda<\/td><td class=\"column-2\">1975<\/td><td class=\"column-3\">1977<\/td><td class=\"column-4\"><\/td>\n<\/tr>\n<tr class=\"row-26\">\n\t<td class=\"column-1\">Manuel Velasco Delgado<\/td><td class=\"column-2\">1975<\/td><td class=\"column-3\">2002<\/td><td class=\"column-4\">\u2020<\/td>\n<\/tr>\n<tr class=\"row-27\">\n\t<td class=\"column-1\">Antonio Mor\u00f3n Aguilar<\/td><td class=\"column-2\">1975<\/td><td class=\"column-3\">1989<\/td><td class=\"column-4\">\u2020<\/td>\n<\/tr>\n<tr class=\"row-28\">\n\t<td class=\"column-1\">Antonio Labrador Ja\u00e9n<\/td><td class=\"column-2\">1975<\/td><td class=\"column-3\">1978<\/td><td class=\"column-4\">\u2020<\/td>\n<\/tr>\n<tr class=\"row-29\">\n\t<td class=\"column-1\">Antonio Redondo Henares<\/td><td class=\"column-2\">1975<\/td><td class=\"column-3\">1978<\/td><td class=\"column-4\"><\/td>\n<\/tr>\n<tr class=\"row-30\">\n\t<td class=\"column-1\">Antonio Redondo Henares<\/td><td class=\"column-2\">1975<\/td><td class=\"column-3\"><\/td><td class=\"column-4\"><\/td>\n<\/tr>\n<tr class=\"row-31\">\n\t<td class=\"column-1\">Miguel Arroyo Carde\u00f1osa<\/td><td class=\"column-2\">1975<\/td><td class=\"column-3\">1987<\/td><td class=\"column-4\">\u2020<\/td>\n<\/tr>\n<tr class=\"row-32\">\n\t<td class=\"column-1\">Miguel Reyes Aguilar<\/td><td class=\"column-2\"><\/td><td class=\"column-3\">1993<\/td><td class=\"column-4\">\u2020<\/td>\n<\/tr>\n<tr class=\"row-33\">\n\t<td class=\"column-1\">Miguel Franco G\u00e1lvez<\/td><td class=\"column-2\"><\/td><td class=\"column-3\">1981<\/td><td class=\"column-4\">\u2020<\/td>\n<\/tr>\n<tr class=\"row-34\">\n\t<td class=\"column-1\">Rafael Quero Amador<\/td><td class=\"column-2\"><\/td><td class=\"column-3\">1985<\/td><td class=\"column-4\">\u2020<\/td>\n<\/tr>\n<tr class=\"row-35\">\n\t<td class=\"column-1\">Angel Maestro Villalba<\/td><td class=\"column-2\"><\/td><td class=\"column-3\">1985<\/td><td class=\"column-4\">\u2020<\/td>\n<\/tr>\n<tr class=\"row-36\">\n\t<td class=\"column-1\">Jos\u00e9 Antonio Uceda Rodr\u00edguez<\/td><td class=\"column-2\"><\/td><td class=\"column-3\">1986<\/td><td class=\"column-4\">\u2020<\/td>\n<\/tr>\n<tr class=\"row-37\">\n\t<td class=\"column-1\">Manuel Delgado Ru\u00edz de Ar\u00e9valo<\/td><td class=\"column-2\"><\/td><td class=\"column-3\">1986<\/td><td class=\"column-4\">\u2020<\/td>\n<\/tr>\n<tr class=\"row-38\">\n\t<td class=\"column-1\">Rafael Labrador Morales<\/td><td class=\"column-2\"><\/td><td class=\"column-3\">1986<\/td><td class=\"column-4\">\u2020<\/td>\n<\/tr>\n<tr class=\"row-39\">\n\t<td class=\"column-1\">Carlos L\u00f3pez Serrano<\/td><td class=\"column-2\"><\/td><td class=\"column-3\">1987<\/td><td class=\"column-4\">\u2020<\/td>\n<\/tr>\n<tr class=\"row-40\">\n\t<td class=\"column-1\">Jos\u00e9 Velasco Carvajal<\/td><td class=\"column-2\"><\/td><td class=\"column-3\">1989<\/td><td class=\"column-4\">\u2020<\/td>\n<\/tr>\n<tr class=\"row-41\">\n\t<td class=\"column-1\">Francisco Gonz\u00e1lez Cabello<\/td><td class=\"column-2\"><\/td><td class=\"column-3\">1989<\/td><td class=\"column-4\"><\/td>\n<\/tr>\n<tr class=\"row-42\">\n\t<td class=\"column-1\">Fernando Gamero Borrego<\/td><td class=\"column-2\"><\/td><td class=\"column-3\">1992<\/td><td class=\"column-4\">\u2020<\/td>\n<\/tr>\n<tr class=\"row-43\">\n\t<td class=\"column-1\">Francisco Gonz\u00e1lez Torres<\/td><td class=\"column-2\"><\/td><td class=\"column-3\">1992<\/td><td class=\"column-4\">\u2020<\/td>\n<\/tr>\n<tr class=\"row-44\">\n\t<td class=\"column-1\">Luis Latorre Ruz<\/td><td class=\"column-2\"><\/td><td class=\"column-3\">1993<\/td><td class=\"column-4\">\u2020<\/td>\n<\/tr>\n<tr class=\"row-45\">\n\t<td class=\"column-1\">Miguel Reyes Aguilar<\/td><td class=\"column-2\"><\/td><td class=\"column-3\">1993<\/td><td class=\"column-4\">\u2020<\/td>\n<\/tr>\n<tr class=\"row-46\">\n\t<td class=\"column-1\">Jos\u00e9 Manuel Do\u00f1a Cejas<\/td><td class=\"column-2\"><\/td><td class=\"column-3\">1994<\/td><td class=\"column-4\">\u2020<\/td>\n<\/tr>\n<tr class=\"row-47\">\n\t<td class=\"column-1\">Pablo Serrano Rom\u00e1n<\/td><td class=\"column-2\"><\/td><td class=\"column-3\">1994<\/td><td class=\"column-4\"><\/td>\n<\/tr>\n<tr class=\"row-48\">\n\t<td class=\"column-1\">Miguel R\u00edos Garc\u00eda<\/td><td class=\"column-2\"><\/td><td class=\"column-3\">1995<\/td><td class=\"column-4\"><\/td>\n<\/tr>\n<tr class=\"row-49\">\n\t<td class=\"column-1\">Juan Sol\u00eds Ramos<\/td><td class=\"column-2\">1979<\/td><td class=\"column-3\">2001<\/td><td class=\"column-4\">\u2020<\/td>\n<\/tr>\n<tr class=\"row-50\">\n\t<td class=\"column-1\">Manuel Albal\u00e1 R\u00edvas<\/td><td class=\"column-2\">1979<\/td><td class=\"column-3\">2006<\/td><td class=\"column-4\"><\/td>\n<\/tr>\n<tr class=\"row-51\">\n\t<td class=\"column-1\">Jer\u00f3nimo Guillen Gil<\/td><td class=\"column-2\">1980<\/td><td class=\"column-3\">2012<\/td><td class=\"column-4\">\u2020<\/td>\n<\/tr>\n<tr class=\"row-52\">\n\t<td class=\"column-1\">Fernando Garc\u00eda S\u00e1nchez<\/td><td class=\"column-2\">1980<\/td><td class=\"column-3\">2019<\/td><td class=\"column-4\">PASIVO<\/td>\n<\/tr>\n<tr class=\"row-53\">\n\t<td class=\"column-1\">Antonio Castillo Castillo<\/td><td class=\"column-2\">1981<\/td><td class=\"column-3\">2012<\/td><td class=\"column-4\"><\/td>\n<\/tr>\n<tr class=\"row-54\">\n\t<td class=\"column-1\">Juan Ram\u00edrez Reyes<\/td><td class=\"column-2\">1981<\/td><td class=\"column-3\">2012<\/td><td class=\"column-4\">\u2020<\/td>\n<\/tr>\n<tr class=\"row-55\">\n\t<td class=\"column-1\">Manuel Guerrero L\u00f3pez<\/td><td class=\"column-2\">1982<\/td><td class=\"column-3\">2004<\/td><td class=\"column-4\"><\/td>\n<\/tr>\n<tr class=\"row-56\">\n\t<td class=\"column-1\">Sebasti\u00e1n Dur\u00e1n Dur\u00e1n<\/td><td class=\"column-2\">1982<\/td><td class=\"column-3\">2012<\/td><td class=\"column-4\">\u2020<\/td>\n<\/tr>\n<tr class=\"row-57\">\n\t<td class=\"column-1\">Antonio Cejas Guerrero<\/td><td class=\"column-2\">1986<\/td><td class=\"column-3\">2012<\/td><td class=\"column-4\"><\/td>\n<\/tr>\n<tr class=\"row-58\">\n\t<td class=\"column-1\">Antonio L\u00f3pez Castilleros<\/td><td class=\"column-2\">1987<\/td><td class=\"column-3\">2010<\/td><td class=\"column-4\"><\/td>\n<\/tr>\n<tr class=\"row-59\">\n\t<td class=\"column-1\">Francisco Alarc\u00f3n Rosales<\/td><td class=\"column-2\">1989<\/td><td class=\"column-3\">2012<\/td><td class=\"column-4\">\u2020<\/td>\n<\/tr>\n<tr class=\"row-60\">\n\t<td class=\"column-1\">Rafael Ru\u00edz Ligero<\/td><td class=\"column-2\">1989<\/td><td class=\"column-3\">2002<\/td><td class=\"column-4\">\u2020<\/td>\n<\/tr>\n<tr class=\"row-61\">\n\t<td class=\"column-1\">Jos\u00e9 Parra Cejas<\/td><td class=\"column-2\">1989<\/td><td class=\"column-3\">2013<\/td><td class=\"column-4\">PASIVO<\/td>\n<\/tr>\n<tr class=\"row-62\">\n\t<td class=\"column-1\">Santiago Gil S\u00e1nchez<\/td><td class=\"column-2\">1990<\/td><td class=\"column-3\">ACTIVO<\/td><td class=\"column-4\">DECANO<\/td>\n<\/tr>\n<tr class=\"row-63\">\n\t<td class=\"column-1\">Mariano Le\u00f3n Soria<\/td><td class=\"column-2\">1990<\/td><td class=\"column-3\">2023<\/td><td class=\"column-4\"><\/td>\n<\/tr>\n<tr class=\"row-64\">\n\t<td class=\"column-1\">Francisco Rivero Arroyo<\/td><td class=\"column-2\">1991<\/td><td class=\"column-3\">2001<\/td><td class=\"column-4\"><\/td>\n<\/tr>\n<tr class=\"row-65\">\n\t<td class=\"column-1\">Raimundo P\u00e9rez Fern\u00e1ndez<\/td><td class=\"column-2\">1991<\/td><td class=\"column-3\">2000<\/td><td class=\"column-4\"><\/td>\n<\/tr>\n<tr class=\"row-66\">\n\t<td class=\"column-1\">Jos\u00e9 Antonio Basc\u00f3n Guti\u00e9rrez<\/td><td class=\"column-2\">1992<\/td><td class=\"column-3\">2022<\/td><td class=\"column-4\"><\/td>\n<\/tr>\n<tr class=\"row-67\">\n\t<td class=\"column-1\">Manuel Cuenca Cabezas<\/td><td class=\"column-2\">1992<\/td><td class=\"column-3\">2022<\/td><td class=\"column-4\"><\/td>\n<\/tr>\n<tr class=\"row-68\">\n\t<td class=\"column-1\">Francisco Humanez Ru\u00edz<\/td><td class=\"column-2\">1992<\/td><td class=\"column-3\">2022<\/td><td class=\"column-4\"><\/td>\n<\/tr>\n<tr class=\"row-69\">\n\t<td class=\"column-1\">Antonio Lozano Berral<\/td><td class=\"column-2\">1992<\/td><td class=\"column-3\">2001<\/td><td class=\"column-4\"><\/td>\n<\/tr>\n<tr class=\"row-70\">\n\t<td class=\"column-1\">Manuel Merino Carnerero<\/td><td class=\"column-2\">1993<\/td><td class=\"column-3\">ACTIVO<\/td><td class=\"column-4\"><\/td>\n<\/tr>\n<tr class=\"row-71\">\n\t<td class=\"column-1\">Salvador Merino Carnerero<\/td><td class=\"column-2\">1993<\/td><td class=\"column-3\">2023<\/td><td class=\"column-4\">PASIVO<\/td>\n<\/tr>\n<tr class=\"row-72\">\n\t<td class=\"column-1\">Ram\u00f3n Delgado Caerillo<\/td><td class=\"column-2\">1994<\/td><td class=\"column-3\">2000<\/td><td class=\"column-4\"><\/td>\n<\/tr>\n<tr class=\"row-73\">\n\t<td class=\"column-1\">Rafael Merino Carnerero<\/td><td class=\"column-2\">1995<\/td><td class=\"column-3\">2012<\/td><td class=\"column-4\"><\/td>\n<\/tr>\n<tr class=\"row-74\">\n\t<td class=\"column-1\">Lu\u00eds Cort\u00e9s Fern\u00e1ndez<\/td><td class=\"column-2\">1995<\/td><td class=\"column-3\">ACTIVO<\/td><td class=\"column-4\"><\/td>\n<\/tr>\n<tr class=\"row-75\">\n\t<td class=\"column-1\">Marcelino Almeda Rodr\u00edguez<\/td><td class=\"column-2\">2000<\/td><td class=\"column-3\">2012<\/td><td class=\"column-4\"><\/td>\n<\/tr>\n<tr class=\"row-76\">\n\t<td class=\"column-1\">Rafael P\u00e9rez Baena<\/td><td class=\"column-2\">2000<\/td><td class=\"column-3\">2012<\/td><td class=\"column-4\"><\/td>\n<\/tr>\n<tr class=\"row-77\">\n\t<td class=\"column-1\">Emilio Velasco Jurado<\/td><td class=\"column-2\">2000<\/td><td class=\"column-3\">2012<\/td><td class=\"column-4\"><\/td>\n<\/tr>\n<tr class=\"row-78\">\n\t<td class=\"column-1\">Manuel Aguilera Garc\u00eda<\/td><td class=\"column-2\">2001<\/td><td class=\"column-3\">2023<\/td><td class=\"column-4\">PASIVO<\/td>\n<\/tr>\n<tr class=\"row-79\">\n\t<td class=\"column-1\">Rafel Casasola Logro\u00f1o<\/td><td class=\"column-2\">2002<\/td><td class=\"column-3\">ACTIVO<\/td><td class=\"column-4\"><\/td>\n<\/tr>\n<tr class=\"row-80\">\n\t<td class=\"column-1\">Jes\u00fas Cuenca Cabezas<\/td><td class=\"column-2\">2002<\/td><td class=\"column-3\">ACTIVO<\/td><td class=\"column-4\"><\/td>\n<\/tr>\n<tr class=\"row-81\">\n\t<td class=\"column-1\">Jorge Dom\u00ednguez Polinario<\/td><td class=\"column-2\">2002<\/td><td class=\"column-3\">ACTIVO<\/td><td class=\"column-4\"><\/td>\n<\/tr>\n<tr class=\"row-82\">\n\t<td class=\"column-1\">Francisco Godoy P\u00e9rez<\/td><td class=\"column-2\">2002<\/td><td class=\"column-3\">2003<\/td><td class=\"column-4\"><\/td>\n<\/tr>\n<tr class=\"row-83\">\n\t<td class=\"column-1\">Andr\u00e9s Molina D\u00edaz<\/td><td class=\"column-2\">2002<\/td><td class=\"column-3\">2004<\/td><td class=\"column-4\"><\/td>\n<\/tr>\n<tr class=\"row-84\">\n\t<td class=\"column-1\">Emilio Mu\u00f1oz Calzado<\/td><td class=\"column-2\">2002<\/td><td class=\"column-3\">ACTIVO<\/td><td class=\"column-4\"><\/td>\n<\/tr>\n<tr class=\"row-85\">\n\t<td class=\"column-1\">Antonio Dom\u00ednguez Polinario<\/td><td class=\"column-2\">2004<\/td><td class=\"column-3\">ACTIVO<\/td><td class=\"column-4\"><\/td>\n<\/tr>\n<tr class=\"row-86\">\n\t<td class=\"column-1\">Antonio Quir\u00f3s Saavedra<\/td><td class=\"column-2\">2004<\/td><td class=\"column-3\">2012<\/td><td class=\"column-4\"><\/td>\n<\/tr>\n<tr class=\"row-87\">\n\t<td class=\"column-1\">Javier Ram\u00edrez Ruz<\/td><td class=\"column-2\">2004<\/td><td class=\"column-3\">ACTIVO<\/td><td class=\"column-4\"><\/td>\n<\/tr>\n<tr class=\"row-88\">\n\t<td class=\"column-1\">Franjo Castillo Sierra<\/td><td class=\"column-2\">2004<\/td><td class=\"column-3\">ACTIVO<\/td><td class=\"column-4\"><\/td>\n<\/tr>\n<tr class=\"row-89\">\n\t<td class=\"column-1\">Daniel Castillo Sierra<\/td><td class=\"column-2\">2005<\/td><td class=\"column-3\">ACTIVO<\/td><td class=\"column-4\"><\/td>\n<\/tr>\n<tr class=\"row-90\">\n\t<td class=\"column-1\">David Rivas Cuenca<\/td><td class=\"column-2\">2006<\/td><td class=\"column-3\">ACTIVO<\/td><td class=\"column-4\"><\/td>\n<\/tr>\n<tr class=\"row-91\">\n\t<td class=\"column-1\">Manuel Merino Torres<\/td><td class=\"column-2\">2007<\/td><td class=\"column-3\">ACTIVO<\/td><td class=\"column-4\"><\/td>\n<\/tr>\n<tr class=\"row-92\">\n\t<td class=\"column-1\">Juan M. Parras Rejano<\/td><td class=\"column-2\">2007<\/td><td class=\"column-3\">ACTIVO<\/td><td class=\"column-4\"><\/td>\n<\/tr>\n<tr class=\"row-93\">\n\t<td class=\"column-1\">Fernando Uceda Valdelomar<\/td><td class=\"column-2\">2007<\/td><td class=\"column-3\">2022<\/td><td class=\"column-4\"><\/td>\n<\/tr>\n<tr class=\"row-94\">\n\t<td class=\"column-1\">Jos\u00e9 A. Merino Torres<\/td><td class=\"column-2\">2007<\/td><td class=\"column-3\">ACTIVO<\/td><td class=\"column-4\"><\/td>\n<\/tr>\n<tr class=\"row-95\">\n\t<td class=\"column-1\">Salvador Merino Torres<\/td><td class=\"column-2\">2007<\/td><td class=\"column-3\">2022<\/td><td class=\"column-4\"><\/td>\n<\/tr>\n<tr class=\"row-96\">\n\t<td class=\"column-1\">Manuel Cosano Arroyo<\/td><td class=\"column-2\">2007<\/td><td class=\"column-3\">2012<\/td><td class=\"column-4\"><\/td>\n<\/tr>\n<tr class=\"row-97\">\n\t<td class=\"column-1\">Manuel Gonz\u00e1lez Alcala<\/td><td class=\"column-2\">2007<\/td><td class=\"column-3\">2012<\/td><td class=\"column-4\"><\/td>\n<\/tr>\n<tr class=\"row-98\">\n\t<td class=\"column-1\">Manuel Jim\u00e9nezx Garc\u00eda<\/td><td class=\"column-2\">2007<\/td><td class=\"column-3\">2012<\/td><td class=\"column-4\"><\/td>\n<\/tr>\n<tr class=\"row-99\">\n\t<td class=\"column-1\">Bruno L\u00facas Riveiro<\/td><td class=\"column-2\">2015<\/td><td class=\"column-3\">ACTIVO<\/td><td class=\"column-4\"><\/td>\n<\/tr>\n<tr class=\"row-100\">\n\t<td class=\"column-1\">David Laredo R\u00edos<\/td><td class=\"column-2\">2015<\/td><td class=\"column-3\">ACTIVO<\/td><td class=\"column-4\"><\/td>\n<\/tr>\n<tr class=\"row-101\">\n\t<td class=\"column-1\">Lus M. Arjona Prieto<\/td><td class=\"column-2\">2016<\/td><td class=\"column-3\">ACTIVO<\/td><td class=\"column-4\"><\/td>\n<\/tr>\n<tr class=\"row-102\">\n\t<td class=\"column-1\">Francisco Castro Estudillos<\/td><td class=\"column-2\">2017<\/td><td class=\"column-3\">ACTIVO<\/td><td class=\"column-4\"><\/td>\n<\/tr>\n<tr class=\"row-103\">\n\t<td class=\"column-1\">Francisco Morillo Cejas<\/td><td class=\"column-2\">2019<\/td><td class=\"column-3\">ACTIVO<\/td><td class=\"column-4\"><\/td>\n<\/tr>\n<tr class=\"row-104\">\n\t<td class=\"column-1\">Juan M. Casasola Jurado<\/td><td class=\"column-2\">2023<\/td><td class=\"column-3\">ACTIVO<\/td><td class=\"column-4\"><\/td>\n<\/tr>\n<tr class=\"row-105\">\n\t<td class=\"column-1\">Manuel Mu\u00f1oz Calzado<\/td><td class=\"column-2\">2023<\/td><td class=\"column-3\">ACTIVO<\/td><td class=\"column-4\"><\/td>\n<\/tr>\n<tr class=\"row-106\">\n\t<td class=\"column-1\">Manuel Rosales Montilla<\/td><td class=\"column-2\">2023<\/td><td class=\"column-3\">ACTIVO<\/td><td class=\"column-4\"><\/td>\n<\/tr>\n<tr class=\"row-107\">\n\t<td class=\"column-1\">Juli\u00e1n Florido Villar<\/td><td class=\"column-2\">2023<\/td><td class=\"column-3\">ACTIVO<\/td><td class=\"column-4\"><\/td>\n<\/tr>\n<tr class=\"row-108\">\n\t<td class=\"column-1\"><\/td><td class=\"column-2\"><\/td><td class=\"column-3\"><\/td><td class=\"column-4\"><\/td>\n<\/tr>\n<\/tbody>\n<\/table>\n<!-- #tablepress-1 from cache --><\/div>\n\t\t\t\t\t\t<\/div>\n\t\t\t\t<\/div>\n\t\t\t\t\t<\/div>\n\t\t\t\t<\/div>\n\t\t\t\t<\/div>\n\t\t","protected":false},"excerpt":{"rendered":"<p>Nuestros hermanos pasivos.<\/p>\n","protected":false},"author":1,"featured_media":0,"parent":0,"menu_order":0,"comment_status":"closed","ping_status":"closed","template":"page-templates\/template-pagebuilder-full-width.php","meta":{"neve_meta_sidebar":"","neve_meta_container":"","neve_meta_enable_content_width":"on","neve_meta_content_width":100,"neve_meta_title_alignment":"","neve_meta_author_avatar":"","neve_post_elements_order":"","neve_meta_disable_header":"","neve_meta_disable_footer":"","neve_meta_disable_title":"on","footnotes":""},"wf_page_folders":[17],"class_list":["post-7922","page","type-page","status-publish","hentry"],"_links":{"self":[{"href":"https:\/\/testigosfalsos.es\/tf\/wp-json\/wp\/v2\/pages\/7922","targetHints":{"allow":["GET"]}}],"collection":[{"href":"https:\/\/testigosfalsos.es\/tf\/wp-json\/wp\/v2\/pages"}],"about":[{"href":"https:\/\/testigosfalsos.es\/tf\/wp-json\/wp\/v2\/types\/page"}],"author":[{"embeddable":true,"href":"https:\/\/testigosfalsos.es\/tf\/wp-json\/wp\/v2\/users\/1"}],"replies":[{"embeddable":true,"href":"https:\/\/testigosfalsos.es\/tf\/wp-json\/wp\/v2\/comments?post=7922"}],"version-history":[{"count":7,"href":"https:\/\/testigosfalsos.es\/tf\/wp-json\/wp\/v2\/pages\/7922\/revisions"}],"predecessor-version":[{"id":7931,"href":"https:\/\/testigosfalsos.es\/tf\/wp-json\/wp\/v2\/pages\/7922\/revisions\/7931"}],"wp:attachment":[{"href":"https:\/\/testigosfalsos.es\/tf\/wp-json\/wp\/v2\/media?parent=7922"}],"wp:term":[{"taxonomy":"wf_page_folders","embeddable":true,"href":"https:\/\/testigosfalsos.es\/tf\/wp-json\/wp\/v2\/wf_page_folders?post=7922"}],"curies":[{"name":"wp","href":"https:\/\/api.w.org\/{rel}","templated":true}]}}