{"id":7905,"date":"2025-02-21T14:37:46","date_gmt":"2025-02-21T14:37:46","guid":{"rendered":"https:\/\/testigosfalsos.es\/tf\/?page_id=7905"},"modified":"2025-02-21T14:52:01","modified_gmt":"2025-02-21T14:52:01","slug":"himno","status":"publish","type":"page","link":"https:\/\/testigosfalsos.es\/tf\/himno\/","title":{"rendered":"Himno"},"content":{"rendered":"\t\t<div data-elementor-type=\"wp-page\" data-elementor-id=\"7905\" class=\"elementor elementor-7905\" data-elementor-post-type=\"page\">\n\t\t\t\t<div class=\"elementor-element elementor-element-55600cb e-flex e-con-boxed e-con e-parent\" data-id=\"55600cb\" data-element_type=\"container\" data-e-type=\"container\">\n\t\t\t\t\t<div class=\"e-con-inner\">\n\t\t\t\t<div class=\"elementor-element elementor-element-c7785ee elementor-widget-divider--view-line elementor-widget elementor-widget-divider\" data-id=\"c7785ee\" data-element_type=\"widget\" data-e-type=\"widget\" data-widget_type=\"divider.default\">\n\t\t\t\t<div class=\"elementor-widget-container\">\n\t\t\t\t\t\t\t<div class=\"elementor-divider\">\n\t\t\t<span class=\"elementor-divider-separator\">\n\t\t\t\t\t\t<\/span>\n\t\t<\/div>\n\t\t\t\t\t\t<\/div>\n\t\t\t\t<\/div>\n\t\t\t\t\t<\/div>\n\t\t\t\t<\/div>\n\t\t<div class=\"elementor-element elementor-element-e8ce051 e-flex e-con-boxed e-con e-parent\" data-id=\"e8ce051\" data-element_type=\"container\" data-e-type=\"container\">\n\t\t\t\t\t<div class=\"e-con-inner\">\n\t\t\t\t<div class=\"elementor-element elementor-element-095bfdc elementor-widget elementor-widget-heading\" data-id=\"095bfdc\" data-element_type=\"widget\" data-e-type=\"widget\" data-widget_type=\"heading.default\">\n\t\t\t\t<div class=\"elementor-widget-container\">\n\t\t\t\t\t<h3 class=\"elementor-heading-title elementor-size-default\">Himno de la Corporaci\u00f3n<\/h3>\t\t\t\t<\/div>\n\t\t\t\t<\/div>\n\t\t\t\t\t<\/div>\n\t\t\t\t<\/div>\n\t\t<div class=\"elementor-element elementor-element-225efd7 e-flex e-con-boxed e-con e-parent\" data-id=\"225efd7\" data-element_type=\"container\" data-e-type=\"container\">\n\t\t\t\t\t<div class=\"e-con-inner\">\n\t\t\t\t<div class=\"elementor-element elementor-element-887827d elementor-widget-divider--view-line elementor-widget elementor-widget-divider\" data-id=\"887827d\" data-element_type=\"widget\" data-e-type=\"widget\" data-widget_type=\"divider.default\">\n\t\t\t\t<div class=\"elementor-widget-container\">\n\t\t\t\t\t\t\t<div class=\"elementor-divider\">\n\t\t\t<span class=\"elementor-divider-separator\">\n\t\t\t\t\t\t<\/span>\n\t\t<\/div>\n\t\t\t\t\t\t<\/div>\n\t\t\t\t<\/div>\n\t\t\t\t\t<\/div>\n\t\t\t\t<\/div>\n\t\t<div class=\"elementor-element elementor-element-3d76b02 e-flex e-con-boxed e-con e-parent\" data-id=\"3d76b02\" data-element_type=\"container\" data-e-type=\"container\">\n\t\t\t\t\t<div class=\"e-con-inner\">\n\t\t\t\t<div class=\"elementor-element elementor-element-133822d elementor-widget elementor-widget-text-editor\" data-id=\"133822d\" data-element_type=\"widget\" data-e-type=\"widget\" data-widget_type=\"text-editor.default\">\n\t\t\t\t<div class=\"elementor-widget-container\">\n\t\t\t\t\t\t\t\t\t<h4 style=\"text-align: center;\"><strong>Fuimos los Falsos Testigos<\/strong><br \/><strong>en el proceso a Jes\u00fas<\/strong><br \/><strong>nuestra mentira fue causa (bis)<\/strong><br \/><strong>de su condena en la Cruz.<\/strong><\/h4><h4 style=\"text-align: center;\"><strong>El p\u00e9rfido Sanedr\u00edn<\/strong><br \/><strong>por cuatro viles monedas<\/strong><br \/><strong>de nosotros se vali\u00f3<\/strong><br \/><strong>haci\u00e9ndole al Nazareno <\/strong><br \/><strong>una triple acusaci\u00f3n.<\/strong><\/h4><h4 style=\"text-align: center;\"><strong>En el G\u00f3lgota estuvimos<\/strong><br \/><strong>viendo morir complacidos<\/strong><br \/><strong>al desgraciado impostor<\/strong><br \/><strong>pero al expirar el reo<\/strong><br \/><strong>at\u00f3nitos presenciamos<\/strong><br \/><strong>la terrible conmoci\u00f3n.<\/strong><\/h4><h4 style=\"text-align: center;\"><strong>Los muertos resucitaron<\/strong><br \/><strong>la tierra se estremeci\u00f3<\/strong><br \/><strong>la oscuridad de la noche<\/strong><br \/><strong>se hizo due\u00f1a del sol.<\/strong><\/h4><h4 style=\"text-align: center;\"><strong>Fuimos los Falsos Testigos<\/strong><br \/><strong>en el proceso a Jes\u00fas<\/strong><br \/><strong>nuestra mentira fue causa <\/strong><br \/><strong>de su condena en la Cruz.<\/strong><\/h4>\t\t\t\t\t\t\t\t<\/div>\n\t\t\t\t<\/div>\n\t\t\t\t\t<\/div>\n\t\t\t\t<\/div>\n\t\t<div class=\"elementor-element elementor-element-620d03a e-flex e-con-boxed e-con e-parent\" data-id=\"620d03a\" data-element_type=\"container\" data-e-type=\"container\">\n\t\t\t\t\t<div class=\"e-con-inner\">\n\t\t\t\t<div class=\"elementor-element elementor-element-21c88b8 elementor-widget elementor-widget-heading\" data-id=\"21c88b8\" data-element_type=\"widget\" data-e-type=\"widget\" data-widget_type=\"heading.default\">\n\t\t\t\t<div class=\"elementor-widget-container\">\n\t\t\t\t\t<h4 class=\"elementor-heading-title elementor-size-default\">Escucha la m\u00fasica de nuestro himno, tocado por Fernando Matas<\/h4>\t\t\t\t<\/div>\n\t\t\t\t<\/div>\n\t\t\t\t\t<\/div>\n\t\t\t\t<\/div>\n\t\t<div class=\"elementor-element elementor-element-08f60fd e-flex e-con-boxed e-con e-parent\" data-id=\"08f60fd\" data-element_type=\"container\" data-e-type=\"container\">\n\t\t\t\t\t<div class=\"e-con-inner\">\n\t\t\t\t<div class=\"elementor-element elementor-element-8ddd8be elementor-widget elementor-widget-audio\" data-id=\"8ddd8be\" data-element_type=\"widget\" data-e-type=\"widget\" data-widget_type=\"audio.default\">\n\t\t\t\t<div class=\"elementor-widget-container\">\n\t\t\t\t\t\t\t\t<div class=\"elementor-soundcloud-wrapper\">\n\t\t\t\t<iframe width=\"1200\" height=\"200\" frameborder=\"no\" src=\"https:\/\/w.soundcloud.com\/player\/?visual=false&#038;url=https%3A%2F%2Fapi.soundcloud.com%2Ftracks%2F2039407244&#038;show_artwork=true&#038;maxheight=1000&#038;maxwidth=1200&#038;auto_play=false&#038;buying=true&#038;liking=true&#038;download=true&#038;sharing=true&#038;show_comments=true&#038;show_playcount=true&#038;show_user=true&#038;color\"><\/iframe>\t\t\t<\/div>\n\t\t\t\t\t\t\t<\/div>\n\t\t\t\t<\/div>\n\t\t\t\t\t<\/div>\n\t\t\t\t<\/div>\n\t\t\t\t<\/div>\n\t\t","protected":false},"excerpt":{"rendered":"<p>Himno de la Corporaci\u00f3n Fuimos los Falsos Testigosen el proceso a Jes\u00fasnuestra mentira fue causa (bis)de su condena en la Cruz. El p\u00e9rfido Sanedr\u00ednpor cuatro viles monedasde nosotros se vali\u00f3haci\u00e9ndole al Nazareno una triple acusaci\u00f3n. En el G\u00f3lgota estuvimosviendo morir complacidosal desgraciado impostorpero al expirar el reoat\u00f3nitos presenciamosla terrible conmoci\u00f3n. Los muertos resucitaronla tierra se&hellip;&nbsp;<a href=\"https:\/\/testigosfalsos.es\/tf\/himno\/\" rel=\"bookmark\">Leer m\u00e1s &raquo;<span class=\"screen-reader-text\">Himno<\/span><\/a><\/p>\n","protected":false},"author":1,"featured_media":0,"parent":0,"menu_order":0,"comment_status":"closed","ping_status":"closed","template":"page-templates\/template-pagebuilder-full-width.php","meta":{"neve_meta_sidebar":"","neve_meta_container":"","neve_meta_enable_content_width":"on","neve_meta_content_width":100,"neve_meta_title_alignment":"","neve_meta_author_avatar":"","neve_post_elements_order":"","neve_meta_disable_header":"","neve_meta_disable_footer":"","neve_meta_disable_title":"on","footnotes":""},"wf_page_folders":[52],"class_list":["post-7905","page","type-page","status-publish","hentry"],"_links":{"self":[{"href":"https:\/\/testigosfalsos.es\/tf\/wp-json\/wp\/v2\/pages\/7905","targetHints":{"allow":["GET"]}}],"collection":[{"href":"https:\/\/testigosfalsos.es\/tf\/wp-json\/wp\/v2\/pages"}],"about":[{"href":"https:\/\/testigosfalsos.es\/tf\/wp-json\/wp\/v2\/types\/page"}],"author":[{"embeddable":true,"href":"https:\/\/testigosfalsos.es\/tf\/wp-json\/wp\/v2\/users\/1"}],"replies":[{"embeddable":true,"href":"https:\/\/testigosfalsos.es\/tf\/wp-json\/wp\/v2\/comments?post=7905"}],"version-history":[{"count":10,"href":"https:\/\/testigosfalsos.es\/tf\/wp-json\/wp\/v2\/pages\/7905\/revisions"}],"predecessor-version":[{"id":7917,"href":"https:\/\/testigosfalsos.es\/tf\/wp-json\/wp\/v2\/pages\/7905\/revisions\/7917"}],"wp:attachment":[{"href":"https:\/\/testigosfalsos.es\/tf\/wp-json\/wp\/v2\/media?parent=7905"}],"wp:term":[{"taxonomy":"wf_page_folders","embeddable":true,"href":"https:\/\/testigosfalsos.es\/tf\/wp-json\/wp\/v2\/wf_page_folders?post=7905"}],"curies":[{"name":"wp","href":"https:\/\/api.w.org\/{rel}","templated":true}]}}