{"id":733,"date":"2025-02-16T22:37:01","date_gmt":"2025-02-16T22:37:01","guid":{"rendered":"https:\/\/testigosfalsos.es\/tf\/?page_id=733"},"modified":"2025-02-16T22:44:49","modified_gmt":"2025-02-16T22:44:49","slug":"sabado-santo","status":"publish","type":"page","link":"https:\/\/testigosfalsos.es\/tf\/sabado-santo\/","title":{"rendered":"S\u00e1bado Santo"},"content":{"rendered":"\t\t<div data-elementor-type=\"wp-page\" data-elementor-id=\"733\" class=\"elementor elementor-733\" data-elementor-post-type=\"page\">\n\t\t\t\t<div class=\"elementor-element elementor-element-55600cb e-flex e-con-boxed e-con e-parent\" data-id=\"55600cb\" data-element_type=\"container\" data-e-type=\"container\">\n\t\t\t\t\t<div class=\"e-con-inner\">\n\t\t\t\t<div class=\"elementor-element elementor-element-c7785ee elementor-widget-divider--view-line elementor-widget elementor-widget-divider\" data-id=\"c7785ee\" data-element_type=\"widget\" data-e-type=\"widget\" data-widget_type=\"divider.default\">\n\t\t\t\t<div class=\"elementor-widget-container\">\n\t\t\t\t\t\t\t<div class=\"elementor-divider\">\n\t\t\t<span class=\"elementor-divider-separator\">\n\t\t\t\t\t\t<\/span>\n\t\t<\/div>\n\t\t\t\t\t\t<\/div>\n\t\t\t\t<\/div>\n\t\t\t\t\t<\/div>\n\t\t\t\t<\/div>\n\t\t<div class=\"elementor-element elementor-element-e8ce051 e-flex e-con-boxed e-con e-parent\" data-id=\"e8ce051\" data-element_type=\"container\" data-e-type=\"container\">\n\t\t\t\t\t<div class=\"e-con-inner\">\n\t\t\t\t<div class=\"elementor-element elementor-element-095bfdc elementor-widget elementor-widget-heading\" data-id=\"095bfdc\" data-element_type=\"widget\" data-e-type=\"widget\" data-widget_type=\"heading.default\">\n\t\t\t\t<div class=\"elementor-widget-container\">\n\t\t\t\t\t<h3 class=\"elementor-heading-title elementor-size-default\">S\u00e1bado Santo<\/h3>\t\t\t\t<\/div>\n\t\t\t\t<\/div>\n\t\t\t\t\t<\/div>\n\t\t\t\t<\/div>\n\t\t<div class=\"elementor-element elementor-element-225efd7 e-flex e-con-boxed e-con e-parent\" data-id=\"225efd7\" data-element_type=\"container\" data-e-type=\"container\">\n\t\t\t\t\t<div class=\"e-con-inner\">\n\t\t\t\t<div class=\"elementor-element elementor-element-887827d elementor-widget-divider--view-line elementor-widget elementor-widget-divider\" data-id=\"887827d\" data-element_type=\"widget\" data-e-type=\"widget\" data-widget_type=\"divider.default\">\n\t\t\t\t<div class=\"elementor-widget-container\">\n\t\t\t\t\t\t\t<div class=\"elementor-divider\">\n\t\t\t<span class=\"elementor-divider-separator\">\n\t\t\t\t\t\t<\/span>\n\t\t<\/div>\n\t\t\t\t\t\t<\/div>\n\t\t\t\t<\/div>\n\t\t\t\t\t<\/div>\n\t\t\t\t<\/div>\n\t\t<div class=\"elementor-element elementor-element-6251433 e-flex e-con-boxed e-con e-parent\" data-id=\"6251433\" data-element_type=\"container\" data-e-type=\"container\">\n\t\t\t\t\t<div class=\"e-con-inner\">\n\t\t\t\t<div class=\"elementor-element elementor-element-604b966 elementor-widget elementor-widget-text-editor\" data-id=\"604b966\" data-element_type=\"widget\" data-e-type=\"widget\" data-widget_type=\"text-editor.default\">\n\t\t\t\t<div class=\"elementor-widget-container\">\n\t\t\t\t\t\t\t\t\t<p><span style=\"color: #800080;\">Que las mujeres van ocupando un lugar m\u00e1s importante cada d\u00eda en la sociedad, es una realidad. No pod\u00eda ser de otra manera en el mundo Manantero. Como en todas las Corporaciones, en los Testigos Falsos se cumple con el inevitable precepto de ofrecer una comida a las mujeres de los hermanos.<\/span><\/p><p><span style=\"color: #800080;\">Esta tiene lugar el S\u00e1bado Santo al mediod\u00eda y lo que en un principio se programa como almuerzo, se convierte en el devenir de la jornada en almuerzo-merienda-cena, sobre todo por la buena predisposici\u00f3n de todos en pasarlo bien en un ambiente distendido lleno de an\u00e9cdotas y siempre con la capacidad de sorpresa en el fondo del acto. Por ello es inevitable que el \u00e1gape se alargue bastante.<\/span><\/p><p><span style=\"color: #800080;\">El intercambio de regalos entre las parejas es un acto muy esperado ya que s\u00f3lo el Presidente sabe el regalo de las hermanas y viceversa, su esposa la de los hermanos. Ya se sabe que el inter\u00e9s por conocer crece si no se sabe lo que se va a recibir. Pero no es esta la \u00fanica oportunidad que las mujeres tienen para reunirse en la Corporaci\u00f3n.<\/span><\/p>\t\t\t\t\t\t\t\t<\/div>\n\t\t\t\t<\/div>\n\t\t\t\t\t<\/div>\n\t\t\t\t<\/div>\n\t\t<div class=\"elementor-element elementor-element-63c2b9b e-flex e-con-boxed e-con e-parent\" data-id=\"63c2b9b\" data-element_type=\"container\" data-e-type=\"container\">\n\t\t\t\t\t<div class=\"e-con-inner\">\n\t\t<div class=\"elementor-element elementor-element-352b7aa e-con-full e-flex e-con e-child\" data-id=\"352b7aa\" data-element_type=\"container\" data-e-type=\"container\">\n\t\t\t\t<div class=\"elementor-element elementor-element-691c7a4 elementor-widget elementor-widget-image\" data-id=\"691c7a4\" data-element_type=\"widget\" data-e-type=\"widget\" data-widget_type=\"image.default\">\n\t\t\t\t<div class=\"elementor-widget-container\">\n\t\t\t\t\t\t\t\t\t\t\t\t\t\t\t<img fetchpriority=\"high\" decoding=\"async\" width=\"1024\" height=\"461\" src=\"https:\/\/testigosfalsos.es\/tf\/wp-content\/uploads\/2025\/02\/IMG-20240331-WA0681-1-1024x461.jpg\" class=\"attachment-large size-large wp-image-737\" alt=\"\" srcset=\"https:\/\/testigosfalsos.es\/tf\/wp-content\/uploads\/2025\/02\/IMG-20240331-WA0681-1-1024x461.jpg 1024w, https:\/\/testigosfalsos.es\/tf\/wp-content\/uploads\/2025\/02\/IMG-20240331-WA0681-1-300x135.jpg 300w, https:\/\/testigosfalsos.es\/tf\/wp-content\/uploads\/2025\/02\/IMG-20240331-WA0681-1-768x346.jpg 768w, https:\/\/testigosfalsos.es\/tf\/wp-content\/uploads\/2025\/02\/IMG-20240331-WA0681-1-1536x692.jpg 1536w, https:\/\/testigosfalsos.es\/tf\/wp-content\/uploads\/2025\/02\/IMG-20240331-WA0681-1.jpg 2016w\" sizes=\"(max-width: 1024px) 100vw, 1024px\" \/>\t\t\t\t\t\t\t\t\t\t\t\t\t\t\t<\/div>\n\t\t\t\t<\/div>\n\t\t\t\t<\/div>\n\t\t<div class=\"elementor-element elementor-element-b06801c e-con-full e-flex e-con e-child\" data-id=\"b06801c\" data-element_type=\"container\" data-e-type=\"container\">\n\t\t\t\t<div class=\"elementor-element elementor-element-4cca378 elementor-widget elementor-widget-image\" data-id=\"4cca378\" data-element_type=\"widget\" data-e-type=\"widget\" data-widget_type=\"image.default\">\n\t\t\t\t<div class=\"elementor-widget-container\">\n\t\t\t\t\t\t\t\t\t\t\t\t\t\t\t<img decoding=\"async\" width=\"1024\" height=\"461\" src=\"https:\/\/testigosfalsos.es\/tf\/wp-content\/uploads\/2025\/02\/IMG-20240331-WA0699-1024x461.jpg\" class=\"attachment-large size-large wp-image-739\" alt=\"\" srcset=\"https:\/\/testigosfalsos.es\/tf\/wp-content\/uploads\/2025\/02\/IMG-20240331-WA0699-1024x461.jpg 1024w, https:\/\/testigosfalsos.es\/tf\/wp-content\/uploads\/2025\/02\/IMG-20240331-WA0699-300x135.jpg 300w, https:\/\/testigosfalsos.es\/tf\/wp-content\/uploads\/2025\/02\/IMG-20240331-WA0699-768x346.jpg 768w, https:\/\/testigosfalsos.es\/tf\/wp-content\/uploads\/2025\/02\/IMG-20240331-WA0699-1536x692.jpg 1536w, https:\/\/testigosfalsos.es\/tf\/wp-content\/uploads\/2025\/02\/IMG-20240331-WA0699.jpg 2016w\" sizes=\"(max-width: 1024px) 100vw, 1024px\" \/>\t\t\t\t\t\t\t\t\t\t\t\t\t\t\t<\/div>\n\t\t\t\t<\/div>\n\t\t\t\t<\/div>\n\t\t<div class=\"elementor-element elementor-element-b95a067 e-con-full e-flex e-con e-child\" data-id=\"b95a067\" data-element_type=\"container\" data-e-type=\"container\">\n\t\t\t\t<div class=\"elementor-element elementor-element-ab8d706 elementor-widget elementor-widget-image\" data-id=\"ab8d706\" data-element_type=\"widget\" data-e-type=\"widget\" data-widget_type=\"image.default\">\n\t\t\t\t<div class=\"elementor-widget-container\">\n\t\t\t\t\t\t\t\t\t\t\t\t\t\t\t<img decoding=\"async\" width=\"1024\" height=\"461\" src=\"https:\/\/testigosfalsos.es\/tf\/wp-content\/uploads\/2025\/02\/IMG-20240331-WA0689-1024x461.jpg\" class=\"attachment-large size-large wp-image-738\" alt=\"\" srcset=\"https:\/\/testigosfalsos.es\/tf\/wp-content\/uploads\/2025\/02\/IMG-20240331-WA0689-1024x461.jpg 1024w, https:\/\/testigosfalsos.es\/tf\/wp-content\/uploads\/2025\/02\/IMG-20240331-WA0689-300x135.jpg 300w, https:\/\/testigosfalsos.es\/tf\/wp-content\/uploads\/2025\/02\/IMG-20240331-WA0689-768x346.jpg 768w, https:\/\/testigosfalsos.es\/tf\/wp-content\/uploads\/2025\/02\/IMG-20240331-WA0689-1536x692.jpg 1536w, https:\/\/testigosfalsos.es\/tf\/wp-content\/uploads\/2025\/02\/IMG-20240331-WA0689.jpg 2016w\" sizes=\"(max-width: 1024px) 100vw, 1024px\" \/>\t\t\t\t\t\t\t\t\t\t\t\t\t\t\t<\/div>\n\t\t\t\t<\/div>\n\t\t\t\t<\/div>\n\t\t<div class=\"elementor-element elementor-element-bca9d56 e-con-full e-flex e-con e-child\" data-id=\"bca9d56\" data-element_type=\"container\" data-e-type=\"container\">\n\t\t\t\t<div class=\"elementor-element elementor-element-fd2e7b1 elementor-widget elementor-widget-image\" data-id=\"fd2e7b1\" data-element_type=\"widget\" data-e-type=\"widget\" data-widget_type=\"image.default\">\n\t\t\t\t<div class=\"elementor-widget-container\">\n\t\t\t\t\t\t\t\t\t\t\t\t\t\t\t<img loading=\"lazy\" decoding=\"async\" width=\"1024\" height=\"461\" src=\"https:\/\/testigosfalsos.es\/tf\/wp-content\/uploads\/2025\/02\/IMG-20240331-WA0670-1024x461.jpg\" class=\"attachment-large size-large wp-image-736\" alt=\"\" srcset=\"https:\/\/testigosfalsos.es\/tf\/wp-content\/uploads\/2025\/02\/IMG-20240331-WA0670-1024x461.jpg 1024w, https:\/\/testigosfalsos.es\/tf\/wp-content\/uploads\/2025\/02\/IMG-20240331-WA0670-300x135.jpg 300w, https:\/\/testigosfalsos.es\/tf\/wp-content\/uploads\/2025\/02\/IMG-20240331-WA0670-768x346.jpg 768w, https:\/\/testigosfalsos.es\/tf\/wp-content\/uploads\/2025\/02\/IMG-20240331-WA0670-1536x692.jpg 1536w, https:\/\/testigosfalsos.es\/tf\/wp-content\/uploads\/2025\/02\/IMG-20240331-WA0670.jpg 2016w\" sizes=\"(max-width: 1024px) 100vw, 1024px\" \/>\t\t\t\t\t\t\t\t\t\t\t\t\t\t\t<\/div>\n\t\t\t\t<\/div>\n\t\t\t\t<\/div>\n\t\t\t\t\t<\/div>\n\t\t\t\t<\/div>\n\t\t<div class=\"elementor-element elementor-element-3badd0c e-flex e-con-boxed e-con e-parent\" data-id=\"3badd0c\" data-element_type=\"container\" data-e-type=\"container\">\n\t\t\t\t\t<div class=\"e-con-inner\">\n\t\t\t\t<div class=\"elementor-element elementor-element-f73cb17 elementor-align-right elementor-widget elementor-widget-button\" data-id=\"f73cb17\" data-element_type=\"widget\" data-e-type=\"widget\" data-widget_type=\"button.default\">\n\t\t\t\t<div class=\"elementor-widget-container\">\n\t\t\t\t\t\t\t\t\t<div class=\"elementor-button-wrapper\">\n\t\t\t\t\t<a class=\"elementor-button elementor-button-link elementor-size-sm\" href=\"https:\/\/photos.app.goo.gl\/vY8YDrVTMTgnuo1BA\">\n\t\t\t\t\t\t<span class=\"elementor-button-content-wrapper\">\n\t\t\t\t\t\t\t\t\t<span class=\"elementor-button-text\">Accede al alb\u00fam de fotos del Sabado Santo 2024<\/span>\n\t\t\t\t\t<\/span>\n\t\t\t\t\t<\/a>\n\t\t\t\t<\/div>\n\t\t\t\t\t\t\t\t<\/div>\n\t\t\t\t<\/div>\n\t\t\t\t\t<\/div>\n\t\t\t\t<\/div>\n\t\t\t\t<\/div>\n\t\t","protected":false},"excerpt":{"rendered":"<p>S\u00e1bado Santo Que las mujeres van ocupando un lugar m\u00e1s importante cada d\u00eda en la sociedad, es una realidad. No pod\u00eda ser de otra manera en el mundo Manantero. Como en todas las Corporaciones, en los Testigos Falsos se cumple con el inevitable precepto de ofrecer una comida a las mujeres de los hermanos. Esta&hellip;&nbsp;<a href=\"https:\/\/testigosfalsos.es\/tf\/sabado-santo\/\" rel=\"bookmark\">Leer m\u00e1s &raquo;<span class=\"screen-reader-text\">S\u00e1bado Santo<\/span><\/a><\/p>\n","protected":false},"author":1,"featured_media":0,"parent":0,"menu_order":0,"comment_status":"closed","ping_status":"closed","template":"page-templates\/template-pagebuilder-full-width.php","meta":{"neve_meta_sidebar":"","neve_meta_container":"","neve_meta_enable_content_width":"on","neve_meta_content_width":100,"neve_meta_title_alignment":"","neve_meta_author_avatar":"","neve_post_elements_order":"","neve_meta_disable_header":"","neve_meta_disable_footer":"","neve_meta_disable_title":"on","footnotes":""},"wf_page_folders":[19],"class_list":["post-733","page","type-page","status-publish","hentry"],"_links":{"self":[{"href":"https:\/\/testigosfalsos.es\/tf\/wp-json\/wp\/v2\/pages\/733","targetHints":{"allow":["GET"]}}],"collection":[{"href":"https:\/\/testigosfalsos.es\/tf\/wp-json\/wp\/v2\/pages"}],"about":[{"href":"https:\/\/testigosfalsos.es\/tf\/wp-json\/wp\/v2\/types\/page"}],"author":[{"embeddable":true,"href":"https:\/\/testigosfalsos.es\/tf\/wp-json\/wp\/v2\/users\/1"}],"replies":[{"embeddable":true,"href":"https:\/\/testigosfalsos.es\/tf\/wp-json\/wp\/v2\/comments?post=733"}],"version-history":[{"count":4,"href":"https:\/\/testigosfalsos.es\/tf\/wp-json\/wp\/v2\/pages\/733\/revisions"}],"predecessor-version":[{"id":742,"href":"https:\/\/testigosfalsos.es\/tf\/wp-json\/wp\/v2\/pages\/733\/revisions\/742"}],"wp:attachment":[{"href":"https:\/\/testigosfalsos.es\/tf\/wp-json\/wp\/v2\/media?parent=733"}],"wp:term":[{"taxonomy":"wf_page_folders","embeddable":true,"href":"https:\/\/testigosfalsos.es\/tf\/wp-json\/wp\/v2\/wf_page_folders?post=733"}],"curies":[{"name":"wp","href":"https:\/\/api.w.org\/{rel}","templated":true}]}}