{"id":723,"date":"2025-02-16T22:24:23","date_gmt":"2025-02-16T22:24:23","guid":{"rendered":"https:\/\/testigosfalsos.es\/tf\/?page_id=723"},"modified":"2025-02-16T22:36:18","modified_gmt":"2025-02-16T22:36:18","slug":"grupo-de-tambores-los-testigos-falsos","status":"publish","type":"page","link":"https:\/\/testigosfalsos.es\/tf\/grupo-de-tambores-los-testigos-falsos\/","title":{"rendered":"Grupo de tambores \u00abLos Testigos Falsos\u00bb"},"content":{"rendered":"\t\t<div data-elementor-type=\"wp-page\" data-elementor-id=\"723\" class=\"elementor elementor-723\" data-elementor-post-type=\"page\">\n\t\t\t\t<div class=\"elementor-element elementor-element-55600cb e-flex e-con-boxed e-con e-parent\" data-id=\"55600cb\" data-element_type=\"container\" data-e-type=\"container\">\n\t\t\t\t\t<div class=\"e-con-inner\">\n\t\t\t\t<div class=\"elementor-element elementor-element-c7785ee elementor-widget-divider--view-line elementor-widget elementor-widget-divider\" data-id=\"c7785ee\" data-element_type=\"widget\" data-e-type=\"widget\" data-widget_type=\"divider.default\">\n\t\t\t\t<div class=\"elementor-widget-container\">\n\t\t\t\t\t\t\t<div class=\"elementor-divider\">\n\t\t\t<span class=\"elementor-divider-separator\">\n\t\t\t\t\t\t<\/span>\n\t\t<\/div>\n\t\t\t\t\t\t<\/div>\n\t\t\t\t<\/div>\n\t\t\t\t\t<\/div>\n\t\t\t\t<\/div>\n\t\t<div class=\"elementor-element elementor-element-e8ce051 e-flex e-con-boxed e-con e-parent\" data-id=\"e8ce051\" data-element_type=\"container\" data-e-type=\"container\">\n\t\t\t\t\t<div class=\"e-con-inner\">\n\t\t\t\t<div class=\"elementor-element elementor-element-095bfdc elementor-widget elementor-widget-heading\" data-id=\"095bfdc\" data-element_type=\"widget\" data-e-type=\"widget\" data-widget_type=\"heading.default\">\n\t\t\t\t<div class=\"elementor-widget-container\">\n\t\t\t\t\t<h3 class=\"elementor-heading-title elementor-size-default\">Grupo de tambores \"Los Testigos Falsos\"<\/h3>\t\t\t\t<\/div>\n\t\t\t\t<\/div>\n\t\t\t\t\t<\/div>\n\t\t\t\t<\/div>\n\t\t<div class=\"elementor-element elementor-element-225efd7 e-flex e-con-boxed e-con e-parent\" data-id=\"225efd7\" data-element_type=\"container\" data-e-type=\"container\">\n\t\t\t\t\t<div class=\"e-con-inner\">\n\t\t\t\t<div class=\"elementor-element elementor-element-887827d elementor-widget-divider--view-line elementor-widget elementor-widget-divider\" data-id=\"887827d\" data-element_type=\"widget\" data-e-type=\"widget\" data-widget_type=\"divider.default\">\n\t\t\t\t<div class=\"elementor-widget-container\">\n\t\t\t\t\t\t\t<div class=\"elementor-divider\">\n\t\t\t<span class=\"elementor-divider-separator\">\n\t\t\t\t\t\t<\/span>\n\t\t<\/div>\n\t\t\t\t\t\t<\/div>\n\t\t\t\t<\/div>\n\t\t\t\t\t<\/div>\n\t\t\t\t<\/div>\n\t\t<div class=\"elementor-element elementor-element-5fd2517 e-flex e-con-boxed e-con e-parent\" data-id=\"5fd2517\" data-element_type=\"container\" data-e-type=\"container\">\n\t\t\t\t\t<div class=\"e-con-inner\">\n\t\t\t\t<div class=\"elementor-element elementor-element-2ef6d9f elementor-widget elementor-widget-text-editor\" data-id=\"2ef6d9f\" data-element_type=\"widget\" data-e-type=\"widget\" data-widget_type=\"text-editor.default\">\n\t\t\t\t<div class=\"elementor-widget-container\">\n\t\t\t\t\t\t\t\t\t<p><strong><span style=\"color: #0000ff;\">En el a\u00f1o 1.982, surge, de manera espont\u00e1nea, un grupo de tambores dentro de la Corporaci\u00f3n B\u00edblica \u00abLos Testigos Falsos de Jes\u00fas\u00bb. Con el transcurrir del tiempo se ha ido creando una tradici\u00f3n, -tal vez poco conocida-, pero que supone para los mismos Hermanos un acto bastante serio y ordenado.<\/span><\/strong><\/p>\t\t\t\t\t\t\t\t<\/div>\n\t\t\t\t<\/div>\n\t\t\t\t\t<\/div>\n\t\t\t\t<\/div>\n\t\t<div class=\"elementor-element elementor-element-e0aff5e e-flex e-con-boxed e-con e-parent\" data-id=\"e0aff5e\" data-element_type=\"container\" data-e-type=\"container\">\n\t\t\t\t\t<div class=\"e-con-inner\">\n\t\t<div class=\"elementor-element elementor-element-5327e28 e-con-full e-flex e-con e-child\" data-id=\"5327e28\" data-element_type=\"container\" data-e-type=\"container\">\n\t\t\t\t<div class=\"elementor-element elementor-element-41b272e elementor-widget elementor-widget-image\" data-id=\"41b272e\" data-element_type=\"widget\" data-e-type=\"widget\" data-widget_type=\"image.default\">\n\t\t\t\t<div class=\"elementor-widget-container\">\n\t\t\t\t\t\t\t\t\t\t\t\t\t\t\t<img fetchpriority=\"high\" decoding=\"async\" width=\"562\" height=\"750\" src=\"https:\/\/testigosfalsos.es\/tf\/wp-content\/uploads\/2025\/02\/TSR-Watermark-1056-rotated.jpg\" class=\"attachment-large size-large wp-image-729\" alt=\"\" srcset=\"https:\/\/testigosfalsos.es\/tf\/wp-content\/uploads\/2025\/02\/TSR-Watermark-1056-rotated.jpg 562w, https:\/\/testigosfalsos.es\/tf\/wp-content\/uploads\/2025\/02\/TSR-Watermark-1056-225x300.jpg 225w\" sizes=\"(max-width: 562px) 100vw, 562px\" \/>\t\t\t\t\t\t\t\t\t\t\t\t\t\t\t<\/div>\n\t\t\t\t<\/div>\n\t\t\t\t<\/div>\n\t\t<div class=\"elementor-element elementor-element-03b2796 e-con-full e-flex e-con e-child\" data-id=\"03b2796\" data-element_type=\"container\" data-e-type=\"container\">\n\t\t\t\t<div class=\"elementor-element elementor-element-8e7211c elementor-widget elementor-widget-image\" data-id=\"8e7211c\" data-element_type=\"widget\" data-e-type=\"widget\" data-widget_type=\"image.default\">\n\t\t\t\t<div class=\"elementor-widget-container\">\n\t\t\t\t\t\t\t\t\t\t\t\t\t\t\t<img decoding=\"async\" width=\"562\" height=\"750\" src=\"https:\/\/testigosfalsos.es\/tf\/wp-content\/uploads\/2025\/02\/TSR-Watermark-1055-rotated.jpg\" class=\"attachment-large size-large wp-image-728\" alt=\"\" srcset=\"https:\/\/testigosfalsos.es\/tf\/wp-content\/uploads\/2025\/02\/TSR-Watermark-1055-rotated.jpg 562w, https:\/\/testigosfalsos.es\/tf\/wp-content\/uploads\/2025\/02\/TSR-Watermark-1055-225x300.jpg 225w\" sizes=\"(max-width: 562px) 100vw, 562px\" \/>\t\t\t\t\t\t\t\t\t\t\t\t\t\t\t<\/div>\n\t\t\t\t<\/div>\n\t\t\t\t<\/div>\n\t\t\t\t\t<\/div>\n\t\t\t\t<\/div>\n\t\t<div class=\"elementor-element elementor-element-2b766f5 e-flex e-con-boxed e-con e-parent\" data-id=\"2b766f5\" data-element_type=\"container\" data-e-type=\"container\">\n\t\t\t\t\t<div class=\"e-con-inner\">\n\t\t\t\t<div class=\"elementor-element elementor-element-bbbdeaa elementor-widget elementor-widget-text-editor\" data-id=\"bbbdeaa\" data-element_type=\"widget\" data-e-type=\"widget\" data-widget_type=\"text-editor.default\">\n\t\t\t\t<div class=\"elementor-widget-container\">\n\t\t\t\t\t\t\t\t\t<p><em><strong>Desde los comienzos se tuvo muy claro el hecho de no interferir para nada en los ya establecidos desde siempre, es decir, Imperio Romano y Ataos.<\/strong><\/em><\/p><p><em><strong>Para ello se realizan las tres paradas preceptivas camino de Jes\u00fas y a continuaci\u00f3n se quedan guardados en un lugar dispuesto, para marchar seguidamente a trav\u00e9s de la calle San Crist\u00f3bal hacia el Calvario. Una vez que Imperio Romano y Ataos respectivamente, han marchado, el grupo de hermanos recoge de nuevo los tambores para encontrarse con el resto de la Corporaci\u00f3n a trav\u00e9s de la calle Aguilar en la esquina de la calle Amargura para de esa forma reiniciar el camino de regreso hacia el cuartel.<\/strong><\/em><\/p><p><em><strong>Siguiendo la misma t\u00f3nica de respeto, se toca el Viernes Santo por la tarde de camino al cuartel, acompa\u00f1ando a nuestras figuras y escuadra romana. As\u00ed mismo, el Domingo de Resurrecci\u00f3n como broche final a la Semana Santa.<\/strong><\/em><\/p>\t\t\t\t\t\t\t\t<\/div>\n\t\t\t\t<\/div>\n\t\t\t\t\t<\/div>\n\t\t\t\t<\/div>\n\t\t\t\t<\/div>\n\t\t","protected":false},"excerpt":{"rendered":"<p>Grupo de tambores \u00abLos Testigos Falsos\u00bb En el a\u00f1o 1.982, surge, de manera espont\u00e1nea, un grupo de tambores dentro de la Corporaci\u00f3n B\u00edblica \u00abLos Testigos Falsos de Jes\u00fas\u00bb. Con el transcurrir del tiempo se ha ido creando una tradici\u00f3n, -tal vez poco conocida-, pero que supone para los mismos Hermanos un acto bastante serio y&hellip;&nbsp;<a href=\"https:\/\/testigosfalsos.es\/tf\/grupo-de-tambores-los-testigos-falsos\/\" rel=\"bookmark\">Leer m\u00e1s &raquo;<span class=\"screen-reader-text\">Grupo de tambores \u00abLos Testigos Falsos\u00bb<\/span><\/a><\/p>\n","protected":false},"author":1,"featured_media":0,"parent":0,"menu_order":0,"comment_status":"closed","ping_status":"closed","template":"page-templates\/template-pagebuilder-full-width.php","meta":{"neve_meta_sidebar":"","neve_meta_container":"","neve_meta_enable_content_width":"on","neve_meta_content_width":100,"neve_meta_title_alignment":"","neve_meta_author_avatar":"","neve_post_elements_order":"","neve_meta_disable_header":"","neve_meta_disable_footer":"","neve_meta_disable_title":"on","footnotes":""},"wf_page_folders":[19],"class_list":["post-723","page","type-page","status-publish","hentry"],"_links":{"self":[{"href":"https:\/\/testigosfalsos.es\/tf\/wp-json\/wp\/v2\/pages\/723","targetHints":{"allow":["GET"]}}],"collection":[{"href":"https:\/\/testigosfalsos.es\/tf\/wp-json\/wp\/v2\/pages"}],"about":[{"href":"https:\/\/testigosfalsos.es\/tf\/wp-json\/wp\/v2\/types\/page"}],"author":[{"embeddable":true,"href":"https:\/\/testigosfalsos.es\/tf\/wp-json\/wp\/v2\/users\/1"}],"replies":[{"embeddable":true,"href":"https:\/\/testigosfalsos.es\/tf\/wp-json\/wp\/v2\/comments?post=723"}],"version-history":[{"count":4,"href":"https:\/\/testigosfalsos.es\/tf\/wp-json\/wp\/v2\/pages\/723\/revisions"}],"predecessor-version":[{"id":732,"href":"https:\/\/testigosfalsos.es\/tf\/wp-json\/wp\/v2\/pages\/723\/revisions\/732"}],"wp:attachment":[{"href":"https:\/\/testigosfalsos.es\/tf\/wp-json\/wp\/v2\/media?parent=723"}],"wp:term":[{"taxonomy":"wf_page_folders","embeddable":true,"href":"https:\/\/testigosfalsos.es\/tf\/wp-json\/wp\/v2\/wf_page_folders?post=723"}],"curies":[{"name":"wp","href":"https:\/\/api.w.org\/{rel}","templated":true}]}}