{"id":717,"date":"2025-02-16T22:10:14","date_gmt":"2025-02-16T22:10:14","guid":{"rendered":"https:\/\/testigosfalsos.es\/tf\/?page_id=717"},"modified":"2025-02-16T22:23:25","modified_gmt":"2025-02-16T22:23:25","slug":"turnos-de-figura","status":"publish","type":"page","link":"https:\/\/testigosfalsos.es\/tf\/turnos-de-figura\/","title":{"rendered":"Turnos de Figura"},"content":{"rendered":"\t\t<div data-elementor-type=\"wp-page\" data-elementor-id=\"717\" class=\"elementor elementor-717\" data-elementor-post-type=\"page\">\n\t\t\t\t<div class=\"elementor-element elementor-element-55600cb e-flex e-con-boxed e-con e-parent\" data-id=\"55600cb\" data-element_type=\"container\" data-e-type=\"container\">\n\t\t\t\t\t<div class=\"e-con-inner\">\n\t\t\t\t<div class=\"elementor-element elementor-element-c7785ee elementor-widget-divider--view-line elementor-widget elementor-widget-divider\" data-id=\"c7785ee\" data-element_type=\"widget\" data-e-type=\"widget\" data-widget_type=\"divider.default\">\n\t\t\t\t<div class=\"elementor-widget-container\">\n\t\t\t\t\t\t\t<div class=\"elementor-divider\">\n\t\t\t<span class=\"elementor-divider-separator\">\n\t\t\t\t\t\t<\/span>\n\t\t<\/div>\n\t\t\t\t\t\t<\/div>\n\t\t\t\t<\/div>\n\t\t\t\t\t<\/div>\n\t\t\t\t<\/div>\n\t\t<div class=\"elementor-element elementor-element-e8ce051 e-flex e-con-boxed e-con e-parent\" data-id=\"e8ce051\" data-element_type=\"container\" data-e-type=\"container\">\n\t\t\t\t\t<div class=\"e-con-inner\">\n\t\t\t\t<div class=\"elementor-element elementor-element-095bfdc elementor-widget elementor-widget-heading\" data-id=\"095bfdc\" data-element_type=\"widget\" data-e-type=\"widget\" data-widget_type=\"heading.default\">\n\t\t\t\t<div class=\"elementor-widget-container\">\n\t\t\t\t\t<h3 class=\"elementor-heading-title elementor-size-default\">Turnos de Figura<\/h3>\t\t\t\t<\/div>\n\t\t\t\t<\/div>\n\t\t\t\t\t<\/div>\n\t\t\t\t<\/div>\n\t\t<div class=\"elementor-element elementor-element-225efd7 e-flex e-con-boxed e-con e-parent\" data-id=\"225efd7\" data-element_type=\"container\" data-e-type=\"container\">\n\t\t\t\t\t<div class=\"e-con-inner\">\n\t\t\t\t<div class=\"elementor-element elementor-element-887827d elementor-widget-divider--view-line elementor-widget elementor-widget-divider\" data-id=\"887827d\" data-element_type=\"widget\" data-e-type=\"widget\" data-widget_type=\"divider.default\">\n\t\t\t\t<div class=\"elementor-widget-container\">\n\t\t\t\t\t\t\t<div class=\"elementor-divider\">\n\t\t\t<span class=\"elementor-divider-separator\">\n\t\t\t\t\t\t<\/span>\n\t\t<\/div>\n\t\t\t\t\t\t<\/div>\n\t\t\t\t<\/div>\n\t\t\t\t\t<\/div>\n\t\t\t\t<\/div>\n\t\t<div class=\"elementor-element elementor-element-812a472 e-flex e-con-boxed e-con e-parent\" data-id=\"812a472\" data-element_type=\"container\" data-e-type=\"container\">\n\t\t\t\t\t<div class=\"e-con-inner\">\n\t\t\t\t<div class=\"elementor-element elementor-element-55c0b59 elementor-widget elementor-widget-text-editor\" data-id=\"55c0b59\" data-element_type=\"widget\" data-e-type=\"widget\" data-widget_type=\"text-editor.default\">\n\t\t\t\t<div class=\"elementor-widget-container\">\n\t\t\t\t\t\t\t\t\t<p><a>A\u00f1o 2008<\/a><\/p><table border=\"2\" width=\"90%\" bgcolor=\"#D3DCE6\"><tbody><tr><td colspan=\"2\" bgcolor=\"#993333\"><span style=\"color: #ffff99;\"><strong>JUEVES SANTO TARDE<\/strong><\/span><\/td><\/tr><tr><td width=\"34%\">Figura n\u00ba 1<\/td><td width=\"66%\">Francisco Castillo Sierra<\/td><\/tr><tr><td>Figura n\u00ba 2<\/td><td>Rafael P\u00e9rez Baena<\/td><\/tr><tr><td>Figura n\u00ba 3<\/td><td>Jos\u00e9 Parra Cejas<\/td><\/tr><\/tbody><\/table><table border=\"0\" width=\"90%\"><tbody><tr><td>\u00a0<\/td><td>\u00a0<\/td><\/tr><\/tbody><\/table><table border=\"2\" width=\"90%\" bgcolor=\"#D3DCE6\"><tbody><tr><td colspan=\"2\" bgcolor=\"#993333\"><span style=\"color: #ffff99;\"><strong>VIERNES SANTO MA\u00d1ANA<\/strong><\/span><\/td><\/tr><tr><td width=\"34%\">Figura n\u00ba 1<\/td><td width=\"66%\">Manuel Merino Carnerero<\/td><\/tr><tr><td>Figura n\u00ba 2<\/td><td>Francisco Humanez Ru\u00edz<\/td><\/tr><tr><td>Figura n\u00ba 3<\/td><td>Manuel Aguilera Garc\u00eda<\/td><\/tr><\/tbody><\/table><table border=\"0\" width=\"90%\"><tbody><tr><td>\u00a0<\/td><td>\u00a0<\/td><\/tr><\/tbody><\/table><table border=\"2\" width=\"90%\" bgcolor=\"#D3DCE6\"><tbody><tr><td colspan=\"2\" bgcolor=\"#993333\"><span style=\"color: #ffff99;\"><strong>VIERNES SANTO TARDE<\/strong><\/span><\/td><\/tr><tr><td width=\"34%\">Figura n\u00ba 1<\/td><td width=\"66%\">Jos\u00e9 Gonz\u00e1lez Alcal\u00e1<\/td><\/tr><tr><td>Figura n\u00ba 2<\/td><td>Jos\u00e9 Antonio Basc\u00f3n Gutierrez<\/td><\/tr><tr><td>Figura n\u00ba 3<\/td><td>Rafael Merino Carnerero<\/td><\/tr><\/tbody><\/table><table border=\"0\" width=\"90%\"><tbody><tr><td>\u00a0<\/td><td>\u00a0<\/td><\/tr><\/tbody><\/table><table border=\"2\" width=\"90%\" bgcolor=\"#D3DCE6\"><tbody><tr><td colspan=\"2\" bgcolor=\"#993333\"><span style=\"color: #ffff99;\"><strong>DOMINGO DE RESURRECCI\u00d3N<\/strong><\/span><\/td><\/tr><tr><td width=\"34%\">Figura n\u00ba 1<\/td><td width=\"66%\">Antonio Dom\u00ednguez Polinario<\/td><\/tr><tr><td>Figura n\u00ba 2<\/td><td>Daniel Castillo Sierra<\/td><\/tr><tr><td>Figura n\u00ba 3<\/td><td>Jos\u00e9 Gonz\u00e1lez Alcal\u00e1<\/td><\/tr><\/tbody><\/table><p><a>A\u00f1o 2009<\/a><\/p><table border=\"2\" width=\"90%\" bgcolor=\"#D3DCE6\"><tbody><tr><td colspan=\"2\" bgcolor=\"#993333\"><span style=\"color: #ffff99;\"><strong>JUEVES SANTO TARDE<\/strong><\/span><\/td><\/tr><tr><td width=\"34%\">Figura n\u00ba 1<\/td><td width=\"66%\">Jos\u00e9 Parra Cejas<\/td><\/tr><tr><td>Figura n\u00ba 2<\/td><td>Manolo Aguilera Garc\u00eda<\/td><\/tr><tr><td>Figura n\u00ba 3<\/td><td>Salvador Merino Carnerero<\/td><\/tr><\/tbody><\/table><table border=\"0\" width=\"90%\"><tbody><tr><td>\u00a0<\/td><td>\u00a0<\/td><\/tr><\/tbody><\/table><table border=\"2\" width=\"90%\" bgcolor=\"#D3DCE6\"><tbody><tr><td colspan=\"2\" bgcolor=\"#993333\"><span style=\"color: #ffff99;\"><strong>VIERNES SANTO MA\u00d1ANA<\/strong><\/span><\/td><\/tr><tr><td width=\"34%\">Figura n\u00ba 1<\/td><td width=\"66%\">Juan Manuel Parra Rejano<\/td><\/tr><tr><td>Figura n\u00ba 2<\/td><td>Salvador Merino Torres<\/td><\/tr><tr><td>Figura n\u00ba 3<\/td><td>Jos\u00e9 Gonzalez Alcal\u00e1<\/td><\/tr><\/tbody><\/table><table border=\"0\" width=\"90%\"><tbody><tr><td>\u00a0<\/td><td>\u00a0<\/td><\/tr><\/tbody><\/table><table border=\"2\" width=\"90%\" bgcolor=\"#D3DCE6\"><tbody><tr><td colspan=\"2\" bgcolor=\"#993333\"><span style=\"color: #ffff99;\"><strong>VIERNES SANTO TARDE<\/strong><\/span><\/td><\/tr><tr><td width=\"34%\">Figura n\u00ba 1<\/td><td width=\"66%\">Mariano Le\u00f3n Soria<\/td><\/tr><tr><td>Figura n\u00ba 2<\/td><td>Emilio Mu\u00f1oz Calzado<\/td><\/tr><tr><td>Figura n\u00ba 3<\/td><td>Manuel Merino Torres<\/td><\/tr><\/tbody><\/table><table border=\"0\" width=\"90%\"><tbody><tr><td>\u00a0<\/td><td>\u00a0<\/td><\/tr><\/tbody><\/table><table border=\"2\" width=\"90%\" bgcolor=\"#D3DCE6\"><tbody><tr><td colspan=\"2\" bgcolor=\"#993333\"><span style=\"color: #ffff99;\"><strong>DOMINGO DE RESURRECCI\u00d3N<\/strong><\/span><\/td><\/tr><tr><td width=\"34%\">Figura n\u00ba 1<\/td><td width=\"66%\">Daniel Castillo Sierra<\/td><\/tr><tr><td>Figura n\u00ba 2<\/td><td>Antonio Garc\u00eda Jim\u00e9nez<\/td><\/tr><tr><td>Figura n\u00ba 3<\/td><td>Rafael Merino Carnerero<\/td><\/tr><\/tbody><\/table><p><a>A\u00f1o 2010<\/a><\/p><table border=\"2\" width=\"90%\" bgcolor=\"#D3DCE6\"><tbody><tr><td colspan=\"2\" bgcolor=\"#993333\"><span style=\"color: #ffff99;\"><strong>JUEVES SANTO TARDE<\/strong><\/span><\/td><\/tr><tr><td width=\"34%\">Figura n\u00ba 1<\/td><td width=\"66%\">Daniel Castillo Sierra<\/td><\/tr><tr><td>Figura n\u00ba 2<\/td><td>Manuel Merino Carnerero<\/td><\/tr><tr><td>Figura n\u00ba 3<\/td><td>Jos\u00e9 A. Merino Torres<\/td><\/tr><\/tbody><\/table><table border=\"0\" width=\"90%\"><tbody><tr><td>\u00a0<\/td><td>\u00a0<\/td><\/tr><\/tbody><\/table><table border=\"2\" width=\"90%\" bgcolor=\"#D3DCE6\"><tbody><tr><td colspan=\"2\" bgcolor=\"#993333\"><span style=\"color: #ffff99;\"><strong>VIERNES SANTO MA\u00d1ANA<\/strong><\/span><\/td><\/tr><tr><td width=\"34%\">Figura n\u00ba 1<\/td><td width=\"66%\">Jorge Dom\u00ednguez Polinario<\/td><\/tr><tr><td>Figura n\u00ba 2<\/td><td>Jes\u00fas Cuenca Cabezas<\/td><\/tr><tr><td>Figura n\u00ba 3<\/td><td>Manuel Cuenca Cabezas<\/td><\/tr><\/tbody><\/table><table border=\"0\" width=\"90%\"><tbody><tr><td>\u00a0<\/td><td>\u00a0<\/td><\/tr><\/tbody><\/table><table border=\"2\" width=\"90%\" bgcolor=\"#D3DCE6\"><tbody><tr><td colspan=\"2\" bgcolor=\"#993333\"><span style=\"color: #ffff99;\"><strong>VIERNES SANTO TARDE<\/strong><\/span><\/td><\/tr><tr><td width=\"34%\">Figura n\u00ba 1<\/td><td width=\"66%\">Fernando Uceda Valdelomar<\/td><\/tr><tr><td>Figura n\u00ba 2<\/td><td>Rafael Casasola Logro\u00f1o<\/td><\/tr><tr><td>Figura n\u00ba 3<\/td><td>Jer\u00f3nimo Guill\u00e9n Gil<\/td><\/tr><\/tbody><\/table><table border=\"0\" width=\"90%\"><tbody><tr><td>\u00a0<\/td><td>\u00a0<\/td><\/tr><\/tbody><\/table><table border=\"2\" width=\"90%\" bgcolor=\"#D3DCE6\"><tbody><tr><td colspan=\"2\" bgcolor=\"#993333\"><span style=\"color: #ffff99;\"><strong>DOMINGO DE RESURRECCI\u00d3N<\/strong><\/span><\/td><\/tr><tr><td width=\"34%\">Figura n\u00ba 1<\/td><td width=\"66%\">Luis Cort\u00e9s Fern\u00e1ndez<\/td><\/tr><tr><td>Figura n\u00ba 2<\/td><td>Jos\u00e9 Gonz\u00e1lez Alcal\u00e1<\/td><\/tr><tr><td>Figura n\u00ba 3<\/td><td>Fernando Uceda Valdelomar<\/td><\/tr><\/tbody><\/table><p><a>A\u00f1o 2011<\/a><\/p><table border=\"2\" width=\"90%\" bgcolor=\"#D3DCE6\"><tbody><tr><td colspan=\"2\" bgcolor=\"#993333\"><span style=\"color: #ffff99;\"><strong>JUEVES SANTO TARDE<\/strong><\/span><\/td><\/tr><tr><td width=\"34%\">Figura n\u00ba 1<\/td><td width=\"66%\">Juan Manuel Parra Rejano<\/td><\/tr><tr><td>Figura n\u00ba 2<\/td><td>Manuel Merino Torres<\/td><\/tr><tr><td>Figura n\u00ba 3<\/td><td>Fernando Uceda Valdelomar<\/td><\/tr><\/tbody><\/table><table border=\"0\" width=\"90%\"><tbody><tr><td>\u00a0<\/td><td>\u00a0<\/td><\/tr><\/tbody><\/table><table border=\"2\" width=\"90%\" bgcolor=\"#D3DCE6\"><tbody><tr><td colspan=\"2\" bgcolor=\"#993333\"><span style=\"color: #ffff99;\"><strong>VIERNES SANTO MA\u00d1ANA<\/strong><\/span><\/td><\/tr><tr><td width=\"34%\">Figura n\u00ba 1<\/td><td width=\"66%\">Manuel Aguilera Garc\u00eda<\/td><\/tr><tr><td>Figura n\u00ba 2<\/td><td>Jos\u00e9 Angel Merino Torres<\/td><\/tr><tr><td>Figura n\u00ba 3<\/td><td>Mariano Le\u00f3n Soria<\/td><\/tr><\/tbody><\/table><table border=\"0\" width=\"90%\"><tbody><tr><td>\u00a0<\/td><td>\u00a0<\/td><\/tr><\/tbody><\/table><table border=\"2\" width=\"90%\" bgcolor=\"#D3DCE6\"><tbody><tr><td colspan=\"2\" bgcolor=\"#993333\"><span style=\"color: #ffff99;\"><strong>VIERNES SANTO TARDE<\/strong><\/span><\/td><\/tr><tr><td width=\"34%\">Figura n\u00ba 1<\/td><td width=\"66%\">Rafael Merino Carnerero<\/td><\/tr><tr><td>Figura n\u00ba 2<\/td><td>Javier Ram\u00edrez Ruz<\/td><\/tr><tr><td>Figura n\u00ba 3<\/td><td>Jorge Dom\u00ednguez Polinario<\/td><\/tr><\/tbody><\/table><table border=\"0\" width=\"90%\"><tbody><tr><td>\u00a0<\/td><td>\u00a0<\/td><\/tr><\/tbody><\/table><table border=\"2\" width=\"90%\" bgcolor=\"#D3DCE6\"><tbody><tr><td colspan=\"2\" bgcolor=\"#993333\"><span style=\"color: #ffff99;\"><strong>DOMINGO DE RESURRECCI\u00d3N<\/strong><\/span><\/td><\/tr><tr><td width=\"34%\">Figura n\u00ba 1<\/td><td width=\"66%\">Juan Manuel Parra Rejano<\/td><\/tr><tr><td>Figura n\u00ba 2<\/td><td>Daniel Castillo Sierra<\/td><\/tr><tr><td>Figura n\u00ba 3<\/td><td>Manuel Aguilera Garc\u00eda<\/td><\/tr><\/tbody><\/table><p><a>A\u00f1o 2012<\/a><\/p><table border=\"2\" width=\"90%\" bgcolor=\"#D3DCE6\"><tbody><tr><td colspan=\"2\" bgcolor=\"#993333\"><span style=\"color: #ffff99;\"><strong>JUEVES SANTO TARDE<\/strong><\/span><\/td><\/tr><tr><td width=\"34%\">Figura n\u00ba 1<\/td><td width=\"66%\">Mariano Le\u00f3n Soria<\/td><\/tr><tr><td>Figura n\u00ba 2<\/td><td>Rafael Casasola Logro\u00f1o<\/td><\/tr><tr><td>Figura n\u00ba 3<\/td><td>Jos\u00e9 Parra Cejas<\/td><\/tr><\/tbody><\/table><table border=\"0\" width=\"90%\"><tbody><tr><td>\u00a0<\/td><td>\u00a0<\/td><\/tr><\/tbody><\/table><table border=\"2\" width=\"90%\" bgcolor=\"#D3DCE6\"><tbody><tr><td colspan=\"2\" bgcolor=\"#993333\"><span style=\"color: #ffff99;\"><strong>VIERNES SANTO MA\u00d1ANA<\/strong><\/span><\/td><\/tr><tr><td width=\"34%\">Figura n\u00ba 1<\/td><td width=\"66%\">Manuel Merino Carnerero<\/td><\/tr><tr><td>Figura n\u00ba 2<\/td><td>Jes\u00fas Cuenca Cabezas<\/td><\/tr><tr><td>Figura n\u00ba 3<\/td><td>Antonio Dom\u00ednguez Polinario<\/td><\/tr><\/tbody><\/table><table border=\"0\" width=\"90%\"><tbody><tr><td>\u00a0<\/td><td>\u00a0<\/td><\/tr><\/tbody><\/table><table border=\"2\" width=\"90%\" bgcolor=\"#D3DCE6\"><tbody><tr><td colspan=\"2\" bgcolor=\"#993333\"><span style=\"color: #ffff99;\"><strong>VIERNES SANTO TARDE<\/strong><\/span><\/td><\/tr><tr><td width=\"34%\">Figura n\u00ba 1<\/td><td width=\"66%\">Salvador Merino Torres<\/td><\/tr><tr><td>Figura n\u00ba 2<\/td><td>Salvador Merino Carnerero<\/td><\/tr><tr><td>Figura n\u00ba 3<\/td><td>Lu\u00eds Cort\u00e9s Fern\u00e1ndez<\/td><\/tr><\/tbody><\/table><table border=\"0\" width=\"90%\"><tbody><tr><td>\u00a0<\/td><td>\u00a0<\/td><\/tr><\/tbody><\/table><table border=\"2\" width=\"90%\" bgcolor=\"#D3DCE6\"><tbody><tr><td colspan=\"2\" bgcolor=\"#993333\"><span style=\"color: #ffff99;\"><strong>DOMINGO DE RESURRECCI\u00d3N<\/strong><\/span><\/td><\/tr><tr><td width=\"34%\">Figura n\u00ba 1<\/td><td width=\"66%\">Jos\u00e9 Antonio Basc\u00f3n Guti\u00e9rrez<\/td><\/tr><tr><td>Figura n\u00ba 2<\/td><td>Manuel Merino Torres<\/td><\/tr><tr><td>Figura n\u00ba 3<\/td><td>Jos\u00e9 Angel Merino Torres<\/td><\/tr><\/tbody><\/table>\t\t\t\t\t\t\t\t<\/div>\n\t\t\t\t<\/div>\n\t\t\t\t\t<\/div>\n\t\t\t\t<\/div>\n\t\t\t\t<\/div>\n\t\t","protected":false},"excerpt":{"rendered":"<p>Turnos de Figura A\u00f1o 2008 JUEVES SANTO TARDE Figura n\u00ba 1 Francisco Castillo Sierra Figura n\u00ba 2 Rafael P\u00e9rez Baena Figura n\u00ba 3 Jos\u00e9 Parra Cejas \u00a0 \u00a0 VIERNES SANTO MA\u00d1ANA Figura n\u00ba 1 Manuel Merino Carnerero Figura n\u00ba 2 Francisco Humanez Ru\u00edz Figura n\u00ba 3 Manuel Aguilera Garc\u00eda \u00a0 \u00a0 VIERNES SANTO TARDE Figura&hellip;&nbsp;<a href=\"https:\/\/testigosfalsos.es\/tf\/turnos-de-figura\/\" rel=\"bookmark\">Leer m\u00e1s &raquo;<span class=\"screen-reader-text\">Turnos de Figura<\/span><\/a><\/p>\n","protected":false},"author":1,"featured_media":0,"parent":0,"menu_order":0,"comment_status":"closed","ping_status":"closed","template":"page-templates\/template-pagebuilder-full-width.php","meta":{"neve_meta_sidebar":"","neve_meta_container":"","neve_meta_enable_content_width":"on","neve_meta_content_width":100,"neve_meta_title_alignment":"","neve_meta_author_avatar":"","neve_post_elements_order":"","neve_meta_disable_header":"","neve_meta_disable_footer":"","neve_meta_disable_title":"on","footnotes":""},"wf_page_folders":[19],"class_list":["post-717","page","type-page","status-publish","hentry"],"_links":{"self":[{"href":"https:\/\/testigosfalsos.es\/tf\/wp-json\/wp\/v2\/pages\/717","targetHints":{"allow":["GET"]}}],"collection":[{"href":"https:\/\/testigosfalsos.es\/tf\/wp-json\/wp\/v2\/pages"}],"about":[{"href":"https:\/\/testigosfalsos.es\/tf\/wp-json\/wp\/v2\/types\/page"}],"author":[{"embeddable":true,"href":"https:\/\/testigosfalsos.es\/tf\/wp-json\/wp\/v2\/users\/1"}],"replies":[{"embeddable":true,"href":"https:\/\/testigosfalsos.es\/tf\/wp-json\/wp\/v2\/comments?post=717"}],"version-history":[{"count":4,"href":"https:\/\/testigosfalsos.es\/tf\/wp-json\/wp\/v2\/pages\/717\/revisions"}],"predecessor-version":[{"id":722,"href":"https:\/\/testigosfalsos.es\/tf\/wp-json\/wp\/v2\/pages\/717\/revisions\/722"}],"wp:attachment":[{"href":"https:\/\/testigosfalsos.es\/tf\/wp-json\/wp\/v2\/media?parent=717"}],"wp:term":[{"taxonomy":"wf_page_folders","embeddable":true,"href":"https:\/\/testigosfalsos.es\/tf\/wp-json\/wp\/v2\/wf_page_folders?post=717"}],"curies":[{"name":"wp","href":"https:\/\/api.w.org\/{rel}","templated":true}]}}