{"id":606,"date":"2025-02-15T11:03:42","date_gmt":"2025-02-15T11:03:42","guid":{"rendered":"https:\/\/testigosfalsos.es\/tf\/?page_id=606"},"modified":"2025-02-15T11:12:48","modified_gmt":"2025-02-15T11:12:48","slug":"nuestro-decano","status":"publish","type":"page","link":"https:\/\/testigosfalsos.es\/tf\/nuestro-decano\/","title":{"rendered":"Nuestro Decano"},"content":{"rendered":"\t\t<div data-elementor-type=\"wp-page\" data-elementor-id=\"606\" class=\"elementor elementor-606\" data-elementor-post-type=\"page\">\n\t\t\t\t<div class=\"elementor-element elementor-element-55600cb e-flex e-con-boxed e-con e-parent\" data-id=\"55600cb\" data-element_type=\"container\" data-e-type=\"container\">\n\t\t\t\t\t<div class=\"e-con-inner\">\n\t\t\t\t<div class=\"elementor-element elementor-element-c7785ee elementor-widget-divider--view-line elementor-widget elementor-widget-divider\" data-id=\"c7785ee\" data-element_type=\"widget\" data-e-type=\"widget\" data-widget_type=\"divider.default\">\n\t\t\t\t<div class=\"elementor-widget-container\">\n\t\t\t\t\t\t\t<div class=\"elementor-divider\">\n\t\t\t<span class=\"elementor-divider-separator\">\n\t\t\t\t\t\t<\/span>\n\t\t<\/div>\n\t\t\t\t\t\t<\/div>\n\t\t\t\t<\/div>\n\t\t\t\t\t<\/div>\n\t\t\t\t<\/div>\n\t\t<div class=\"elementor-element elementor-element-e8ce051 e-flex e-con-boxed e-con e-parent\" data-id=\"e8ce051\" data-element_type=\"container\" data-e-type=\"container\">\n\t\t\t\t\t<div class=\"e-con-inner\">\n\t\t\t\t<div class=\"elementor-element elementor-element-095bfdc elementor-widget elementor-widget-heading\" data-id=\"095bfdc\" data-element_type=\"widget\" data-e-type=\"widget\" data-widget_type=\"heading.default\">\n\t\t\t\t<div class=\"elementor-widget-container\">\n\t\t\t\t\t<h3 class=\"elementor-heading-title elementor-size-default\">Nuestro Decano<\/h3>\t\t\t\t<\/div>\n\t\t\t\t<\/div>\n\t\t\t\t\t<\/div>\n\t\t\t\t<\/div>\n\t\t<div class=\"elementor-element elementor-element-225efd7 e-flex e-con-boxed e-con e-parent\" data-id=\"225efd7\" data-element_type=\"container\" data-e-type=\"container\">\n\t\t\t\t\t<div class=\"e-con-inner\">\n\t\t\t\t<div class=\"elementor-element elementor-element-887827d elementor-widget-divider--view-line elementor-widget elementor-widget-divider\" data-id=\"887827d\" data-element_type=\"widget\" data-e-type=\"widget\" data-widget_type=\"divider.default\">\n\t\t\t\t<div class=\"elementor-widget-container\">\n\t\t\t\t\t\t\t<div class=\"elementor-divider\">\n\t\t\t<span class=\"elementor-divider-separator\">\n\t\t\t\t\t\t<\/span>\n\t\t<\/div>\n\t\t\t\t\t\t<\/div>\n\t\t\t\t<\/div>\n\t\t\t\t\t<\/div>\n\t\t\t\t<\/div>\n\t\t<div class=\"elementor-element elementor-element-c8a0a13 e-flex e-con-boxed e-con e-parent\" data-id=\"c8a0a13\" data-element_type=\"container\" data-e-type=\"container\">\n\t\t\t\t\t<div class=\"e-con-inner\">\n\t\t\t\t<div class=\"elementor-element elementor-element-eddd560 elementor-widget elementor-widget-image\" data-id=\"eddd560\" data-element_type=\"widget\" data-e-type=\"widget\" data-widget_type=\"image.default\">\n\t\t\t\t<div class=\"elementor-widget-container\">\n\t\t\t\t\t\t\t\t\t\t\t\t\t\t\t<img fetchpriority=\"high\" decoding=\"async\" width=\"800\" height=\"600\" src=\"https:\/\/testigosfalsos.es\/tf\/wp-content\/uploads\/2025\/02\/santiago.jpg\" class=\"attachment-large size-large wp-image-608\" alt=\"\" srcset=\"https:\/\/testigosfalsos.es\/tf\/wp-content\/uploads\/2025\/02\/santiago.jpg 800w, https:\/\/testigosfalsos.es\/tf\/wp-content\/uploads\/2025\/02\/santiago-300x225.jpg 300w, https:\/\/testigosfalsos.es\/tf\/wp-content\/uploads\/2025\/02\/santiago-768x576.jpg 768w\" sizes=\"(max-width: 800px) 100vw, 800px\" \/>\t\t\t\t\t\t\t\t\t\t\t\t\t\t\t<\/div>\n\t\t\t\t<\/div>\n\t\t\t\t\t<\/div>\n\t\t\t\t<\/div>\n\t\t<div class=\"elementor-element elementor-element-9c2f632 e-flex e-con-boxed e-con e-parent\" data-id=\"9c2f632\" data-element_type=\"container\" data-e-type=\"container\">\n\t\t\t\t\t<div class=\"e-con-inner\">\n\t\t\t\t<div class=\"elementor-element elementor-element-1c99e81 elementor-widget elementor-widget-heading\" data-id=\"1c99e81\" data-element_type=\"widget\" data-e-type=\"widget\" data-widget_type=\"heading.default\">\n\t\t\t\t<div class=\"elementor-widget-container\">\n\t\t\t\t\t<h4 class=\"elementor-heading-title elementor-size-default\">Santiago Gil Sanchez, nacido en puente Genil el 6 de marzo de 1958, decano de nuestra Corporaci\u00f3n, desde 2016, y hermano de los testigos desde 1990, habiendo pertenecido a varias directivas, durante su larga trayectoria.<\/h4>\t\t\t\t<\/div>\n\t\t\t\t<\/div>\n\t\t\t\t\t<\/div>\n\t\t\t\t<\/div>\n\t\t<div class=\"elementor-element elementor-element-04123de e-flex e-con-boxed e-con e-parent\" data-id=\"04123de\" data-element_type=\"container\" data-e-type=\"container\">\n\t\t\t\t\t<div class=\"e-con-inner\">\n\t\t\t\t<div class=\"elementor-element elementor-element-ea32d2d elementor-widget-divider--view-line elementor-widget elementor-widget-divider\" data-id=\"ea32d2d\" data-element_type=\"widget\" data-e-type=\"widget\" data-widget_type=\"divider.default\">\n\t\t\t\t<div class=\"elementor-widget-container\">\n\t\t\t\t\t\t\t<div class=\"elementor-divider\">\n\t\t\t<span class=\"elementor-divider-separator\">\n\t\t\t\t\t\t<\/span>\n\t\t<\/div>\n\t\t\t\t\t\t<\/div>\n\t\t\t\t<\/div>\n\t\t\t\t\t<\/div>\n\t\t\t\t<\/div>\n\t\t<div class=\"elementor-element elementor-element-fa09bd2 e-flex e-con-boxed e-con e-parent\" data-id=\"fa09bd2\" data-element_type=\"container\" data-e-type=\"container\">\n\t\t\t\t\t<div class=\"e-con-inner\">\n\t\t\t\t<div class=\"elementor-element elementor-element-f67cb24 elementor-widget elementor-widget-text-editor\" data-id=\"f67cb24\" data-element_type=\"widget\" data-e-type=\"widget\" data-widget_type=\"text-editor.default\">\n\t\t\t\t<div class=\"elementor-widget-container\">\n\t\t\t\t\t\t\t\t\t<p style=\"text-align: justify;\"><em>Comenz\u00f3 su andadura en la Semana Santa con 10 a\u00f1os, como nazareno alumbrante en la procesi\u00f3n del Santo Entierro; a los 14 a\u00f1os fue fundador del grupo de picoruchos \u201cLas Comparaciones\u201d, siendo el primero de la Cofrad\u00eda de san Juan Evangelista y Ntra. Sra. de la Cruz.<\/em><\/p><p style=\"text-align: justify;\"><em>En 1987 entra a formar parte como Cofrade, de la Cofrad\u00eda de la Virgen de la Esperanza, siendo su hermano mayor en el a\u00f1o 1991.<\/em><\/p><p style=\"text-align: justify;\"><em>Desde 1989, se hace hermano, junto a su hijo de la Cofrad\u00eda de Jes\u00fas Nazareno y de la Asociaci\u00f3n de hermanos de las \u201cCien Luces de Nuestro Padre Jes\u00fas Nazareno\u201d<\/em><\/p><p style=\"text-align: justify;\"><em>En 1991, se incorpora como hermano de la Cofrad\u00eda de Nuestro Padre Jes\u00fas en la Oraci\u00f3n del Huerto y Mar\u00eda Sant\u00edsima de la Victoria, donde tambi\u00e9n se incorporan en ese momento su mujer Tere Le\u00f3n y sus hijos Santi y Fabiola, siendo nuestro hermano Santi, Hermano Mayor de la Virgen de la Victoria, en el a\u00f1o 1997, y del \u201cHuerto\u201d, en el a\u00f1o 2019, siendo una familia colaboradora e impulsora de los actos y proyectos de la Cofrad\u00eda.<\/em><\/p><p style=\"text-align: justify;\"><em>De igual manera, toda su familia se incorpora en el a\u00f1o 2009, a la cofrad\u00eda de \u201cLa Sagrada Cena de Jes\u00fas y Virgen del Amor\u201d, donde de nuevo pasa a ser un pilar fundamental en la colaboraci\u00f3n y crecimiento de esta Cofrad\u00eda. <\/em><\/p><p><em>Nuestro hermano Santiago, es un hombre muy activo en nuestra localidad, donde destaca de forma importante en su labor social con los m\u00e1s necesitados, siendo socio de organismos sin \u00e1nimo de lucro como Unicef, C\u00e1ritas, M\u00e9dicos del mundo, Alcer (Asociaci\u00f3n para la lucha contra las enfermedades del ri\u00f1\u00f3n), destacando una vez m\u00e1s en importantes obras sociales dentro de nuestra localidad.<\/em><\/p><p><em>En lo deportivo y social: <\/em><\/p><p><em>Es socio fundador de la asociaci\u00f3n deportiva \u201cCa\u00f1ada de la plata\u201d, de la cual ha sido presidente durante 20 a\u00f1os.<\/em><\/p><p><em>Socio del club Balonmano de Puente Genil desde 1991, habiendo ocupado cargos en la directiva y siendo presidente durante 6 a\u00f1os.<\/em><\/p><p><em>Presidente de la Asociaci\u00f3n de Padres y Madres del Colegio Compa\u00f1\u00eda de Mar\u00eda, durante 4 a\u00f1os <\/em><\/p><p><em>Socio y directivo de la Pe\u00f1a Don Gonzalo.<\/em><\/p><p><em>Socio de la Pe\u00f1a \u201cEl Genil\u201d<\/em><\/p><p><em>Presidente e impulsor del futbol sala en nuestra localidad, donde en la actualidad sigue perteneciendo a su junta directiva.<\/em><\/p><p><em>Fue portavoz junto a Miguel Quintero y vicepresidente de la Coordinafora Pro-hospital\u00a0 desarrollando una tit\u00e1nica labor hasta conseguir el Hospital para Puente Genil y Comarca.<br \/><\/em><\/p><p><em>En lo Profesional<\/em><\/p><p><em>Es ingeniero de profesi\u00f3n, dirige y gestiona el Gabinete de Ingenier\u00eda y Arquitectura de Andaluc\u00eda S. L., con una dilatada experiencia de m\u00e1s de 40 a\u00f1os. Teniendo una dilatada formaci\u00f3n universitaria, masters, grados y posgrados. <\/em><\/p><p><em>Ha pertenecido a la junta de Gobierno del Colegio de Graduados e ingenieros t\u00e9cnicos industriales de C\u00f3rdoba, durante ocho a\u00f1os de vocal primero, ocho a\u00f1os como vicesecretario y coordinador de las actividades culturales, deportivas y ejercicio libre del Colegio de C\u00f3rdoba. Representante en el consejo Andaluz de Colegios Profesionales de Graduados e Ingenieros T\u00e9cnicos Industriales y del Consejo General de Espa\u00f1a.<\/em><\/p><p><em>Pese a toda una actividad que le lleva pr\u00e1cticamente a rendir a un 100% durante el horario laboral, destacan sus aficiones a El Deporte, la lectura, los viajes, la m\u00fasica y el baile, compartiendo tambi\u00e9n entre sus aficiones las buenas tertulias con amigos y conocidos.<\/em><\/p><p><em>Nuestro hermano Santiago, es un amigo de sus amigos, y un referente no solo como hermano de \u201cLos Testigos Falsos\u201d, \u00a0sino como hombre en la vida social de Puente Genil. <\/em><\/p><p><em>Orgullosos de nuestro decano.<\/em><\/p>\t\t\t\t\t\t\t\t<\/div>\n\t\t\t\t<\/div>\n\t\t\t\t\t<\/div>\n\t\t\t\t<\/div>\n\t\t<div class=\"elementor-element elementor-element-d0955cc e-flex e-con-boxed e-con e-parent\" data-id=\"d0955cc\" data-element_type=\"container\" data-e-type=\"container\">\n\t\t\t\t\t<div class=\"e-con-inner\">\n\t\t<div class=\"elementor-element elementor-element-92db871 e-con-full e-flex e-con e-child\" data-id=\"92db871\" data-element_type=\"container\" data-e-type=\"container\">\n\t\t\t\t<div class=\"elementor-element elementor-element-84c48bb elementor-align-right elementor-widget elementor-widget-button\" data-id=\"84c48bb\" data-element_type=\"widget\" data-e-type=\"widget\" data-widget_type=\"button.default\">\n\t\t\t\t<div class=\"elementor-widget-container\">\n\t\t\t\t\t\t\t\t\t<div class=\"elementor-button-wrapper\">\n\t\t\t\t\t<a class=\"elementor-button elementor-button-link elementor-size-sm\" href=\"https:\/\/photos.app.goo.gl\/PbPTb4EaEBSW6jJg6\" target=\"_blank\">\n\t\t\t\t\t\t<span class=\"elementor-button-content-wrapper\">\n\t\t\t\t\t\t\t\t\t<span class=\"elementor-button-text\">Entra y conoce m\u00e1s im\u00e1genes de la vida de nuestro decano<\/span>\n\t\t\t\t\t<\/span>\n\t\t\t\t\t<\/a>\n\t\t\t\t<\/div>\n\t\t\t\t\t\t\t\t<\/div>\n\t\t\t\t<\/div>\n\t\t\t\t<\/div>\n\t\t\t\t\t<\/div>\n\t\t\t\t<\/div>\n\t\t\t\t<\/div>\n\t\t","protected":false},"excerpt":{"rendered":"<p>Nuestro Decano Santiago Gil Sanchez, nacido en puente Genil el 6 de marzo de 1958, decano de nuestra Corporaci\u00f3n, desde 2016, y hermano de los testigos desde 1990, habiendo pertenecido a varias directivas, durante su larga trayectoria. Comenz\u00f3 su andadura en la Semana Santa con 10 a\u00f1os, como nazareno alumbrante en la procesi\u00f3n del Santo&hellip;&nbsp;<a href=\"https:\/\/testigosfalsos.es\/tf\/nuestro-decano\/\" rel=\"bookmark\">Leer m\u00e1s &raquo;<span class=\"screen-reader-text\">Nuestro Decano<\/span><\/a><\/p>\n","protected":false},"author":1,"featured_media":0,"parent":0,"menu_order":0,"comment_status":"closed","ping_status":"closed","template":"page-templates\/template-pagebuilder-full-width.php","meta":{"neve_meta_sidebar":"","neve_meta_container":"","neve_meta_enable_content_width":"on","neve_meta_content_width":100,"neve_meta_title_alignment":"","neve_meta_author_avatar":"","neve_post_elements_order":"","neve_meta_disable_header":"","neve_meta_disable_footer":"","neve_meta_disable_title":"on","footnotes":""},"wf_page_folders":[17],"class_list":["post-606","page","type-page","status-publish","hentry"],"_links":{"self":[{"href":"https:\/\/testigosfalsos.es\/tf\/wp-json\/wp\/v2\/pages\/606","targetHints":{"allow":["GET"]}}],"collection":[{"href":"https:\/\/testigosfalsos.es\/tf\/wp-json\/wp\/v2\/pages"}],"about":[{"href":"https:\/\/testigosfalsos.es\/tf\/wp-json\/wp\/v2\/types\/page"}],"author":[{"embeddable":true,"href":"https:\/\/testigosfalsos.es\/tf\/wp-json\/wp\/v2\/users\/1"}],"replies":[{"embeddable":true,"href":"https:\/\/testigosfalsos.es\/tf\/wp-json\/wp\/v2\/comments?post=606"}],"version-history":[{"count":13,"href":"https:\/\/testigosfalsos.es\/tf\/wp-json\/wp\/v2\/pages\/606\/revisions"}],"predecessor-version":[{"id":621,"href":"https:\/\/testigosfalsos.es\/tf\/wp-json\/wp\/v2\/pages\/606\/revisions\/621"}],"wp:attachment":[{"href":"https:\/\/testigosfalsos.es\/tf\/wp-json\/wp\/v2\/media?parent=606"}],"wp:term":[{"taxonomy":"wf_page_folders","embeddable":true,"href":"https:\/\/testigosfalsos.es\/tf\/wp-json\/wp\/v2\/wf_page_folders?post=606"}],"curies":[{"name":"wp","href":"https:\/\/api.w.org\/{rel}","templated":true}]}}