{"id":5175,"date":"2022-03-08T09:36:34","date_gmt":"2022-03-08T09:36:34","guid":{"rendered":"http:\/\/testigosfalsos.es\/wp\/?page_id=447"},"modified":"2025-02-17T22:11:36","modified_gmt":"2025-02-17T22:11:36","slug":"exaltacion-a-la-saeta-cuartelera-2","status":"publish","type":"page","link":"https:\/\/testigosfalsos.es\/tf\/exaltacion-a-la-saeta-cuartelera-2\/","title":{"rendered":"Exaltaci\u00f3n a la Saeta Cuartelera"},"content":{"rendered":"\t\t<div data-elementor-type=\"wp-page\" data-elementor-id=\"5175\" class=\"elementor elementor-5175\" data-elementor-post-type=\"page\">\n\t\t\t\t\t\t<section class=\"elementor-section elementor-top-section elementor-element elementor-element-b55736c elementor-section-boxed elementor-section-height-default elementor-section-height-default\" data-id=\"b55736c\" data-element_type=\"section\" data-e-type=\"section\">\n\t\t\t\t\t\t<div class=\"elementor-container elementor-column-gap-default\">\n\t\t\t\t\t<div class=\"elementor-column elementor-col-100 elementor-top-column elementor-element elementor-element-b917f02\" data-id=\"b917f02\" data-element_type=\"column\" data-e-type=\"column\">\n\t\t\t<div class=\"elementor-widget-wrap elementor-element-populated\">\n\t\t\t\t\t\t<div class=\"elementor-element elementor-element-d976aba elementor-widget-divider--view-line elementor-widget elementor-widget-divider\" data-id=\"d976aba\" data-element_type=\"widget\" data-e-type=\"widget\" data-widget_type=\"divider.default\">\n\t\t\t\t<div class=\"elementor-widget-container\">\n\t\t\t\t\t\t\t<div class=\"elementor-divider\">\n\t\t\t<span class=\"elementor-divider-separator\">\n\t\t\t\t\t\t<\/span>\n\t\t<\/div>\n\t\t\t\t\t\t<\/div>\n\t\t\t\t<\/div>\n\t\t\t\t\t<\/div>\n\t\t<\/div>\n\t\t\t\t\t<\/div>\n\t\t<\/section>\n\t\t\t\t<section class=\"elementor-section elementor-top-section elementor-element elementor-element-0e43292 elementor-section-boxed elementor-section-height-default elementor-section-height-default\" data-id=\"0e43292\" data-element_type=\"section\" data-e-type=\"section\">\n\t\t\t\t\t\t<div class=\"elementor-container elementor-column-gap-default\">\n\t\t\t\t\t<div class=\"elementor-column elementor-col-100 elementor-top-column elementor-element elementor-element-c892a0e\" data-id=\"c892a0e\" data-element_type=\"column\" data-e-type=\"column\">\n\t\t\t<div class=\"elementor-widget-wrap elementor-element-populated\">\n\t\t\t\t\t\t<div class=\"elementor-element elementor-element-18be49b elementor-widget elementor-widget-heading\" data-id=\"18be49b\" data-element_type=\"widget\" data-e-type=\"widget\" data-widget_type=\"heading.default\">\n\t\t\t\t<div class=\"elementor-widget-container\">\n\t\t\t\t\t<h4 class=\"elementor-heading-title elementor-size-default\">Los Testigos Falsos en su participaci\u00f3n <br>en la Saeta Cuartelera<\/h4>\t\t\t\t<\/div>\n\t\t\t\t<\/div>\n\t\t\t\t\t<\/div>\n\t\t<\/div>\n\t\t\t\t\t<\/div>\n\t\t<\/section>\n\t\t\t\t<section class=\"elementor-section elementor-top-section elementor-element elementor-element-c6a2d54 elementor-section-boxed elementor-section-height-default elementor-section-height-default\" data-id=\"c6a2d54\" data-element_type=\"section\" data-e-type=\"section\">\n\t\t\t\t\t\t<div class=\"elementor-container elementor-column-gap-default\">\n\t\t\t\t\t<div class=\"elementor-column elementor-col-100 elementor-top-column elementor-element elementor-element-821362c\" data-id=\"821362c\" data-element_type=\"column\" data-e-type=\"column\">\n\t\t\t<div class=\"elementor-widget-wrap elementor-element-populated\">\n\t\t\t\t\t\t<div class=\"elementor-element elementor-element-9064dda elementor-widget-divider--view-line elementor-widget elementor-widget-divider\" data-id=\"9064dda\" data-element_type=\"widget\" data-e-type=\"widget\" data-widget_type=\"divider.default\">\n\t\t\t\t<div class=\"elementor-widget-container\">\n\t\t\t\t\t\t\t<div class=\"elementor-divider\">\n\t\t\t<span class=\"elementor-divider-separator\">\n\t\t\t\t\t\t<\/span>\n\t\t<\/div>\n\t\t\t\t\t\t<\/div>\n\t\t\t\t<\/div>\n\t\t\t\t\t<\/div>\n\t\t<\/div>\n\t\t\t\t\t<\/div>\n\t\t<\/section>\n\t\t\t\t<section class=\"elementor-section elementor-top-section elementor-element elementor-element-d7f12d6 elementor-section-boxed elementor-section-height-default elementor-section-height-default\" data-id=\"d7f12d6\" data-element_type=\"section\" data-e-type=\"section\">\n\t\t\t\t\t\t<div class=\"elementor-container elementor-column-gap-default\">\n\t\t\t\t\t<div class=\"elementor-column elementor-col-100 elementor-top-column elementor-element elementor-element-b959e56\" data-id=\"b959e56\" data-element_type=\"column\" data-e-type=\"column\">\n\t\t\t<div class=\"elementor-widget-wrap elementor-element-populated\">\n\t\t\t\t\t\t<div class=\"elementor-element elementor-element-c8f33f4 elementor-widget elementor-widget-text-editor\" data-id=\"c8f33f4\" data-element_type=\"widget\" data-e-type=\"widget\" data-widget_type=\"text-editor.default\">\n\t\t\t\t<div class=\"elementor-widget-container\">\n\t\t\t\t\t\t\t\t\t<p>La celebraci\u00f3n anual de la Exaltaci\u00f3n de la Saeta Cuartelera, genuina de Puente Genil y que popularizaron los hermanos Manuel y Juan Hierro, tuvo su feliz y acertado alumbramiento el a\u00f1o 1985 al amparo de la Pe\u00f1a de Don Gonzalo y gracias a la iniciativa y dinamismo de unos hombres amantes de la Semana Santa de nuestro pueblo y sabedores del contenido cultural que encierra la Saeta Cuartelera inician unas veladas dedicadas a exaltar ese cante seco nacido en el mismo seno de las Corporaciones B\u00edblicas, el Cuartel. Hoy en d\u00eda, es la Agrupaci\u00f3n de Cofrad\u00edas, la que organiza y celebra la Exaltaci\u00f3n de la Saeta Cuartelera, celebrac\u00edon que fue cedida por los \u00abAmigos de la Saeta Cuartelera\u00bb, asociaci\u00f3n fundada por la Corporaci\u00f3n B\u00edblica de los \u00abAp\u00f3stoles\u00bb, cuna del nacimiento de este estilo de saeta aut\u00f3ctono.<\/p>\t\t\t\t\t\t\t\t<\/div>\n\t\t\t\t<\/div>\n\t\t\t\t\t<\/div>\n\t\t<\/div>\n\t\t\t\t\t<\/div>\n\t\t<\/section>\n\t\t\t\t<section class=\"elementor-section elementor-top-section elementor-element elementor-element-4e2971c elementor-section-boxed elementor-section-height-default elementor-section-height-default\" data-id=\"4e2971c\" data-element_type=\"section\" data-e-type=\"section\">\n\t\t\t\t\t\t<div class=\"elementor-container elementor-column-gap-default\">\n\t\t\t\t\t<div class=\"elementor-column elementor-col-50 elementor-top-column elementor-element elementor-element-546f675\" data-id=\"546f675\" data-element_type=\"column\" data-e-type=\"column\">\n\t\t\t<div class=\"elementor-widget-wrap elementor-element-populated\">\n\t\t\t\t\t\t<div class=\"elementor-element elementor-element-3de686b elementor-widget elementor-widget-image\" data-id=\"3de686b\" data-element_type=\"widget\" data-e-type=\"widget\" data-widget_type=\"image.default\">\n\t\t\t\t<div class=\"elementor-widget-container\">\n\t\t\t\t\t\t\t\t\t\t\t\t<figure class=\"wp-caption\">\n\t\t\t\t\t\t\t\t\t\t<img decoding=\"async\" src=\"https:\/\/testigosfalsos.es\/tf\/wp-content\/uploads\/elementor\/thumbs\/castillo-r1npw4xd3dz04yv3frk8fz6opvauph3zuqqnr0d59e.jpg\" title=\"Castillo\" alt=\"Castillo\" loading=\"lazy\" \/>\t\t\t\t\t\t\t\t\t\t\t<figcaption class=\"widget-image-caption wp-caption-text\">Francisco Castillo Castillo<\/figcaption>\n\t\t\t\t\t\t\t\t\t\t<\/figure>\n\t\t\t\t\t\t\t\t\t<\/div>\n\t\t\t\t<\/div>\n\t\t\t\t\t<\/div>\n\t\t<\/div>\n\t\t\t\t<div class=\"elementor-column elementor-col-50 elementor-top-column elementor-element elementor-element-337fc05\" data-id=\"337fc05\" data-element_type=\"column\" data-e-type=\"column\">\n\t\t\t<div class=\"elementor-widget-wrap elementor-element-populated\">\n\t\t\t\t\t\t<div class=\"elementor-element elementor-element-b869ef7 elementor-widget elementor-widget-image\" data-id=\"b869ef7\" data-element_type=\"widget\" data-e-type=\"widget\" data-widget_type=\"image.default\">\n\t\t\t\t<div class=\"elementor-widget-container\">\n\t\t\t\t\t\t\t\t\t\t\t\t<figure class=\"wp-caption\">\n\t\t\t\t\t\t\t\t\t\t<img decoding=\"async\" src=\"https:\/\/testigosfalsos.es\/tf\/wp-content\/uploads\/2025\/02\/EXALTA1.jpg\" title=\"EXALTA1\" alt=\"EXALTA1\" loading=\"lazy\" \/>\t\t\t\t\t\t\t\t\t\t\t<figcaption class=\"widget-image-caption wp-caption-text\">Jer\u00f3nimo Guill\u00e9n Gil<\/figcaption>\n\t\t\t\t\t\t\t\t\t\t<\/figure>\n\t\t\t\t\t\t\t\t\t<\/div>\n\t\t\t\t<\/div>\n\t\t\t\t\t<\/div>\n\t\t<\/div>\n\t\t\t\t\t<\/div>\n\t\t<\/section>\n\t\t\t\t<section class=\"elementor-section elementor-top-section elementor-element elementor-element-029f49d elementor-section-boxed elementor-section-height-default elementor-section-height-default\" data-id=\"029f49d\" data-element_type=\"section\" data-e-type=\"section\">\n\t\t\t\t\t\t<div class=\"elementor-container elementor-column-gap-default\">\n\t\t\t\t\t<div class=\"elementor-column elementor-col-100 elementor-top-column elementor-element elementor-element-f5de620\" data-id=\"f5de620\" data-element_type=\"column\" data-e-type=\"column\">\n\t\t\t<div class=\"elementor-widget-wrap elementor-element-populated\">\n\t\t\t\t\t\t<div class=\"elementor-element elementor-element-ceb0da7 elementor-widget elementor-widget-text-editor\" data-id=\"ceb0da7\" data-element_type=\"widget\" data-e-type=\"widget\" data-widget_type=\"text-editor.default\">\n\t\t\t\t<div class=\"elementor-widget-container\">\n\t\t\t\t\t\t\t\t\t<p style=\"text-align: left;\">Era presidente de la Pe\u00f1a Don Gonzalo el a\u00f1o 1985 el din\u00e1mico y activo Faustino Galvez Galvez cuando tuvo la feliz y muy acertada idea de concebir el proyecto de exaltaci\u00f3n de la saeta propia de Puente Genil, y junto a personas allegadas a \u00e9l, como Francisco Castillo Castillo y Fernando Matas Cejas y la propia Pe\u00f1a, se dispusieron valientemente a recorrer un hermoso camino digno del mayor encomio y merecedor de todos los apoyos, tanto moral, material como econ\u00f3mico, y gracias a ellos y a la colaboraci\u00f3n de las Corporaciones B\u00edblicas, se ven\u00eda celebrando anualmente, esta Exaltaci\u00f3n, habi\u00e9ndose creado otra para el d\u00eda de la Cruz, en la que participan peque\u00f1os de entre 4 y 12 a\u00f1os, en la que reg\u00edan las mismas caracter\u00edsticas que la de los mayores.<\/p>\t\t\t\t\t\t\t\t<\/div>\n\t\t\t\t<\/div>\n\t\t\t\t\t<\/div>\n\t\t<\/div>\n\t\t\t\t\t<\/div>\n\t\t<\/section>\n\t\t\t\t<section class=\"elementor-section elementor-top-section elementor-element elementor-element-49b7c28 elementor-section-boxed elementor-section-height-default elementor-section-height-default\" data-id=\"49b7c28\" data-element_type=\"section\" data-e-type=\"section\">\n\t\t\t\t\t\t<div class=\"elementor-container elementor-column-gap-default\">\n\t\t\t\t\t<div class=\"elementor-column elementor-col-50 elementor-top-column elementor-element elementor-element-e452db4\" data-id=\"e452db4\" data-element_type=\"column\" data-e-type=\"column\">\n\t\t\t<div class=\"elementor-widget-wrap elementor-element-populated\">\n\t\t\t\t\t\t<div class=\"elementor-element elementor-element-d4926a0 elementor-widget elementor-widget-image\" data-id=\"d4926a0\" data-element_type=\"widget\" data-e-type=\"widget\" data-widget_type=\"image.default\">\n\t\t\t\t<div class=\"elementor-widget-container\">\n\t\t\t\t\t\t\t\t\t\t\t\t\t\t\t<img fetchpriority=\"high\" decoding=\"async\" width=\"375\" height=\"578\" src=\"https:\/\/testigosfalsos.es\/tf\/wp-content\/uploads\/2025\/02\/EXALTA.jpg\" class=\"attachment-large size-large wp-image-7161\" alt=\"\" srcset=\"https:\/\/testigosfalsos.es\/tf\/wp-content\/uploads\/2025\/02\/EXALTA.jpg 375w, https:\/\/testigosfalsos.es\/tf\/wp-content\/uploads\/2025\/02\/EXALTA-195x300.jpg 195w\" sizes=\"(max-width: 375px) 100vw, 375px\" \/>\t\t\t\t\t\t\t\t\t\t\t\t\t\t\t<\/div>\n\t\t\t\t<\/div>\n\t\t\t\t\t<\/div>\n\t\t<\/div>\n\t\t\t\t<div class=\"elementor-column elementor-col-50 elementor-top-column elementor-element elementor-element-cbf1bec\" data-id=\"cbf1bec\" data-element_type=\"column\" data-e-type=\"column\">\n\t\t\t<div class=\"elementor-widget-wrap elementor-element-populated\">\n\t\t\t\t\t\t<div class=\"elementor-element elementor-element-1b66286 elementor-widget elementor-widget-text-editor\" data-id=\"1b66286\" data-element_type=\"widget\" data-e-type=\"widget\" data-widget_type=\"text-editor.default\">\n\t\t\t\t<div class=\"elementor-widget-container\">\n\t\t\t\t\t\t\t\t\t<p>\u00a0<\/p><p>Desde el principio nunca se quiso destacar el car\u00e1cter competitivo de las Corporaciones participantes, antes bien todo lo contrario, prevaleciendo el participativo junto al ambiente cordial y fraternal que cada a\u00f1o reina entre todos.<\/p><p>Entre otras Corporaciones la de Los Testigos Falsos de Jes\u00fas ha participando desde su inicio en todas sus ediciones, siendo los hermanos Jer\u00f3nimo Guillen Gil y Francisco Castillo Castillo, los encargados de exaltarlas, entre los premios conseguidos se encuentra el Capirucho en el a\u00f1o 1986, primer premio Vieja Cuaresmera 1.994 y el P\u00f3rtico de Jes\u00fas en el a\u00f1o 1.995.<\/p><p>La Saeta Cuartelera de estos hermanos, se puede decir que era \u00fanica en nuestro cuartel, pues se un\u00eda la voz potentosa de nuestro hermano Francisco Castillo, con la voz rota y mel\u00f3dica de nuestro hermano Jer\u00f3nimo Guill\u00e9n. Ambas voces se conjugaba en una melod\u00edosa y potente saeta, que si bien era comparable con la de otras corporaciones, hemos de decir que se diferenciaba bastante, en cuanto a la tonalidad empleada por ambos hermanos.<\/p>\t\t\t\t\t\t\t\t<\/div>\n\t\t\t\t<\/div>\n\t\t\t\t\t<\/div>\n\t\t<\/div>\n\t\t\t\t\t<\/div>\n\t\t<\/section>\n\t\t\t\t<section class=\"elementor-section elementor-top-section elementor-element elementor-element-54f19e9 elementor-section-boxed elementor-section-height-default elementor-section-height-default\" data-id=\"54f19e9\" data-element_type=\"section\" data-e-type=\"section\">\n\t\t\t\t\t\t<div class=\"elementor-container elementor-column-gap-default\">\n\t\t\t\t\t<div class=\"elementor-column elementor-col-50 elementor-top-column elementor-element elementor-element-d9fb0d9\" data-id=\"d9fb0d9\" data-element_type=\"column\" data-e-type=\"column\">\n\t\t\t<div class=\"elementor-widget-wrap elementor-element-populated\">\n\t\t\t\t\t\t<div class=\"elementor-element elementor-element-e904732 elementor-widget elementor-widget-text-editor\" data-id=\"e904732\" data-element_type=\"widget\" data-e-type=\"widget\" data-widget_type=\"text-editor.default\">\n\t\t\t\t<div class=\"elementor-widget-container\">\n\t\t\t\t\t\t\t\t\t<p>Tras unos a\u00f1os desaparecida, La Corporaci\u00f3n B\u00edblica de Los Ap\u00f3stoles y la Asociaci\u00f3n Amigos de la Saeta Cuartelera, retoma la Exaltaci\u00f3n, organizandola, resaltando tres cosas importantes: La Primera, es que la Exaltaci\u00f3n retoma a su lugar de nacimiento, es decir, la Exaltaci\u00f3n, se realizar\u00e1 siempre en Cuarteles o Cofrad\u00edas. La Segunda, desaparece los obsequios y queda eliminados premios comparativos a la calidad de la saeta cuartelera y tercero y \u00faltimo, cada a\u00f1o y siendo guiado por la Agrupaci\u00f3n de Cofrad\u00edas, se organizar\u00e1 a trav\u00e9s de una corporaci\u00f3n, siendo homenajeado cada a\u00f1o personajes diferentes y que hayan aportado algo positivo a la difusi\u00f3n, creaci\u00f3n y mantenimiento de nuestra saeta cuartelera.<\/p><p>Debe ser prioritario para nosotros el mantener esta genuina saeta en lugares p\u00fablicos, no emple\u00e1ndola sin un conocimiento y unos valores dignos de sus creadores, y por supuesto de ser escuchada por cuantos amamos esta forma de orar.<\/p>\t\t\t\t\t\t\t\t<\/div>\n\t\t\t\t<\/div>\n\t\t\t\t\t<\/div>\n\t\t<\/div>\n\t\t\t\t<div class=\"elementor-column elementor-col-50 elementor-top-column elementor-element elementor-element-a139925\" data-id=\"a139925\" data-element_type=\"column\" data-e-type=\"column\">\n\t\t\t<div class=\"elementor-widget-wrap elementor-element-populated\">\n\t\t\t\t\t\t<div class=\"elementor-element elementor-element-9ea80ba elementor-widget elementor-widget-image\" data-id=\"9ea80ba\" data-element_type=\"widget\" data-e-type=\"widget\" data-widget_type=\"image.default\">\n\t\t\t\t<div class=\"elementor-widget-container\">\n\t\t\t\t\t\t\t\t\t\t\t\t\t\t\t<img decoding=\"async\" width=\"480\" height=\"640\" src=\"https:\/\/testigosfalsos.es\/tf\/wp-content\/uploads\/2025\/02\/P1010021.jpg\" class=\"attachment-large size-large wp-image-7160\" alt=\"\" srcset=\"https:\/\/testigosfalsos.es\/tf\/wp-content\/uploads\/2025\/02\/P1010021.jpg 480w, https:\/\/testigosfalsos.es\/tf\/wp-content\/uploads\/2025\/02\/P1010021-225x300.jpg 225w\" sizes=\"(max-width: 480px) 100vw, 480px\" \/>\t\t\t\t\t\t\t\t\t\t\t\t\t\t\t<\/div>\n\t\t\t\t<\/div>\n\t\t\t\t\t<\/div>\n\t\t<\/div>\n\t\t\t\t\t<\/div>\n\t\t<\/section>\n\t\t\t\t<\/div>\n\t\t","protected":false},"excerpt":{"rendered":"<p>Los Testigos Falsos en su participaci\u00f3n en la Saeta Cuartelera La celebraci\u00f3n anual de la Exaltaci\u00f3n de la Saeta Cuartelera, genuina de Puente Genil y que popularizaron los hermanos Manuel y Juan Hierro, tuvo su feliz y acertado alumbramiento el a\u00f1o 1985 al amparo de la Pe\u00f1a de Don Gonzalo y gracias a la iniciativa&hellip;&nbsp;<a href=\"https:\/\/testigosfalsos.es\/tf\/exaltacion-a-la-saeta-cuartelera-2\/\" rel=\"bookmark\">Leer m\u00e1s &raquo;<span class=\"screen-reader-text\">Exaltaci\u00f3n a la Saeta Cuartelera<\/span><\/a><\/p>\n","protected":false},"author":1,"featured_media":0,"parent":0,"menu_order":0,"comment_status":"closed","ping_status":"closed","template":"","meta":{"neve_meta_sidebar":"","neve_meta_container":"","neve_meta_enable_content_width":"","neve_meta_content_width":0,"neve_meta_title_alignment":"","neve_meta_author_avatar":"","neve_post_elements_order":"","neve_meta_disable_header":"","neve_meta_disable_footer":"","neve_meta_disable_title":"","footnotes":""},"wf_page_folders":[23],"class_list":["post-5175","page","type-page","status-publish","hentry"],"_links":{"self":[{"href":"https:\/\/testigosfalsos.es\/tf\/wp-json\/wp\/v2\/pages\/5175","targetHints":{"allow":["GET"]}}],"collection":[{"href":"https:\/\/testigosfalsos.es\/tf\/wp-json\/wp\/v2\/pages"}],"about":[{"href":"https:\/\/testigosfalsos.es\/tf\/wp-json\/wp\/v2\/types\/page"}],"author":[{"embeddable":true,"href":"https:\/\/testigosfalsos.es\/tf\/wp-json\/wp\/v2\/users\/1"}],"replies":[{"embeddable":true,"href":"https:\/\/testigosfalsos.es\/tf\/wp-json\/wp\/v2\/comments?post=5175"}],"version-history":[{"count":6,"href":"https:\/\/testigosfalsos.es\/tf\/wp-json\/wp\/v2\/pages\/5175\/revisions"}],"predecessor-version":[{"id":7164,"href":"https:\/\/testigosfalsos.es\/tf\/wp-json\/wp\/v2\/pages\/5175\/revisions\/7164"}],"wp:attachment":[{"href":"https:\/\/testigosfalsos.es\/tf\/wp-json\/wp\/v2\/media?parent=5175"}],"wp:term":[{"taxonomy":"wf_page_folders","embeddable":true,"href":"https:\/\/testigosfalsos.es\/tf\/wp-json\/wp\/v2\/wf_page_folders?post=5175"}],"curies":[{"name":"wp","href":"https:\/\/api.w.org\/{rel}","templated":true}]}}