{"id":5158,"date":"2021-09-24T17:59:45","date_gmt":"2021-09-24T17:59:45","guid":{"rendered":"http:\/\/testigosfalsos.es\/wp\/?page_id=631"},"modified":"2021-09-24T17:59:45","modified_gmt":"2021-09-24T17:59:45","slug":"fructifico","status":"publish","type":"page","link":"https:\/\/testigosfalsos.es\/tf\/fructifico\/","title":{"rendered":"Fructifico"},"content":{"rendered":"\t\t<div data-elementor-type=\"wp-page\" data-elementor-id=\"5158\" class=\"elementor elementor-5158\" data-elementor-post-type=\"page\">\n\t\t\t\t\t\t<section class=\"elementor-section elementor-top-section elementor-element elementor-element-021c5ba elementor-section-boxed elementor-section-height-default elementor-section-height-default\" data-id=\"021c5ba\" data-element_type=\"section\" data-e-type=\"section\">\n\t\t\t\t\t\t<div class=\"elementor-container elementor-column-gap-default\">\n\t\t\t\t\t<div class=\"elementor-column elementor-col-100 elementor-top-column elementor-element elementor-element-b255523\" data-id=\"b255523\" data-element_type=\"column\" data-e-type=\"column\">\n\t\t\t<div class=\"elementor-widget-wrap elementor-element-populated\">\n\t\t\t\t\t\t<div class=\"elementor-element elementor-element-0113456 elementor-widget elementor-widget-heading\" data-id=\"0113456\" data-element_type=\"widget\" data-e-type=\"widget\" data-widget_type=\"heading.default\">\n\t\t\t\t<div class=\"elementor-widget-container\">\n\t\t\t\t\t<h2 class=\"elementor-heading-title elementor-size-default\">.... Y fructific\u00f3<\/h2>\t\t\t\t<\/div>\n\t\t\t\t<\/div>\n\t\t\t\t\t<\/div>\n\t\t<\/div>\n\t\t\t\t\t<\/div>\n\t\t<\/section>\n\t\t\t\t<section class=\"elementor-section elementor-top-section elementor-element elementor-element-6bd2402 elementor-section-boxed elementor-section-height-default elementor-section-height-default\" data-id=\"6bd2402\" data-element_type=\"section\" data-e-type=\"section\">\n\t\t\t\t\t\t<div class=\"elementor-container elementor-column-gap-default\">\n\t\t\t\t\t<div class=\"elementor-column elementor-col-100 elementor-top-column elementor-element elementor-element-173daaa\" data-id=\"173daaa\" data-element_type=\"column\" data-e-type=\"column\">\n\t\t\t<div class=\"elementor-widget-wrap elementor-element-populated\">\n\t\t\t\t\t\t<div class=\"elementor-element elementor-element-27d258b elementor-widget-divider--view-line elementor-widget elementor-widget-divider\" data-id=\"27d258b\" data-element_type=\"widget\" data-e-type=\"widget\" data-widget_type=\"divider.default\">\n\t\t\t\t<div class=\"elementor-widget-container\">\n\t\t\t\t\t\t\t<div class=\"elementor-divider\">\n\t\t\t<span class=\"elementor-divider-separator\">\n\t\t\t\t\t\t<\/span>\n\t\t<\/div>\n\t\t\t\t\t\t<\/div>\n\t\t\t\t<\/div>\n\t\t\t\t\t<\/div>\n\t\t<\/div>\n\t\t\t\t\t<\/div>\n\t\t<\/section>\n\t\t\t\t<section class=\"elementor-section elementor-top-section elementor-element elementor-element-51203ab elementor-section-boxed elementor-section-height-default elementor-section-height-default\" data-id=\"51203ab\" data-element_type=\"section\" data-e-type=\"section\">\n\t\t\t\t\t\t<div class=\"elementor-container elementor-column-gap-default\">\n\t\t\t\t\t<div class=\"elementor-column elementor-col-50 elementor-top-column elementor-element elementor-element-2ffe907\" data-id=\"2ffe907\" data-element_type=\"column\" data-e-type=\"column\">\n\t\t\t<div class=\"elementor-widget-wrap elementor-element-populated\">\n\t\t\t\t\t\t<div class=\"elementor-element elementor-element-a2af7d7 elementor-widget elementor-widget-image\" data-id=\"a2af7d7\" data-element_type=\"widget\" data-e-type=\"widget\" data-widget_type=\"image.default\">\n\t\t\t\t<div class=\"elementor-widget-container\">\n\t\t\t\t\t\t\t\t\t\t\t\t\t\t\t<img fetchpriority=\"high\" decoding=\"async\" width=\"800\" height=\"600\" src=\"https:\/\/testigosfalsos.es\/tf\/wp-content\/uploads\/2025\/02\/fgh.jpg\" class=\"attachment-large size-large wp-image-80\" alt=\"\" srcset=\"https:\/\/testigosfalsos.es\/tf\/wp-content\/uploads\/2025\/02\/fgh.jpg 800w, https:\/\/testigosfalsos.es\/tf\/wp-content\/uploads\/2025\/02\/fgh-300x225.jpg 300w, https:\/\/testigosfalsos.es\/tf\/wp-content\/uploads\/2025\/02\/fgh-768x576.jpg 768w\" sizes=\"(max-width: 800px) 100vw, 800px\" \/>\t\t\t\t\t\t\t\t\t\t\t\t\t\t\t<\/div>\n\t\t\t\t<\/div>\n\t\t\t\t\t<\/div>\n\t\t<\/div>\n\t\t\t\t<div class=\"elementor-column elementor-col-50 elementor-top-column elementor-element elementor-element-3712a29\" data-id=\"3712a29\" data-element_type=\"column\" data-e-type=\"column\">\n\t\t\t<div class=\"elementor-widget-wrap elementor-element-populated\">\n\t\t\t\t\t\t<div class=\"elementor-element elementor-element-2f72bbc elementor-widget elementor-widget-text-editor\" data-id=\"2f72bbc\" data-element_type=\"widget\" data-e-type=\"widget\" data-widget_type=\"text-editor.default\">\n\t\t\t\t<div class=\"elementor-widget-container\">\n\t\t\t\t\t\t\t\t\t<p>Los Testigos han vivido a lo largo de su historia etapas de ebullici\u00f3n y otras de letargo, como otras tantas, corporaciones pontantas. Pero en su devenir hay momentos brillantes que no pueden substraerse a la memoria de nuestra localidad. Hubo un tiempo en el que residieron en una casa aleda\u00f1a al molino que hubo en la calle Capit\u00e1n de Corbeta Reina Carvajal, al final de la d\u00e9cada de los a\u00f1os cincuenta. Para muchos de ellos que viven result\u00f3 un cap\u00edtulo inolvidable en el pulso de este grupo de hermanos. Confraternizaban entonces, el irreducible estandarte del optimismo, Manolo Cabello; el menudo y flamenqu\u00edsimo Curro Rivas, el siempre bien humorado y lleno de gracia y pellizco, Francisco Jim\u00e9nez Carmona; Jos\u00e9 Estrada, fabricante de caramelos; el siempre bien dispuesto, Jos\u00e9 Carnerero, y el exquisito y sibarita donde los haya, Manolo M\u00e1rquez; entre otros tantos que habr\u00eda que rescatar del olvido.<\/p>\t\t\t\t\t\t\t\t<\/div>\n\t\t\t\t<\/div>\n\t\t\t\t\t<\/div>\n\t\t<\/div>\n\t\t\t\t\t<\/div>\n\t\t<\/section>\n\t\t\t\t<section class=\"elementor-section elementor-top-section elementor-element elementor-element-fbcc163 elementor-section-boxed elementor-section-height-default elementor-section-height-default\" data-id=\"fbcc163\" data-element_type=\"section\" data-e-type=\"section\">\n\t\t\t\t\t\t<div class=\"elementor-container elementor-column-gap-default\">\n\t\t\t\t\t<div class=\"elementor-column elementor-col-100 elementor-top-column elementor-element elementor-element-f21dcb9\" data-id=\"f21dcb9\" data-element_type=\"column\" data-e-type=\"column\">\n\t\t\t<div class=\"elementor-widget-wrap elementor-element-populated\">\n\t\t\t\t\t\t<div class=\"elementor-element elementor-element-670b82d elementor-widget elementor-widget-text-editor\" data-id=\"670b82d\" data-element_type=\"widget\" data-e-type=\"widget\" data-widget_type=\"text-editor.default\">\n\t\t\t\t<div class=\"elementor-widget-container\">\n\t\t\t\t\t\t\t\t\t<p align=\"justify\">Por aquellas calendas era una corporaci\u00f3n en la que tampoco se pon\u00eda mohosas las sartenes. Siguiendo las instrucciones del selecto Manolo M\u00e1rquez, todas las ma\u00f1anas, canasto al brazo, Jos\u00e9 Carnerero hac\u00eda la plaza en el precioso mercado de abastos que tuvo que dejar, v\u00edctima de la piqueta pocos a\u00f1os despu\u00e9s. Aqu\u00ed unas pijotas, all\u00ed queso picante en aceite, m\u00e1s adelante unas papas nuevas, algo m\u00e1s all\u00e1 unos boquerones victorianos, en frente, gallo de cortijo, y siempre, no te escurras con el peso que somos pocos y estrechos como las botellas de moriles. Por la noche todos los hermanos compon\u00edan una reuni\u00f3n con apariencia de comensales aficionados, cuando en realidad estaban haciendo mesa, acu\u00f1ando corporaci\u00f3n, creando solera de Testigos Falsos. Era una gente brava de copas y amaneceres, siempre apurando la vida en el fondo de un vaso o en el tercio de una cuartelera, todos un poco bohemios y orillando a diario la aventura de vivir sin cuadr\u00edculas.<\/p><p align=\"justify\">En las referidas fechas se hicieron hermanos o bien llevaban pocos a\u00f1os, el rubicundo Antonio Sebastianes; Antonio Rivas, tan flamenco como su t\u00edo, el pragm\u00e1tico y sentencioso Enrique Aguilar Luque; Pepe Labrador, con sus elocuentes silencios; que entonces hac\u00eda el servicio militar, y unos pocos de j\u00f3venes que, sin propon\u00e9rselo, formaron la alm\u00e1ciga para que esta corporaci\u00f3n tuviera siempre semilla que renaciera.<\/p><p align=\"justify\">La Isla era por entonces el centro neur\u00e1lgico del pueblo. El Ayuntamiento, el Teatro Circo, el Ambulatorio, hasta el propio paseo dominical para pollear y ennoviar se hac\u00eda en Don Gonzalo, rematando en el Paseo, en la baranda del r\u00edo. El Liceo, los Mosquitos, Los Faroles, El Mau Mau, El Bar X, el hotel, etc., compon\u00edan un paisaje urbano acogedor y propicio para gente que vive la locura del desinter\u00e9s y tienen siempre el coraz\u00f3n abierto.<\/p><p align=\"justify\">\u00a1Que circuito de hermanamiento era todo el barrio!. Por aquellas fechas no hab\u00eda tanto discurso ni perorata semanantera. Era pura acci\u00f3n. Se viv\u00eda la Semana Santa en la marca de los vinos: Chusma, romanos, etc. Y los Testigos Falsos en primer plano. \u00a1Cuantas madrugadas de aguardiente y magdalenas, iluminados por el disco de oro de Nis\u00e1n del Viernes Santo!. Auroras de vino dulce y escamucho, cuando los fulgores de un sol luminoso rielaban sobre los cincelados varales del Palio de la Madre de la Isla.\u00a1Que estampa de borriquillos de verdinos, jeringos con profusi\u00f3n y c\u00e1nticos de rosario, acompasados por bajos inolvidables y violines incre\u00edbles!.<\/p><p align=\"justify\">Todo fue as\u00ed. Tal como es de recuerdo. Bas\u00e1ndonos en la amistad, la m\u00e1s elevada, la fundada sobre una gran estimaci\u00f3n, la que es necesaria para el hombre, para arrancarla de sus peores inclinaciones. La que da al alma algo fuerte, sublime, po\u00e9tico, sin lo cual ser\u00eda dif\u00edcil elevarse sobre el fangoso terreno del ego\u00edsmo.<\/p><p align=\"justify\">Por eso, hay que insistir. Tuvieron una alm\u00e1ciga, un semillero&#8230;&#8230;&#8230;. Y en el a\u00f1o 1.974&#8230;..FRUCTIFICO<\/p>\t\t\t\t\t\t\t\t<\/div>\n\t\t\t\t<\/div>\n\t\t\t\t\t<\/div>\n\t\t<\/div>\n\t\t\t\t\t<\/div>\n\t\t<\/section>\n\t\t\t\t<\/div>\n\t\t","protected":false},"excerpt":{"rendered":"<p>&#8230;. Y fructific\u00f3 Los Testigos han vivido a lo largo de su historia etapas de ebullici\u00f3n y otras de letargo, como otras tantas, corporaciones pontantas. Pero en su devenir hay momentos brillantes que no pueden substraerse a la memoria de nuestra localidad. Hubo un tiempo en el que residieron en una casa aleda\u00f1a al molino&hellip;&nbsp;<a href=\"https:\/\/testigosfalsos.es\/tf\/fructifico\/\" rel=\"bookmark\">Leer m\u00e1s &raquo;<span class=\"screen-reader-text\">Fructifico<\/span><\/a><\/p>\n","protected":false},"author":1,"featured_media":0,"parent":0,"menu_order":0,"comment_status":"closed","ping_status":"closed","template":"","meta":{"neve_meta_sidebar":"","neve_meta_container":"","neve_meta_enable_content_width":"","neve_meta_content_width":0,"neve_meta_title_alignment":"","neve_meta_author_avatar":"","neve_post_elements_order":"","neve_meta_disable_header":"","neve_meta_disable_footer":"","neve_meta_disable_title":"","footnotes":""},"wf_page_folders":[12],"class_list":["post-5158","page","type-page","status-publish","hentry"],"_links":{"self":[{"href":"https:\/\/testigosfalsos.es\/tf\/wp-json\/wp\/v2\/pages\/5158","targetHints":{"allow":["GET"]}}],"collection":[{"href":"https:\/\/testigosfalsos.es\/tf\/wp-json\/wp\/v2\/pages"}],"about":[{"href":"https:\/\/testigosfalsos.es\/tf\/wp-json\/wp\/v2\/types\/page"}],"author":[{"embeddable":true,"href":"https:\/\/testigosfalsos.es\/tf\/wp-json\/wp\/v2\/users\/1"}],"replies":[{"embeddable":true,"href":"https:\/\/testigosfalsos.es\/tf\/wp-json\/wp\/v2\/comments?post=5158"}],"version-history":[{"count":0,"href":"https:\/\/testigosfalsos.es\/tf\/wp-json\/wp\/v2\/pages\/5158\/revisions"}],"wp:attachment":[{"href":"https:\/\/testigosfalsos.es\/tf\/wp-json\/wp\/v2\/media?parent=5158"}],"wp:term":[{"taxonomy":"wf_page_folders","embeddable":true,"href":"https:\/\/testigosfalsos.es\/tf\/wp-json\/wp\/v2\/wf_page_folders?post=5158"}],"curies":[{"name":"wp","href":"https:\/\/api.w.org\/{rel}","templated":true}]}}