{"id":449,"date":"2025-02-10T20:27:49","date_gmt":"2025-02-10T20:27:49","guid":{"rendered":"https:\/\/testigosfalsos.es\/tf\/?page_id=449"},"modified":"2025-03-11T23:02:11","modified_gmt":"2025-03-11T23:02:11","slug":"menu-hermanos","status":"publish","type":"page","link":"https:\/\/testigosfalsos.es\/tf\/menu-hermanos\/","title":{"rendered":"Menu Hermanos"},"content":{"rendered":"\t\t<div data-elementor-type=\"wp-page\" data-elementor-id=\"449\" class=\"elementor elementor-449\">\n\t\t\t\t<div class=\"elementor-element elementor-element-55600cb e-flex e-con-boxed e-con e-parent\" data-id=\"55600cb\" data-element_type=\"container\" data-e-type=\"container\">\n\t\t\t\t\t<div class=\"e-con-inner\">\n\t\t\t\t<div class=\"elementor-element elementor-element-c7785ee elementor-widget-divider--view-line elementor-widget elementor-widget-divider\" data-id=\"c7785ee\" data-element_type=\"widget\" data-e-type=\"widget\" data-widget_type=\"divider.default\">\n\t\t\t\t<div class=\"elementor-widget-container\">\n\t\t\t\t\t\t\t<div class=\"elementor-divider\">\n\t\t\t<span class=\"elementor-divider-separator\">\n\t\t\t\t\t\t<\/span>\n\t\t<\/div>\n\t\t\t\t\t\t<\/div>\n\t\t\t\t<\/div>\n\t\t\t\t\t<\/div>\n\t\t\t\t<\/div>\n\t\t<div class=\"elementor-element elementor-element-e8ce051 e-flex e-con-boxed e-con e-parent\" data-id=\"e8ce051\" data-element_type=\"container\" data-e-type=\"container\">\n\t\t\t\t\t<div class=\"e-con-inner\">\n\t\t\t\t<div class=\"elementor-element elementor-element-095bfdc elementor-widget elementor-widget-heading\" data-id=\"095bfdc\" data-element_type=\"widget\" data-e-type=\"widget\" data-widget_type=\"heading.default\">\n\t\t\t\t<div class=\"elementor-widget-container\">\n\t\t\t\t\t<h3 class=\"elementor-heading-title elementor-size-default\">Hermanos de nuestra Corporaci\u00f3n<\/h3>\t\t\t\t<\/div>\n\t\t\t\t<\/div>\n\t\t\t\t\t<\/div>\n\t\t\t\t<\/div>\n\t\t<div class=\"elementor-element elementor-element-225efd7 e-flex e-con-boxed e-con e-parent\" data-id=\"225efd7\" data-element_type=\"container\" data-e-type=\"container\">\n\t\t\t\t\t<div class=\"e-con-inner\">\n\t\t\t\t<div class=\"elementor-element elementor-element-887827d elementor-widget-divider--view-line elementor-widget elementor-widget-divider\" data-id=\"887827d\" data-element_type=\"widget\" data-e-type=\"widget\" data-widget_type=\"divider.default\">\n\t\t\t\t<div class=\"elementor-widget-container\">\n\t\t\t\t\t\t\t<div class=\"elementor-divider\">\n\t\t\t<span class=\"elementor-divider-separator\">\n\t\t\t\t\t\t<\/span>\n\t\t<\/div>\n\t\t\t\t\t\t<\/div>\n\t\t\t\t<\/div>\n\t\t\t\t\t<\/div>\n\t\t\t\t<\/div>\n\t\t<div class=\"elementor-element elementor-element-4b43e20 e-flex e-con-boxed e-con e-parent\" data-id=\"4b43e20\" data-element_type=\"container\" data-e-type=\"container\">\n\t\t\t\t\t<div class=\"e-con-inner\">\n\t\t<div class=\"elementor-element elementor-element-85cdfc8 e-con-full e-flex e-con e-child\" data-id=\"85cdfc8\" data-element_type=\"container\" data-e-type=\"container\">\n\t\t\t\t<div class=\"elementor-element elementor-element-de019bb elementor-widget elementor-widget-call-to-action\" data-id=\"de019bb\" data-element_type=\"widget\" data-e-type=\"widget\" data-widget_type=\"call-to-action.default\">\n\t\t\t\t<div class=\"elementor-widget-container\">\n\t\t\t\t\t \t\t\t\t<\/div>\n\t\t\t\t<\/div>\n\t\t\t\t<\/div>\n\t\t<div class=\"elementor-element elementor-element-7b90d96 e-con-full e-flex e-con e-child\" data-id=\"7b90d96\" data-element_type=\"container\" data-e-type=\"container\">\n\t\t\t\t<div class=\"elementor-element elementor-element-c9b1977 elementor-widget elementor-widget-call-to-action\" data-id=\"c9b1977\" data-element_type=\"widget\" data-e-type=\"widget\" data-widget_type=\"call-to-action.default\">\n\t\t\t\t<div class=\"elementor-widget-container\">\n\t\t\t\t\t \t\t\t\t<\/div>\n\t\t\t\t<\/div>\n\t\t\t\t<\/div>\n\t\t\t\t\t<\/div>\n\t\t\t\t<\/div>\n\t\t<div class=\"elementor-element elementor-element-e6216ce e-flex e-con-boxed e-con e-parent\" data-id=\"e6216ce\" data-element_type=\"container\" data-e-type=\"container\">\n\t\t\t\t\t<div class=\"e-con-inner\">\n\t\t<div class=\"elementor-element elementor-element-78a2013 e-con-full e-flex e-con e-child\" data-id=\"78a2013\" data-element_type=\"container\" data-e-type=\"container\">\n\t\t\t\t<div class=\"elementor-element elementor-element-2c92e16 elementor-widget elementor-widget-call-to-action\" data-id=\"2c92e16\" data-element_type=\"widget\" data-e-type=\"widget\" data-widget_type=\"call-to-action.default\">\n\t\t\t\t<div class=\"elementor-widget-container\">\n\t\t\t\t\t \t\t\t\t<\/div>\n\t\t\t\t<\/div>\n\t\t\t\t<\/div>\n\t\t<div class=\"elementor-element elementor-element-fd183b5 e-con-full e-flex e-con e-child\" data-id=\"fd183b5\" data-element_type=\"container\" data-e-type=\"container\">\n\t\t\t\t<div class=\"elementor-element elementor-element-444f40e elementor-widget elementor-widget-call-to-action\" data-id=\"444f40e\" data-element_type=\"widget\" data-e-type=\"widget\" data-widget_type=\"call-to-action.default\">\n\t\t\t\t<div class=\"elementor-widget-container\">\n\t\t\t\t\t \t\t\t\t<\/div>\n\t\t\t\t<\/div>\n\t\t\t\t<\/div>\n\t\t\t\t\t<\/div>\n\t\t\t\t<\/div>\n\t\t<div class=\"elementor-element elementor-element-508ea51 e-flex e-con-boxed e-con e-parent\" data-id=\"508ea51\" data-element_type=\"container\" data-e-type=\"container\">\n\t\t\t\t\t<div class=\"e-con-inner\">\n\t\t<div class=\"elementor-element elementor-element-1f17052 e-con-full e-flex e-con e-child\" data-id=\"1f17052\" data-element_type=\"container\" data-e-type=\"container\">\n\t\t\t\t<div class=\"elementor-element elementor-element-267636d elementor-widget elementor-widget-call-to-action\" data-id=\"267636d\" data-element_type=\"widget\" data-e-type=\"widget\" data-widget_type=\"call-to-action.default\">\n\t\t\t\t<div class=\"elementor-widget-container\">\n\t\t\t\t\t \t\t\t\t<\/div>\n\t\t\t\t<\/div>\n\t\t\t\t<\/div>\n\t\t<div class=\"elementor-element elementor-element-7bcfbc8 e-con-full e-flex e-con e-child\" data-id=\"7bcfbc8\" data-element_type=\"container\" data-e-type=\"container\">\n\t\t\t\t<div class=\"elementor-element elementor-element-d1390e8 elementor-widget elementor-widget-call-to-action\" data-id=\"d1390e8\" data-element_type=\"widget\" data-e-type=\"widget\" data-widget_type=\"call-to-action.default\">\n\t\t\t\t<div class=\"elementor-widget-container\">\n\t\t\t\t\t \t\t\t\t<\/div>\n\t\t\t\t<\/div>\n\t\t\t\t<\/div>\n\t\t\t\t\t<\/div>\n\t\t\t\t<\/div>\n\t\t<div class=\"elementor-element elementor-element-ea3bb9a e-flex e-con-boxed e-con e-parent\" data-id=\"ea3bb9a\" data-element_type=\"container\" data-e-type=\"container\">\n\t\t\t\t\t<div class=\"e-con-inner\">\n\t\t<div class=\"elementor-element elementor-element-7d503bd e-con-full e-flex e-con e-child\" data-id=\"7d503bd\" data-element_type=\"container\" data-e-type=\"container\">\n\t\t\t\t<div class=\"elementor-element elementor-element-fba5dff elementor-widget elementor-widget-call-to-action\" data-id=\"fba5dff\" data-element_type=\"widget\" data-e-type=\"widget\" data-widget_type=\"call-to-action.default\">\n\t\t\t\t<div class=\"elementor-widget-container\">\n\t\t\t\t\t \t\t\t\t<\/div>\n\t\t\t\t<\/div>\n\t\t\t\t<\/div>\n\t\t<div class=\"elementor-element elementor-element-b1f01c3 e-con-full e-flex e-con e-child\" data-id=\"b1f01c3\" data-element_type=\"container\" data-e-type=\"container\">\n\t\t\t\t<div class=\"elementor-element elementor-element-cc57a02 elementor-widget elementor-widget-call-to-action\" data-id=\"cc57a02\" data-element_type=\"widget\" data-e-type=\"widget\" data-widget_type=\"call-to-action.default\">\n\t\t\t\t<div class=\"elementor-widget-container\">\n\t\t\t\t\t \t\t\t\t<\/div>\n\t\t\t\t<\/div>\n\t\t\t\t<\/div>\n\t\t\t\t\t<\/div>\n\t\t\t\t<\/div>\n\t\t<div class=\"elementor-element elementor-element-2daa776 e-flex e-con-boxed e-con e-parent\" data-id=\"2daa776\" data-element_type=\"container\" data-e-type=\"container\">\n\t\t\t\t\t<div class=\"e-con-inner\">\n\t\t<div class=\"elementor-element elementor-element-efaf160 e-con-full e-flex e-con e-child\" data-id=\"efaf160\" data-element_type=\"container\" data-e-type=\"container\">\n\t\t\t\t<div class=\"elementor-element elementor-element-f9a6e5c elementor-widget elementor-widget-call-to-action\" data-id=\"f9a6e5c\" data-element_type=\"widget\" data-e-type=\"widget\" data-widget_type=\"call-to-action.default\">\n\t\t\t\t<div class=\"elementor-widget-container\">\n\t\t\t\t\t \t\t\t\t<\/div>\n\t\t\t\t<\/div>\n\t\t\t\t<\/div>\n\t\t<div class=\"elementor-element elementor-element-d4dc012 e-con-full e-flex e-con e-child\" data-id=\"d4dc012\" data-element_type=\"container\" data-e-type=\"container\">\n\t\t\t\t<\/div>\n\t\t\t\t\t<\/div>\n\t\t\t\t<\/div>\n\t\t\t\t<\/div>\n\t\t","protected":false},"excerpt":{"rendered":"<p>Hermanos de nuestra Corporaci\u00f3n Nuestro Decano Hermanos Activos Hermanos de Honor Hermanos Medallas Hermanos Pasivos Hermanos desde la Reorganizaci\u00f3n Cofrades Mayores de nuestra Corporaci\u00f3n Hermanos -Testigos- Mayores del Huerto Hermanos -Testigos- Mayores de la Victoria<\/p>\n","protected":false},"author":1,"featured_media":0,"parent":0,"menu_order":0,"comment_status":"closed","ping_status":"closed","template":"page-templates\/template-pagebuilder-full-width.php","meta":{"neve_meta_sidebar":"","neve_meta_container":"","neve_meta_enable_content_width":"on","neve_meta_content_width":100,"neve_meta_title_alignment":"","neve_meta_author_avatar":"","neve_post_elements_order":"","neve_meta_disable_header":"","neve_meta_disable_footer":"","neve_meta_disable_title":"on","footnotes":""},"wf_page_folders":[17],"class_list":["post-449","page","type-page","status-publish","hentry"],"_links":{"self":[{"href":"https:\/\/testigosfalsos.es\/tf\/wp-json\/wp\/v2\/pages\/449","targetHints":{"allow":["GET"]}}],"collection":[{"href":"https:\/\/testigosfalsos.es\/tf\/wp-json\/wp\/v2\/pages"}],"about":[{"href":"https:\/\/testigosfalsos.es\/tf\/wp-json\/wp\/v2\/types\/page"}],"author":[{"embeddable":true,"href":"https:\/\/testigosfalsos.es\/tf\/wp-json\/wp\/v2\/users\/1"}],"replies":[{"embeddable":true,"href":"https:\/\/testigosfalsos.es\/tf\/wp-json\/wp\/v2\/comments?post=449"}],"version-history":[{"count":16,"href":"https:\/\/testigosfalsos.es\/tf\/wp-json\/wp\/v2\/pages\/449\/revisions"}],"predecessor-version":[{"id":8036,"href":"https:\/\/testigosfalsos.es\/tf\/wp-json\/wp\/v2\/pages\/449\/revisions\/8036"}],"wp:attachment":[{"href":"https:\/\/testigosfalsos.es\/tf\/wp-json\/wp\/v2\/media?parent=449"}],"wp:term":[{"taxonomy":"wf_page_folders","embeddable":true,"href":"https:\/\/testigosfalsos.es\/tf\/wp-json\/wp\/v2\/wf_page_folders?post=449"}],"curies":[{"name":"wp","href":"https:\/\/api.w.org\/{rel}","templated":true}]}}