{"id":364,"date":"2025-02-10T19:06:35","date_gmt":"2025-02-10T19:06:35","guid":{"rendered":"https:\/\/testigosfalsos.es\/tf\/?page_id=364"},"modified":"2025-02-10T19:34:12","modified_gmt":"2025-02-10T19:34:12","slug":"directivas-anos-noventa","status":"publish","type":"page","link":"https:\/\/testigosfalsos.es\/tf\/directivas-anos-noventa\/","title":{"rendered":"Directivas a\u00f1os Noventa"},"content":{"rendered":"\t\t<div data-elementor-type=\"wp-page\" data-elementor-id=\"364\" class=\"elementor elementor-364\" data-elementor-post-type=\"page\">\n\t\t\t\t<div class=\"elementor-element elementor-element-55600cb e-flex e-con-boxed e-con e-parent\" data-id=\"55600cb\" data-element_type=\"container\" data-e-type=\"container\">\n\t\t\t\t\t<div class=\"e-con-inner\">\n\t\t\t\t<div class=\"elementor-element elementor-element-c7785ee elementor-widget-divider--view-line elementor-widget elementor-widget-divider\" data-id=\"c7785ee\" data-element_type=\"widget\" data-e-type=\"widget\" data-widget_type=\"divider.default\">\n\t\t\t\t<div class=\"elementor-widget-container\">\n\t\t\t\t\t\t\t<div class=\"elementor-divider\">\n\t\t\t<span class=\"elementor-divider-separator\">\n\t\t\t\t\t\t<\/span>\n\t\t<\/div>\n\t\t\t\t\t\t<\/div>\n\t\t\t\t<\/div>\n\t\t\t\t\t<\/div>\n\t\t\t\t<\/div>\n\t\t<div class=\"elementor-element elementor-element-e8ce051 e-flex e-con-boxed e-con e-parent\" data-id=\"e8ce051\" data-element_type=\"container\" data-e-type=\"container\">\n\t\t\t\t\t<div class=\"e-con-inner\">\n\t\t\t\t<div class=\"elementor-element elementor-element-095bfdc elementor-widget elementor-widget-heading\" data-id=\"095bfdc\" data-element_type=\"widget\" data-e-type=\"widget\" data-widget_type=\"heading.default\">\n\t\t\t\t<div class=\"elementor-widget-container\">\n\t\t\t\t\t<h3 class=\"elementor-heading-title elementor-size-default\">Directivas a\u00f1os Noventa<\/h3>\t\t\t\t<\/div>\n\t\t\t\t<\/div>\n\t\t\t\t\t<\/div>\n\t\t\t\t<\/div>\n\t\t<div class=\"elementor-element elementor-element-225efd7 e-flex e-con-boxed e-con e-parent\" data-id=\"225efd7\" data-element_type=\"container\" data-e-type=\"container\">\n\t\t\t\t\t<div class=\"e-con-inner\">\n\t\t\t\t<div class=\"elementor-element elementor-element-887827d elementor-widget-divider--view-line elementor-widget elementor-widget-divider\" data-id=\"887827d\" data-element_type=\"widget\" data-e-type=\"widget\" data-widget_type=\"divider.default\">\n\t\t\t\t<div class=\"elementor-widget-container\">\n\t\t\t\t\t\t\t<div class=\"elementor-divider\">\n\t\t\t<span class=\"elementor-divider-separator\">\n\t\t\t\t\t\t<\/span>\n\t\t<\/div>\n\t\t\t\t\t\t<\/div>\n\t\t\t\t<\/div>\n\t\t\t\t\t<\/div>\n\t\t\t\t<\/div>\n\t\t<div class=\"elementor-element elementor-element-32090ed e-flex e-con-boxed e-con e-parent\" data-id=\"32090ed\" data-element_type=\"container\" data-e-type=\"container\">\n\t\t\t\t\t<div class=\"e-con-inner\">\n\t\t\t\t<div class=\"elementor-element elementor-element-e950f54 elementor-widget elementor-widget-n-accordion\" data-id=\"e950f54\" data-element_type=\"widget\" data-e-type=\"widget\" data-settings=\"{&quot;default_state&quot;:&quot;expanded&quot;,&quot;max_items_expended&quot;:&quot;one&quot;,&quot;n_accordion_animation_duration&quot;:{&quot;unit&quot;:&quot;ms&quot;,&quot;size&quot;:400,&quot;sizes&quot;:[]}}\" data-widget_type=\"nested-accordion.default\">\n\t\t\t\t<div class=\"elementor-widget-container\">\n\t\t\t\t\t\t\t<div class=\"e-n-accordion\" aria-label=\"Accordion. Open links with Enter or Space, close with Escape, and navigate with Arrow Keys\">\n\t\t\t\t\t\t<details id=\"e-n-accordion-item-2440\" class=\"e-n-accordion-item\" open>\n\t\t\t\t<summary class=\"e-n-accordion-item-title\" data-accordion-index=\"1\" tabindex=\"0\" aria-expanded=\"true\" aria-controls=\"e-n-accordion-item-2440\" >\n\t\t\t\t\t<span class='e-n-accordion-item-title-header'><div class=\"e-n-accordion-item-title-text\"> A\u00f1os 1990-1992 <\/div><\/span>\n\t\t\t\t\t\t\t<span class='e-n-accordion-item-title-icon'>\n\t\t\t<span class='e-opened' ><svg aria-hidden=\"true\" class=\"e-font-icon-svg e-fas-minus\" viewBox=\"0 0 448 512\" xmlns=\"http:\/\/www.w3.org\/2000\/svg\"><path d=\"M416 208H32c-17.67 0-32 14.33-32 32v32c0 17.67 14.33 32 32 32h384c17.67 0 32-14.33 32-32v-32c0-17.67-14.33-32-32-32z\"><\/path><\/svg><\/span>\n\t\t\t<span class='e-closed'><svg aria-hidden=\"true\" class=\"e-font-icon-svg e-fas-plus\" viewBox=\"0 0 448 512\" xmlns=\"http:\/\/www.w3.org\/2000\/svg\"><path d=\"M416 208H272V64c0-17.67-14.33-32-32-32h-32c-17.67 0-32 14.33-32 32v144H32c-17.67 0-32 14.33-32 32v32c0 17.67 14.33 32 32 32h144v144c0 17.67 14.33 32 32 32h32c17.67 0 32-14.33 32-32V304h144c17.67 0 32-14.33 32-32v-32c0-17.67-14.33-32-32-32z\"><\/path><\/svg><\/span>\n\t\t<\/span>\n\n\t\t\t\t\t\t<\/summary>\n\t\t\t\t<div role=\"region\" aria-labelledby=\"e-n-accordion-item-2440\" class=\"elementor-element elementor-element-7d65aba e-con-full e-flex e-con e-child\" data-id=\"7d65aba\" data-element_type=\"container\" data-e-type=\"container\">\n\t\t<div role=\"region\" aria-labelledby=\"e-n-accordion-item-2440\" class=\"elementor-element elementor-element-245c715 e-flex e-con-boxed e-con e-child\" data-id=\"245c715\" data-element_type=\"container\" data-e-type=\"container\">\n\t\t\t\t\t<div class=\"e-con-inner\">\n\t\t\t\t<div class=\"elementor-element elementor-element-e28058d elementor-widget elementor-widget-text-editor\" data-id=\"e28058d\" data-element_type=\"widget\" data-e-type=\"widget\" data-widget_type=\"text-editor.default\">\n\t\t\t\t<div class=\"elementor-widget-container\">\n\t\t\t\t\t\t\t\t\t<table border=\"2\" width=\"96%\" cellspacing=\"5\" cellpadding=\"0\" align=\"center\"><tbody><tr><td colspan=\"2\"><div align=\"center\"><strong>JUNTA DIRECTIVA 3\/5\/90 AL 3\/5\/92<\/strong><\/div><\/td><\/tr><tr><td width=\"41%\"><strong><span class=\"Estilo7\">Presidente:<\/span><\/strong><\/td><td width=\"59%\"><strong>Francisco Castillo Castillo<\/strong><\/td><\/tr><tr><td><strong><span class=\"Estilo7\">Vice-presidente:<\/span><\/strong><\/td><td><strong>Sebastian Dur\u00e1n Dur\u00e1n<\/strong><\/td><\/tr><tr><td><strong><span class=\"Estilo7\">Secretario:<\/span><\/strong><\/td><td><strong>Jer\u00f3nimo Guillen Gil<\/strong><\/td><\/tr><tr><td><strong><span class=\"Estilo7\">Vice-secretario:<\/span><\/strong><\/td><td><strong>Rafael Ru\u00edz Ligero<\/strong><\/td><\/tr><tr><td><strong><span class=\"Estilo7\">Tesorero:<\/span><\/strong><\/td><td><strong>Antonio Castillo Castillo<\/strong><\/td><\/tr><tr><td><strong><span class=\"Estilo7\">Vice-tesorero:<\/span><\/strong><\/td><td>Francisco Alarc\u00f3n Rosales<\/td><\/tr><tr><td><strong><span class=\"Estilo7\">Vocal Cocina:<\/span><\/strong><\/td><td>Juan Solis Ramos<\/td><\/tr><tr><td><strong><span class=\"Estilo7\">Vocal Ropas:<\/span><\/strong><\/td><td>Miguel Rios Garc\u00eda<\/td><\/tr><tr><td><strong><span class=\"Estilo7\">Vocal Despensa:<\/span><\/strong><\/td><td>Jos\u00e9 Manuel Do\u00f1a Cejas<\/td><\/tr><tr><td><strong><span class=\"Estilo7\">Vocal Relaciones P\u00fablicas:<\/span><\/strong><\/td><td>Jos\u00e9 Roldan Dom\u00ednguez<\/td><\/tr><\/tbody><\/table>\t\t\t\t\t\t\t\t<\/div>\n\t\t\t\t<\/div>\n\t\t\t\t\t<\/div>\n\t\t\t\t<\/div>\n\t\t\t\t<\/div>\n\t\t\t\t\t<\/details>\n\t\t\t\t\t\t<details id=\"e-n-accordion-item-2441\" class=\"e-n-accordion-item\" >\n\t\t\t\t<summary class=\"e-n-accordion-item-title\" data-accordion-index=\"2\" tabindex=\"-1\" aria-expanded=\"false\" aria-controls=\"e-n-accordion-item-2441\" >\n\t\t\t\t\t<span class='e-n-accordion-item-title-header'><div class=\"e-n-accordion-item-title-text\"> A\u00f1os 1992-1994 <\/div><\/span>\n\t\t\t\t\t\t\t<span class='e-n-accordion-item-title-icon'>\n\t\t\t<span class='e-opened' ><svg aria-hidden=\"true\" class=\"e-font-icon-svg e-fas-minus\" viewBox=\"0 0 448 512\" xmlns=\"http:\/\/www.w3.org\/2000\/svg\"><path d=\"M416 208H32c-17.67 0-32 14.33-32 32v32c0 17.67 14.33 32 32 32h384c17.67 0 32-14.33 32-32v-32c0-17.67-14.33-32-32-32z\"><\/path><\/svg><\/span>\n\t\t\t<span class='e-closed'><svg aria-hidden=\"true\" class=\"e-font-icon-svg e-fas-plus\" viewBox=\"0 0 448 512\" xmlns=\"http:\/\/www.w3.org\/2000\/svg\"><path d=\"M416 208H272V64c0-17.67-14.33-32-32-32h-32c-17.67 0-32 14.33-32 32v144H32c-17.67 0-32 14.33-32 32v32c0 17.67 14.33 32 32 32h144v144c0 17.67 14.33 32 32 32h32c17.67 0 32-14.33 32-32V304h144c17.67 0 32-14.33 32-32v-32c0-17.67-14.33-32-32-32z\"><\/path><\/svg><\/span>\n\t\t<\/span>\n\n\t\t\t\t\t\t<\/summary>\n\t\t\t\t<div role=\"region\" aria-labelledby=\"e-n-accordion-item-2441\" class=\"elementor-element elementor-element-e7bda8e e-con-full e-flex e-con e-child\" data-id=\"e7bda8e\" data-element_type=\"container\" data-e-type=\"container\">\n\t\t<div role=\"region\" aria-labelledby=\"e-n-accordion-item-2441\" class=\"elementor-element elementor-element-850444f e-flex e-con-boxed e-con e-child\" data-id=\"850444f\" data-element_type=\"container\" data-e-type=\"container\">\n\t\t\t\t\t<div class=\"e-con-inner\">\n\t\t\t\t<div class=\"elementor-element elementor-element-eae0c8c elementor-widget elementor-widget-text-editor\" data-id=\"eae0c8c\" data-element_type=\"widget\" data-e-type=\"widget\" data-widget_type=\"text-editor.default\">\n\t\t\t\t<div class=\"elementor-widget-container\">\n\t\t\t\t\t\t\t\t\t<table border=\"2\" width=\"96%\" cellspacing=\"5\" cellpadding=\"0\" align=\"center\"><tbody><tr><td colspan=\"2\"><div align=\"center\">JUNTA DIRECTIVA 3\/5\/92 AL 3\/5\/94<\/div><\/td><\/tr><tr><td width=\"41%\"><strong><span class=\"Estilo7\">Presidente:<\/span><\/strong><\/td><td width=\"59%\">Francisco Castillo Castillo<\/td><\/tr><tr><td><strong><span class=\"Estilo7\">Vice-presidente:<\/span><\/strong><\/td><td>Sebastian Dur\u00e1n Dur\u00e1n<\/td><\/tr><tr><td><strong><span class=\"Estilo7\">Secretario:<\/span><\/strong><\/td><td>Jer\u00f3nimo Guillen Gil<\/td><\/tr><tr><td><strong><span class=\"Estilo7\">Vice-secretario:<\/span><\/strong><\/td><td>Rafael Ru\u00edz Ligero<\/td><\/tr><tr><td><strong><span class=\"Estilo7\">Tesorero:<\/span><\/strong><\/td><td>Francisco Alarc\u00f3n Rosales<\/td><\/tr><tr><td><strong><span class=\"Estilo7\">Vice-tesorero:<\/span><\/strong><\/td><td>Juan Solis Ramos<\/td><\/tr><tr><td><strong><span class=\"Estilo7\">Vocal Cocina:<\/span><\/strong><\/td><td>Manuel Mart\u00edn Due\u00f1as<\/td><\/tr><tr><td><strong><span class=\"Estilo7\">Vocal Cocina:<\/span><\/strong><\/td><td>Mariano Le\u00f3n Soria<\/td><\/tr><tr><td><strong><span class=\"Estilo7\">Vocal Ropas:<\/span><\/strong><\/td><td>Miguel Rios Garc\u00eda<\/td><\/tr><tr><td><strong><span class=\"Estilo7\">Vocal Mantenimiento:<\/span><\/strong><\/td><td>Jos\u00e9 Parra Cejas<\/td><\/tr><tr><td><strong><span class=\"Estilo7\">Vocal Despensa:<\/span><\/strong><\/td><td>Jos\u00e9 Manuel Do\u00f1a Cejas<\/td><\/tr><tr><td><strong><span class=\"Estilo7\">Vocal Relaciones P\u00fablicas:<\/span><\/strong><\/td><td>Jos\u00e9 Roldan Dom\u00ednguez<\/td><\/tr><tr><td><strong><span class=\"Estilo7\">Vocal Reformas Internas:<\/span><\/strong><\/td><td>Santiago Gil S\u00e1nchez.<\/td><\/tr><\/tbody><\/table>\t\t\t\t\t\t\t\t<\/div>\n\t\t\t\t<\/div>\n\t\t\t\t\t<\/div>\n\t\t\t\t<\/div>\n\t\t\t\t<\/div>\n\t\t\t\t\t<\/details>\n\t\t\t\t\t\t<details id=\"e-n-accordion-item-2442\" class=\"e-n-accordion-item\" >\n\t\t\t\t<summary class=\"e-n-accordion-item-title\" data-accordion-index=\"3\" tabindex=\"-1\" aria-expanded=\"false\" aria-controls=\"e-n-accordion-item-2442\" >\n\t\t\t\t\t<span class='e-n-accordion-item-title-header'><div class=\"e-n-accordion-item-title-text\"> A\u00f1os 1994-1996 <\/div><\/span>\n\t\t\t\t\t\t\t<span class='e-n-accordion-item-title-icon'>\n\t\t\t<span class='e-opened' ><svg aria-hidden=\"true\" class=\"e-font-icon-svg e-fas-minus\" viewBox=\"0 0 448 512\" xmlns=\"http:\/\/www.w3.org\/2000\/svg\"><path d=\"M416 208H32c-17.67 0-32 14.33-32 32v32c0 17.67 14.33 32 32 32h384c17.67 0 32-14.33 32-32v-32c0-17.67-14.33-32-32-32z\"><\/path><\/svg><\/span>\n\t\t\t<span class='e-closed'><svg aria-hidden=\"true\" class=\"e-font-icon-svg e-fas-plus\" viewBox=\"0 0 448 512\" xmlns=\"http:\/\/www.w3.org\/2000\/svg\"><path d=\"M416 208H272V64c0-17.67-14.33-32-32-32h-32c-17.67 0-32 14.33-32 32v144H32c-17.67 0-32 14.33-32 32v32c0 17.67 14.33 32 32 32h144v144c0 17.67 14.33 32 32 32h32c17.67 0 32-14.33 32-32V304h144c17.67 0 32-14.33 32-32v-32c0-17.67-14.33-32-32-32z\"><\/path><\/svg><\/span>\n\t\t<\/span>\n\n\t\t\t\t\t\t<\/summary>\n\t\t\t\t<div role=\"region\" aria-labelledby=\"e-n-accordion-item-2442\" class=\"elementor-element elementor-element-ce9746a e-con-full e-flex e-con e-child\" data-id=\"ce9746a\" data-element_type=\"container\" data-e-type=\"container\">\n\t\t<div role=\"region\" aria-labelledby=\"e-n-accordion-item-2442\" class=\"elementor-element elementor-element-bbcbfb1 e-flex e-con-boxed e-con e-child\" data-id=\"bbcbfb1\" data-element_type=\"container\" data-e-type=\"container\">\n\t\t\t\t\t<div class=\"e-con-inner\">\n\t\t\t\t<div class=\"elementor-element elementor-element-694ff71 elementor-widget elementor-widget-text-editor\" data-id=\"694ff71\" data-element_type=\"widget\" data-e-type=\"widget\" data-widget_type=\"text-editor.default\">\n\t\t\t\t<div class=\"elementor-widget-container\">\n\t\t\t\t\t\t\t\t\t<table border=\"2\" width=\"96%\" cellspacing=\"5\" cellpadding=\"0\" align=\"center\"><tbody><tr><td colspan=\"2\"><div align=\"center\">JUNTA DIRECTIVA 3\/5\/94 AL 3\/5\/96<\/div><\/td><\/tr><tr><td width=\"41%\"><strong><span class=\"Estilo7\">Presidente:<\/span><\/strong><\/td><td width=\"59%\">Jer\u00f3nimo Guillen Gil<\/td><\/tr><tr><td><strong><span class=\"Estilo7\">Vice-presidente:<\/span><\/strong><\/td><td>Antonio Cort\u00e9s Garc\u00eda<\/td><\/tr><tr><td><strong><span class=\"Estilo7\">Secretario:<\/span><\/strong><\/td><td>Rafael Ruiz Ligero<\/td><\/tr><tr><td><strong><span class=\"Estilo7\">Vice-secretario:<\/span><\/strong><\/td><td>Santiago Gil S\u00e1nchez.<\/td><\/tr><tr><td><strong><span class=\"Estilo7\">Tesorero:<\/span><\/strong><\/td><td>Juan Solis Ramos<\/td><\/tr><tr><td><strong><span class=\"Estilo7\">Vice-tesorero:<\/span><\/strong><\/td><td>Francisco Alarc\u00f3n Rosales<\/td><\/tr><tr><td><strong><span class=\"Estilo7\">Vocal Cocina:<\/span><\/strong><\/td><td>Manuel Mart\u00edn Due\u00f1as<\/td><\/tr><tr><td><strong><span class=\"Estilo7\">Vocal Cocina:<\/span><\/strong><\/td><td>Francisco Humanes Ru\u00edz<\/td><\/tr><tr><td><strong><span class=\"Estilo7\">Vocal Ropas:<\/span><\/strong><\/td><td>Jos\u00e9 Parra Cejas<\/td><\/tr><tr><td><strong><span class=\"Estilo7\">Vocal Ropas:<\/span><\/strong><\/td><td>Antonio L\u00f3pez Castillero<\/td><\/tr><tr><td><strong><span class=\"Estilo7\">Vocal Ropas:<\/span><\/strong><\/td><td>Manuel Albal\u00e1 Rivas<\/td><\/tr><tr><td><span class=\"Estilo7\"><strong>Vocal Mantenimiento<\/strong>:<\/span><\/td><td>Manuel Merino Carnerero<\/td><\/tr><tr><td><strong><span class=\"Estilo7\">Vocal Despensa:<\/span><\/strong><\/td><td>Jos\u00e9 Manuel Do\u00f1a Cejas<\/td><\/tr><tr><td><strong><span class=\"Estilo7\">Adjunto presidente :<\/span><\/strong><\/td><td>Jos\u00e9 Roldan Dom\u00ednguez<\/td><\/tr><\/tbody><\/table>\t\t\t\t\t\t\t\t<\/div>\n\t\t\t\t<\/div>\n\t\t\t\t\t<\/div>\n\t\t\t\t<\/div>\n\t\t\t\t<\/div>\n\t\t\t\t\t<\/details>\n\t\t\t\t\t\t<details id=\"e-n-accordion-item-2443\" class=\"e-n-accordion-item\" >\n\t\t\t\t<summary class=\"e-n-accordion-item-title\" data-accordion-index=\"4\" tabindex=\"-1\" aria-expanded=\"false\" aria-controls=\"e-n-accordion-item-2443\" >\n\t\t\t\t\t<span class='e-n-accordion-item-title-header'><div class=\"e-n-accordion-item-title-text\"> A\u00f1os 1996-1998 <\/div><\/span>\n\t\t\t\t\t\t\t<span class='e-n-accordion-item-title-icon'>\n\t\t\t<span class='e-opened' ><svg aria-hidden=\"true\" class=\"e-font-icon-svg e-fas-minus\" viewBox=\"0 0 448 512\" xmlns=\"http:\/\/www.w3.org\/2000\/svg\"><path d=\"M416 208H32c-17.67 0-32 14.33-32 32v32c0 17.67 14.33 32 32 32h384c17.67 0 32-14.33 32-32v-32c0-17.67-14.33-32-32-32z\"><\/path><\/svg><\/span>\n\t\t\t<span class='e-closed'><svg aria-hidden=\"true\" class=\"e-font-icon-svg e-fas-plus\" viewBox=\"0 0 448 512\" xmlns=\"http:\/\/www.w3.org\/2000\/svg\"><path d=\"M416 208H272V64c0-17.67-14.33-32-32-32h-32c-17.67 0-32 14.33-32 32v144H32c-17.67 0-32 14.33-32 32v32c0 17.67 14.33 32 32 32h144v144c0 17.67 14.33 32 32 32h32c17.67 0 32-14.33 32-32V304h144c17.67 0 32-14.33 32-32v-32c0-17.67-14.33-32-32-32z\"><\/path><\/svg><\/span>\n\t\t<\/span>\n\n\t\t\t\t\t\t<\/summary>\n\t\t\t\t<div role=\"region\" aria-labelledby=\"e-n-accordion-item-2443\" class=\"elementor-element elementor-element-d304ddb e-con-full e-flex e-con e-child\" data-id=\"d304ddb\" data-element_type=\"container\" data-e-type=\"container\">\n\t\t<div role=\"region\" aria-labelledby=\"e-n-accordion-item-2443\" class=\"elementor-element elementor-element-e6d7539 e-flex e-con-boxed e-con e-child\" data-id=\"e6d7539\" data-element_type=\"container\" data-e-type=\"container\">\n\t\t\t\t\t<div class=\"e-con-inner\">\n\t\t\t\t<div class=\"elementor-element elementor-element-93957d4 elementor-widget elementor-widget-text-editor\" data-id=\"93957d4\" data-element_type=\"widget\" data-e-type=\"widget\" data-widget_type=\"text-editor.default\">\n\t\t\t\t<div class=\"elementor-widget-container\">\n\t\t\t\t\t\t\t\t\t<table border=\"2\" width=\"96%\" cellspacing=\"5\" cellpadding=\"0\" align=\"center\"><tbody><tr><td colspan=\"2\"><div align=\"center\"><strong>JUNTA DIRECTIVA 3\/5\/96 AL 3\/5\/99<\/strong><\/div><\/td><\/tr><tr><td width=\"41%\"><strong><span class=\"Estilo7\">Presidente:<\/span><\/strong><\/td><td width=\"59%\">Sebastian Dur\u00e1n Dur\u00e1n<\/td><\/tr><tr><td><strong><span class=\"Estilo7\">Vice-presidente:<\/span><\/strong><\/td><td>Jos\u00e9 Antonio Basc\u00f3n Ligero<\/td><\/tr><tr><td><strong><span class=\"Estilo7\">Secretario:<\/span><\/strong><\/td><td>Francisco Castillo Castillo<\/td><\/tr><tr><td><strong><span class=\"Estilo7\">Vice-secretario:<\/span><\/strong><\/td><td>Rafael Ru\u00edz Ligero<\/td><\/tr><tr><td><strong><span class=\"Estilo7\">Tesorero:<\/span><\/strong><\/td><td>Antonio Castillo Castillo<\/td><\/tr><tr><td><strong><span class=\"Estilo7\">Vice-tesorero:<\/span><\/strong><\/td><td>Rafael Merino Carnerero<\/td><\/tr><tr><td><strong><span class=\"Estilo7\">Vocal Cocina:<\/span><\/strong><\/td><td>Manuel Merino Carnerero<\/td><\/tr><tr><td><strong><span class=\"Estilo7\">Vocal Cocina:<\/span><\/strong><\/td><td>Salvador Merino Carnerero<\/td><\/tr><tr><td><strong><span class=\"Estilo7\">Vocal Mantenimiento:<\/span><\/strong><\/td><td>Antonio Cejas Guerrero<\/td><\/tr><tr><td><strong><span class=\"Estilo7\">Vocal Relaciones P\u00fablicas<\/span><\/strong><\/td><td>Jos\u00e9 Parra Cejas<\/td><\/tr><\/tbody><\/table>\t\t\t\t\t\t\t\t<\/div>\n\t\t\t\t<\/div>\n\t\t\t\t\t<\/div>\n\t\t\t\t<\/div>\n\t\t\t\t<\/div>\n\t\t\t\t\t<\/details>\n\t\t\t\t\t\t<details id=\"e-n-accordion-item-2444\" class=\"e-n-accordion-item\" >\n\t\t\t\t<summary class=\"e-n-accordion-item-title\" data-accordion-index=\"5\" tabindex=\"-1\" aria-expanded=\"false\" aria-controls=\"e-n-accordion-item-2444\" >\n\t\t\t\t\t<span class='e-n-accordion-item-title-header'><div class=\"e-n-accordion-item-title-text\"> A\u00f1os 1999 <\/div><\/span>\n\t\t\t\t\t\t\t<span class='e-n-accordion-item-title-icon'>\n\t\t\t<span class='e-opened' ><svg aria-hidden=\"true\" class=\"e-font-icon-svg e-fas-minus\" viewBox=\"0 0 448 512\" xmlns=\"http:\/\/www.w3.org\/2000\/svg\"><path d=\"M416 208H32c-17.67 0-32 14.33-32 32v32c0 17.67 14.33 32 32 32h384c17.67 0 32-14.33 32-32v-32c0-17.67-14.33-32-32-32z\"><\/path><\/svg><\/span>\n\t\t\t<span class='e-closed'><svg aria-hidden=\"true\" class=\"e-font-icon-svg e-fas-plus\" viewBox=\"0 0 448 512\" xmlns=\"http:\/\/www.w3.org\/2000\/svg\"><path d=\"M416 208H272V64c0-17.67-14.33-32-32-32h-32c-17.67 0-32 14.33-32 32v144H32c-17.67 0-32 14.33-32 32v32c0 17.67 14.33 32 32 32h144v144c0 17.67 14.33 32 32 32h32c17.67 0 32-14.33 32-32V304h144c17.67 0 32-14.33 32-32v-32c0-17.67-14.33-32-32-32z\"><\/path><\/svg><\/span>\n\t\t<\/span>\n\n\t\t\t\t\t\t<\/summary>\n\t\t\t\t<div role=\"region\" aria-labelledby=\"e-n-accordion-item-2444\" class=\"elementor-element elementor-element-771cc84 e-con-full e-flex e-con e-child\" data-id=\"771cc84\" data-element_type=\"container\" data-e-type=\"container\">\n\t\t<div role=\"region\" aria-labelledby=\"e-n-accordion-item-2444\" class=\"elementor-element elementor-element-14d57dc e-flex e-con-boxed e-con e-child\" data-id=\"14d57dc\" data-element_type=\"container\" data-e-type=\"container\">\n\t\t\t\t\t<div class=\"e-con-inner\">\n\t\t\t\t<div class=\"elementor-element elementor-element-1f217cf elementor-widget elementor-widget-text-editor\" data-id=\"1f217cf\" data-element_type=\"widget\" data-e-type=\"widget\" data-widget_type=\"text-editor.default\">\n\t\t\t\t<div class=\"elementor-widget-container\">\n\t\t\t\t\t\t\t\t\t<table border=\"2\" width=\"96%\" cellspacing=\"5\" cellpadding=\"0\" align=\"center\"><tbody><tr><td colspan=\"2\"><div align=\"center\"><strong>JUNTA DIRECTIVA 13\/05\/1999<\/strong><\/div><\/td><\/tr><tr><td width=\"41%\"><strong><span class=\"Estilo7\">Presidente:<\/span><\/strong><\/td><td width=\"59%\">Francisco Castillo Castillo<\/td><\/tr><tr><td><span class=\"Estilo7\"><strong>Vice-presidente<\/strong>:<\/span><\/td><td>Manolo Velasco Delgado<\/td><\/tr><tr><td><strong><span class=\"Estilo7\">Secretario:<\/span><\/strong><\/td><td>Jos\u00e9 Antonio Basc\u00f3n Gutierrez<\/td><\/tr><tr><td><strong><span class=\"Estilo7\">Vice-secretario:<\/span><\/strong><\/td><td>Rafael Merino Carnerero<\/td><\/tr><tr><td><strong><span class=\"Estilo7\">Tesorero:<\/span><\/strong><\/td><td>Sebastian Dur\u00e1n Dur\u00e1n<\/td><\/tr><tr><td><strong><span class=\"Estilo7\">Vice-tesorero:(y tambores)<\/span><\/strong><\/td><td>Antonio Castillo Castillo<\/td><\/tr><tr><td><strong><span class=\"Estilo7\">Vocal Cocina:<\/span><\/strong><\/td><td>Manuel Merino Carnerero<\/td><\/tr><tr><td><strong><span class=\"Estilo7\">Vocal Cocina:<\/span><\/strong><\/td><td>Emilio Velasco Jurado<\/td><\/tr><tr><td><strong><span class=\"Estilo7\">Vocal Mantenimiento:<\/span><\/strong><\/td><td>Manolo Merino Carnerero<\/td><\/tr><tr><td><strong><span class=\"Estilo7\">Vocal Relaciones P\u00fablicas:<\/span><\/strong><\/td><td>Jos\u00e9 Roldan Dom\u00ednguez<\/td><\/tr><tr><td height=\"46\"><strong><span class=\"Estilo7\">Adquisiciones Local y Proyectos:<\/span><\/strong><\/td><td>Santiago Gil S\u00e1nchez<\/td><\/tr><tr><td height=\"46\"><strong><span class=\"Estilo7\">Avituallamiento:<\/span><\/strong><\/td><td>Rafael P\u00e9rez Baena<\/td><\/tr><\/tbody><\/table>\t\t\t\t\t\t\t\t<\/div>\n\t\t\t\t<\/div>\n\t\t\t\t\t<\/div>\n\t\t\t\t<\/div>\n\t\t\t\t<\/div>\n\t\t\t\t\t<\/details>\n\t\t\t\t\t<\/div>\n\t\t\t\t\t\t<\/div>\n\t\t\t\t<\/div>\n\t\t\t\t\t<\/div>\n\t\t\t\t<\/div>\n\t\t<div class=\"elementor-element elementor-element-b6f45d1 e-flex e-con-boxed e-con e-parent\" data-id=\"b6f45d1\" data-element_type=\"container\" data-e-type=\"container\">\n\t\t\t\t\t<div class=\"e-con-inner\">\n\t\t\t\t<div class=\"elementor-element elementor-element-e361188 elementor-widget elementor-widget-html\" data-id=\"e361188\" data-element_type=\"widget\" data-e-type=\"widget\" data-widget_type=\"html.default\">\n\t\t\t\t<div class=\"elementor-widget-container\">\n\t\t\t\t\t<script>\r\njQuery(document).ready(function($) {\r\nvar delay = 100; setTimeout(function() {\r\n$('.elementor-tab-title').removeClass('elementor-active');\r\n $('.elementor-tab-content').css('display', 'none'); }, delay);\r\n});\r\n<\/script>\r\n\t\t\t\t<\/div>\n\t\t\t\t<\/div>\n\t\t\t\t\t<\/div>\n\t\t\t\t<\/div>\n\t\t\t\t<\/div>\n\t\t","protected":false},"excerpt":{"rendered":"<p>Directivas a\u00f1os Noventa A\u00f1os 1990-1992 JUNTA DIRECTIVA 3\/5\/90 AL 3\/5\/92 Presidente: Francisco Castillo Castillo Vice-presidente: Sebastian Dur\u00e1n Dur\u00e1n Secretario: Jer\u00f3nimo Guillen Gil Vice-secretario: Rafael Ru\u00edz Ligero Tesorero: Antonio Castillo Castillo Vice-tesorero: Francisco Alarc\u00f3n Rosales Vocal Cocina: Juan Solis Ramos Vocal Ropas: Miguel Rios Garc\u00eda Vocal Despensa: Jos\u00e9 Manuel Do\u00f1a Cejas Vocal Relaciones P\u00fablicas: Jos\u00e9 Roldan&hellip;&nbsp;<a href=\"https:\/\/testigosfalsos.es\/tf\/directivas-anos-noventa\/\" rel=\"bookmark\">Leer m\u00e1s &raquo;<span class=\"screen-reader-text\">Directivas a\u00f1os Noventa<\/span><\/a><\/p>\n","protected":false},"author":1,"featured_media":0,"parent":0,"menu_order":0,"comment_status":"closed","ping_status":"closed","template":"page-templates\/template-pagebuilder-full-width.php","meta":{"neve_meta_sidebar":"","neve_meta_container":"","neve_meta_enable_content_width":"on","neve_meta_content_width":100,"neve_meta_title_alignment":"","neve_meta_author_avatar":"","neve_post_elements_order":"","neve_meta_disable_header":"","neve_meta_disable_footer":"","neve_meta_disable_title":"on","footnotes":""},"wf_page_folders":[14],"class_list":["post-364","page","type-page","status-publish","hentry"],"_links":{"self":[{"href":"https:\/\/testigosfalsos.es\/tf\/wp-json\/wp\/v2\/pages\/364","targetHints":{"allow":["GET"]}}],"collection":[{"href":"https:\/\/testigosfalsos.es\/tf\/wp-json\/wp\/v2\/pages"}],"about":[{"href":"https:\/\/testigosfalsos.es\/tf\/wp-json\/wp\/v2\/types\/page"}],"author":[{"embeddable":true,"href":"https:\/\/testigosfalsos.es\/tf\/wp-json\/wp\/v2\/users\/1"}],"replies":[{"embeddable":true,"href":"https:\/\/testigosfalsos.es\/tf\/wp-json\/wp\/v2\/comments?post=364"}],"version-history":[{"count":22,"href":"https:\/\/testigosfalsos.es\/tf\/wp-json\/wp\/v2\/pages\/364\/revisions"}],"predecessor-version":[{"id":388,"href":"https:\/\/testigosfalsos.es\/tf\/wp-json\/wp\/v2\/pages\/364\/revisions\/388"}],"wp:attachment":[{"href":"https:\/\/testigosfalsos.es\/tf\/wp-json\/wp\/v2\/media?parent=364"}],"wp:term":[{"taxonomy":"wf_page_folders","embeddable":true,"href":"https:\/\/testigosfalsos.es\/tf\/wp-json\/wp\/v2\/wf_page_folders?post=364"}],"curies":[{"name":"wp","href":"https:\/\/api.w.org\/{rel}","templated":true}]}}