{"id":353,"date":"2025-02-10T18:57:56","date_gmt":"2025-02-10T18:57:56","guid":{"rendered":"https:\/\/testigosfalsos.es\/tf\/?page_id=353"},"modified":"2025-02-10T19:05:42","modified_gmt":"2025-02-10T19:05:42","slug":"directivas-anos-ochenta","status":"publish","type":"page","link":"https:\/\/testigosfalsos.es\/tf\/directivas-anos-ochenta\/","title":{"rendered":"Directivas a\u00f1os Ochenta"},"content":{"rendered":"\t\t<div data-elementor-type=\"wp-page\" data-elementor-id=\"353\" class=\"elementor elementor-353\" data-elementor-post-type=\"page\">\n\t\t\t\t<div class=\"elementor-element elementor-element-55600cb e-flex e-con-boxed e-con e-parent\" data-id=\"55600cb\" data-element_type=\"container\" data-e-type=\"container\">\n\t\t\t\t\t<div class=\"e-con-inner\">\n\t\t\t\t<div class=\"elementor-element elementor-element-c7785ee elementor-widget-divider--view-line elementor-widget elementor-widget-divider\" data-id=\"c7785ee\" data-element_type=\"widget\" data-e-type=\"widget\" data-widget_type=\"divider.default\">\n\t\t\t\t<div class=\"elementor-widget-container\">\n\t\t\t\t\t\t\t<div class=\"elementor-divider\">\n\t\t\t<span class=\"elementor-divider-separator\">\n\t\t\t\t\t\t<\/span>\n\t\t<\/div>\n\t\t\t\t\t\t<\/div>\n\t\t\t\t<\/div>\n\t\t\t\t\t<\/div>\n\t\t\t\t<\/div>\n\t\t<div class=\"elementor-element elementor-element-e8ce051 e-flex e-con-boxed e-con e-parent\" data-id=\"e8ce051\" data-element_type=\"container\" data-e-type=\"container\">\n\t\t\t\t\t<div class=\"e-con-inner\">\n\t\t\t\t<div class=\"elementor-element elementor-element-095bfdc elementor-widget elementor-widget-heading\" data-id=\"095bfdc\" data-element_type=\"widget\" data-e-type=\"widget\" data-widget_type=\"heading.default\">\n\t\t\t\t<div class=\"elementor-widget-container\">\n\t\t\t\t\t<h3 class=\"elementor-heading-title elementor-size-default\">Directivas a\u00f1os Ochenta<\/h3>\t\t\t\t<\/div>\n\t\t\t\t<\/div>\n\t\t\t\t\t<\/div>\n\t\t\t\t<\/div>\n\t\t<div class=\"elementor-element elementor-element-225efd7 e-flex e-con-boxed e-con e-parent\" data-id=\"225efd7\" data-element_type=\"container\" data-e-type=\"container\">\n\t\t\t\t\t<div class=\"e-con-inner\">\n\t\t\t\t<div class=\"elementor-element elementor-element-887827d elementor-widget-divider--view-line elementor-widget elementor-widget-divider\" data-id=\"887827d\" data-element_type=\"widget\" data-e-type=\"widget\" data-widget_type=\"divider.default\">\n\t\t\t\t<div class=\"elementor-widget-container\">\n\t\t\t\t\t\t\t<div class=\"elementor-divider\">\n\t\t\t<span class=\"elementor-divider-separator\">\n\t\t\t\t\t\t<\/span>\n\t\t<\/div>\n\t\t\t\t\t\t<\/div>\n\t\t\t\t<\/div>\n\t\t\t\t\t<\/div>\n\t\t\t\t<\/div>\n\t\t<div class=\"elementor-element elementor-element-32090ed e-flex e-con-boxed e-con e-parent\" data-id=\"32090ed\" data-element_type=\"container\" data-e-type=\"container\">\n\t\t\t\t\t<div class=\"e-con-inner\">\n\t\t\t\t<div class=\"elementor-element elementor-element-e950f54 elementor-widget elementor-widget-n-accordion\" data-id=\"e950f54\" data-element_type=\"widget\" data-e-type=\"widget\" data-settings=\"{&quot;default_state&quot;:&quot;expanded&quot;,&quot;max_items_expended&quot;:&quot;one&quot;,&quot;n_accordion_animation_duration&quot;:{&quot;unit&quot;:&quot;ms&quot;,&quot;size&quot;:400,&quot;sizes&quot;:[]}}\" data-widget_type=\"nested-accordion.default\">\n\t\t\t\t<div class=\"elementor-widget-container\">\n\t\t\t\t\t\t\t<div class=\"e-n-accordion\" aria-label=\"Accordion. Open links with Enter or Space, close with Escape, and navigate with Arrow Keys\">\n\t\t\t\t\t\t<details id=\"e-n-accordion-item-2440\" class=\"e-n-accordion-item\" open>\n\t\t\t\t<summary class=\"e-n-accordion-item-title\" data-accordion-index=\"1\" tabindex=\"0\" aria-expanded=\"true\" aria-controls=\"e-n-accordion-item-2440\" >\n\t\t\t\t\t<span class='e-n-accordion-item-title-header'><div class=\"e-n-accordion-item-title-text\"> a\u00f1os 1980-1981 <\/div><\/span>\n\t\t\t\t\t\t\t<span class='e-n-accordion-item-title-icon'>\n\t\t\t<span class='e-opened' ><svg aria-hidden=\"true\" class=\"e-font-icon-svg e-fas-minus\" viewBox=\"0 0 448 512\" xmlns=\"http:\/\/www.w3.org\/2000\/svg\"><path d=\"M416 208H32c-17.67 0-32 14.33-32 32v32c0 17.67 14.33 32 32 32h384c17.67 0 32-14.33 32-32v-32c0-17.67-14.33-32-32-32z\"><\/path><\/svg><\/span>\n\t\t\t<span class='e-closed'><svg aria-hidden=\"true\" class=\"e-font-icon-svg e-fas-plus\" viewBox=\"0 0 448 512\" xmlns=\"http:\/\/www.w3.org\/2000\/svg\"><path d=\"M416 208H272V64c0-17.67-14.33-32-32-32h-32c-17.67 0-32 14.33-32 32v144H32c-17.67 0-32 14.33-32 32v32c0 17.67 14.33 32 32 32h144v144c0 17.67 14.33 32 32 32h32c17.67 0 32-14.33 32-32V304h144c17.67 0 32-14.33 32-32v-32c0-17.67-14.33-32-32-32z\"><\/path><\/svg><\/span>\n\t\t<\/span>\n\n\t\t\t\t\t\t<\/summary>\n\t\t\t\t<div role=\"region\" aria-labelledby=\"e-n-accordion-item-2440\" class=\"elementor-element elementor-element-7d65aba e-con-full e-flex e-con e-child\" data-id=\"7d65aba\" data-element_type=\"container\" data-e-type=\"container\">\n\t\t<div role=\"region\" aria-labelledby=\"e-n-accordion-item-2440\" class=\"elementor-element elementor-element-245c715 e-flex e-con-boxed e-con e-child\" data-id=\"245c715\" data-element_type=\"container\" data-e-type=\"container\">\n\t\t\t\t\t<div class=\"e-con-inner\">\n\t\t\t\t<div class=\"elementor-element elementor-element-e28058d elementor-widget elementor-widget-text-editor\" data-id=\"e28058d\" data-element_type=\"widget\" data-e-type=\"widget\" data-widget_type=\"text-editor.default\">\n\t\t\t\t<div class=\"elementor-widget-container\">\n\t\t\t\t\t\t\t\t\t<table border=\"2\" width=\"93%\" cellspacing=\"5\" cellpadding=\"0\" align=\"center\"><tbody><tr><td colspan=\"2\"><div align=\"center\"><strong>JUNTA DIRECTIVA 3\/5\/80 AL 3\/5\/81<\/strong><\/div><\/td><\/tr><tr><td width=\"41%\"><strong><span class=\"Estilo7\">Presidente:<\/span><\/strong><\/td><td width=\"59%\">Manuel Moreno Moreno<\/td><\/tr><tr><td><strong><span class=\"Estilo7\">Vice-presidente:<\/span><\/strong><\/td><td>Rafael Quero Medina<\/td><\/tr><tr><td><strong><span class=\"Estilo7\">Secretario:<\/span><\/strong><\/td><td>Francisco Castillo Castillo<\/td><\/tr><tr><td><strong><span class=\"Estilo7\">Vice-secretario:<\/span><\/strong><\/td><td>Francisco Almeda Campos<\/td><\/tr><tr><td><strong><span class=\"Estilo7\">Tesorero:<\/span><\/strong><\/td><td>Jos\u00e9 Labrador L\u00f3pez<\/td><\/tr><tr><td><strong><span class=\"Estilo7\">Vice-tesorero:<\/span><\/strong><\/td><td>Antonio Rivas Chac\u00f3n<\/td><\/tr><tr><td><strong><span class=\"Estilo7\">Vocal Despensa<\/span><\/strong><\/td><td>Antonio Mor\u00f3n Aguilar<\/td><\/tr><tr><td><strong><span class=\"Estilo7\">Vocal Despensa:<\/span><\/strong><\/td><td>Nemesio Cerezo P\u00e9rez<\/td><\/tr><tr><td><strong><span class=\"Estilo7\">Vocal Ropas:<\/span><\/strong><\/td><td>Antonio Sebastianes Fern\u00e1ndez<\/td><\/tr><tr><td><strong><span class=\"Estilo7\">Vocal Relaciones P\u00fablicas:<\/span><\/strong><\/td><td>Jos\u00e9 Rold\u00e1n Dom\u00ednguez<\/td><\/tr><\/tbody><\/table>\t\t\t\t\t\t\t\t<\/div>\n\t\t\t\t<\/div>\n\t\t\t\t\t<\/div>\n\t\t\t\t<\/div>\n\t\t\t\t<\/div>\n\t\t\t\t\t<\/details>\n\t\t\t\t\t\t<details id=\"e-n-accordion-item-2441\" class=\"e-n-accordion-item\" >\n\t\t\t\t<summary class=\"e-n-accordion-item-title\" data-accordion-index=\"2\" tabindex=\"-1\" aria-expanded=\"false\" aria-controls=\"e-n-accordion-item-2441\" >\n\t\t\t\t\t<span class='e-n-accordion-item-title-header'><div class=\"e-n-accordion-item-title-text\"> A\u00f1os 1981-1982 <\/div><\/span>\n\t\t\t\t\t\t\t<span class='e-n-accordion-item-title-icon'>\n\t\t\t<span class='e-opened' ><svg aria-hidden=\"true\" class=\"e-font-icon-svg e-fas-minus\" viewBox=\"0 0 448 512\" xmlns=\"http:\/\/www.w3.org\/2000\/svg\"><path d=\"M416 208H32c-17.67 0-32 14.33-32 32v32c0 17.67 14.33 32 32 32h384c17.67 0 32-14.33 32-32v-32c0-17.67-14.33-32-32-32z\"><\/path><\/svg><\/span>\n\t\t\t<span class='e-closed'><svg aria-hidden=\"true\" class=\"e-font-icon-svg e-fas-plus\" viewBox=\"0 0 448 512\" xmlns=\"http:\/\/www.w3.org\/2000\/svg\"><path d=\"M416 208H272V64c0-17.67-14.33-32-32-32h-32c-17.67 0-32 14.33-32 32v144H32c-17.67 0-32 14.33-32 32v32c0 17.67 14.33 32 32 32h144v144c0 17.67 14.33 32 32 32h32c17.67 0 32-14.33 32-32V304h144c17.67 0 32-14.33 32-32v-32c0-17.67-14.33-32-32-32z\"><\/path><\/svg><\/span>\n\t\t<\/span>\n\n\t\t\t\t\t\t<\/summary>\n\t\t\t\t<div role=\"region\" aria-labelledby=\"e-n-accordion-item-2441\" class=\"elementor-element elementor-element-e7bda8e e-con-full e-flex e-con e-child\" data-id=\"e7bda8e\" data-element_type=\"container\" data-e-type=\"container\">\n\t\t<div role=\"region\" aria-labelledby=\"e-n-accordion-item-2441\" class=\"elementor-element elementor-element-850444f e-flex e-con-boxed e-con e-child\" data-id=\"850444f\" data-element_type=\"container\" data-e-type=\"container\">\n\t\t\t\t\t<div class=\"e-con-inner\">\n\t\t\t\t<div class=\"elementor-element elementor-element-eae0c8c elementor-widget elementor-widget-text-editor\" data-id=\"eae0c8c\" data-element_type=\"widget\" data-e-type=\"widget\" data-widget_type=\"text-editor.default\">\n\t\t\t\t<div class=\"elementor-widget-container\">\n\t\t\t\t\t\t\t\t\t<table border=\"2\" width=\"93%\" cellspacing=\"5\" cellpadding=\"0\" align=\"center\"><tbody><tr><td colspan=\"2\"><div align=\"center\"><strong>JUNTA DIRECTIVA 3\/5\/81 AL 3\/5\/82<\/strong><\/div><\/td><\/tr><tr><td width=\"41%\"><strong><span class=\"Estilo7\">Presidente:<\/span><\/strong><\/td><td width=\"59%\">Rafael Quero Amador<\/td><\/tr><tr><td><strong><span class=\"Estilo7\">Vice-presidente:<\/span><\/strong><\/td><td>Manuel Mart\u00edn Due\u00f1as<\/td><\/tr><tr><td><strong><span class=\"Estilo7\">Secretario:<\/span><\/strong><\/td><td>Francisco Castillo Castillo<\/td><\/tr><tr><td><strong><span class=\"Estilo7\">Vice-secretario:<\/span><\/strong><\/td><td>Antonio Rivas Chac\u00f3n<\/td><\/tr><tr><td><strong><span class=\"Estilo7\">Tesorero:<\/span><\/strong><\/td><td>Jos\u00e9 Roldan Dom\u00ednguez<\/td><\/tr><tr><td><strong><span class=\"Estilo7\">Vice-tesorero:<\/span><\/strong><\/td><td>Manuel Velasco Delgado<\/td><\/tr><tr><td><strong><span class=\"Estilo7\">Vocal Despensa<\/span><\/strong><\/td><td>Antonio Mor\u00f3n Aguilar<\/td><\/tr><tr><td><strong><span class=\"Estilo7\">Vocal Despensa:<\/span><\/strong><\/td><td>Nemesio Cerezo P\u00e9rez<\/td><\/tr><tr><td><strong><span class=\"Estilo7\">Vocal Ropas:<\/span><\/strong><\/td><td>Mart\u00edn Ruiz Garc\u00eda de Dionisio<\/td><\/tr><tr><td><strong><span class=\"Estilo7\">Vocal Relaciones P\u00fablicas:<\/span><\/strong><\/td><td>Jer\u00f3nimo Guillen Gil<\/td><\/tr><\/tbody><\/table>\t\t\t\t\t\t\t\t<\/div>\n\t\t\t\t<\/div>\n\t\t\t\t\t<\/div>\n\t\t\t\t<\/div>\n\t\t\t\t<\/div>\n\t\t\t\t\t<\/details>\n\t\t\t\t\t\t<details id=\"e-n-accordion-item-2442\" class=\"e-n-accordion-item\" >\n\t\t\t\t<summary class=\"e-n-accordion-item-title\" data-accordion-index=\"3\" tabindex=\"-1\" aria-expanded=\"false\" aria-controls=\"e-n-accordion-item-2442\" >\n\t\t\t\t\t<span class='e-n-accordion-item-title-header'><div class=\"e-n-accordion-item-title-text\"> A\u00f1os 1982-1984 <\/div><\/span>\n\t\t\t\t\t\t\t<span class='e-n-accordion-item-title-icon'>\n\t\t\t<span class='e-opened' ><svg aria-hidden=\"true\" class=\"e-font-icon-svg e-fas-minus\" viewBox=\"0 0 448 512\" xmlns=\"http:\/\/www.w3.org\/2000\/svg\"><path d=\"M416 208H32c-17.67 0-32 14.33-32 32v32c0 17.67 14.33 32 32 32h384c17.67 0 32-14.33 32-32v-32c0-17.67-14.33-32-32-32z\"><\/path><\/svg><\/span>\n\t\t\t<span class='e-closed'><svg aria-hidden=\"true\" class=\"e-font-icon-svg e-fas-plus\" viewBox=\"0 0 448 512\" xmlns=\"http:\/\/www.w3.org\/2000\/svg\"><path d=\"M416 208H272V64c0-17.67-14.33-32-32-32h-32c-17.67 0-32 14.33-32 32v144H32c-17.67 0-32 14.33-32 32v32c0 17.67 14.33 32 32 32h144v144c0 17.67 14.33 32 32 32h32c17.67 0 32-14.33 32-32V304h144c17.67 0 32-14.33 32-32v-32c0-17.67-14.33-32-32-32z\"><\/path><\/svg><\/span>\n\t\t<\/span>\n\n\t\t\t\t\t\t<\/summary>\n\t\t\t\t<div role=\"region\" aria-labelledby=\"e-n-accordion-item-2442\" class=\"elementor-element elementor-element-ce9746a e-con-full e-flex e-con e-child\" data-id=\"ce9746a\" data-element_type=\"container\" data-e-type=\"container\">\n\t\t<div role=\"region\" aria-labelledby=\"e-n-accordion-item-2442\" class=\"elementor-element elementor-element-bbcbfb1 e-flex e-con-boxed e-con e-child\" data-id=\"bbcbfb1\" data-element_type=\"container\" data-e-type=\"container\">\n\t\t\t\t\t<div class=\"e-con-inner\">\n\t\t\t\t<div class=\"elementor-element elementor-element-694ff71 elementor-widget elementor-widget-text-editor\" data-id=\"694ff71\" data-element_type=\"widget\" data-e-type=\"widget\" data-widget_type=\"text-editor.default\">\n\t\t\t\t<div class=\"elementor-widget-container\">\n\t\t\t\t\t\t\t\t\t<table border=\"2\" width=\"93%\" cellspacing=\"5\" cellpadding=\"0\" align=\"center\"><tbody><tr><td colspan=\"2\"><div align=\"center\"><strong>JUNTA DIRECTIVA 3\/5\/82 AL 3\/5\/84<\/strong><\/div><\/td><\/tr><tr><td width=\"41%\"><strong><span class=\"Estilo7\">Presidente:<\/span><\/strong><\/td><td width=\"59%\">Rafael Quero Medina<\/td><\/tr><tr><td><strong><span class=\"Estilo7\">Vice-presidente:<\/span><\/strong><\/td><td>Antonio Mor\u00f3n Aguilar<\/td><\/tr><tr><td><strong><span class=\"Estilo7\">Secretario:<\/span><\/strong><\/td><td>Jer\u00f3nimo Guillen Gil<\/td><\/tr><tr><td><strong><span class=\"Estilo7\">Vice-secretario:<\/span><\/strong><\/td><td>Antonio Castillo Castillo<\/td><\/tr><tr><td><strong><span class=\"Estilo7\">Tesorero:<\/span><\/strong><\/td><td>Manuel Moreno Moreno<\/td><\/tr><tr><td><strong><span class=\"Estilo7\">Vice-tesorero:<\/span><\/strong><\/td><td>Juan Solis Ramos<\/td><\/tr><tr><td><strong><span class=\"Estilo7\">Vocal Despensa<\/span><\/strong><\/td><td>Manuel Mart\u00edn Due\u00f1as<\/td><\/tr><tr><td><strong><span class=\"Estilo7\">Vocal Ropas:<\/span><\/strong><\/td><td>Antonio Sebastianes Fern\u00e1ndez<\/td><\/tr><tr><td><strong><span class=\"Estilo7\">Vocal Mantenimiento:<\/span><\/strong><\/td><td>Francisco Almeda Campos<\/td><\/tr><tr><td><strong><span class=\"Estilo7\">Vocal Relaciones P\u00fablicas:<\/span><\/strong><\/td><td>Jos\u00e9 Antonio L\u00f3pez Palomo.<\/td><\/tr><\/tbody><\/table><p>\u00a0<\/p>\t\t\t\t\t\t\t\t<\/div>\n\t\t\t\t<\/div>\n\t\t\t\t\t<\/div>\n\t\t\t\t<\/div>\n\t\t\t\t<\/div>\n\t\t\t\t\t<\/details>\n\t\t\t\t\t\t<details id=\"e-n-accordion-item-2443\" class=\"e-n-accordion-item\" >\n\t\t\t\t<summary class=\"e-n-accordion-item-title\" data-accordion-index=\"4\" tabindex=\"-1\" aria-expanded=\"false\" aria-controls=\"e-n-accordion-item-2443\" >\n\t\t\t\t\t<span class='e-n-accordion-item-title-header'><div class=\"e-n-accordion-item-title-text\"> A\u00f1os 1984-1986 <\/div><\/span>\n\t\t\t\t\t\t\t<span class='e-n-accordion-item-title-icon'>\n\t\t\t<span class='e-opened' ><svg aria-hidden=\"true\" class=\"e-font-icon-svg e-fas-minus\" viewBox=\"0 0 448 512\" xmlns=\"http:\/\/www.w3.org\/2000\/svg\"><path d=\"M416 208H32c-17.67 0-32 14.33-32 32v32c0 17.67 14.33 32 32 32h384c17.67 0 32-14.33 32-32v-32c0-17.67-14.33-32-32-32z\"><\/path><\/svg><\/span>\n\t\t\t<span class='e-closed'><svg aria-hidden=\"true\" class=\"e-font-icon-svg e-fas-plus\" viewBox=\"0 0 448 512\" xmlns=\"http:\/\/www.w3.org\/2000\/svg\"><path d=\"M416 208H272V64c0-17.67-14.33-32-32-32h-32c-17.67 0-32 14.33-32 32v144H32c-17.67 0-32 14.33-32 32v32c0 17.67 14.33 32 32 32h144v144c0 17.67 14.33 32 32 32h32c17.67 0 32-14.33 32-32V304h144c17.67 0 32-14.33 32-32v-32c0-17.67-14.33-32-32-32z\"><\/path><\/svg><\/span>\n\t\t<\/span>\n\n\t\t\t\t\t\t<\/summary>\n\t\t\t\t<div role=\"region\" aria-labelledby=\"e-n-accordion-item-2443\" class=\"elementor-element elementor-element-d304ddb e-con-full e-flex e-con e-child\" data-id=\"d304ddb\" data-element_type=\"container\" data-e-type=\"container\">\n\t\t<div role=\"region\" aria-labelledby=\"e-n-accordion-item-2443\" class=\"elementor-element elementor-element-e6d7539 e-flex e-con-boxed e-con e-child\" data-id=\"e6d7539\" data-element_type=\"container\" data-e-type=\"container\">\n\t\t\t\t\t<div class=\"e-con-inner\">\n\t\t\t\t<div class=\"elementor-element elementor-element-93957d4 elementor-widget elementor-widget-text-editor\" data-id=\"93957d4\" data-element_type=\"widget\" data-e-type=\"widget\" data-widget_type=\"text-editor.default\">\n\t\t\t\t<div class=\"elementor-widget-container\">\n\t\t\t\t\t\t\t\t\t<table border=\"2\" width=\"93%\" cellspacing=\"5\" cellpadding=\"0\" align=\"center\"><tbody><tr><td colspan=\"2\"><div align=\"center\"><strong>JUNTA DIRECTIVA 3\/5\/84 AL 3\/5\/86<\/strong><\/div><\/td><\/tr><tr><td width=\"41%\"><strong><span class=\"Estilo7\">Presidente:<\/span><\/strong><\/td><td width=\"59%\">Fernando Gamero Borrego<\/td><\/tr><tr><td><strong><span class=\"Estilo7\">Vice-presidente:<\/span><\/strong><\/td><td>Francisco Gonzalez Cabello<\/td><\/tr><tr><td><strong><span class=\"Estilo7\">Secretario:<\/span><\/strong><\/td><td>Sebastian Dur\u00e1n Dur\u00e1n<\/td><\/tr><tr><td><strong><span class=\"Estilo7\">Tesorero:<\/span><\/strong><\/td><td>Manuel Moreno Moreno<\/td><\/tr><tr><td><strong><span class=\"Estilo7\">Vocal Cocina:<\/span><\/strong><\/td><td>Antonio Castillo Castillo<\/td><\/tr><tr><td><strong><span class=\"Estilo7\">Vocal Despensa:<\/span><\/strong><\/td><td>Juan Ramirez Reyes<\/td><\/tr><tr><td><strong><span class=\"Estilo7\">Vocal Ropas:<\/span><\/strong><\/td><td>Antonio Rivas Chac\u00f3n<\/td><\/tr><tr><td><strong><span class=\"Estilo7\">Vocal Mantenimiento:<\/span><\/strong><\/td><td>Francisco Castillo Castillo<\/td><\/tr><tr><td><strong><span class=\"Estilo7\">Vocal Relaciones P\u00fablicas:<\/span><\/strong><\/td><td>Jos\u00e9 Roldan Dom\u00ednguez.<\/td><\/tr><\/tbody><\/table>\t\t\t\t\t\t\t\t<\/div>\n\t\t\t\t<\/div>\n\t\t\t\t\t<\/div>\n\t\t\t\t<\/div>\n\t\t\t\t<\/div>\n\t\t\t\t\t<\/details>\n\t\t\t\t\t\t<details id=\"e-n-accordion-item-2444\" class=\"e-n-accordion-item\" >\n\t\t\t\t<summary class=\"e-n-accordion-item-title\" data-accordion-index=\"5\" tabindex=\"-1\" aria-expanded=\"false\" aria-controls=\"e-n-accordion-item-2444\" >\n\t\t\t\t\t<span class='e-n-accordion-item-title-header'><div class=\"e-n-accordion-item-title-text\"> A\u00f1os 1986-1988 <\/div><\/span>\n\t\t\t\t\t\t\t<span class='e-n-accordion-item-title-icon'>\n\t\t\t<span class='e-opened' ><svg aria-hidden=\"true\" class=\"e-font-icon-svg e-fas-minus\" viewBox=\"0 0 448 512\" xmlns=\"http:\/\/www.w3.org\/2000\/svg\"><path d=\"M416 208H32c-17.67 0-32 14.33-32 32v32c0 17.67 14.33 32 32 32h384c17.67 0 32-14.33 32-32v-32c0-17.67-14.33-32-32-32z\"><\/path><\/svg><\/span>\n\t\t\t<span class='e-closed'><svg aria-hidden=\"true\" class=\"e-font-icon-svg e-fas-plus\" viewBox=\"0 0 448 512\" xmlns=\"http:\/\/www.w3.org\/2000\/svg\"><path d=\"M416 208H272V64c0-17.67-14.33-32-32-32h-32c-17.67 0-32 14.33-32 32v144H32c-17.67 0-32 14.33-32 32v32c0 17.67 14.33 32 32 32h144v144c0 17.67 14.33 32 32 32h32c17.67 0 32-14.33 32-32V304h144c17.67 0 32-14.33 32-32v-32c0-17.67-14.33-32-32-32z\"><\/path><\/svg><\/span>\n\t\t<\/span>\n\n\t\t\t\t\t\t<\/summary>\n\t\t\t\t<div role=\"region\" aria-labelledby=\"e-n-accordion-item-2444\" class=\"elementor-element elementor-element-771cc84 e-con-full e-flex e-con e-child\" data-id=\"771cc84\" data-element_type=\"container\" data-e-type=\"container\">\n\t\t<div role=\"region\" aria-labelledby=\"e-n-accordion-item-2444\" class=\"elementor-element elementor-element-14d57dc e-flex e-con-boxed e-con e-child\" data-id=\"14d57dc\" data-element_type=\"container\" data-e-type=\"container\">\n\t\t\t\t\t<div class=\"e-con-inner\">\n\t\t\t\t<div class=\"elementor-element elementor-element-1f217cf elementor-widget elementor-widget-text-editor\" data-id=\"1f217cf\" data-element_type=\"widget\" data-e-type=\"widget\" data-widget_type=\"text-editor.default\">\n\t\t\t\t<div class=\"elementor-widget-container\">\n\t\t\t\t\t\t\t\t\t<table border=\"2\" width=\"93%\" cellspacing=\"5\" cellpadding=\"0\" align=\"center\"><tbody><tr><td colspan=\"2\"><div align=\"center\"><strong>JUNTA DIRECTIVA 3\/5\/86 AL 3\/5\/88<\/strong><\/div><\/td><\/tr><tr><td width=\"41%\"><strong><span class=\"Estilo7\">Presidente:<\/span><\/strong><\/td><td width=\"59%\">Fernando Gamero Borrego<\/td><\/tr><tr><td><strong><span class=\"Estilo7\">Vice-presidente:<\/span><\/strong><\/td><td>Francisco Gonzalez Cabello<\/td><\/tr><tr><td><strong><span class=\"Estilo7\">Secretario:<\/span><\/strong><\/td><td>Sebastian Dur\u00e1n Dur\u00e1n<\/td><\/tr><tr><td><strong><span class=\"Estilo7\">Tesorero:<\/span><\/strong><\/td><td>Antonio Castillo Castillo<\/td><\/tr><tr><td><strong><span class=\"Estilo7\">Vocal Cocina:<\/span><\/strong><\/td><td>Juan Ramirez Reyes<\/td><\/tr><tr><td><strong><span class=\"Estilo7\">Vocal Despensa:<\/span><\/strong><\/td><td>Antonio Mor\u00f3n Aguilar<\/td><\/tr><tr><td><strong><span class=\"Estilo7\">Vocal Ropas:<\/span><\/strong><\/td><td>Antonio Rivas Chac\u00f3n<\/td><\/tr><tr><td><strong><span class=\"Estilo7\">Vocal Mantenimiento:<\/span><\/strong><\/td><td>Francisco Castillo Castillo<\/td><\/tr><tr><td><strong><span class=\"Estilo7\">Vocal Relaciones P\u00fablicas:<\/span><\/strong><\/td><td>Jos\u00e9 Roldan Dom\u00ednguez<\/td><\/tr><\/tbody><\/table>\t\t\t\t\t\t\t\t<\/div>\n\t\t\t\t<\/div>\n\t\t\t\t\t<\/div>\n\t\t\t\t<\/div>\n\t\t\t\t<\/div>\n\t\t\t\t\t<\/details>\n\t\t\t\t\t\t<details id=\"e-n-accordion-item-2445\" class=\"e-n-accordion-item\" >\n\t\t\t\t<summary class=\"e-n-accordion-item-title\" data-accordion-index=\"6\" tabindex=\"-1\" aria-expanded=\"false\" aria-controls=\"e-n-accordion-item-2445\" >\n\t\t\t\t\t<span class='e-n-accordion-item-title-header'><div class=\"e-n-accordion-item-title-text\"> A\u00f1os 1988-1990 <\/div><\/span>\n\t\t\t\t\t\t\t<span class='e-n-accordion-item-title-icon'>\n\t\t\t<span class='e-opened' ><svg aria-hidden=\"true\" class=\"e-font-icon-svg e-fas-minus\" viewBox=\"0 0 448 512\" xmlns=\"http:\/\/www.w3.org\/2000\/svg\"><path d=\"M416 208H32c-17.67 0-32 14.33-32 32v32c0 17.67 14.33 32 32 32h384c17.67 0 32-14.33 32-32v-32c0-17.67-14.33-32-32-32z\"><\/path><\/svg><\/span>\n\t\t\t<span class='e-closed'><svg aria-hidden=\"true\" class=\"e-font-icon-svg e-fas-plus\" viewBox=\"0 0 448 512\" xmlns=\"http:\/\/www.w3.org\/2000\/svg\"><path d=\"M416 208H272V64c0-17.67-14.33-32-32-32h-32c-17.67 0-32 14.33-32 32v144H32c-17.67 0-32 14.33-32 32v32c0 17.67 14.33 32 32 32h144v144c0 17.67 14.33 32 32 32h32c17.67 0 32-14.33 32-32V304h144c17.67 0 32-14.33 32-32v-32c0-17.67-14.33-32-32-32z\"><\/path><\/svg><\/span>\n\t\t<\/span>\n\n\t\t\t\t\t\t<\/summary>\n\t\t\t\t<div role=\"region\" aria-labelledby=\"e-n-accordion-item-2445\" class=\"elementor-element elementor-element-1ab664c e-con-full e-flex e-con e-child\" data-id=\"1ab664c\" data-element_type=\"container\" data-e-type=\"container\">\n\t\t<div role=\"region\" aria-labelledby=\"e-n-accordion-item-2445\" class=\"elementor-element elementor-element-1c161ff e-flex e-con-boxed e-con e-child\" data-id=\"1c161ff\" data-element_type=\"container\" data-e-type=\"container\">\n\t\t\t\t\t<div class=\"e-con-inner\">\n\t\t\t\t<div class=\"elementor-element elementor-element-6f7786d elementor-widget elementor-widget-text-editor\" data-id=\"6f7786d\" data-element_type=\"widget\" data-e-type=\"widget\" data-widget_type=\"text-editor.default\">\n\t\t\t\t<div class=\"elementor-widget-container\">\n\t\t\t\t\t\t\t\t\t<table border=\"2\" width=\"93%\" cellspacing=\"5\" cellpadding=\"0\" align=\"center\"><tbody><tr><td colspan=\"2\"><div align=\"center\"><strong>JUNTA DIRECTIVA 3\/5\/89 AL 3\/5\/90<\/strong><\/div><\/td><\/tr><tr><td width=\"41%\"><strong><span class=\"Estilo7\">Presidente:<\/span><\/strong><\/td><td width=\"59%\">Juan Ramirez Reyes<\/td><\/tr><tr><td><strong><span class=\"Estilo7\">Vice-presidente:<\/span><\/strong><\/td><td>Antonio Guerrero Cejas<\/td><\/tr><tr><td><strong><span class=\"Estilo7\">Secretario:<\/span><\/strong><\/td><td>Jer\u00f3nimo Guillen Gil<\/td><\/tr><tr><td><strong><span class=\"Estilo7\">Tesorero:<\/span><\/strong><\/td><td>Antonio Castillo Castillo<\/td><\/tr><tr><td><strong><span class=\"Estilo7\">Vocal Cocina:<\/span><\/strong><\/td><td>Sebastian Dur\u00e1n Dur\u00e1n<\/td><\/tr><tr><td><strong><span class=\"Estilo7\">Vocal Cocina:<\/span><\/strong><\/td><td>Miguel Rios Garc\u00eda.<\/td><\/tr><tr><td><strong><span class=\"Estilo7\">Vocal Ropas:<\/span><\/strong><\/td><td>Manuel Moreno Moreno<\/td><\/tr><tr><td><strong><span class=\"Estilo7\">Vocal Mantenimiento:<\/span><\/strong><\/td><td>Francisco Castillo Castillo<\/td><\/tr><tr><td><strong><span class=\"Estilo7\">Vocal Relaciones P\u00fablicas:<\/span><\/strong><\/td><td>Jos\u00e9 Roldan Dom\u00ednguez.<\/td><\/tr><\/tbody><\/table>\t\t\t\t\t\t\t\t<\/div>\n\t\t\t\t<\/div>\n\t\t\t\t\t<\/div>\n\t\t\t\t<\/div>\n\t\t\t\t<\/div>\n\t\t\t\t\t<\/details>\n\t\t\t\t\t<\/div>\n\t\t\t\t\t\t<\/div>\n\t\t\t\t<\/div>\n\t\t\t\t\t<\/div>\n\t\t\t\t<\/div>\n\t\t\t\t<\/div>\n\t\t","protected":false},"excerpt":{"rendered":"<p>Directivas a\u00f1os Ochenta a\u00f1os 1980-1981 JUNTA DIRECTIVA 3\/5\/80 AL 3\/5\/81 Presidente: Manuel Moreno Moreno Vice-presidente: Rafael Quero Medina Secretario: Francisco Castillo Castillo Vice-secretario: Francisco Almeda Campos Tesorero: Jos\u00e9 Labrador L\u00f3pez Vice-tesorero: Antonio Rivas Chac\u00f3n Vocal Despensa Antonio Mor\u00f3n Aguilar Vocal Despensa: Nemesio Cerezo P\u00e9rez Vocal Ropas: Antonio Sebastianes Fern\u00e1ndez Vocal Relaciones P\u00fablicas: Jos\u00e9 Rold\u00e1n Dom\u00ednguez&hellip;&nbsp;<a href=\"https:\/\/testigosfalsos.es\/tf\/directivas-anos-ochenta\/\" rel=\"bookmark\">Leer m\u00e1s &raquo;<span class=\"screen-reader-text\">Directivas a\u00f1os Ochenta<\/span><\/a><\/p>\n","protected":false},"author":1,"featured_media":0,"parent":0,"menu_order":0,"comment_status":"closed","ping_status":"closed","template":"page-templates\/template-pagebuilder-full-width.php","meta":{"neve_meta_sidebar":"","neve_meta_container":"","neve_meta_enable_content_width":"on","neve_meta_content_width":100,"neve_meta_title_alignment":"","neve_meta_author_avatar":"","neve_post_elements_order":"","neve_meta_disable_header":"","neve_meta_disable_footer":"","neve_meta_disable_title":"on","footnotes":""},"wf_page_folders":[14],"class_list":["post-353","page","type-page","status-publish","hentry"],"_links":{"self":[{"href":"https:\/\/testigosfalsos.es\/tf\/wp-json\/wp\/v2\/pages\/353","targetHints":{"allow":["GET"]}}],"collection":[{"href":"https:\/\/testigosfalsos.es\/tf\/wp-json\/wp\/v2\/pages"}],"about":[{"href":"https:\/\/testigosfalsos.es\/tf\/wp-json\/wp\/v2\/types\/page"}],"author":[{"embeddable":true,"href":"https:\/\/testigosfalsos.es\/tf\/wp-json\/wp\/v2\/users\/1"}],"replies":[{"embeddable":true,"href":"https:\/\/testigosfalsos.es\/tf\/wp-json\/wp\/v2\/comments?post=353"}],"version-history":[{"count":10,"href":"https:\/\/testigosfalsos.es\/tf\/wp-json\/wp\/v2\/pages\/353\/revisions"}],"predecessor-version":[{"id":363,"href":"https:\/\/testigosfalsos.es\/tf\/wp-json\/wp\/v2\/pages\/353\/revisions\/363"}],"wp:attachment":[{"href":"https:\/\/testigosfalsos.es\/tf\/wp-json\/wp\/v2\/media?parent=353"}],"wp:term":[{"taxonomy":"wf_page_folders","embeddable":true,"href":"https:\/\/testigosfalsos.es\/tf\/wp-json\/wp\/v2\/wf_page_folders?post=353"}],"curies":[{"name":"wp","href":"https:\/\/api.w.org\/{rel}","templated":true}]}}