{"id":348,"date":"2025-02-10T18:52:28","date_gmt":"2025-02-10T18:52:28","guid":{"rendered":"https:\/\/testigosfalsos.es\/tf\/?page_id=348"},"modified":"2025-02-10T18:56:48","modified_gmt":"2025-02-10T18:56:48","slug":"directivas-anos-setenta","status":"publish","type":"page","link":"https:\/\/testigosfalsos.es\/tf\/directivas-anos-setenta\/","title":{"rendered":"Directivas a\u00f1os Setenta"},"content":{"rendered":"\t\t<div data-elementor-type=\"wp-page\" data-elementor-id=\"348\" class=\"elementor elementor-348\" data-elementor-post-type=\"page\">\n\t\t\t\t<div class=\"elementor-element elementor-element-55600cb e-flex e-con-boxed e-con e-parent\" data-id=\"55600cb\" data-element_type=\"container\" data-e-type=\"container\">\n\t\t\t\t\t<div class=\"e-con-inner\">\n\t\t\t\t<div class=\"elementor-element elementor-element-c7785ee elementor-widget-divider--view-line elementor-widget elementor-widget-divider\" data-id=\"c7785ee\" data-element_type=\"widget\" data-e-type=\"widget\" data-widget_type=\"divider.default\">\n\t\t\t\t<div class=\"elementor-widget-container\">\n\t\t\t\t\t\t\t<div class=\"elementor-divider\">\n\t\t\t<span class=\"elementor-divider-separator\">\n\t\t\t\t\t\t<\/span>\n\t\t<\/div>\n\t\t\t\t\t\t<\/div>\n\t\t\t\t<\/div>\n\t\t\t\t\t<\/div>\n\t\t\t\t<\/div>\n\t\t<div class=\"elementor-element elementor-element-e8ce051 e-flex e-con-boxed e-con e-parent\" data-id=\"e8ce051\" data-element_type=\"container\" data-e-type=\"container\">\n\t\t\t\t\t<div class=\"e-con-inner\">\n\t\t\t\t<div class=\"elementor-element elementor-element-095bfdc elementor-widget elementor-widget-heading\" data-id=\"095bfdc\" data-element_type=\"widget\" data-e-type=\"widget\" data-widget_type=\"heading.default\">\n\t\t\t\t<div class=\"elementor-widget-container\">\n\t\t\t\t\t<h3 class=\"elementor-heading-title elementor-size-default\">Directivas a\u00f1os Setenta<\/h3>\t\t\t\t<\/div>\n\t\t\t\t<\/div>\n\t\t\t\t\t<\/div>\n\t\t\t\t<\/div>\n\t\t<div class=\"elementor-element elementor-element-225efd7 e-flex e-con-boxed e-con e-parent\" data-id=\"225efd7\" data-element_type=\"container\" data-e-type=\"container\">\n\t\t\t\t\t<div class=\"e-con-inner\">\n\t\t\t\t<div class=\"elementor-element elementor-element-887827d elementor-widget-divider--view-line elementor-widget elementor-widget-divider\" data-id=\"887827d\" data-element_type=\"widget\" data-e-type=\"widget\" data-widget_type=\"divider.default\">\n\t\t\t\t<div class=\"elementor-widget-container\">\n\t\t\t\t\t\t\t<div class=\"elementor-divider\">\n\t\t\t<span class=\"elementor-divider-separator\">\n\t\t\t\t\t\t<\/span>\n\t\t<\/div>\n\t\t\t\t\t\t<\/div>\n\t\t\t\t<\/div>\n\t\t\t\t\t<\/div>\n\t\t\t\t<\/div>\n\t\t<div class=\"elementor-element elementor-element-32090ed e-flex e-con-boxed e-con e-parent\" data-id=\"32090ed\" data-element_type=\"container\" data-e-type=\"container\">\n\t\t\t\t\t<div class=\"e-con-inner\">\n\t\t\t\t<div class=\"elementor-element elementor-element-e950f54 elementor-widget elementor-widget-n-accordion\" data-id=\"e950f54\" data-element_type=\"widget\" data-e-type=\"widget\" data-settings=\"{&quot;default_state&quot;:&quot;expanded&quot;,&quot;max_items_expended&quot;:&quot;one&quot;,&quot;n_accordion_animation_duration&quot;:{&quot;unit&quot;:&quot;ms&quot;,&quot;size&quot;:400,&quot;sizes&quot;:[]}}\" data-widget_type=\"nested-accordion.default\">\n\t\t\t\t<div class=\"elementor-widget-container\">\n\t\t\t\t\t\t\t<div class=\"e-n-accordion\" aria-label=\"Accordion. Open links with Enter or Space, close with Escape, and navigate with Arrow Keys\">\n\t\t\t\t\t\t<details id=\"e-n-accordion-item-2440\" class=\"e-n-accordion-item\" open>\n\t\t\t\t<summary class=\"e-n-accordion-item-title\" data-accordion-index=\"1\" tabindex=\"0\" aria-expanded=\"true\" aria-controls=\"e-n-accordion-item-2440\" >\n\t\t\t\t\t<span class='e-n-accordion-item-title-header'><div class=\"e-n-accordion-item-title-text\"> a\u00f1os 74-76 <\/div><\/span>\n\t\t\t\t\t\t\t<span class='e-n-accordion-item-title-icon'>\n\t\t\t<span class='e-opened' ><svg aria-hidden=\"true\" class=\"e-font-icon-svg e-fas-minus\" viewBox=\"0 0 448 512\" xmlns=\"http:\/\/www.w3.org\/2000\/svg\"><path d=\"M416 208H32c-17.67 0-32 14.33-32 32v32c0 17.67 14.33 32 32 32h384c17.67 0 32-14.33 32-32v-32c0-17.67-14.33-32-32-32z\"><\/path><\/svg><\/span>\n\t\t\t<span class='e-closed'><svg aria-hidden=\"true\" class=\"e-font-icon-svg e-fas-plus\" viewBox=\"0 0 448 512\" xmlns=\"http:\/\/www.w3.org\/2000\/svg\"><path d=\"M416 208H272V64c0-17.67-14.33-32-32-32h-32c-17.67 0-32 14.33-32 32v144H32c-17.67 0-32 14.33-32 32v32c0 17.67 14.33 32 32 32h144v144c0 17.67 14.33 32 32 32h32c17.67 0 32-14.33 32-32V304h144c17.67 0 32-14.33 32-32v-32c0-17.67-14.33-32-32-32z\"><\/path><\/svg><\/span>\n\t\t<\/span>\n\n\t\t\t\t\t\t<\/summary>\n\t\t\t\t<div role=\"region\" aria-labelledby=\"e-n-accordion-item-2440\" class=\"elementor-element elementor-element-7d65aba e-con-full e-flex e-con e-child\" data-id=\"7d65aba\" data-element_type=\"container\" data-e-type=\"container\">\n\t\t<div role=\"region\" aria-labelledby=\"e-n-accordion-item-2440\" class=\"elementor-element elementor-element-245c715 e-flex e-con-boxed e-con e-child\" data-id=\"245c715\" data-element_type=\"container\" data-e-type=\"container\">\n\t\t\t\t\t<div class=\"e-con-inner\">\n\t\t\t\t<div class=\"elementor-element elementor-element-ed84ec8 elementor-widget elementor-widget-text-editor\" data-id=\"ed84ec8\" data-element_type=\"widget\" data-e-type=\"widget\" data-widget_type=\"text-editor.default\">\n\t\t\t\t<div class=\"elementor-widget-container\">\n\t\t\t\t\t\t\t\t\t<table border=\"2\" width=\"93%\" cellspacing=\"5\" cellpadding=\"0\" align=\"center\"><tbody><tr><td colspan=\"2\"><div align=\"center\"><strong>JUNTA DIRECTIVA 3\/5\/74 AL 3\/5\/76<\/strong><\/div><\/td><\/tr><tr><td width=\"41%\"><strong><span class=\"Estilo7\">Presidente:<\/span><\/strong><\/td><td width=\"59%\">Rafael Quero Medina<\/td><\/tr><tr><td><strong><span class=\"Estilo7\">Vice-presidente:<\/span><\/strong><\/td><td>Martin Ru\u00edz Garc\u00eda de Dionisio<\/td><\/tr><tr><td><strong><span class=\"Estilo7\">Secretario:<\/span><\/strong><\/td><td>Francisco Castillo Castillo<\/td><\/tr><tr><td><strong><span class=\"Estilo7\">Vice-secretario:<\/span><\/strong><\/td><td>Jos\u00e9 Labrador L\u00f3pez<\/td><\/tr><tr><td><strong><span class=\"Estilo7\">Tesorero:<\/span><\/strong><\/td><td>Antonio Rivas Chac\u00f3n<\/td><\/tr><tr><td><strong><span class=\"Estilo7\">Vice-tesorero:<\/span><\/strong><\/td><td>Antonio Sebastianes Fern\u00e1ndez<\/td><\/tr><tr><td><strong><span class=\"Estilo7\">Vocales:<\/span><\/strong><\/td><td><table border=\"0\" width=\"100%\"><tbody><tr><td>Manuel Mart\u00edn Due\u00f1as<\/td><\/tr><tr><td>Nemesio Cerezo P\u00e9rez<\/td><\/tr><tr><td>Pascual Garc\u00eda Morales.<\/td><\/tr><\/tbody><\/table><\/td><\/tr><\/tbody><\/table>\t\t\t\t\t\t\t\t<\/div>\n\t\t\t\t<\/div>\n\t\t\t\t\t<\/div>\n\t\t\t\t<\/div>\n\t\t\t\t<\/div>\n\t\t\t\t\t<\/details>\n\t\t\t\t\t\t<details id=\"e-n-accordion-item-2441\" class=\"e-n-accordion-item\" >\n\t\t\t\t<summary class=\"e-n-accordion-item-title\" data-accordion-index=\"2\" tabindex=\"-1\" aria-expanded=\"false\" aria-controls=\"e-n-accordion-item-2441\" >\n\t\t\t\t\t<span class='e-n-accordion-item-title-header'><div class=\"e-n-accordion-item-title-text\"> a\u00f1os 76-78 <\/div><\/span>\n\t\t\t\t\t\t\t<span class='e-n-accordion-item-title-icon'>\n\t\t\t<span class='e-opened' ><svg aria-hidden=\"true\" class=\"e-font-icon-svg e-fas-minus\" viewBox=\"0 0 448 512\" xmlns=\"http:\/\/www.w3.org\/2000\/svg\"><path d=\"M416 208H32c-17.67 0-32 14.33-32 32v32c0 17.67 14.33 32 32 32h384c17.67 0 32-14.33 32-32v-32c0-17.67-14.33-32-32-32z\"><\/path><\/svg><\/span>\n\t\t\t<span class='e-closed'><svg aria-hidden=\"true\" class=\"e-font-icon-svg e-fas-plus\" viewBox=\"0 0 448 512\" xmlns=\"http:\/\/www.w3.org\/2000\/svg\"><path d=\"M416 208H272V64c0-17.67-14.33-32-32-32h-32c-17.67 0-32 14.33-32 32v144H32c-17.67 0-32 14.33-32 32v32c0 17.67 14.33 32 32 32h144v144c0 17.67 14.33 32 32 32h32c17.67 0 32-14.33 32-32V304h144c17.67 0 32-14.33 32-32v-32c0-17.67-14.33-32-32-32z\"><\/path><\/svg><\/span>\n\t\t<\/span>\n\n\t\t\t\t\t\t<\/summary>\n\t\t\t\t<div role=\"region\" aria-labelledby=\"e-n-accordion-item-2441\" class=\"elementor-element elementor-element-e7bda8e e-con-full e-flex e-con e-child\" data-id=\"e7bda8e\" data-element_type=\"container\" data-e-type=\"container\">\n\t\t<div role=\"region\" aria-labelledby=\"e-n-accordion-item-2441\" class=\"elementor-element elementor-element-850444f e-flex e-con-boxed e-con e-child\" data-id=\"850444f\" data-element_type=\"container\" data-e-type=\"container\">\n\t\t\t\t\t<div class=\"e-con-inner\">\n\t\t\t\t<div class=\"elementor-element elementor-element-eae0c8c elementor-widget elementor-widget-text-editor\" data-id=\"eae0c8c\" data-element_type=\"widget\" data-e-type=\"widget\" data-widget_type=\"text-editor.default\">\n\t\t\t\t<div class=\"elementor-widget-container\">\n\t\t\t\t\t\t\t\t\t<table border=\"2\" width=\"93%\" cellspacing=\"5\" cellpadding=\"0\" align=\"center\"><tbody><tr><td colspan=\"2\"><div align=\"center\"><strong>JUNTA DIRECTIVA 3\/5\/76 AL 3\/5\/78<\/strong><\/div><\/td><\/tr><tr><td width=\"41%\"><strong><span class=\"Estilo7\">Presidente:<\/span><\/strong><\/td><td width=\"59%\">Rafael Quero Medina<\/td><\/tr><tr><td><span class=\"Estilo7\"><strong>Vice-presidente<\/strong>:<\/span><\/td><td>Martin Ru\u00edz Garc\u00eda de Dionisio<\/td><\/tr><tr><td><strong><span class=\"Estilo7\">Secretario:<\/span><\/strong><\/td><td>Francisco Castillo Castillo<\/td><\/tr><tr><td><strong><span class=\"Estilo7\">Vice-secretario:<\/span><\/strong><\/td><td>Manuel Mart\u00edn Due\u00f1as<\/td><\/tr><tr><td><strong><span class=\"Estilo7\">Tesorero:<\/span><\/strong><\/td><td>Jos\u00e9 Labrador L\u00f3pez<\/td><\/tr><tr><td><strong><span class=\"Estilo7\">Vice-tesorero:<\/span><\/strong><\/td><td>Antonio Rivas Chac\u00f3n<\/td><\/tr><tr><td><strong><span class=\"Estilo7\">Vocal Despensa<\/span><\/strong><\/td><td>Jos\u00e9 L\u00f3pez Palomo<\/td><\/tr><tr><td><strong><span class=\"Estilo7\">Vocal Despensa:<\/span><\/strong><\/td><td>Antonio Mor\u00f3n Aguilar<\/td><\/tr><tr><td><strong><span class=\"Estilo7\">Vocal Ropas:<\/span><\/strong><\/td><td>Manuel Moreno Moreno<\/td><\/tr><\/tbody><\/table>\t\t\t\t\t\t\t\t<\/div>\n\t\t\t\t<\/div>\n\t\t\t\t\t<\/div>\n\t\t\t\t<\/div>\n\t\t\t\t<\/div>\n\t\t\t\t\t<\/details>\n\t\t\t\t\t\t<details id=\"e-n-accordion-item-2442\" class=\"e-n-accordion-item\" >\n\t\t\t\t<summary class=\"e-n-accordion-item-title\" data-accordion-index=\"3\" tabindex=\"-1\" aria-expanded=\"false\" aria-controls=\"e-n-accordion-item-2442\" >\n\t\t\t\t\t<span class='e-n-accordion-item-title-header'><div class=\"e-n-accordion-item-title-text\"> a\u00f1os 78-80 <\/div><\/span>\n\t\t\t\t\t\t\t<span class='e-n-accordion-item-title-icon'>\n\t\t\t<span class='e-opened' ><svg aria-hidden=\"true\" class=\"e-font-icon-svg e-fas-minus\" viewBox=\"0 0 448 512\" xmlns=\"http:\/\/www.w3.org\/2000\/svg\"><path d=\"M416 208H32c-17.67 0-32 14.33-32 32v32c0 17.67 14.33 32 32 32h384c17.67 0 32-14.33 32-32v-32c0-17.67-14.33-32-32-32z\"><\/path><\/svg><\/span>\n\t\t\t<span class='e-closed'><svg aria-hidden=\"true\" class=\"e-font-icon-svg e-fas-plus\" viewBox=\"0 0 448 512\" xmlns=\"http:\/\/www.w3.org\/2000\/svg\"><path d=\"M416 208H272V64c0-17.67-14.33-32-32-32h-32c-17.67 0-32 14.33-32 32v144H32c-17.67 0-32 14.33-32 32v32c0 17.67 14.33 32 32 32h144v144c0 17.67 14.33 32 32 32h32c17.67 0 32-14.33 32-32V304h144c17.67 0 32-14.33 32-32v-32c0-17.67-14.33-32-32-32z\"><\/path><\/svg><\/span>\n\t\t<\/span>\n\n\t\t\t\t\t\t<\/summary>\n\t\t\t\t<div role=\"region\" aria-labelledby=\"e-n-accordion-item-2442\" class=\"elementor-element elementor-element-ce9746a e-con-full e-flex e-con e-child\" data-id=\"ce9746a\" data-element_type=\"container\" data-e-type=\"container\">\n\t\t<div role=\"region\" aria-labelledby=\"e-n-accordion-item-2442\" class=\"elementor-element elementor-element-bbcbfb1 e-flex e-con-boxed e-con e-child\" data-id=\"bbcbfb1\" data-element_type=\"container\" data-e-type=\"container\">\n\t\t\t\t\t<div class=\"e-con-inner\">\n\t\t\t\t<div class=\"elementor-element elementor-element-694ff71 elementor-widget elementor-widget-text-editor\" data-id=\"694ff71\" data-element_type=\"widget\" data-e-type=\"widget\" data-widget_type=\"text-editor.default\">\n\t\t\t\t<div class=\"elementor-widget-container\">\n\t\t\t\t\t\t\t\t\t<table border=\"2\" width=\"93%\" cellspacing=\"5\" cellpadding=\"0\" align=\"center\"><tbody><tr><td colspan=\"2\"><div align=\"center\"><strong>JUNTA DIRECTIVA 3\/5\/78 AL 3\/5\/80<\/strong><\/div><\/td><\/tr><tr><td width=\"41%\"><strong><span class=\"Estilo7\">Presidente:<\/span><\/strong><\/td><td width=\"59%\">Jos\u00e9 Rold\u00e1n Dom\u00ednguez<\/td><\/tr><tr><td><strong><span class=\"Estilo7\">Vice-presidente:<\/span><\/strong><\/td><td>Antonio Mor\u00f3n Aguilar<\/td><\/tr><tr><td><strong><span class=\"Estilo7\">Secretario:<\/span><\/strong><\/td><td>Francisco Castillo Castillo<\/td><\/tr><tr><td><strong><span class=\"Estilo7\">Vice-secretario:<\/span><\/strong><\/td><td>Mart\u00edn Ru\u00edz Garc\u00eda de Dionisio<\/td><\/tr><tr><td><strong><span class=\"Estilo7\">Tesorero:<\/span><\/strong><\/td><td>Jos\u00e9 Labrador L\u00f3pez<\/td><\/tr><tr><td><strong><span class=\"Estilo7\">Vice-tesorero:<\/span><\/strong><\/td><td>Manuel Moreno Moreno<\/td><\/tr><tr><td><strong><span class=\"Estilo7\">Vocal Despensa<\/span><\/strong><\/td><td>Jos\u00e9 L\u00f3pez Palomo<\/td><\/tr><tr><td><strong><span class=\"Estilo7\">Vocal Despensa:<\/span><\/strong><\/td><td>Antonio Mor\u00f3n Aguilar<\/td><\/tr><tr><td><strong><span class=\"Estilo7\">Vocal Ropas:<\/span><\/strong><\/td><td>Manuel Velasco Delgado<\/td><\/tr><\/tbody><\/table>\t\t\t\t\t\t\t\t<\/div>\n\t\t\t\t<\/div>\n\t\t\t\t\t<\/div>\n\t\t\t\t<\/div>\n\t\t\t\t<\/div>\n\t\t\t\t\t<\/details>\n\t\t\t\t\t<\/div>\n\t\t\t\t\t\t<\/div>\n\t\t\t\t<\/div>\n\t\t\t\t\t<\/div>\n\t\t\t\t<\/div>\n\t\t\t\t<\/div>\n\t\t","protected":false},"excerpt":{"rendered":"<p>Directivas a\u00f1os Setenta a\u00f1os 74-76 JUNTA DIRECTIVA 3\/5\/74 AL 3\/5\/76 Presidente: Rafael Quero Medina Vice-presidente: Martin Ru\u00edz Garc\u00eda de Dionisio Secretario: Francisco Castillo Castillo Vice-secretario: Jos\u00e9 Labrador L\u00f3pez Tesorero: Antonio Rivas Chac\u00f3n Vice-tesorero: Antonio Sebastianes Fern\u00e1ndez Vocales: Manuel Mart\u00edn Due\u00f1as Nemesio Cerezo P\u00e9rez Pascual Garc\u00eda Morales. a\u00f1os 76-78 JUNTA DIRECTIVA 3\/5\/76 AL 3\/5\/78 Presidente: Rafael&hellip;&nbsp;<a href=\"https:\/\/testigosfalsos.es\/tf\/directivas-anos-setenta\/\" rel=\"bookmark\">Leer m\u00e1s &raquo;<span class=\"screen-reader-text\">Directivas a\u00f1os Setenta<\/span><\/a><\/p>\n","protected":false},"author":1,"featured_media":0,"parent":0,"menu_order":0,"comment_status":"closed","ping_status":"closed","template":"page-templates\/template-pagebuilder-full-width.php","meta":{"neve_meta_sidebar":"","neve_meta_container":"","neve_meta_enable_content_width":"on","neve_meta_content_width":100,"neve_meta_title_alignment":"","neve_meta_author_avatar":"","neve_post_elements_order":"","neve_meta_disable_header":"","neve_meta_disable_footer":"","neve_meta_disable_title":"on","footnotes":""},"wf_page_folders":[14],"class_list":["post-348","page","type-page","status-publish","hentry"],"_links":{"self":[{"href":"https:\/\/testigosfalsos.es\/tf\/wp-json\/wp\/v2\/pages\/348","targetHints":{"allow":["GET"]}}],"collection":[{"href":"https:\/\/testigosfalsos.es\/tf\/wp-json\/wp\/v2\/pages"}],"about":[{"href":"https:\/\/testigosfalsos.es\/tf\/wp-json\/wp\/v2\/types\/page"}],"author":[{"embeddable":true,"href":"https:\/\/testigosfalsos.es\/tf\/wp-json\/wp\/v2\/users\/1"}],"replies":[{"embeddable":true,"href":"https:\/\/testigosfalsos.es\/tf\/wp-json\/wp\/v2\/comments?post=348"}],"version-history":[{"count":4,"href":"https:\/\/testigosfalsos.es\/tf\/wp-json\/wp\/v2\/pages\/348\/revisions"}],"predecessor-version":[{"id":352,"href":"https:\/\/testigosfalsos.es\/tf\/wp-json\/wp\/v2\/pages\/348\/revisions\/352"}],"wp:attachment":[{"href":"https:\/\/testigosfalsos.es\/tf\/wp-json\/wp\/v2\/media?parent=348"}],"wp:term":[{"taxonomy":"wf_page_folders","embeddable":true,"href":"https:\/\/testigosfalsos.es\/tf\/wp-json\/wp\/v2\/wf_page_folders?post=348"}],"curies":[{"name":"wp","href":"https:\/\/api.w.org\/{rel}","templated":true}]}}