{"id":323,"date":"2025-02-10T12:39:28","date_gmt":"2025-02-10T12:39:28","guid":{"rendered":"https:\/\/testigosfalsos.es\/tf\/?page_id=323"},"modified":"2025-02-10T12:58:29","modified_gmt":"2025-02-10T12:58:29","slug":"comienzos-emblema","status":"publish","type":"page","link":"https:\/\/testigosfalsos.es\/tf\/comienzos-emblema\/","title":{"rendered":"Comienzos emblema"},"content":{"rendered":"\t\t<div data-elementor-type=\"wp-page\" data-elementor-id=\"323\" class=\"elementor elementor-323\" data-elementor-post-type=\"page\">\n\t\t\t\t<div class=\"elementor-element elementor-element-55600cb e-flex e-con-boxed e-con e-parent\" data-id=\"55600cb\" data-element_type=\"container\" data-e-type=\"container\">\n\t\t\t\t\t<div class=\"e-con-inner\">\n\t\t\t\t<div class=\"elementor-element elementor-element-c7785ee elementor-widget-divider--view-line elementor-widget elementor-widget-divider\" data-id=\"c7785ee\" data-element_type=\"widget\" data-e-type=\"widget\" data-widget_type=\"divider.default\">\n\t\t\t\t<div class=\"elementor-widget-container\">\n\t\t\t\t\t\t\t<div class=\"elementor-divider\">\n\t\t\t<span class=\"elementor-divider-separator\">\n\t\t\t\t\t\t<\/span>\n\t\t<\/div>\n\t\t\t\t\t\t<\/div>\n\t\t\t\t<\/div>\n\t\t\t\t\t<\/div>\n\t\t\t\t<\/div>\n\t\t<div class=\"elementor-element elementor-element-e8ce051 e-flex e-con-boxed e-con e-parent\" data-id=\"e8ce051\" data-element_type=\"container\" data-e-type=\"container\">\n\t\t\t\t\t<div class=\"e-con-inner\">\n\t\t\t\t<div class=\"elementor-element elementor-element-095bfdc elementor-widget elementor-widget-heading\" data-id=\"095bfdc\" data-element_type=\"widget\" data-e-type=\"widget\" data-widget_type=\"heading.default\">\n\t\t\t\t<div class=\"elementor-widget-container\">\n\t\t\t\t\t<h3 class=\"elementor-heading-title elementor-size-default\">Los comienzos de nuestro escudo. Manuel Chac\u00f3n, autor del Oleo de nuestra insignia<\/h3>\t\t\t\t<\/div>\n\t\t\t\t<\/div>\n\t\t\t\t\t<\/div>\n\t\t\t\t<\/div>\n\t\t<div class=\"elementor-element elementor-element-225efd7 e-flex e-con-boxed e-con e-parent\" data-id=\"225efd7\" data-element_type=\"container\" data-e-type=\"container\">\n\t\t\t\t\t<div class=\"e-con-inner\">\n\t\t\t\t<div class=\"elementor-element elementor-element-887827d elementor-widget-divider--view-line elementor-widget elementor-widget-divider\" data-id=\"887827d\" data-element_type=\"widget\" data-e-type=\"widget\" data-widget_type=\"divider.default\">\n\t\t\t\t<div class=\"elementor-widget-container\">\n\t\t\t\t\t\t\t<div class=\"elementor-divider\">\n\t\t\t<span class=\"elementor-divider-separator\">\n\t\t\t\t\t\t<\/span>\n\t\t<\/div>\n\t\t\t\t\t\t<\/div>\n\t\t\t\t<\/div>\n\t\t\t\t\t<\/div>\n\t\t\t\t<\/div>\n\t\t<div class=\"elementor-element elementor-element-2fdf969 e-flex e-con-boxed e-con e-parent\" data-id=\"2fdf969\" data-element_type=\"container\" data-e-type=\"container\">\n\t\t\t\t\t<div class=\"e-con-inner\">\n\t\t\t\t<div class=\"elementor-element elementor-element-aa1234c elementor-widget elementor-widget-text-editor\" data-id=\"aa1234c\" data-element_type=\"widget\" data-e-type=\"widget\" data-widget_type=\"text-editor.default\">\n\t\t\t\t<div class=\"elementor-widget-container\">\n\t\t\t\t\t\t\t\t\t<p>No exist\u00eda insignia que identificara a la Corporaci\u00f3n anterior al a\u00f1o 1974 por lo que a partir de 1975.cuando nos constituimos como Asociaci\u00f3n C\u00edvico Religiosa decidimos dise\u00f1ar el que aqui consta que consistia en un casco romano cruzado por dos lanzas, el Hermano Manuel Martin Due\u00f1as, realiz\u00f3 en su taller de Joyeria artiticos escudos de solapa de oro por encargo de los hermanos.<\/p><p><img fetchpriority=\"high\" decoding=\"async\" class=\"wp-image-295 aligncenter\" src=\"https:\/\/testigosfalsos.es\/tf\/wp-content\/uploads\/2025\/02\/primero.jpg\" alt=\"\" width=\"300\" height=\"238\" \/><\/p><p style=\"text-align: center;\">Primera insignia que identifico a esta Corporaci\u00f3n<\/p><section class=\"elementor-section elementor-top-section elementor-element elementor-element-891b652 elementor-section-boxed elementor-section-height-default elementor-section-height-default\" data-id=\"891b652\" data-element_type=\"section\"><div class=\"elementor-container elementor-column-gap-default\"><div class=\"elementor-row\"><div class=\"elementor-column elementor-col-100 elementor-top-column elementor-element elementor-element-558b9d1\" data-id=\"558b9d1\" data-element_type=\"column\"><div class=\"elementor-column-wrap elementor-element-populated\"><div class=\"elementor-widget-wrap\"><div class=\"elementor-element elementor-element-e3e0c0b elementor-widget elementor-widget-text-editor\" data-id=\"e3e0c0b\" data-element_type=\"widget\" data-settings=\"{&quot;_transform_transition_hover&quot;:{&quot;unit&quot;:&quot;px&quot;,&quot;size&quot;:&quot;&quot;,&quot;sizes&quot;:[]}}\" data-widget_type=\"text-editor.default\"><div class=\"elementor-widget-container\"><div class=\"elementor-text-editor elementor-clearfix\"><p>En Septiembre de 1984, se propone cambiar la insignia de la Corporaci\u00f3n por otra que representara con mas autenticidad el significado de nuestra representaci\u00f3n dentro de la Semana Santa, para ello se encarga un boceto al artista local Antonio Carrillo Castillo, el cual present\u00f3 un gran dibujo a color con un casco romano con rizados plumeros y enfondado con el templo que porta el Testigo n\u00famero uno en los desfiles procesionales, este fu\u00e9 del agrado de todos por lo que desde esta fecha es el escudo oficial de la Corporaci\u00f3n. El Hermano Fernando Gamero Borrego, realiz\u00f3 en su taller de Joyer\u00eda escudos de solapa de oro por encargo de los hermanos.<\/p><p style=\"text-align: center;\"><strong>MANUEL CHACON MELERO, PINTOR PONTANES RESIDENTE EN MADRID,<\/strong><\/p><p style=\"text-align: center;\"><strong>AUTOR DEL OLEO QUE QUE REPRESENTA NUESTRA INSIGNIA<\/strong><\/p><\/div><\/div><\/div><\/div><\/div><\/div><\/div><\/div><\/section><div class=\"mceTemp\">\u00a0<\/div><figure id=\"attachment_327\" aria-describedby=\"caption-attachment-327\" style=\"width: 480px\" class=\"wp-caption aligncenter\"><img decoding=\"async\" class=\"wp-image-327 size-full\" src=\"https:\/\/testigosfalsos.es\/tf\/wp-content\/uploads\/2025\/02\/P1010029.jpg\" alt=\"\" width=\"480\" height=\"640\" srcset=\"https:\/\/testigosfalsos.es\/tf\/wp-content\/uploads\/2025\/02\/P1010029.jpg 480w, https:\/\/testigosfalsos.es\/tf\/wp-content\/uploads\/2025\/02\/P1010029-225x300.jpg 225w\" sizes=\"(max-width: 480px) 100vw, 480px\" \/><figcaption id=\"caption-attachment-327\" class=\"wp-caption-text\">\u00a0<\/figcaption><\/figure><p>Manolo naci\u00f3 en Puente Genil hace 74 a\u00f1os, hombre de espir\u00edtu viajero que llevo a todas partes su coraz\u00f3n manantero.Desde Madrid nos cuenta que:<\/p><p>A finales de los sesenta con apenas quince a\u00f1os salia de mi pueblo camino de Madrid y junto a un bagaje colmado de ilusiones juveniles y a pesar de mi extrema juventud, port\u00e9 en mi coraz\u00f3n la semilla del espiritu manantero, como no podia ser menos en quien se habia sido contagiado de manera indeleble por la Semana Santa Pontanesa.<\/p><p>Hoy desde la distancia miro, y mi pueblo saboreo como un guiso ancestral de aromas inconfundibles. Cada noticia que de all\u00ed me llega me retroalimenta y me impulsa al frecuente retorno y cuando por casualidad la encuentro en lugares tan remotas como Bogot\u00e1, donde la consabida caja pontanensa de carne de membrillo era la caja de caudales de una joven india a la que compr\u00e9 un tambor para mi hijo, o en Nueva York, donde la misma era uno de los protagonistas de una cesta de productos espa\u00f1oles expuesta en el escaparate de un lujoso restaurante, entonces mi orgullo se eleva y mi ritmo cardiaco se desboca.<\/p><p>Desde la distancia sue\u00f1o y mi pueblo imagino vestido de fiesta, lleno de ni\u00f1os, tambores y saetas, t\u00fanicas y rostrillos, y es que llegando la cuaresma nada es lo mismo. Los s\u00edntomas leves se agravan, y en esta madurez que es tiempo de misterio en que la vista se nubla y las ideas se aclaran, los sentimientos puros de la remota infancia florecen con virulencia inusitada, heridos de pasi\u00f3n y turbios de melancol\u00eda, alterando los sentidos y convirtiendo la prosa en verso y el verso en l\u00e1grimas.<\/p><p style=\"text-align: center;\"><strong>Llegando la cuaresma<\/strong><br \/><strong>no estoy para nada,<\/strong><br \/><strong>el trabajo es aburrimiento<\/strong><br \/><strong>y melancol\u00eda el alma,<\/strong><br \/><strong>la distancia destierro<\/strong><br \/><strong>y el pensamiento mananta<\/strong>.<\/p><p>En el Congreso, donde trabajo, todo me parece cambiado, todo me parece distinto. Los Diputados por los pasillos en procesiones paganas me recrean los Romanos pasando la Matallana, y en el Sal\u00f3n de Columnas embeleso mi mirada y me transporto al templo donde el Nazareno tiene su morada.<\/p><p>Las Sesiones del Congreso con los discursos de sus Se\u00f1orias son encierros nocturnos con saetas enlazadas. Por las tardes procesiones y tambi\u00e9n por las ma\u00f1anas, y al alba:<\/p><p style=\"text-align: center;\"><strong>\u00bfal alba? \u00a1ay al alba!.<\/strong><br \/><strong>Al alba, la Diana<\/strong><br \/><strong>que despierta corazones<\/strong><br \/><strong>con su m\u00fasica sagrada,<\/strong><br \/><strong>llenando el desierto de lirios<\/strong><br \/><strong>quemando en los polos en agua.<\/strong><br \/><strong>\u00a1Ay la Diana!.<\/strong><br \/><strong>Ning\u00fan pontan\u00e9s sabe<\/strong><br \/><strong>que cosa es la Diana<\/strong><br \/><strong>si no ha estado muy lejos<\/strong><br \/><strong>un Viernes Santo de ma\u00f1ana.<\/strong><br \/><strong>\u00a1Ay la Diana!<\/strong><\/p>\t\t\t\t\t\t\t\t<\/div>\n\t\t\t\t<\/div>\n\t\t\t\t\t<\/div>\n\t\t\t\t<\/div>\n\t\t\t\t<\/div>\n\t\t","protected":false},"excerpt":{"rendered":"<p>Los comienzos de nuestro escudo. Manuel Chac\u00f3n, autor del Oleo de nuestra insignia No exist\u00eda insignia que identificara a la Corporaci\u00f3n anterior al a\u00f1o 1974 por lo que a partir de 1975.cuando nos constituimos como Asociaci\u00f3n C\u00edvico Religiosa decidimos dise\u00f1ar el que aqui consta que consistia en un casco romano cruzado por dos lanzas, el&hellip;&nbsp;<a href=\"https:\/\/testigosfalsos.es\/tf\/comienzos-emblema\/\" rel=\"bookmark\">Leer m\u00e1s &raquo;<span class=\"screen-reader-text\">Comienzos emblema<\/span><\/a><\/p>\n","protected":false},"author":1,"featured_media":0,"parent":0,"menu_order":0,"comment_status":"closed","ping_status":"closed","template":"page-templates\/template-pagebuilder-full-width.php","meta":{"neve_meta_sidebar":"","neve_meta_container":"","neve_meta_enable_content_width":"on","neve_meta_content_width":100,"neve_meta_title_alignment":"","neve_meta_author_avatar":"","neve_post_elements_order":"","neve_meta_disable_header":"","neve_meta_disable_footer":"","neve_meta_disable_title":"on","footnotes":""},"wf_page_folders":[14],"class_list":["post-323","page","type-page","status-publish","hentry"],"_links":{"self":[{"href":"https:\/\/testigosfalsos.es\/tf\/wp-json\/wp\/v2\/pages\/323","targetHints":{"allow":["GET"]}}],"collection":[{"href":"https:\/\/testigosfalsos.es\/tf\/wp-json\/wp\/v2\/pages"}],"about":[{"href":"https:\/\/testigosfalsos.es\/tf\/wp-json\/wp\/v2\/types\/page"}],"author":[{"embeddable":true,"href":"https:\/\/testigosfalsos.es\/tf\/wp-json\/wp\/v2\/users\/1"}],"replies":[{"embeddable":true,"href":"https:\/\/testigosfalsos.es\/tf\/wp-json\/wp\/v2\/comments?post=323"}],"version-history":[{"count":4,"href":"https:\/\/testigosfalsos.es\/tf\/wp-json\/wp\/v2\/pages\/323\/revisions"}],"predecessor-version":[{"id":330,"href":"https:\/\/testigosfalsos.es\/tf\/wp-json\/wp\/v2\/pages\/323\/revisions\/330"}],"wp:attachment":[{"href":"https:\/\/testigosfalsos.es\/tf\/wp-json\/wp\/v2\/media?parent=323"}],"wp:term":[{"taxonomy":"wf_page_folders","embeddable":true,"href":"https:\/\/testigosfalsos.es\/tf\/wp-json\/wp\/v2\/wf_page_folders?post=323"}],"curies":[{"name":"wp","href":"https:\/\/api.w.org\/{rel}","templated":true}]}}