{"id":318,"date":"2025-02-09T22:33:25","date_gmt":"2025-02-09T22:33:25","guid":{"rendered":"https:\/\/testigosfalsos.es\/tf\/?page_id=318"},"modified":"2025-02-09T22:35:35","modified_gmt":"2025-02-09T22:35:35","slug":"maestros","status":"publish","type":"page","link":"https:\/\/testigosfalsos.es\/tf\/maestros\/","title":{"rendered":"Maestros"},"content":{"rendered":"\t\t<div data-elementor-type=\"wp-page\" data-elementor-id=\"318\" class=\"elementor elementor-318\" data-elementor-post-type=\"page\">\n\t\t\t\t<div class=\"elementor-element elementor-element-55600cb e-flex e-con-boxed e-con e-parent\" data-id=\"55600cb\" data-element_type=\"container\" data-e-type=\"container\">\n\t\t\t\t\t<div class=\"e-con-inner\">\n\t\t\t\t<div class=\"elementor-element elementor-element-c7785ee elementor-widget-divider--view-line elementor-widget elementor-widget-divider\" data-id=\"c7785ee\" data-element_type=\"widget\" data-e-type=\"widget\" data-widget_type=\"divider.default\">\n\t\t\t\t<div class=\"elementor-widget-container\">\n\t\t\t\t\t\t\t<div class=\"elementor-divider\">\n\t\t\t<span class=\"elementor-divider-separator\">\n\t\t\t\t\t\t<\/span>\n\t\t<\/div>\n\t\t\t\t\t\t<\/div>\n\t\t\t\t<\/div>\n\t\t\t\t\t<\/div>\n\t\t\t\t<\/div>\n\t\t<div class=\"elementor-element elementor-element-e8ce051 e-flex e-con-boxed e-con e-parent\" data-id=\"e8ce051\" data-element_type=\"container\" data-e-type=\"container\">\n\t\t\t\t\t<div class=\"e-con-inner\">\n\t\t\t\t<div class=\"elementor-element elementor-element-095bfdc elementor-widget elementor-widget-heading\" data-id=\"095bfdc\" data-element_type=\"widget\" data-e-type=\"widget\" data-widget_type=\"heading.default\">\n\t\t\t\t<div class=\"elementor-widget-container\">\n\t\t\t\t\t<h3 class=\"elementor-heading-title elementor-size-default\">Antonio Rivas Chac\u00f3n, Antonio Sebastianes y Jos\u00e9 Labrador L\u00f3pez.<\/h3>\t\t\t\t<\/div>\n\t\t\t\t<\/div>\n\t\t\t\t\t<\/div>\n\t\t\t\t<\/div>\n\t\t<div class=\"elementor-element elementor-element-225efd7 e-flex e-con-boxed e-con e-parent\" data-id=\"225efd7\" data-element_type=\"container\" data-e-type=\"container\">\n\t\t\t\t\t<div class=\"e-con-inner\">\n\t\t\t\t<div class=\"elementor-element elementor-element-887827d elementor-widget-divider--view-line elementor-widget elementor-widget-divider\" data-id=\"887827d\" data-element_type=\"widget\" data-e-type=\"widget\" data-widget_type=\"divider.default\">\n\t\t\t\t<div class=\"elementor-widget-container\">\n\t\t\t\t\t\t\t<div class=\"elementor-divider\">\n\t\t\t<span class=\"elementor-divider-separator\">\n\t\t\t\t\t\t<\/span>\n\t\t<\/div>\n\t\t\t\t\t\t<\/div>\n\t\t\t\t<\/div>\n\t\t\t\t\t<\/div>\n\t\t\t\t<\/div>\n\t\t<div class=\"elementor-element elementor-element-2fdf969 e-flex e-con-boxed e-con e-parent\" data-id=\"2fdf969\" data-element_type=\"container\" data-e-type=\"container\">\n\t\t\t\t\t<div class=\"e-con-inner\">\n\t\t\t\t<div class=\"elementor-element elementor-element-79f4665 elementor-widget elementor-widget-text-editor\" data-id=\"79f4665\" data-element_type=\"widget\" data-e-type=\"widget\" data-widget_type=\"text-editor.default\">\n\t\t\t\t<div class=\"elementor-widget-container\">\n\t\t\t\t\t\t\t\t\t<p>El d\u00eda 3 de Noviembre de 1984, se le brinda un homenaje a estos tres hermanos por llevar en la Corporaci\u00f3n mas de 25 a\u00f1os activos, el Presidente Fernando Gamero Borrego, hace un extenso, detallado y emotivo an\u00e1lisis, destacando los m\u00e9ritos y cualidades de los homenajeados, realizando un resumen a trav\u00e9s de la historia de la Corporaci\u00f3n, citando tambi\u00e9n a los hombres mas relevantes que han hecho posible hoy la existencia de esta Corporaci\u00f3n. Intervienen, Francisco Gonz\u00e1lez Cabello, Jer\u00f3nimo Guill\u00e9n Gil, Salvador Merino Cabello, Mart\u00edn Ruiz Garc\u00eda de Dionisio y Francisco Castillo Castillo coincidiendo todos en que hemos sido disc\u00edpulos de estos tres maestros que nos han infundido el verdadero sentir de hermandad y amistad. Posteriormente fueron tomando la palabra los tres hermanos por orden de antig\u00fcedad, desarrollando cada uno sus vivencias, y an\u00e9cdotas en el discurrir de sus vidas dentro del Cuartel.<\/p><p><img fetchpriority=\"high\" decoding=\"async\" class=\"wp-image-296 size-full aligncenter\" src=\"https:\/\/testigosfalsos.es\/tf\/wp-content\/uploads\/2025\/02\/HOMENA1.jpg\" alt=\"\" width=\"500\" height=\"321\" srcset=\"https:\/\/testigosfalsos.es\/tf\/wp-content\/uploads\/2025\/02\/HOMENA1.jpg 500w, https:\/\/testigosfalsos.es\/tf\/wp-content\/uploads\/2025\/02\/HOMENA1-300x193.jpg 300w\" sizes=\"(max-width: 500px) 100vw, 500px\" \/><\/p><p>Se encontraba entre nosotros otro miembro mas antiguo que los tres hermanos homenajeados Manuel M\u00e1rquez, no activo en aquel momento, que dirigi\u00e9ndose a ellos los felicit\u00f3 por haber llevado a puerto este resurgir de Los Testigos Falsos.<\/p><p>Seguidamente les fueron entregas Placas conmemorativas y un pergamino cuyo texto dice lo siguiente:<\/p><p><em><strong>Querido Hermano: para dar calor hay que consumirse, parte de tu vida las has gastado entre nosotros, en este momento de tu homenaje queremos hacerte llegar nuestro sincero<\/strong><\/em><em><strong>\u00a0reconocimiento.<\/strong><\/em><\/p><p>El acto continu\u00f3 entonando c\u00e1nticos y cuarteleras mostrando la Corporaci\u00f3n su hermanamiento y exaltaci\u00f3n propia del acto que se realizaba \u00abbellos momentos\u00bb.<\/p>\t\t\t\t\t\t\t\t<\/div>\n\t\t\t\t<\/div>\n\t\t\t\t\t<\/div>\n\t\t\t\t<\/div>\n\t\t\t\t<\/div>\n\t\t","protected":false},"excerpt":{"rendered":"<p>Antonio Rivas Chac\u00f3n, Antonio Sebastianes y Jos\u00e9 Labrador L\u00f3pez. El d\u00eda 3 de Noviembre de 1984, se le brinda un homenaje a estos tres hermanos por llevar en la Corporaci\u00f3n mas de 25 a\u00f1os activos, el Presidente Fernando Gamero Borrego, hace un extenso, detallado y emotivo an\u00e1lisis, destacando los m\u00e9ritos y cualidades de los homenajeados,&hellip;&nbsp;<a href=\"https:\/\/testigosfalsos.es\/tf\/maestros\/\" rel=\"bookmark\">Leer m\u00e1s &raquo;<span class=\"screen-reader-text\">Maestros<\/span><\/a><\/p>\n","protected":false},"author":1,"featured_media":0,"parent":0,"menu_order":0,"comment_status":"closed","ping_status":"closed","template":"page-templates\/template-pagebuilder-full-width.php","meta":{"neve_meta_sidebar":"","neve_meta_container":"","neve_meta_enable_content_width":"on","neve_meta_content_width":100,"neve_meta_title_alignment":"","neve_meta_author_avatar":"","neve_post_elements_order":"","neve_meta_disable_header":"","neve_meta_disable_footer":"","neve_meta_disable_title":"on","footnotes":""},"wf_page_folders":[14],"class_list":["post-318","page","type-page","status-publish","hentry"],"_links":{"self":[{"href":"https:\/\/testigosfalsos.es\/tf\/wp-json\/wp\/v2\/pages\/318","targetHints":{"allow":["GET"]}}],"collection":[{"href":"https:\/\/testigosfalsos.es\/tf\/wp-json\/wp\/v2\/pages"}],"about":[{"href":"https:\/\/testigosfalsos.es\/tf\/wp-json\/wp\/v2\/types\/page"}],"author":[{"embeddable":true,"href":"https:\/\/testigosfalsos.es\/tf\/wp-json\/wp\/v2\/users\/1"}],"replies":[{"embeddable":true,"href":"https:\/\/testigosfalsos.es\/tf\/wp-json\/wp\/v2\/comments?post=318"}],"version-history":[{"count":4,"href":"https:\/\/testigosfalsos.es\/tf\/wp-json\/wp\/v2\/pages\/318\/revisions"}],"predecessor-version":[{"id":322,"href":"https:\/\/testigosfalsos.es\/tf\/wp-json\/wp\/v2\/pages\/318\/revisions\/322"}],"wp:attachment":[{"href":"https:\/\/testigosfalsos.es\/tf\/wp-json\/wp\/v2\/media?parent=318"}],"wp:term":[{"taxonomy":"wf_page_folders","embeddable":true,"href":"https:\/\/testigosfalsos.es\/tf\/wp-json\/wp\/v2\/wf_page_folders?post=318"}],"curies":[{"name":"wp","href":"https:\/\/api.w.org\/{rel}","templated":true}]}}