{"id":310,"date":"2025-02-09T22:26:32","date_gmt":"2025-02-09T22:26:32","guid":{"rendered":"https:\/\/testigosfalsos.es\/tf\/?page_id=310"},"modified":"2025-02-09T22:32:39","modified_gmt":"2025-02-09T22:32:39","slug":"inauguracion-de-nuestro-cuartel","status":"publish","type":"page","link":"https:\/\/testigosfalsos.es\/tf\/inauguracion-de-nuestro-cuartel\/","title":{"rendered":"Inauguraci\u00f3n de nuestro cuartel"},"content":{"rendered":"\t\t<div data-elementor-type=\"wp-page\" data-elementor-id=\"310\" class=\"elementor elementor-310\" data-elementor-post-type=\"page\">\n\t\t\t\t<div class=\"elementor-element elementor-element-55600cb e-flex e-con-boxed e-con e-parent\" data-id=\"55600cb\" data-element_type=\"container\" data-e-type=\"container\">\n\t\t\t\t\t<div class=\"e-con-inner\">\n\t\t\t\t<div class=\"elementor-element elementor-element-c7785ee elementor-widget-divider--view-line elementor-widget elementor-widget-divider\" data-id=\"c7785ee\" data-element_type=\"widget\" data-e-type=\"widget\" data-widget_type=\"divider.default\">\n\t\t\t\t<div class=\"elementor-widget-container\">\n\t\t\t\t\t\t\t<div class=\"elementor-divider\">\n\t\t\t<span class=\"elementor-divider-separator\">\n\t\t\t\t\t\t<\/span>\n\t\t<\/div>\n\t\t\t\t\t\t<\/div>\n\t\t\t\t<\/div>\n\t\t\t\t\t<\/div>\n\t\t\t\t<\/div>\n\t\t<div class=\"elementor-element elementor-element-e8ce051 e-flex e-con-boxed e-con e-parent\" data-id=\"e8ce051\" data-element_type=\"container\" data-e-type=\"container\">\n\t\t\t\t\t<div class=\"e-con-inner\">\n\t\t\t\t<div class=\"elementor-element elementor-element-095bfdc elementor-widget elementor-widget-heading\" data-id=\"095bfdc\" data-element_type=\"widget\" data-e-type=\"widget\" data-widget_type=\"heading.default\">\n\t\t\t\t<div class=\"elementor-widget-container\">\n\t\t\t\t\t<h3 class=\"elementor-heading-title elementor-size-default\">Inauguraci\u00f3n de nuestro cuartel<\/h3>\t\t\t\t<\/div>\n\t\t\t\t<\/div>\n\t\t\t\t\t<\/div>\n\t\t\t\t<\/div>\n\t\t<div class=\"elementor-element elementor-element-225efd7 e-flex e-con-boxed e-con e-parent\" data-id=\"225efd7\" data-element_type=\"container\" data-e-type=\"container\">\n\t\t\t\t\t<div class=\"e-con-inner\">\n\t\t\t\t<div class=\"elementor-element elementor-element-887827d elementor-widget-divider--view-line elementor-widget elementor-widget-divider\" data-id=\"887827d\" data-element_type=\"widget\" data-e-type=\"widget\" data-widget_type=\"divider.default\">\n\t\t\t\t<div class=\"elementor-widget-container\">\n\t\t\t\t\t\t\t<div class=\"elementor-divider\">\n\t\t\t<span class=\"elementor-divider-separator\">\n\t\t\t\t\t\t<\/span>\n\t\t<\/div>\n\t\t\t\t\t\t<\/div>\n\t\t\t\t<\/div>\n\t\t\t\t\t<\/div>\n\t\t\t\t<\/div>\n\t\t<div class=\"elementor-element elementor-element-2fdf969 e-flex e-con-boxed e-con e-parent\" data-id=\"2fdf969\" data-element_type=\"container\" data-e-type=\"container\">\n\t\t\t\t\t<div class=\"e-con-inner\">\n\t\t\t\t<div class=\"elementor-element elementor-element-f3f5ea2 elementor-widget elementor-widget-text-editor\" data-id=\"f3f5ea2\" data-element_type=\"widget\" data-e-type=\"widget\" data-widget_type=\"text-editor.default\">\n\t\t\t\t<div class=\"elementor-widget-container\">\n\t\t\t\t\t\t\t\t\t<p><img fetchpriority=\"high\" decoding=\"async\" class=\"wp-image-297 size-full aligncenter\" src=\"https:\/\/testigosfalsos.es\/tf\/wp-content\/uploads\/2025\/02\/CUARTEL.jpg\" alt=\"\" width=\"379\" height=\"278\" srcset=\"https:\/\/testigosfalsos.es\/tf\/wp-content\/uploads\/2025\/02\/CUARTEL.jpg 379w, https:\/\/testigosfalsos.es\/tf\/wp-content\/uploads\/2025\/02\/CUARTEL-300x220.jpg 300w\" sizes=\"(max-width: 379px) 100vw, 379px\" \/><\/p><p>Nuestro Cuartel qued\u00f3 bendecido el d\u00eda 19 de Marzo de 1976 por el P\u00e1rroco de San Jos\u00e9 D. Manuel Garc\u00eda Prados, asistieron como invitados por la Corporaci\u00f3n D. Miguel Salas Ariza, Alcalde Presidente, D. Antonio Reina Parejo, Presidente de la Agrupaci\u00f3n de Cofrad\u00edas y Corporaciones B\u00edblicas, D. Jos\u00e9 Rivas Carmona, Presidente del Imperio Romano, D. Fernando Gamero Gonz\u00e1lez como miembro mas antiguo de la Corporaci\u00f3n no activo que fue Presidente en el a\u00f1o 1963 \u00aba\u00f1o de la riada\u00bb.<\/p><p><img decoding=\"async\" class=\"wp-image-313 size-full aligncenter\" src=\"https:\/\/testigosfalsos.es\/tf\/wp-content\/uploads\/2025\/02\/MENU.gif\" alt=\"\" width=\"843\" height=\"578\" \/><\/p><p>Los veintiocho hermanos activos en aquel momento estuvieron presentes en el acto as\u00ed como algunos invitados mas hasta el n\u00famero de sesenta. El Presidente Rafael Quero Medina, fue dando la palabra a invitados, comenzando por el Sr. Alcalde el cual resalt\u00f3 la decisi\u00f3n de crear un Cuartel en la parte alta del pueblo hasta ahora el primero que existe. El Presidente de la Agrupaci\u00f3n augur\u00f3 futuro para este grupo de hermanos que han sabido recuperar a esta antigua Corporaci\u00f3n para bien de la Semana Santa.<\/p><section class=\"elementor-section elementor-top-section elementor-element elementor-element-f71dab2 elementor-section-boxed elementor-section-height-default elementor-section-height-default\" data-id=\"f71dab2\" data-element_type=\"section\"><div class=\"elementor-container elementor-column-gap-default\"><div class=\"elementor-row\"><div class=\"elementor-column elementor-col-100 elementor-top-column elementor-element elementor-element-0655342\" data-id=\"0655342\" data-element_type=\"column\"><div class=\"elementor-column-wrap elementor-element-populated\"><div class=\"elementor-widget-wrap\"><div class=\"elementor-element elementor-element-bb56ce9 elementor-widget elementor-widget-text-editor\" data-id=\"bb56ce9\" data-element_type=\"widget\" data-settings=\"{&quot;_transform_transition_hover&quot;:{&quot;unit&quot;:&quot;px&quot;,&quot;size&quot;:&quot;&quot;,&quot;sizes&quot;:[]}}\" data-widget_type=\"text-editor.default\"><div class=\"elementor-widget-container\"><div class=\"elementor-text-editor elementor-clearfix\"><p>El Presidente dirigi\u00f3 sus palabras ofreciendo esta Casa a todos los presentes as\u00ed como a Corporaciones y Cofrad\u00edas dando las gracias a los hermanos por el gran esfuerzo que hab\u00edan hecho para llevar a fin este nuevo cuartel. Juan Ortega Chac\u00f3n, interpret\u00f3 magistralmente las Fiestas de la Puente, de P\u00e9rez Carrascosa, sensibilizando el coraz\u00f3n de todos los presentes. El Hermano decano Antonio Rivas rompi\u00f3 por Cuarteleras con su estilo personal, siendo a acompa\u00f1ado por algunos hermanos e invitados.<\/p><p><img decoding=\"async\" class=\"wp-image-314 size-full aligncenter\" src=\"https:\/\/testigosfalsos.es\/tf\/wp-content\/uploads\/2025\/02\/BENDICION.jpg\" alt=\"\" width=\"379\" height=\"278\" srcset=\"https:\/\/testigosfalsos.es\/tf\/wp-content\/uploads\/2025\/02\/BENDICION.jpg 379w, https:\/\/testigosfalsos.es\/tf\/wp-content\/uploads\/2025\/02\/BENDICION-300x220.jpg 300w\" sizes=\"(max-width: 379px) 100vw, 379px\" \/><\/p><\/div><\/div><\/div><\/div><\/div><\/div><\/div><\/div><\/section><section class=\"elementor-section elementor-top-section elementor-element elementor-element-09a072f elementor-section-boxed elementor-section-height-default elementor-section-height-default\" data-id=\"09a072f\" data-element_type=\"section\"><div class=\"elementor-container elementor-column-gap-default\"><div class=\"elementor-row\"><div class=\"elementor-column elementor-col-100 elementor-top-column elementor-element elementor-element-a736f39\" data-id=\"a736f39\" data-element_type=\"column\"><div class=\"elementor-column-wrap elementor-element-populated\"><div class=\"elementor-widget-wrap\"><div class=\"elementor-element elementor-element-e26f3a9 elementor-widget elementor-widget-text-editor\" data-id=\"e26f3a9\" data-element_type=\"widget\" data-settings=\"{&quot;_transform_transition_hover&quot;:{&quot;unit&quot;:&quot;px&quot;,&quot;size&quot;:&quot;&quot;,&quot;sizes&quot;:[]}}\" data-widget_type=\"text-editor.default\"><div class=\"elementor-widget-container\"><div class=\"elementor-text-editor elementor-clearfix\"><p>Como dato anecd\u00f3tico nuestro cocinero fue Jos\u00e9 P\u00e9rez Gil \u00abperejil\u00bb que por motivos del calendario Semana santero \u00abvigilia\u00bb tuvo que hacer mangas y capirotes para confeccionar el Men\u00fa.<\/p><div><p>El d\u00eda se desarrollo de forma magistral y todos los presentes disfrutaron de grandes momentos que nos llenaron de orgullo a todos los hermanos.<\/p><p><img loading=\"lazy\" decoding=\"async\" class=\"wp-image-312 size-full aligncenter\" src=\"https:\/\/testigosfalsos.es\/tf\/wp-content\/uploads\/2025\/02\/comida.gif\" alt=\"\" width=\"381\" height=\"244\" \/><\/p><\/div><\/div><\/div><\/div><\/div><\/div><\/div><\/div><\/div><\/section>\t\t\t\t\t\t\t\t<\/div>\n\t\t\t\t<\/div>\n\t\t\t\t\t<\/div>\n\t\t\t\t<\/div>\n\t\t\t\t<\/div>\n\t\t","protected":false},"excerpt":{"rendered":"<p>Inauguraci\u00f3n de nuestro cuartel Nuestro Cuartel qued\u00f3 bendecido el d\u00eda 19 de Marzo de 1976 por el P\u00e1rroco de San Jos\u00e9 D. Manuel Garc\u00eda Prados, asistieron como invitados por la Corporaci\u00f3n D. Miguel Salas Ariza, Alcalde Presidente, D. Antonio Reina Parejo, Presidente de la Agrupaci\u00f3n de Cofrad\u00edas y Corporaciones B\u00edblicas, D. Jos\u00e9 Rivas Carmona, Presidente&hellip;&nbsp;<a href=\"https:\/\/testigosfalsos.es\/tf\/inauguracion-de-nuestro-cuartel\/\" rel=\"bookmark\">Leer m\u00e1s &raquo;<span class=\"screen-reader-text\">Inauguraci\u00f3n de nuestro cuartel<\/span><\/a><\/p>\n","protected":false},"author":1,"featured_media":0,"parent":0,"menu_order":0,"comment_status":"closed","ping_status":"closed","template":"page-templates\/template-pagebuilder-full-width.php","meta":{"neve_meta_sidebar":"","neve_meta_container":"","neve_meta_enable_content_width":"on","neve_meta_content_width":100,"neve_meta_title_alignment":"","neve_meta_author_avatar":"","neve_post_elements_order":"","neve_meta_disable_header":"","neve_meta_disable_footer":"","neve_meta_disable_title":"on","footnotes":""},"wf_page_folders":[14],"class_list":["post-310","page","type-page","status-publish","hentry"],"_links":{"self":[{"href":"https:\/\/testigosfalsos.es\/tf\/wp-json\/wp\/v2\/pages\/310","targetHints":{"allow":["GET"]}}],"collection":[{"href":"https:\/\/testigosfalsos.es\/tf\/wp-json\/wp\/v2\/pages"}],"about":[{"href":"https:\/\/testigosfalsos.es\/tf\/wp-json\/wp\/v2\/types\/page"}],"author":[{"embeddable":true,"href":"https:\/\/testigosfalsos.es\/tf\/wp-json\/wp\/v2\/users\/1"}],"replies":[{"embeddable":true,"href":"https:\/\/testigosfalsos.es\/tf\/wp-json\/wp\/v2\/comments?post=310"}],"version-history":[{"count":4,"href":"https:\/\/testigosfalsos.es\/tf\/wp-json\/wp\/v2\/pages\/310\/revisions"}],"predecessor-version":[{"id":317,"href":"https:\/\/testigosfalsos.es\/tf\/wp-json\/wp\/v2\/pages\/310\/revisions\/317"}],"wp:attachment":[{"href":"https:\/\/testigosfalsos.es\/tf\/wp-json\/wp\/v2\/media?parent=310"}],"wp:term":[{"taxonomy":"wf_page_folders","embeddable":true,"href":"https:\/\/testigosfalsos.es\/tf\/wp-json\/wp\/v2\/wf_page_folders?post=310"}],"curies":[{"name":"wp","href":"https:\/\/api.w.org\/{rel}","templated":true}]}}