{"id":304,"date":"2025-02-09T22:19:36","date_gmt":"2025-02-09T22:19:36","guid":{"rendered":"https:\/\/testigosfalsos.es\/tf\/?page_id=304"},"modified":"2025-02-10T12:39:11","modified_gmt":"2025-02-10T12:39:11","slug":"comienzos","status":"publish","type":"page","link":"https:\/\/testigosfalsos.es\/tf\/comienzos\/","title":{"rendered":"Cimientos"},"content":{"rendered":"\t\t<div data-elementor-type=\"wp-page\" data-elementor-id=\"304\" class=\"elementor elementor-304\" data-elementor-post-type=\"page\">\n\t\t\t\t<div class=\"elementor-element elementor-element-55600cb e-flex e-con-boxed e-con e-parent\" data-id=\"55600cb\" data-element_type=\"container\" data-e-type=\"container\">\n\t\t\t\t\t<div class=\"e-con-inner\">\n\t\t\t\t<div class=\"elementor-element elementor-element-c7785ee elementor-widget-divider--view-line elementor-widget elementor-widget-divider\" data-id=\"c7785ee\" data-element_type=\"widget\" data-e-type=\"widget\" data-widget_type=\"divider.default\">\n\t\t\t\t<div class=\"elementor-widget-container\">\n\t\t\t\t\t\t\t<div class=\"elementor-divider\">\n\t\t\t<span class=\"elementor-divider-separator\">\n\t\t\t\t\t\t<\/span>\n\t\t<\/div>\n\t\t\t\t\t\t<\/div>\n\t\t\t\t<\/div>\n\t\t\t\t\t<\/div>\n\t\t\t\t<\/div>\n\t\t<div class=\"elementor-element elementor-element-e8ce051 e-flex e-con-boxed e-con e-parent\" data-id=\"e8ce051\" data-element_type=\"container\" data-e-type=\"container\">\n\t\t\t\t\t<div class=\"e-con-inner\">\n\t\t\t\t<div class=\"elementor-element elementor-element-095bfdc elementor-widget elementor-widget-heading\" data-id=\"095bfdc\" data-element_type=\"widget\" data-e-type=\"widget\" data-widget_type=\"heading.default\">\n\t\t\t\t<div class=\"elementor-widget-container\">\n\t\t\t\t\t<h3 class=\"elementor-heading-title elementor-size-default\">Los Comienzos de la Reorganizaci\u00f3n<\/h3>\t\t\t\t<\/div>\n\t\t\t\t<\/div>\n\t\t\t\t\t<\/div>\n\t\t\t\t<\/div>\n\t\t<div class=\"elementor-element elementor-element-225efd7 e-flex e-con-boxed e-con e-parent\" data-id=\"225efd7\" data-element_type=\"container\" data-e-type=\"container\">\n\t\t\t\t\t<div class=\"e-con-inner\">\n\t\t\t\t<div class=\"elementor-element elementor-element-887827d elementor-widget-divider--view-line elementor-widget elementor-widget-divider\" data-id=\"887827d\" data-element_type=\"widget\" data-e-type=\"widget\" data-widget_type=\"divider.default\">\n\t\t\t\t<div class=\"elementor-widget-container\">\n\t\t\t\t\t\t\t<div class=\"elementor-divider\">\n\t\t\t<span class=\"elementor-divider-separator\">\n\t\t\t\t\t\t<\/span>\n\t\t<\/div>\n\t\t\t\t\t\t<\/div>\n\t\t\t\t<\/div>\n\t\t\t\t\t<\/div>\n\t\t\t\t<\/div>\n\t\t<div class=\"elementor-element elementor-element-2fdf969 e-flex e-con-boxed e-con e-parent\" data-id=\"2fdf969\" data-element_type=\"container\" data-e-type=\"container\">\n\t\t\t\t\t<div class=\"e-con-inner\">\n\t\t\t\t<div class=\"elementor-element elementor-element-79f4665 elementor-widget elementor-widget-text-editor\" data-id=\"79f4665\" data-element_type=\"widget\" data-e-type=\"widget\" data-widget_type=\"text-editor.default\">\n\t\t\t\t<div class=\"elementor-widget-container\">\n\t\t\t\t\t\t\t\t\t<p>\u2026\u2026\u2026\u2026\u2026\u2026. Tras varios a\u00f1os en cuarteles itinerantes (Santa Catalina 18, y en las dependencias de un molino de aceite que exist\u00eda detr\u00e1s de Los Frailes), se adquiri\u00f3 en propiedad una casa en calle Lemoniez, que fue durante muchos a\u00f1os la sede de la Corporaci\u00f3n. Fueron a\u00f1os de \u00abhoras altas\u00bb por el n\u00famero de componentes, si bien la escuadra joven era la que siempre estaba \u00abdando horas extras\u00bb. Por la d\u00e9cada de los sesenta, durante un periodo de unos tres a\u00f1os, convivi\u00f3 con nosotros, en una especie de simbiosis (ellos contaban con la juventud, nosotros con el cuartel), la Corporaci\u00f3n de \u00abEl Deg\u00fcello\u00bb, que se encontraba reorganiz\u00e1ndose con una pl\u00e9yade de j\u00f3venes que apenas llegaban a los 18 a\u00f1os, con el \u00edmpetu propio de la edad, y sobre todo con el deseo de captar y aprender de las corporaciones con solera. Fueron unos a\u00f1os muy positivos para ambas Corporaciones, y particularmente para el que suscribe el comienzo de una entra\u00f1able amistad, que aun perdura, con Miguel Jim\u00e9nez, Pedro Rayo, Pascual Garc\u00eda, Juan Ortega, Ignacio Moret, Fructuoso S\u00e1nchez, Antonio Jurado, Pepe Aires\u2026<\/p><p><img fetchpriority=\"high\" decoding=\"async\" class=\"wp-image-298 size-full aligncenter\" src=\"https:\/\/testigosfalsos.es\/tf\/wp-content\/uploads\/2025\/02\/CONVI2.jpg\" alt=\"\" width=\"500\" height=\"346\" srcset=\"https:\/\/testigosfalsos.es\/tf\/wp-content\/uploads\/2025\/02\/CONVI2.jpg 500w, https:\/\/testigosfalsos.es\/tf\/wp-content\/uploads\/2025\/02\/CONVI2-300x208.jpg 300w\" sizes=\"(max-width: 500px) 100vw, 500px\" \/><\/p><p>Basados en la felicidad de la \u00e9poca que atraves\u00e1bamos, se dej\u00f3 de lado el \u00abbander\u00edn\u00bb, lo que motivo que pasados algunos a\u00f1os, comenzara el declinar de la Corporaci\u00f3n, ya que la edad no perdona, y aparecen las \u00abdolamas\u00bb y por consiguiente la baja del hermano, lleg\u00e1ndose al caso de que quedar s\u00f3lo como hermanos en activo Antonio Rivas, Antonio Sebastianes y el que esto suscribe. Ante la imposibilidad de poder atender los tres solos todo lo que una Corporaci\u00f3n conlleva, y a fin de que \u00abLos Testigos \u00ab no faltasen ning\u00fan a\u00f1o a los desfiles de Semana Santa le eran cedidas las ropas a j\u00f3venes conocidos; pero nuestra intenci\u00f3n, nuestro deseo era encontrar a un grupo de amigos con ganas de constituir una Corporaci\u00f3n. Y de una forma, digamos casual, surgi\u00f3 la Corporaci\u00f3n que ahora conmemora el 25 aniversario.<\/p><p>Eran v\u00edsperas de Cuaresma, y un grupo de amigos que todos los d\u00edas se reun\u00edan para comentar y cambiar impresiones ante una copa de vino en el Bar Los Candiles, situado en los bajos del Hotel Xenil, se quejaban de que ninguno de ellos hab\u00eda pertenecido nunca a una Corporaci\u00f3n de Semana Santa; que siempre hab\u00edan sido espectadores y nunca actores, y acariciaban la idea de incorporarse a una, siempre que fueran todos admitidos, cosa harto dif\u00edcil, pues si alguno era rechazado lo ser\u00edan todos.<\/p><p>El hermano Antonio Rivas, componente del grupo de amigos y animador de la idea, vio llegado el momento del resurgir de \u00abLos Testigos Falsos\u00bb y les plante\u00f3 el dilema de que Corporaci\u00f3n exist\u00eda siempre que ellos quisieran hacerse cargo en firme de ella. Y as\u00ed, de una forma \u00abcasual\u00bb los hermanos Paco Castillo, Nemesio Cerezo, Pascual Garc\u00eda, Manolo Velasco, Antonio Cort\u00e9s, Miguel Arroyo, Francisco Almeda, Mart\u00edn Ruiz, Jos\u00e9 Rold\u00e1n, Rafael Quero, Salvador Merino, Antonio Fern\u00e1ndez \u00abFosforito\u00bb\u2026 se unieron a Antonio Rivas, Antonio Sebastianes, y Pepe Labrador, unos de broma y otros de veras, y fueron la avanzadilla que en tiempo record de una semana nombran Presidente a Rafael Quero para que fuera el responsable de que en la Semana Santa de ese a\u00f1o la Corporaci\u00f3n de \u00abLos Testigos Falsos\u00bb fuera vestida por un nuevo grupo de hermanos.<\/p><p><img decoding=\"async\" class=\"wp-image-306 size-full alignleft\" src=\"https:\/\/testigosfalsos.es\/tf\/wp-content\/uploads\/2025\/02\/CONVI4.jpg\" alt=\"\" width=\"500\" height=\"335\" srcset=\"https:\/\/testigosfalsos.es\/tf\/wp-content\/uploads\/2025\/02\/CONVI4.jpg 500w, https:\/\/testigosfalsos.es\/tf\/wp-content\/uploads\/2025\/02\/CONVI4-300x201.jpg 300w\" sizes=\"(max-width: 500px) 100vw, 500px\" \/>Y lo que comenz\u00f3 como una prueba para comprobar lo que se sent\u00eda al ser actor en la Semana Santa cal\u00f3 tan hondo en todos que se pas\u00f3 a tener cuartel propio que en su \u00e9poca fue uno de los m\u00e1s atrayentes, dejando de lado aquellos cuarteles provisionales s\u00f3lo para la cuaresma; se supera la dif\u00edcil asignatura del \u00absaber estar en una Corporaci\u00f3n\u00bb, se incorporan nuevos hermanos, se renueva el vestuario, d\u00e1ndole nuevo colorido a las vestiduras, se forma la Corporaci\u00f3n Chiquita completamente vestida igual que la mayor, donde nuestros hijos engrosan el D\u00eda de la Cruz, se instituye el S\u00e1bado Santo como d\u00eda dedicado a la mujer, en reconocimiento por su entrega a la Semana Santa.<\/p><p>Dado que el cuartel est\u00e1 ubicado en la parte alta de la poblaci\u00f3n, se instituye el grupo de tambores que anime a los paseantes a llegar a Jes\u00fas los S\u00e1bados de Cuaresma, que por su buen hacer y su respeto a las restantes Corporaciones ha adquirido la condici\u00f3n de tradicional, y todo ello ha motivado que los \u00abTestigos Falsos\u00bb sea en la actualidad una Corporaci\u00f3n pujante, compuesta por m\u00e1s de treinta miembros, que no para de renovar enseres y embellecer su casa y de contribuir en todo con la Semana Santa.<\/p><p align=\"justify\">Pese a que llevo varios a\u00f1os que no pertenezco a ella, la siento como propia, no en balde fui miembro activo de la misma durante m\u00e1s de treinta a\u00f1os, y como despedida quisiera recordar de una forma especial a aquellos hermanos con los que conviv\u00ed durante a\u00f1os, Fernando Gamero, Currito Rivas, Alfredo Borrego, Francisco Rejano, Jes\u00fas N\u00fa\u00f1ez, Rafael Quero, Angel Maestro, Jose Antonio L\u00f3pez, Antonio Jes\u00fas Velasco, Francisco Morillo Quintero, Miguel Franco, que descansan en la Paz del Se\u00f1or.<\/p><p align=\"right\"><strong>Jos\u00e9 Labrador L\u00f3pez<\/strong><\/p>\t\t\t\t\t\t\t\t<\/div>\n\t\t\t\t<\/div>\n\t\t\t\t\t<\/div>\n\t\t\t\t<\/div>\n\t\t\t\t<\/div>\n\t\t","protected":false},"excerpt":{"rendered":"<p>Los Comienzos de la Reorganizaci\u00f3n \u2026\u2026\u2026\u2026\u2026\u2026. Tras varios a\u00f1os en cuarteles itinerantes (Santa Catalina 18, y en las dependencias de un molino de aceite que exist\u00eda detr\u00e1s de Los Frailes), se adquiri\u00f3 en propiedad una casa en calle Lemoniez, que fue durante muchos a\u00f1os la sede de la Corporaci\u00f3n. Fueron a\u00f1os de \u00abhoras altas\u00bb por&hellip;&nbsp;<a href=\"https:\/\/testigosfalsos.es\/tf\/comienzos\/\" rel=\"bookmark\">Leer m\u00e1s &raquo;<span class=\"screen-reader-text\">Cimientos<\/span><\/a><\/p>\n","protected":false},"author":1,"featured_media":0,"parent":0,"menu_order":0,"comment_status":"closed","ping_status":"closed","template":"page-templates\/template-pagebuilder-full-width.php","meta":{"neve_meta_sidebar":"","neve_meta_container":"","neve_meta_enable_content_width":"on","neve_meta_content_width":100,"neve_meta_title_alignment":"","neve_meta_author_avatar":"","neve_post_elements_order":"","neve_meta_disable_header":"","neve_meta_disable_footer":"","neve_meta_disable_title":"on","footnotes":""},"wf_page_folders":[14],"class_list":["post-304","page","type-page","status-publish","hentry"],"_links":{"self":[{"href":"https:\/\/testigosfalsos.es\/tf\/wp-json\/wp\/v2\/pages\/304","targetHints":{"allow":["GET"]}}],"collection":[{"href":"https:\/\/testigosfalsos.es\/tf\/wp-json\/wp\/v2\/pages"}],"about":[{"href":"https:\/\/testigosfalsos.es\/tf\/wp-json\/wp\/v2\/types\/page"}],"author":[{"embeddable":true,"href":"https:\/\/testigosfalsos.es\/tf\/wp-json\/wp\/v2\/users\/1"}],"replies":[{"embeddable":true,"href":"https:\/\/testigosfalsos.es\/tf\/wp-json\/wp\/v2\/comments?post=304"}],"version-history":[{"count":5,"href":"https:\/\/testigosfalsos.es\/tf\/wp-json\/wp\/v2\/pages\/304\/revisions"}],"predecessor-version":[{"id":324,"href":"https:\/\/testigosfalsos.es\/tf\/wp-json\/wp\/v2\/pages\/304\/revisions\/324"}],"wp:attachment":[{"href":"https:\/\/testigosfalsos.es\/tf\/wp-json\/wp\/v2\/media?parent=304"}],"wp:term":[{"taxonomy":"wf_page_folders","embeddable":true,"href":"https:\/\/testigosfalsos.es\/tf\/wp-json\/wp\/v2\/wf_page_folders?post=304"}],"curies":[{"name":"wp","href":"https:\/\/api.w.org\/{rel}","templated":true}]}}