{"id":275,"date":"2025-02-09T21:57:35","date_gmt":"2025-02-09T21:57:35","guid":{"rendered":"https:\/\/testigosfalsos.es\/tf\/?page_id=275"},"modified":"2025-02-09T22:03:22","modified_gmt":"2025-02-09T22:03:22","slug":"en-plenitud","status":"publish","type":"page","link":"https:\/\/testigosfalsos.es\/tf\/en-plenitud\/","title":{"rendered":"En plenitud"},"content":{"rendered":"\t\t<div data-elementor-type=\"wp-page\" data-elementor-id=\"275\" class=\"elementor elementor-275\" data-elementor-post-type=\"page\">\n\t\t\t\t<div class=\"elementor-element elementor-element-55600cb e-flex e-con-boxed e-con e-parent\" data-id=\"55600cb\" data-element_type=\"container\" data-e-type=\"container\">\n\t\t\t\t\t<div class=\"e-con-inner\">\n\t\t\t\t<div class=\"elementor-element elementor-element-c7785ee elementor-widget-divider--view-line elementor-widget elementor-widget-divider\" data-id=\"c7785ee\" data-element_type=\"widget\" data-e-type=\"widget\" data-widget_type=\"divider.default\">\n\t\t\t\t<div class=\"elementor-widget-container\">\n\t\t\t\t\t\t\t<div class=\"elementor-divider\">\n\t\t\t<span class=\"elementor-divider-separator\">\n\t\t\t\t\t\t<\/span>\n\t\t<\/div>\n\t\t\t\t\t\t<\/div>\n\t\t\t\t<\/div>\n\t\t\t\t\t<\/div>\n\t\t\t\t<\/div>\n\t\t<div class=\"elementor-element elementor-element-e8ce051 e-flex e-con-boxed e-con e-parent\" data-id=\"e8ce051\" data-element_type=\"container\" data-e-type=\"container\">\n\t\t\t\t\t<div class=\"e-con-inner\">\n\t\t\t\t<div class=\"elementor-element elementor-element-095bfdc elementor-widget elementor-widget-heading\" data-id=\"095bfdc\" data-element_type=\"widget\" data-e-type=\"widget\" data-widget_type=\"heading.default\">\n\t\t\t\t<div class=\"elementor-widget-container\">\n\t\t\t\t\t<h3 class=\"elementor-heading-title elementor-size-default\">Plenitud<\/h3>\t\t\t\t<\/div>\n\t\t\t\t<\/div>\n\t\t\t\t\t<\/div>\n\t\t\t\t<\/div>\n\t\t<div class=\"elementor-element elementor-element-225efd7 e-flex e-con-boxed e-con e-parent\" data-id=\"225efd7\" data-element_type=\"container\" data-e-type=\"container\">\n\t\t\t\t\t<div class=\"e-con-inner\">\n\t\t\t\t<div class=\"elementor-element elementor-element-887827d elementor-widget-divider--view-line elementor-widget elementor-widget-divider\" data-id=\"887827d\" data-element_type=\"widget\" data-e-type=\"widget\" data-widget_type=\"divider.default\">\n\t\t\t\t<div class=\"elementor-widget-container\">\n\t\t\t\t\t\t\t<div class=\"elementor-divider\">\n\t\t\t<span class=\"elementor-divider-separator\">\n\t\t\t\t\t\t<\/span>\n\t\t<\/div>\n\t\t\t\t\t\t<\/div>\n\t\t\t\t<\/div>\n\t\t\t\t\t<\/div>\n\t\t\t\t<\/div>\n\t\t<div class=\"elementor-element elementor-element-1bbc8fc e-flex e-con-boxed e-con e-parent\" data-id=\"1bbc8fc\" data-element_type=\"container\" data-e-type=\"container\">\n\t\t\t\t\t<div class=\"e-con-inner\">\n\t\t\t\t<div class=\"elementor-element elementor-element-d8f521e elementor-widget elementor-widget-image\" data-id=\"d8f521e\" data-element_type=\"widget\" data-e-type=\"widget\" data-widget_type=\"image.default\">\n\t\t\t\t<div class=\"elementor-widget-container\">\n\t\t\t\t\t\t\t\t\t\t\t\t\t\t\t<img fetchpriority=\"high\" decoding=\"async\" width=\"420\" height=\"270\" src=\"https:\/\/testigosfalsos.es\/tf\/wp-content\/uploads\/2025\/02\/JIMENE.jpg\" class=\"attachment-large size-large wp-image-277\" alt=\"\" srcset=\"https:\/\/testigosfalsos.es\/tf\/wp-content\/uploads\/2025\/02\/JIMENE.jpg 420w, https:\/\/testigosfalsos.es\/tf\/wp-content\/uploads\/2025\/02\/JIMENE-300x193.jpg 300w\" sizes=\"(max-width: 420px) 100vw, 420px\" \/>\t\t\t\t\t\t\t\t\t\t\t\t\t\t\t<\/div>\n\t\t\t\t<\/div>\n\t\t\t\t\t<\/div>\n\t\t\t\t<\/div>\n\t\t<div class=\"elementor-element elementor-element-bd287f5 e-flex e-con-boxed e-con e-parent\" data-id=\"bd287f5\" data-element_type=\"container\" data-e-type=\"container\">\n\t\t\t\t\t<div class=\"e-con-inner\">\n\t\t\t\t<div class=\"elementor-element elementor-element-fdd0fc3 elementor-widget elementor-widget-text-editor\" data-id=\"fdd0fc3\" data-element_type=\"widget\" data-e-type=\"widget\" data-widget_type=\"text-editor.default\">\n\t\t\t\t<div class=\"elementor-widget-container\">\n\t\t\t\t\t\t\t\t\t<p align=\"justify\">De los cuatro evangelistas, s\u00f3lo dos, Mateo y Marcos, con verdadera similitud, aluden con cierto detalle a la intervenci\u00f3n de los testigos falsos para acusar a Jes\u00fas. Curiosamente, hasta el pasaje de ambos tiene el mismo titular: Jes\u00fas ante el Sanedr\u00edn. En s\u00edntesis los dos evangelios vienen a decir:<\/p><p align=\"justify\">Los pr\u00edncipes de los sacerdotes y todo el sanedr\u00edn buscaban falsos testimonios contra Jes\u00fas para condenarle a muerte, pero no los hallaban aunque se hab\u00edan presentado muchos falsos testigos. Al fin se presentaron dos, que dijeron: Este ha dicho: Yo puedo destruir el templo de Dios y en tres d\u00edas reedificarlo. Levant\u00e1ndose el pont\u00edfice le dijo: Te conjuro por Dios vivo a que me digas si eres t\u00fa el Mes\u00edas, el Hijo de Dios. D\u00edjole Jes\u00fas: T\u00fa lo has dicho. Y yo os digo que un d\u00eda ver\u00e9is al Hijo del Hombre sentado a la diestra del Padre y venir sobre las nubes del cielo. Entonces el pont\u00edfice rasg\u00f3 sus vestiduras: Ha blasmefado. \u00bfQu\u00e9 necesidad tenemos de m\u00e1s testigos?.<\/p><div align=\"justify\">La abundancia de falsos testimonios \u2014 el hacer le\u00f1a del \u00e1rbol ca\u00eddo ha sido siempre un reiterado y avieso deporte en todos los tiempos \u2014 se corrobora en los Evangelios Ap\u00f3crifos de la Pasi\u00f3n y Resurrecci\u00f3n, y muy concretamente en las Actas de Pilatos, de las que, en breve resumen, es de resaltar alg\u00fan que otro pasaje:<\/div><div align=\"justify\">\u00a0<\/div><div align=\"justify\">1.- Despu\u00e9s de haberse reunido en consejo los pr\u00edncipes de los sacerdotes y los escribas, An\u00e1s, Caif\u00e1s, Semes, Dothaim, Gamaliel, Judas, Lev\u00ed, Neftal\u00ed, Alejandro y Jairo y los restantes entre los jud\u00edos, se presentaron ante Pilatos acusando a Jes\u00fas de muchas fechor\u00edas, diciendo: Tenemos una ley que proh\u00edbe curar a alguien en s\u00e1bado; pues bien, \u00e9ste, sirvi\u00e9ndose de malas artes, ha curado en s\u00e1bado a cojos, jorobados, impedidos, ciegos, paral\u00edticos, sordos y endemoniados.<\/div><div align=\"justify\">\u00a0<\/div><div align=\"justify\">2.- M\u00e1s los ancianos de los jud\u00edos respondieron a Jes\u00fas: \u00bfQue es lo que nosotros vamos a ver?. Primero, que t\u00fa has venido al mundo por fornicaci\u00f3n: segundo, que tu nacimiento en Bel\u00e9n trajo como consecuencia una matanza de ni\u00f1os: tercero, que tu padre Jos\u00e9 y tu madre Mar\u00eda huyeron a Egipto por encontrarse cohibidos entre el pueblo.<\/div><div align=\"justify\">\u00a0<\/div><div align=\"justify\">3.- Y entrando de nuevo Pilatos en el pretorio, llam\u00f3 a Jes\u00fas por separado y le dijo: \u00bfT\u00fa eres rey de los Jud\u00edos?. Respondi\u00f3 Jes\u00fas: \u00bfDices esto por cuenta propia o te lo han dicho otros acerca de mi?. Pilatos replic\u00f3: \u00bfPero es que soy yo acaso tambi\u00e9n jud\u00edo?. Tu pueblo y los pont\u00edfices te han puesto en mis manos, \u00bfqu\u00e9 es lo que has hecho?. Respondi\u00f3 Jes\u00fas: Mi reino no es de este mundo, pues de lo contrario, mis servidores hubieran luchado para que no fuera entregado a los jud\u00edos; pero mi reino no es de aqu\u00ed. Dijo entonces Pilatos: \u00bfLuego t\u00fa eres rey?. Respondi\u00f3 Jes\u00fas: T\u00fa dices que yo soy rey; pues para esto he nacido y he venido al mundo, para que todo el que es de la verdad, oiga mi voz. D\u00edjole Pilatos: \u00bfQue es la verdad?- Respondi\u00f3 Jes\u00fas: La verdad proviene del Cielo. Dijo Pilatos: \u00bfNo hay verdad sobre la tierra?. Y respondi\u00f3 Jes\u00fas a Pilatos: Est\u00e1s viendo c\u00f3mo son juzgados los que dicen la verdad por los que ejercen el poder sobre la tierra.<br \/><br \/><img decoding=\"async\" class=\"alignleft wp-image-278\" src=\"https:\/\/testigosfalsos.es\/tf\/wp-content\/uploads\/2025\/02\/HISTO02-300x219.jpg\" alt=\"\" width=\"500\" height=\"365\" srcset=\"https:\/\/testigosfalsos.es\/tf\/wp-content\/uploads\/2025\/02\/HISTO02-300x219.jpg 300w, https:\/\/testigosfalsos.es\/tf\/wp-content\/uploads\/2025\/02\/HISTO02.jpg 400w\" sizes=\"(max-width: 500px) 100vw, 500px\" \/>En la Corporaci\u00f3n B\u00edblica Los Testigos Falsos pontanesa, se presentan a tres personajes, dos de ellos ya descritos, como son la destrucci\u00f3n del templo y la sedici\u00f3n del pueblo con la afirmaci\u00f3n Yo soy el rey de los jud\u00edos. El tercer personaje, en cambio, tiene menos matices de testimonio contra Jes\u00fas, pues fue una trampa que le tendieron sus adversarios en otro contexto al plantearle si deber\u00edan dar tributo a Jehov\u00e1 o a los romanos, con el peligro de responder con palabras que le enemistaran con cualquiera de las dos propuestas. Jes\u00fas pidi\u00f3 una moneda y pregunt\u00f3 de qui\u00e9n era la efigie que aparec\u00eda en relieve. Del Cesar, le replicaron. Y sin meditar mucho la respuesta, Jes\u00fas contest\u00f3 tajante y salom\u00f3nico: Pues dad al C\u00e9sar lo que es del C\u00e9sar y a Dios lo que es de Dios. Con lo cual no tuvieron argumentos contra \u00e9l los que le hicieron tan perversa pregunta.<\/div><div align=\"justify\">\u00a0<\/div>\t\t\t\t\t\t\t\t<\/div>\n\t\t\t\t<\/div>\n\t\t\t\t\t<\/div>\n\t\t\t\t<\/div>\n\t\t<div class=\"elementor-element elementor-element-5c68657 e-flex e-con-boxed e-con e-parent\" data-id=\"5c68657\" data-element_type=\"container\" data-e-type=\"container\">\n\t\t\t\t\t<div class=\"e-con-inner\">\n\t\t\t\t\t<\/div>\n\t\t\t\t<\/div>\n\t\t\t\t<\/div>\n\t\t","protected":false},"excerpt":{"rendered":"<p>Plenitud De los cuatro evangelistas, s\u00f3lo dos, Mateo y Marcos, con verdadera similitud, aluden con cierto detalle a la intervenci\u00f3n de los testigos falsos para acusar a Jes\u00fas. Curiosamente, hasta el pasaje de ambos tiene el mismo titular: Jes\u00fas ante el Sanedr\u00edn. En s\u00edntesis los dos evangelios vienen a decir: Los pr\u00edncipes de los sacerdotes&hellip;&nbsp;<a href=\"https:\/\/testigosfalsos.es\/tf\/en-plenitud\/\" rel=\"bookmark\">Leer m\u00e1s &raquo;<span class=\"screen-reader-text\">En plenitud<\/span><\/a><\/p>\n","protected":false},"author":1,"featured_media":0,"parent":0,"menu_order":0,"comment_status":"closed","ping_status":"closed","template":"page-templates\/template-pagebuilder-full-width.php","meta":{"neve_meta_sidebar":"","neve_meta_container":"","neve_meta_enable_content_width":"on","neve_meta_content_width":100,"neve_meta_title_alignment":"","neve_meta_author_avatar":"","neve_post_elements_order":"","neve_meta_disable_header":"","neve_meta_disable_footer":"","neve_meta_disable_title":"on","footnotes":""},"wf_page_folders":[12],"class_list":["post-275","page","type-page","status-publish","hentry"],"_links":{"self":[{"href":"https:\/\/testigosfalsos.es\/tf\/wp-json\/wp\/v2\/pages\/275","targetHints":{"allow":["GET"]}}],"collection":[{"href":"https:\/\/testigosfalsos.es\/tf\/wp-json\/wp\/v2\/pages"}],"about":[{"href":"https:\/\/testigosfalsos.es\/tf\/wp-json\/wp\/v2\/types\/page"}],"author":[{"embeddable":true,"href":"https:\/\/testigosfalsos.es\/tf\/wp-json\/wp\/v2\/users\/1"}],"replies":[{"embeddable":true,"href":"https:\/\/testigosfalsos.es\/tf\/wp-json\/wp\/v2\/comments?post=275"}],"version-history":[{"count":5,"href":"https:\/\/testigosfalsos.es\/tf\/wp-json\/wp\/v2\/pages\/275\/revisions"}],"predecessor-version":[{"id":282,"href":"https:\/\/testigosfalsos.es\/tf\/wp-json\/wp\/v2\/pages\/275\/revisions\/282"}],"wp:attachment":[{"href":"https:\/\/testigosfalsos.es\/tf\/wp-json\/wp\/v2\/media?parent=275"}],"wp:term":[{"taxonomy":"wf_page_folders","embeddable":true,"href":"https:\/\/testigosfalsos.es\/tf\/wp-json\/wp\/v2\/wf_page_folders?post=275"}],"curies":[{"name":"wp","href":"https:\/\/api.w.org\/{rel}","templated":true}]}}