{"id":265,"date":"2025-02-09T18:28:01","date_gmt":"2025-02-09T18:28:01","guid":{"rendered":"https:\/\/testigosfalsos.es\/tf\/?page_id=265"},"modified":"2025-02-09T21:56:44","modified_gmt":"2025-02-09T21:56:44","slug":"en-epoca","status":"publish","type":"page","link":"https:\/\/testigosfalsos.es\/tf\/en-epoca\/","title":{"rendered":"En epoca"},"content":{"rendered":"\t\t<div data-elementor-type=\"wp-page\" data-elementor-id=\"265\" class=\"elementor elementor-265\" data-elementor-post-type=\"page\">\n\t\t\t\t<div class=\"elementor-element elementor-element-55600cb e-flex e-con-boxed e-con e-parent\" data-id=\"55600cb\" data-element_type=\"container\" data-e-type=\"container\">\n\t\t\t\t\t<div class=\"e-con-inner\">\n\t\t\t\t<div class=\"elementor-element elementor-element-c7785ee elementor-widget-divider--view-line elementor-widget elementor-widget-divider\" data-id=\"c7785ee\" data-element_type=\"widget\" data-e-type=\"widget\" data-widget_type=\"divider.default\">\n\t\t\t\t<div class=\"elementor-widget-container\">\n\t\t\t\t\t\t\t<div class=\"elementor-divider\">\n\t\t\t<span class=\"elementor-divider-separator\">\n\t\t\t\t\t\t<\/span>\n\t\t<\/div>\n\t\t\t\t\t\t<\/div>\n\t\t\t\t<\/div>\n\t\t\t\t\t<\/div>\n\t\t\t\t<\/div>\n\t\t<div class=\"elementor-element elementor-element-e8ce051 e-flex e-con-boxed e-con e-parent\" data-id=\"e8ce051\" data-element_type=\"container\" data-e-type=\"container\">\n\t\t\t\t\t<div class=\"e-con-inner\">\n\t\t\t\t<div class=\"elementor-element elementor-element-095bfdc elementor-widget elementor-widget-heading\" data-id=\"095bfdc\" data-element_type=\"widget\" data-e-type=\"widget\" data-widget_type=\"heading.default\">\n\t\t\t\t<div class=\"elementor-widget-container\">\n\t\t\t\t\t<h3 class=\"elementor-heading-title elementor-size-default\">Testigos Falsos en \u00e9poca<\/h3>\t\t\t\t<\/div>\n\t\t\t\t<\/div>\n\t\t\t\t\t<\/div>\n\t\t\t\t<\/div>\n\t\t<div class=\"elementor-element elementor-element-225efd7 e-flex e-con-boxed e-con e-parent\" data-id=\"225efd7\" data-element_type=\"container\" data-e-type=\"container\">\n\t\t\t\t\t<div class=\"e-con-inner\">\n\t\t\t\t<div class=\"elementor-element elementor-element-887827d elementor-widget-divider--view-line elementor-widget elementor-widget-divider\" data-id=\"887827d\" data-element_type=\"widget\" data-e-type=\"widget\" data-widget_type=\"divider.default\">\n\t\t\t\t<div class=\"elementor-widget-container\">\n\t\t\t\t\t\t\t<div class=\"elementor-divider\">\n\t\t\t<span class=\"elementor-divider-separator\">\n\t\t\t\t\t\t<\/span>\n\t\t<\/div>\n\t\t\t\t\t\t<\/div>\n\t\t\t\t<\/div>\n\t\t\t\t\t<\/div>\n\t\t\t\t<\/div>\n\t\t<div class=\"elementor-element elementor-element-1bbc8fc e-flex e-con-boxed e-con e-parent\" data-id=\"1bbc8fc\" data-element_type=\"container\" data-e-type=\"container\">\n\t\t\t\t\t<div class=\"e-con-inner\">\n\t\t\t\t<div class=\"elementor-element elementor-element-d8f521e elementor-widget elementor-widget-image\" data-id=\"d8f521e\" data-element_type=\"widget\" data-e-type=\"widget\" data-widget_type=\"image.default\">\n\t\t\t\t<div class=\"elementor-widget-container\">\n\t\t\t\t\t\t\t\t\t\t\t\t\t\t\t<img fetchpriority=\"high\" decoding=\"async\" width=\"420\" height=\"294\" src=\"https:\/\/testigosfalsos.es\/tf\/wp-content\/uploads\/2025\/02\/HISTO17.jpg\" class=\"attachment-large size-large wp-image-268\" alt=\"\" srcset=\"https:\/\/testigosfalsos.es\/tf\/wp-content\/uploads\/2025\/02\/HISTO17.jpg 420w, https:\/\/testigosfalsos.es\/tf\/wp-content\/uploads\/2025\/02\/HISTO17-300x210.jpg 300w\" sizes=\"(max-width: 420px) 100vw, 420px\" \/>\t\t\t\t\t\t\t\t\t\t\t\t\t\t\t<\/div>\n\t\t\t\t<\/div>\n\t\t\t\t\t<\/div>\n\t\t\t\t<\/div>\n\t\t<div class=\"elementor-element elementor-element-bd287f5 e-flex e-con-boxed e-con e-parent\" data-id=\"bd287f5\" data-element_type=\"container\" data-e-type=\"container\">\n\t\t\t\t\t<div class=\"e-con-inner\">\n\t\t\t\t<div class=\"elementor-element elementor-element-fdd0fc3 elementor-widget elementor-widget-text-editor\" data-id=\"fdd0fc3\" data-element_type=\"widget\" data-e-type=\"widget\" data-widget_type=\"text-editor.default\">\n\t\t\t\t<div class=\"elementor-widget-container\">\n\t\t\t\t\t\t\t\t\t<p style=\"text-align: center;\"><strong>De cierto no se ve en el orbe entero<\/strong><\/p><p style=\"text-align: center;\"><strong>diversidad de chusma ni de amigos<\/strong><\/p><p style=\"text-align: center;\"><strong>m\u00e1s castiza y genial que Los Testigos<\/strong><\/p><p style=\"text-align: center;\"><strong>\u00a1Ni en los c\u00e9lebres tiempos de Calero!<\/strong><\/p><p style=\"text-align: center;\"><strong>\u2014<\/strong><\/p><p style=\"text-align: center;\"><strong>Por un lado, Pul\u00f3n y Quiquisnacas,<\/strong><\/p><p style=\"text-align: center;\"><strong>dos terribles mand\u00edbulas abiertas,<\/strong><\/p><p style=\"text-align: center;\"><strong>capaces de comer jam\u00f3n a espuertas;<\/strong><\/p><p style=\"text-align: center;\"><strong>chorizamen con huevos y espinacas.<\/strong><\/p><p style=\"text-align: center;\"><strong>\u2014<\/strong><\/p><p style=\"text-align: center;\"><strong>Menudillos formando discusiones<\/strong><\/p><p style=\"text-align: center;\"><strong>mientras fi\u00e9 en adobo unos ri\u00f1ones<\/strong><\/p><p style=\"text-align: center;\"><strong>y el Lagarto al Marqu\u00e9s la bota empina<\/strong><\/p><p style=\"text-align: center;\"><strong>Y el vengador, pegando bocinazos<\/strong><\/p><p style=\"text-align: center;\"><strong>y bailando en camisa a grandes pasos<\/strong><\/p><p style=\"text-align: center;\"><strong>igual que la nerviosa Grana\u00edna.<\/strong><\/p><p style=\"text-align: center;\"><strong>\u2014<\/strong><\/p><p style=\"text-align: center;\"><strong>Luego el cuadro flamenco. Hierro canta<\/strong><\/p><p style=\"text-align: center;\"><strong>queriendo hacer pol\u00edtica con vino.<\/strong><\/p><p style=\"text-align: center;\"><strong>El cubi, guitarrea con mucho tino<\/strong><\/p><p style=\"text-align: center;\"><strong>y Canoa desarrolla\u2026.la garganta.<\/strong><\/p><p style=\"text-align: center;\"><strong>\u2014<\/strong><\/p><p style=\"text-align: center;\"><strong>Billetes, Fard\u00f3n, el Ruso y Cantos<\/strong><\/p><p style=\"text-align: center;\"><strong>se dan un tono de hombres ya formales<\/strong><\/p><p style=\"text-align: center;\"><strong>y de Broche se burlan, cual chacales,<\/strong><\/p><p style=\"text-align: center;\"><strong>poniendo en entredicho sus encantos.<\/strong><\/p><p style=\"text-align: center;\"><br \/><strong>Para animar la fiesta, de repente,<\/strong><\/p><p style=\"text-align: center;\"><strong>Berrinches va entonando dulcemente<\/strong><\/p><p style=\"text-align: center;\"><strong>macr\u00f3nica y cl\u00e1sica saeta<\/strong><\/p><p style=\"text-align: center;\"><strong>y el gran dueto Pirulo-Porcelana<\/strong><\/p><p style=\"text-align: center;\"><strong>su voz al viento espande, soberana<\/strong><\/p><p style=\"text-align: center;\"><strong>caricaturizando al divo Fleta<\/strong><br \/><strong>\u2014-<\/strong><br \/><strong>Pildorilla enrristrando el l\u00e1piz fiero<\/strong><\/p><p style=\"text-align: center;\"><strong>la pared tiene llena de tiznones<\/strong><\/p><p style=\"text-align: center;\"><strong>y pintando flamencos y anfitriones<\/strong><\/p><p style=\"text-align: center;\"><strong>deja chico a Moreno Carbonero.<\/strong><br \/><strong>\u2014<\/strong><br \/><strong>Mientras sigue la org\u00eda su curso lento,<\/strong><\/p><p style=\"text-align: center;\"><strong>de mostillo hay dos cachas ya vaciadas<\/strong><\/p><p style=\"text-align: center;\"><strong>y por doquier, merluzas y tajadas, \u2026<\/strong><\/p><p style=\"text-align: center;\"><strong>\u00a1La cosa va tomando ya incremento!<\/strong><br \/><strong>\u2014<\/strong><br \/><strong>Para dar a esta historia final trazo,<\/strong><\/p><p style=\"text-align: center;\"><strong>Palillos y Teoro van del brazo<\/strong><\/p><p style=\"text-align: center;\"><strong>entre frases sin cal ni donosura;<\/strong><\/p><p style=\"text-align: center;\"><strong>y al mirar hacia abajo en su tajada,<\/strong><\/p><p style=\"text-align: center;\"><strong>ven con cara muy triste y asombrada<\/strong><\/p><p style=\"text-align: center;\"><strong>que arrastran por el suela la asaura.<\/strong><br \/><strong>\u2014<\/strong><br \/><strong>R. y P.<\/strong><br \/><strong>Puente Genil, Cuaresma 1926<\/strong><\/p>\t\t\t\t\t\t\t\t<\/div>\n\t\t\t\t<\/div>\n\t\t\t\t\t<\/div>\n\t\t\t\t<\/div>\n\t\t<div class=\"elementor-element elementor-element-5c68657 e-flex e-con-boxed e-con e-parent\" data-id=\"5c68657\" data-element_type=\"container\" data-e-type=\"container\">\n\t\t\t\t\t<div class=\"e-con-inner\">\n\t\t\t\t\t<\/div>\n\t\t\t\t<\/div>\n\t\t\t\t<\/div>\n\t\t","protected":false},"excerpt":{"rendered":"<p>Testigos Falsos en \u00e9poca De cierto no se ve en el orbe entero diversidad de chusma ni de amigos m\u00e1s castiza y genial que Los Testigos \u00a1Ni en los c\u00e9lebres tiempos de Calero! \u2014 Por un lado, Pul\u00f3n y Quiquisnacas, dos terribles mand\u00edbulas abiertas, capaces de comer jam\u00f3n a espuertas; chorizamen con huevos y espinacas.&hellip;&nbsp;<a href=\"https:\/\/testigosfalsos.es\/tf\/en-epoca\/\" rel=\"bookmark\">Leer m\u00e1s &raquo;<span class=\"screen-reader-text\">En epoca<\/span><\/a><\/p>\n","protected":false},"author":1,"featured_media":0,"parent":0,"menu_order":0,"comment_status":"closed","ping_status":"closed","template":"page-templates\/template-pagebuilder-full-width.php","meta":{"neve_meta_sidebar":"","neve_meta_container":"","neve_meta_enable_content_width":"on","neve_meta_content_width":100,"neve_meta_title_alignment":"","neve_meta_author_avatar":"","neve_post_elements_order":"","neve_meta_disable_header":"","neve_meta_disable_footer":"","neve_meta_disable_title":"on","footnotes":""},"wf_page_folders":[12],"class_list":["post-265","page","type-page","status-publish","hentry"],"_links":{"self":[{"href":"https:\/\/testigosfalsos.es\/tf\/wp-json\/wp\/v2\/pages\/265","targetHints":{"allow":["GET"]}}],"collection":[{"href":"https:\/\/testigosfalsos.es\/tf\/wp-json\/wp\/v2\/pages"}],"about":[{"href":"https:\/\/testigosfalsos.es\/tf\/wp-json\/wp\/v2\/types\/page"}],"author":[{"embeddable":true,"href":"https:\/\/testigosfalsos.es\/tf\/wp-json\/wp\/v2\/users\/1"}],"replies":[{"embeddable":true,"href":"https:\/\/testigosfalsos.es\/tf\/wp-json\/wp\/v2\/comments?post=265"}],"version-history":[{"count":7,"href":"https:\/\/testigosfalsos.es\/tf\/wp-json\/wp\/v2\/pages\/265\/revisions"}],"predecessor-version":[{"id":274,"href":"https:\/\/testigosfalsos.es\/tf\/wp-json\/wp\/v2\/pages\/265\/revisions\/274"}],"wp:attachment":[{"href":"https:\/\/testigosfalsos.es\/tf\/wp-json\/wp\/v2\/media?parent=265"}],"wp:term":[{"taxonomy":"wf_page_folders","embeddable":true,"href":"https:\/\/testigosfalsos.es\/tf\/wp-json\/wp\/v2\/wf_page_folders?post=265"}],"curies":[{"name":"wp","href":"https:\/\/api.w.org\/{rel}","templated":true}]}}