{"id":2589,"date":"2022-03-01T21:20:39","date_gmt":"2022-03-01T21:20:39","guid":{"rendered":"http:\/\/testigosfalsos.es\/wp\/?page_id=2589"},"modified":"2025-02-19T18:35:32","modified_gmt":"2025-02-19T18:35:32","slug":"fotografias-2018","status":"publish","type":"page","link":"https:\/\/testigosfalsos.es\/tf\/fotografias-2018\/","title":{"rendered":"Fotograf\u00edas 2018"},"content":{"rendered":"\t\t<div data-elementor-type=\"wp-page\" data-elementor-id=\"2589\" class=\"elementor elementor-2589\" data-elementor-post-type=\"page\">\n\t\t\t\t\t\t<section class=\"elementor-section elementor-top-section elementor-element elementor-element-a26c198 elementor-section-boxed elementor-section-height-default elementor-section-height-default\" data-id=\"a26c198\" data-element_type=\"section\" data-e-type=\"section\">\n\t\t\t\t\t\t<div class=\"elementor-container elementor-column-gap-default\">\n\t\t\t\t\t<div class=\"elementor-column elementor-col-100 elementor-top-column elementor-element elementor-element-820bd6a\" data-id=\"820bd6a\" data-element_type=\"column\" data-e-type=\"column\">\n\t\t\t<div class=\"elementor-widget-wrap elementor-element-populated\">\n\t\t\t\t\t\t<div class=\"elementor-element elementor-element-ed885d9 elementor-widget-divider--view-line elementor-widget elementor-widget-divider\" data-id=\"ed885d9\" data-element_type=\"widget\" data-e-type=\"widget\" data-widget_type=\"divider.default\">\n\t\t\t\t<div class=\"elementor-widget-container\">\n\t\t\t\t\t\t\t<div class=\"elementor-divider\">\n\t\t\t<span class=\"elementor-divider-separator\">\n\t\t\t\t\t\t<\/span>\n\t\t<\/div>\n\t\t\t\t\t\t<\/div>\n\t\t\t\t<\/div>\n\t\t\t\t\t<\/div>\n\t\t<\/div>\n\t\t\t\t\t<\/div>\n\t\t<\/section>\n\t\t\t\t<section class=\"elementor-section elementor-top-section elementor-element elementor-element-0e43292 elementor-section-boxed elementor-section-height-default elementor-section-height-default\" data-id=\"0e43292\" data-element_type=\"section\" data-e-type=\"section\">\n\t\t\t\t\t\t<div class=\"elementor-container elementor-column-gap-default\">\n\t\t\t\t\t<div class=\"elementor-column elementor-col-100 elementor-top-column elementor-element elementor-element-c892a0e\" data-id=\"c892a0e\" data-element_type=\"column\" data-e-type=\"column\">\n\t\t\t<div class=\"elementor-widget-wrap elementor-element-populated\">\n\t\t\t\t\t\t<div class=\"elementor-element elementor-element-18be49b elementor-widget elementor-widget-heading\" data-id=\"18be49b\" data-element_type=\"widget\" data-e-type=\"widget\" data-widget_type=\"heading.default\">\n\t\t\t\t<div class=\"elementor-widget-container\">\n\t\t\t\t\t<h4 class=\"elementor-heading-title elementor-size-default\">Im\u00e1genes 2018<\/h4>\t\t\t\t<\/div>\n\t\t\t\t<\/div>\n\t\t\t\t\t<\/div>\n\t\t<\/div>\n\t\t\t\t\t<\/div>\n\t\t<\/section>\n\t\t\t\t<section class=\"elementor-section elementor-top-section elementor-element elementor-element-baf613a elementor-section-boxed elementor-section-height-default elementor-section-height-default\" data-id=\"baf613a\" data-element_type=\"section\" data-e-type=\"section\">\n\t\t\t\t\t\t<div class=\"elementor-container elementor-column-gap-default\">\n\t\t\t\t\t<div class=\"elementor-column elementor-col-100 elementor-top-column elementor-element elementor-element-bfb894a\" data-id=\"bfb894a\" data-element_type=\"column\" data-e-type=\"column\">\n\t\t\t<div class=\"elementor-widget-wrap elementor-element-populated\">\n\t\t\t\t\t\t<div class=\"elementor-element elementor-element-6205f0c elementor-widget-divider--view-line elementor-widget elementor-widget-divider\" data-id=\"6205f0c\" data-element_type=\"widget\" data-e-type=\"widget\" data-widget_type=\"divider.default\">\n\t\t\t\t<div class=\"elementor-widget-container\">\n\t\t\t\t\t\t\t<div class=\"elementor-divider\">\n\t\t\t<span class=\"elementor-divider-separator\">\n\t\t\t\t\t\t<\/span>\n\t\t<\/div>\n\t\t\t\t\t\t<\/div>\n\t\t\t\t<\/div>\n\t\t\t\t\t<\/div>\n\t\t<\/div>\n\t\t\t\t\t<\/div>\n\t\t<\/section>\n\t\t\t\t<section class=\"elementor-section elementor-top-section elementor-element elementor-element-34be0df elementor-section-boxed elementor-section-height-default elementor-section-height-default\" data-id=\"34be0df\" data-element_type=\"section\" data-e-type=\"section\">\n\t\t\t\t\t\t<div class=\"elementor-container elementor-column-gap-default\">\n\t\t\t\t\t<div class=\"elementor-column elementor-col-25 elementor-top-column elementor-element elementor-element-6dfdc35\" data-id=\"6dfdc35\" data-element_type=\"column\" data-e-type=\"column\">\n\t\t\t<div class=\"elementor-widget-wrap elementor-element-populated\">\n\t\t\t\t\t\t<div class=\"elementor-element elementor-element-0c3e5b4 elementor-widget elementor-widget-image\" data-id=\"0c3e5b4\" data-element_type=\"widget\" data-e-type=\"widget\" data-widget_type=\"image.default\">\n\t\t\t\t<div class=\"elementor-widget-container\">\n\t\t\t\t\t\t\t\t\t\t\t\t<figure class=\"wp-caption\">\n\t\t\t\t\t\t\t\t\t\t\t<a href=\"http:\/\/testigosfalsos.es\/tf\/2018-primera-subida-al-calvario\/\">\n\t\t\t\t\t\t\t<img fetchpriority=\"high\" decoding=\"async\" width=\"812\" height=\"612\" src=\"https:\/\/testigosfalsos.es\/tf\/wp-content\/uploads\/2025\/02\/1pata-5.jpg\" class=\"attachment-large size-large wp-image-844\" alt=\"\" srcset=\"https:\/\/testigosfalsos.es\/tf\/wp-content\/uploads\/2025\/02\/1pata-5.jpg 812w, https:\/\/testigosfalsos.es\/tf\/wp-content\/uploads\/2025\/02\/1pata-5-300x226.jpg 300w, https:\/\/testigosfalsos.es\/tf\/wp-content\/uploads\/2025\/02\/1pata-5-768x579.jpg 768w\" sizes=\"(max-width: 812px) 100vw, 812px\" \/>\t\t\t\t\t\t\t\t<\/a>\n\t\t\t\t\t\t\t\t\t\t\t<figcaption class=\"widget-image-caption wp-caption-text\">Carnaval<\/figcaption>\n\t\t\t\t\t\t\t\t\t\t<\/figure>\n\t\t\t\t\t\t\t\t\t<\/div>\n\t\t\t\t<\/div>\n\t\t\t\t\t<\/div>\n\t\t<\/div>\n\t\t\t\t<div class=\"elementor-column elementor-col-25 elementor-top-column elementor-element elementor-element-711414b\" data-id=\"711414b\" data-element_type=\"column\" data-e-type=\"column\">\n\t\t\t<div class=\"elementor-widget-wrap elementor-element-populated\">\n\t\t\t\t\t\t<div class=\"elementor-element elementor-element-08f23fa elementor-widget elementor-widget-image\" data-id=\"08f23fa\" data-element_type=\"widget\" data-e-type=\"widget\" data-widget_type=\"image.default\">\n\t\t\t\t<div class=\"elementor-widget-container\">\n\t\t\t\t\t\t\t\t\t\t\t\t<figure class=\"wp-caption\">\n\t\t\t\t\t\t\t\t\t\t\t<a href=\"http:\/\/testigosfalsos.es\/tf\/2018-segunda-subida-al-calvario\/\">\n\t\t\t\t\t\t\t<img decoding=\"async\" width=\"812\" height=\"612\" src=\"https:\/\/testigosfalsos.es\/tf\/wp-content\/uploads\/2025\/02\/2pata-2.jpg\" class=\"attachment-large size-large wp-image-846\" alt=\"\" srcset=\"https:\/\/testigosfalsos.es\/tf\/wp-content\/uploads\/2025\/02\/2pata-2.jpg 812w, https:\/\/testigosfalsos.es\/tf\/wp-content\/uploads\/2025\/02\/2pata-2-300x226.jpg 300w, https:\/\/testigosfalsos.es\/tf\/wp-content\/uploads\/2025\/02\/2pata-2-768x579.jpg 768w\" sizes=\"(max-width: 812px) 100vw, 812px\" \/>\t\t\t\t\t\t\t\t<\/a>\n\t\t\t\t\t\t\t\t\t\t\t<figcaption class=\"widget-image-caption wp-caption-text\">Tentaciones<\/figcaption>\n\t\t\t\t\t\t\t\t\t\t<\/figure>\n\t\t\t\t\t\t\t\t\t<\/div>\n\t\t\t\t<\/div>\n\t\t\t\t\t<\/div>\n\t\t<\/div>\n\t\t\t\t<div class=\"elementor-column elementor-col-25 elementor-top-column elementor-element elementor-element-5f952a7\" data-id=\"5f952a7\" data-element_type=\"column\" data-e-type=\"column\">\n\t\t\t<div class=\"elementor-widget-wrap elementor-element-populated\">\n\t\t\t\t\t\t<div class=\"elementor-element elementor-element-7819edb elementor-widget elementor-widget-image\" data-id=\"7819edb\" data-element_type=\"widget\" data-e-type=\"widget\" data-widget_type=\"image.default\">\n\t\t\t\t<div class=\"elementor-widget-container\">\n\t\t\t\t\t\t\t\t\t\t\t\t<figure class=\"wp-caption\">\n\t\t\t\t\t\t\t\t\t\t\t<a href=\"http:\/\/testigosfalsos.es\/tf\/2018-tercera-subida-al-calvario\/\">\n\t\t\t\t\t\t\t<img decoding=\"async\" width=\"812\" height=\"612\" src=\"https:\/\/testigosfalsos.es\/tf\/wp-content\/uploads\/2025\/02\/3pata-3.jpg\" class=\"attachment-large size-large wp-image-848\" alt=\"\" srcset=\"https:\/\/testigosfalsos.es\/tf\/wp-content\/uploads\/2025\/02\/3pata-3.jpg 812w, https:\/\/testigosfalsos.es\/tf\/wp-content\/uploads\/2025\/02\/3pata-3-300x226.jpg 300w, https:\/\/testigosfalsos.es\/tf\/wp-content\/uploads\/2025\/02\/3pata-3-768x579.jpg 768w\" sizes=\"(max-width: 812px) 100vw, 812px\" \/>\t\t\t\t\t\t\t\t<\/a>\n\t\t\t\t\t\t\t\t\t\t\t<figcaption class=\"widget-image-caption wp-caption-text\">Transfguraci\u00f3n<\/figcaption>\n\t\t\t\t\t\t\t\t\t\t<\/figure>\n\t\t\t\t\t\t\t\t\t<\/div>\n\t\t\t\t<\/div>\n\t\t\t\t\t<\/div>\n\t\t<\/div>\n\t\t\t\t<div class=\"elementor-column elementor-col-25 elementor-top-column elementor-element elementor-element-19a823a\" data-id=\"19a823a\" data-element_type=\"column\" data-e-type=\"column\">\n\t\t\t<div class=\"elementor-widget-wrap elementor-element-populated\">\n\t\t\t\t\t\t<div class=\"elementor-element elementor-element-3f7ebb1 elementor-widget elementor-widget-image\" data-id=\"3f7ebb1\" data-element_type=\"widget\" data-e-type=\"widget\" data-widget_type=\"image.default\">\n\t\t\t\t<div class=\"elementor-widget-container\">\n\t\t\t\t\t\t\t\t\t\t\t\t<figure class=\"wp-caption\">\n\t\t\t\t\t\t\t\t\t\t\t<a href=\"http:\/\/testigosfalsos.es\/tf\/2018-cuarta-subida-al-calvario\/\">\n\t\t\t\t\t\t\t<img loading=\"lazy\" decoding=\"async\" width=\"812\" height=\"612\" src=\"https:\/\/testigosfalsos.es\/tf\/wp-content\/uploads\/2025\/02\/4pata-1.jpg\" class=\"attachment-large size-large wp-image-850\" alt=\"\" srcset=\"https:\/\/testigosfalsos.es\/tf\/wp-content\/uploads\/2025\/02\/4pata-1.jpg 812w, https:\/\/testigosfalsos.es\/tf\/wp-content\/uploads\/2025\/02\/4pata-1-300x226.jpg 300w, https:\/\/testigosfalsos.es\/tf\/wp-content\/uploads\/2025\/02\/4pata-1-768x579.jpg 768w\" sizes=\"(max-width: 812px) 100vw, 812px\" \/>\t\t\t\t\t\t\t\t<\/a>\n\t\t\t\t\t\t\t\t\t\t\t<figcaption class=\"widget-image-caption wp-caption-text\">Diablo Mundo<\/figcaption>\n\t\t\t\t\t\t\t\t\t\t<\/figure>\n\t\t\t\t\t\t\t\t\t<\/div>\n\t\t\t\t<\/div>\n\t\t\t\t\t<\/div>\n\t\t<\/div>\n\t\t\t\t\t<\/div>\n\t\t<\/section>\n\t\t\t\t<section class=\"elementor-section elementor-top-section elementor-element elementor-element-5d96b41 elementor-section-boxed elementor-section-height-default elementor-section-height-default\" data-id=\"5d96b41\" data-element_type=\"section\" data-e-type=\"section\">\n\t\t\t\t\t\t<div class=\"elementor-container elementor-column-gap-default\">\n\t\t\t\t\t<div class=\"elementor-column elementor-col-25 elementor-top-column elementor-element elementor-element-f512088\" data-id=\"f512088\" data-element_type=\"column\" data-e-type=\"column\">\n\t\t\t<div class=\"elementor-widget-wrap elementor-element-populated\">\n\t\t\t\t\t\t<div class=\"elementor-element elementor-element-6bd9258 elementor-widget elementor-widget-image\" data-id=\"6bd9258\" data-element_type=\"widget\" data-e-type=\"widget\" data-widget_type=\"image.default\">\n\t\t\t\t<div class=\"elementor-widget-container\">\n\t\t\t\t\t\t\t\t\t\t\t\t<figure class=\"wp-caption\">\n\t\t\t\t\t\t\t\t\t\t\t<a href=\"http:\/\/testigosfalsos.es\/tf\/2018-quinta-subida-al-calvario\/\">\n\t\t\t\t\t\t\t<img loading=\"lazy\" decoding=\"async\" width=\"960\" height=\"720\" src=\"https:\/\/testigosfalsos.es\/tf\/wp-content\/uploads\/2025\/02\/5pata-1.jpg\" class=\"attachment-large size-large wp-image-833\" alt=\"\" srcset=\"https:\/\/testigosfalsos.es\/tf\/wp-content\/uploads\/2025\/02\/5pata-1.jpg 960w, https:\/\/testigosfalsos.es\/tf\/wp-content\/uploads\/2025\/02\/5pata-1-300x225.jpg 300w, https:\/\/testigosfalsos.es\/tf\/wp-content\/uploads\/2025\/02\/5pata-1-768x576.jpg 768w\" sizes=\"(max-width: 960px) 100vw, 960px\" \/>\t\t\t\t\t\t\t\t<\/a>\n\t\t\t\t\t\t\t\t\t\t\t<figcaption class=\"widget-image-caption wp-caption-text\">Pan y Peces<\/figcaption>\n\t\t\t\t\t\t\t\t\t\t<\/figure>\n\t\t\t\t\t\t\t\t\t<\/div>\n\t\t\t\t<\/div>\n\t\t\t\t\t<\/div>\n\t\t<\/div>\n\t\t\t\t<div class=\"elementor-column elementor-col-25 elementor-top-column elementor-element elementor-element-ce3d72a\" data-id=\"ce3d72a\" data-element_type=\"column\" data-e-type=\"column\">\n\t\t\t<div class=\"elementor-widget-wrap elementor-element-populated\">\n\t\t\t\t\t\t<div class=\"elementor-element elementor-element-7db10fb elementor-widget elementor-widget-image\" data-id=\"7db10fb\" data-element_type=\"widget\" data-e-type=\"widget\" data-widget_type=\"image.default\">\n\t\t\t\t<div class=\"elementor-widget-container\">\n\t\t\t\t\t\t\t\t\t\t\t\t<figure class=\"wp-caption\">\n\t\t\t\t\t\t\t\t\t\t\t<a href=\"http:\/\/testigosfalsos.es\/tf\/2018-sexta-subida-al-calvario\/\">\n\t\t\t\t\t\t\t<img loading=\"lazy\" decoding=\"async\" width=\"812\" height=\"612\" src=\"https:\/\/testigosfalsos.es\/tf\/wp-content\/uploads\/2025\/02\/6evangelio-2.jpg\" class=\"attachment-large size-large wp-image-834\" alt=\"\" srcset=\"https:\/\/testigosfalsos.es\/tf\/wp-content\/uploads\/2025\/02\/6evangelio-2.jpg 812w, https:\/\/testigosfalsos.es\/tf\/wp-content\/uploads\/2025\/02\/6evangelio-2-300x226.jpg 300w, https:\/\/testigosfalsos.es\/tf\/wp-content\/uploads\/2025\/02\/6evangelio-2-768x579.jpg 768w\" sizes=\"(max-width: 812px) 100vw, 812px\" \/>\t\t\t\t\t\t\t\t<\/a>\n\t\t\t\t\t\t\t\t\t\t\t<figcaption class=\"widget-image-caption wp-caption-text\">Pasi\u00f3n<\/figcaption>\n\t\t\t\t\t\t\t\t\t\t<\/figure>\n\t\t\t\t\t\t\t\t\t<\/div>\n\t\t\t\t<\/div>\n\t\t\t\t\t<\/div>\n\t\t<\/div>\n\t\t\t\t<div class=\"elementor-column elementor-col-25 elementor-top-column elementor-element elementor-element-6fce2db\" data-id=\"6fce2db\" data-element_type=\"column\" data-e-type=\"column\">\n\t\t\t<div class=\"elementor-widget-wrap elementor-element-populated\">\n\t\t\t\t\t\t<div class=\"elementor-element elementor-element-705d75d elementor-widget elementor-widget-image\" data-id=\"705d75d\" data-element_type=\"widget\" data-e-type=\"widget\" data-widget_type=\"image.default\">\n\t\t\t\t<div class=\"elementor-widget-container\">\n\t\t\t\t\t\t\t\t\t\t\t\t<figure class=\"wp-caption\">\n\t\t\t\t\t\t\t\t\t\t\t<a href=\"http:\/\/testigosfalsos.es\/tf\/2018-domingo-de-ramos\/\">\n\t\t\t\t\t\t\t<img loading=\"lazy\" decoding=\"async\" width=\"812\" height=\"612\" src=\"https:\/\/testigosfalsos.es\/tf\/wp-content\/uploads\/2025\/02\/7evangelio-3.jpg\" class=\"attachment-large size-large wp-image-836\" alt=\"\" srcset=\"https:\/\/testigosfalsos.es\/tf\/wp-content\/uploads\/2025\/02\/7evangelio-3.jpg 812w, https:\/\/testigosfalsos.es\/tf\/wp-content\/uploads\/2025\/02\/7evangelio-3-300x226.jpg 300w, https:\/\/testigosfalsos.es\/tf\/wp-content\/uploads\/2025\/02\/7evangelio-3-768x579.jpg 768w\" sizes=\"(max-width: 812px) 100vw, 812px\" \/>\t\t\t\t\t\t\t\t<\/a>\n\t\t\t\t\t\t\t\t\t\t\t<figcaption class=\"widget-image-caption wp-caption-text\">Domingo de Ramos<\/figcaption>\n\t\t\t\t\t\t\t\t\t\t<\/figure>\n\t\t\t\t\t\t\t\t\t<\/div>\n\t\t\t\t<\/div>\n\t\t\t\t\t<\/div>\n\t\t<\/div>\n\t\t\t\t<div class=\"elementor-column elementor-col-25 elementor-top-column elementor-element elementor-element-6a9bd08\" data-id=\"6a9bd08\" data-element_type=\"column\" data-e-type=\"column\">\n\t\t\t<div class=\"elementor-widget-wrap elementor-element-populated\">\n\t\t\t\t\t\t<div class=\"elementor-element elementor-element-e6ef23b elementor-widget elementor-widget-image\" data-id=\"e6ef23b\" data-element_type=\"widget\" data-e-type=\"widget\" data-widget_type=\"image.default\">\n\t\t\t\t<div class=\"elementor-widget-container\">\n\t\t\t\t\t\t\t\t\t\t\t\t<figure class=\"wp-caption\">\n\t\t\t\t\t\t\t\t\t\t\t<a href=\"http:\/\/testigosfalsos.es\/tf\/2018-lunes-santo\/\">\n\t\t\t\t\t\t\t<img loading=\"lazy\" decoding=\"async\" width=\"812\" height=\"549\" src=\"https:\/\/testigosfalsos.es\/tf\/wp-content\/uploads\/2025\/02\/lunesanto.jpg\" class=\"attachment-large size-large wp-image-840\" alt=\"\" srcset=\"https:\/\/testigosfalsos.es\/tf\/wp-content\/uploads\/2025\/02\/lunesanto.jpg 812w, https:\/\/testigosfalsos.es\/tf\/wp-content\/uploads\/2025\/02\/lunesanto-300x203.jpg 300w, https:\/\/testigosfalsos.es\/tf\/wp-content\/uploads\/2025\/02\/lunesanto-768x519.jpg 768w\" sizes=\"(max-width: 812px) 100vw, 812px\" \/>\t\t\t\t\t\t\t\t<\/a>\n\t\t\t\t\t\t\t\t\t\t\t<figcaption class=\"widget-image-caption wp-caption-text\">Lunes Santo<\/figcaption>\n\t\t\t\t\t\t\t\t\t\t<\/figure>\n\t\t\t\t\t\t\t\t\t<\/div>\n\t\t\t\t<\/div>\n\t\t\t\t\t<\/div>\n\t\t<\/div>\n\t\t\t\t\t<\/div>\n\t\t<\/section>\n\t\t\t\t<section class=\"elementor-section elementor-top-section elementor-element elementor-element-e7763a9 elementor-section-boxed elementor-section-height-default elementor-section-height-default\" data-id=\"e7763a9\" data-element_type=\"section\" data-e-type=\"section\">\n\t\t\t\t\t\t<div class=\"elementor-container elementor-column-gap-default\">\n\t\t\t\t\t<div class=\"elementor-column elementor-col-25 elementor-top-column elementor-element elementor-element-62ccc87\" data-id=\"62ccc87\" data-element_type=\"column\" data-e-type=\"column\">\n\t\t\t<div class=\"elementor-widget-wrap elementor-element-populated\">\n\t\t\t\t\t\t<div class=\"elementor-element elementor-element-e6fefdd elementor-widget elementor-widget-image\" data-id=\"e6fefdd\" data-element_type=\"widget\" data-e-type=\"widget\" data-widget_type=\"image.default\">\n\t\t\t\t<div class=\"elementor-widget-container\">\n\t\t\t\t\t\t\t\t\t\t\t\t<figure class=\"wp-caption\">\n\t\t\t\t\t\t\t\t\t\t\t<a href=\"http:\/\/testigosfalsos.es\/tf\/2018-miercoles-santo\/\">\n\t\t\t\t\t\t\t<img loading=\"lazy\" decoding=\"async\" width=\"812\" height=\"612\" src=\"https:\/\/testigosfalsos.es\/tf\/wp-content\/uploads\/2025\/02\/miercolessanto.jpg\" class=\"attachment-large size-large wp-image-841\" alt=\"\" srcset=\"https:\/\/testigosfalsos.es\/tf\/wp-content\/uploads\/2025\/02\/miercolessanto.jpg 812w, https:\/\/testigosfalsos.es\/tf\/wp-content\/uploads\/2025\/02\/miercolessanto-300x226.jpg 300w, https:\/\/testigosfalsos.es\/tf\/wp-content\/uploads\/2025\/02\/miercolessanto-768x579.jpg 768w\" sizes=\"(max-width: 812px) 100vw, 812px\" \/>\t\t\t\t\t\t\t\t<\/a>\n\t\t\t\t\t\t\t\t\t\t\t<figcaption class=\"widget-image-caption wp-caption-text\">Mi\u00e9rcoles Santo<\/figcaption>\n\t\t\t\t\t\t\t\t\t\t<\/figure>\n\t\t\t\t\t\t\t\t\t<\/div>\n\t\t\t\t<\/div>\n\t\t\t\t\t<\/div>\n\t\t<\/div>\n\t\t\t\t<div class=\"elementor-column elementor-col-25 elementor-top-column elementor-element elementor-element-c8ca0fa\" data-id=\"c8ca0fa\" data-element_type=\"column\" data-e-type=\"column\">\n\t\t\t<div class=\"elementor-widget-wrap elementor-element-populated\">\n\t\t\t\t\t\t<div class=\"elementor-element elementor-element-1466041 elementor-widget elementor-widget-image\" data-id=\"1466041\" data-element_type=\"widget\" data-e-type=\"widget\" data-widget_type=\"image.default\">\n\t\t\t\t<div class=\"elementor-widget-container\">\n\t\t\t\t\t\t\t\t\t\t\t\t<figure class=\"wp-caption\">\n\t\t\t\t\t\t\t\t\t\t\t<a href=\"http:\/\/testigosfalsos.es\/tf\/2018-jueves-santo\/\">\n\t\t\t\t\t\t\t<img loading=\"lazy\" decoding=\"async\" width=\"812\" height=\"612\" src=\"https:\/\/testigosfalsos.es\/tf\/wp-content\/uploads\/2025\/02\/juevessanto.jpg\" class=\"attachment-large size-large wp-image-839\" alt=\"\" srcset=\"https:\/\/testigosfalsos.es\/tf\/wp-content\/uploads\/2025\/02\/juevessanto.jpg 812w, https:\/\/testigosfalsos.es\/tf\/wp-content\/uploads\/2025\/02\/juevessanto-300x226.jpg 300w, https:\/\/testigosfalsos.es\/tf\/wp-content\/uploads\/2025\/02\/juevessanto-768x579.jpg 768w\" sizes=\"(max-width: 812px) 100vw, 812px\" \/>\t\t\t\t\t\t\t\t<\/a>\n\t\t\t\t\t\t\t\t\t\t\t<figcaption class=\"widget-image-caption wp-caption-text\">Jueves Santo<\/figcaption>\n\t\t\t\t\t\t\t\t\t\t<\/figure>\n\t\t\t\t\t\t\t\t\t<\/div>\n\t\t\t\t<\/div>\n\t\t\t\t\t<\/div>\n\t\t<\/div>\n\t\t\t\t<div class=\"elementor-column elementor-col-25 elementor-top-column elementor-element elementor-element-90e0d04\" data-id=\"90e0d04\" data-element_type=\"column\" data-e-type=\"column\">\n\t\t\t<div class=\"elementor-widget-wrap elementor-element-populated\">\n\t\t\t\t\t\t<div class=\"elementor-element elementor-element-de8adcd elementor-widget elementor-widget-image\" data-id=\"de8adcd\" data-element_type=\"widget\" data-e-type=\"widget\" data-widget_type=\"image.default\">\n\t\t\t\t<div class=\"elementor-widget-container\">\n\t\t\t\t\t\t\t\t\t\t\t\t<figure class=\"wp-caption\">\n\t\t\t\t\t\t\t\t\t\t\t<a href=\"http:\/\/testigosfalsos.es\/tf\/2017-sabado-santo\/\">\n\t\t\t\t\t\t\t<img loading=\"lazy\" decoding=\"async\" width=\"812\" height=\"462\" src=\"https:\/\/testigosfalsos.es\/tf\/wp-content\/uploads\/2025\/02\/sabadosanto-1.jpg\" class=\"attachment-large size-large wp-image-842\" alt=\"\" srcset=\"https:\/\/testigosfalsos.es\/tf\/wp-content\/uploads\/2025\/02\/sabadosanto-1.jpg 812w, https:\/\/testigosfalsos.es\/tf\/wp-content\/uploads\/2025\/02\/sabadosanto-1-300x171.jpg 300w, https:\/\/testigosfalsos.es\/tf\/wp-content\/uploads\/2025\/02\/sabadosanto-1-768x437.jpg 768w\" sizes=\"(max-width: 812px) 100vw, 812px\" \/>\t\t\t\t\t\t\t\t<\/a>\n\t\t\t\t\t\t\t\t\t\t\t<figcaption class=\"widget-image-caption wp-caption-text\">S\u00e1bado Santo<\/figcaption>\n\t\t\t\t\t\t\t\t\t\t<\/figure>\n\t\t\t\t\t\t\t\t\t<\/div>\n\t\t\t\t<\/div>\n\t\t\t\t\t<\/div>\n\t\t<\/div>\n\t\t\t\t<div class=\"elementor-column elementor-col-25 elementor-top-column elementor-element elementor-element-df77264\" data-id=\"df77264\" data-element_type=\"column\" data-e-type=\"column\">\n\t\t\t<div class=\"elementor-widget-wrap elementor-element-populated\">\n\t\t\t\t\t\t<div class=\"elementor-element elementor-element-90f9494 elementor-widget elementor-widget-image\" data-id=\"90f9494\" data-element_type=\"widget\" data-e-type=\"widget\" data-widget_type=\"image.default\">\n\t\t\t\t<div class=\"elementor-widget-container\">\n\t\t\t\t\t\t\t\t\t\t\t\t<figure class=\"wp-caption\">\n\t\t\t\t\t\t\t\t\t\t\t<a href=\"http:\/\/testigosfalsos.es\/tf\/2018-domingo-de-resurreccion\/\">\n\t\t\t\t\t\t\t<img loading=\"lazy\" decoding=\"async\" width=\"812\" height=\"612\" src=\"https:\/\/testigosfalsos.es\/tf\/wp-content\/uploads\/2025\/02\/2018_domingore.jpg\" class=\"attachment-large size-large wp-image-7561\" alt=\"\" srcset=\"https:\/\/testigosfalsos.es\/tf\/wp-content\/uploads\/2025\/02\/2018_domingore.jpg 812w, https:\/\/testigosfalsos.es\/tf\/wp-content\/uploads\/2025\/02\/2018_domingore-300x226.jpg 300w, https:\/\/testigosfalsos.es\/tf\/wp-content\/uploads\/2025\/02\/2018_domingore-768x579.jpg 768w\" sizes=\"(max-width: 812px) 100vw, 812px\" \/>\t\t\t\t\t\t\t\t<\/a>\n\t\t\t\t\t\t\t\t\t\t\t<figcaption class=\"widget-image-caption wp-caption-text\">Domingo Resurrecci\u00f3n<\/figcaption>\n\t\t\t\t\t\t\t\t\t\t<\/figure>\n\t\t\t\t\t\t\t\t\t<\/div>\n\t\t\t\t<\/div>\n\t\t\t\t\t<\/div>\n\t\t<\/div>\n\t\t\t\t\t<\/div>\n\t\t<\/section>\n\t\t\t\t<\/div>\n\t\t","protected":false},"excerpt":{"rendered":"<p>Im\u00e1genes 2018 Carnaval Tentaciones Transfguraci\u00f3n Diablo Mundo Pan y Peces Pasi\u00f3n Domingo de Ramos Lunes Santo Mi\u00e9rcoles Santo Jueves Santo S\u00e1bado Santo Domingo Resurrecci\u00f3n<\/p>\n","protected":false},"author":1,"featured_media":0,"parent":0,"menu_order":0,"comment_status":"closed","ping_status":"closed","template":"","meta":{"neve_meta_sidebar":"","neve_meta_container":"","neve_meta_enable_content_width":"","neve_meta_content_width":0,"neve_meta_title_alignment":"","neve_meta_author_avatar":"","neve_post_elements_order":"","neve_meta_disable_header":"","neve_meta_disable_footer":"","neve_meta_disable_title":"","footnotes":""},"wf_page_folders":[41],"class_list":["post-2589","page","type-page","status-publish","hentry"],"_links":{"self":[{"href":"https:\/\/testigosfalsos.es\/tf\/wp-json\/wp\/v2\/pages\/2589","targetHints":{"allow":["GET"]}}],"collection":[{"href":"https:\/\/testigosfalsos.es\/tf\/wp-json\/wp\/v2\/pages"}],"about":[{"href":"https:\/\/testigosfalsos.es\/tf\/wp-json\/wp\/v2\/types\/page"}],"author":[{"embeddable":true,"href":"https:\/\/testigosfalsos.es\/tf\/wp-json\/wp\/v2\/users\/1"}],"replies":[{"embeddable":true,"href":"https:\/\/testigosfalsos.es\/tf\/wp-json\/wp\/v2\/comments?post=2589"}],"version-history":[{"count":9,"href":"https:\/\/testigosfalsos.es\/tf\/wp-json\/wp\/v2\/pages\/2589\/revisions"}],"predecessor-version":[{"id":7600,"href":"https:\/\/testigosfalsos.es\/tf\/wp-json\/wp\/v2\/pages\/2589\/revisions\/7600"}],"wp:attachment":[{"href":"https:\/\/testigosfalsos.es\/tf\/wp-json\/wp\/v2\/media?parent=2589"}],"wp:term":[{"taxonomy":"wf_page_folders","embeddable":true,"href":"https:\/\/testigosfalsos.es\/tf\/wp-json\/wp\/v2\/wf_page_folders?post=2589"}],"curies":[{"name":"wp","href":"https:\/\/api.w.org\/{rel}","templated":true}]}}