{"id":258,"date":"2025-02-06T23:18:59","date_gmt":"2025-02-06T23:18:59","guid":{"rendered":"https:\/\/testigosfalsos.es\/tf\/?page_id=258"},"modified":"2025-02-06T23:24:29","modified_gmt":"2025-02-06T23:24:29","slug":"inicios","status":"publish","type":"page","link":"https:\/\/testigosfalsos.es\/tf\/inicios\/","title":{"rendered":"Inicios"},"content":{"rendered":"\t\t<div data-elementor-type=\"wp-page\" data-elementor-id=\"258\" class=\"elementor elementor-258\" data-elementor-post-type=\"page\">\n\t\t\t\t<div class=\"elementor-element elementor-element-55600cb e-flex e-con-boxed e-con e-parent\" data-id=\"55600cb\" data-element_type=\"container\" data-e-type=\"container\">\n\t\t\t\t\t<div class=\"e-con-inner\">\n\t\t\t\t<div class=\"elementor-element elementor-element-c7785ee elementor-widget-divider--view-line elementor-widget elementor-widget-divider\" data-id=\"c7785ee\" data-element_type=\"widget\" data-e-type=\"widget\" data-widget_type=\"divider.default\">\n\t\t\t\t<div class=\"elementor-widget-container\">\n\t\t\t\t\t\t\t<div class=\"elementor-divider\">\n\t\t\t<span class=\"elementor-divider-separator\">\n\t\t\t\t\t\t<\/span>\n\t\t<\/div>\n\t\t\t\t\t\t<\/div>\n\t\t\t\t<\/div>\n\t\t\t\t\t<\/div>\n\t\t\t\t<\/div>\n\t\t<div class=\"elementor-element elementor-element-e8ce051 e-flex e-con-boxed e-con e-parent\" data-id=\"e8ce051\" data-element_type=\"container\" data-e-type=\"container\">\n\t\t\t\t\t<div class=\"e-con-inner\">\n\t\t\t\t<div class=\"elementor-element elementor-element-095bfdc elementor-widget elementor-widget-heading\" data-id=\"095bfdc\" data-element_type=\"widget\" data-e-type=\"widget\" data-widget_type=\"heading.default\">\n\t\t\t\t<div class=\"elementor-widget-container\">\n\t\t\t\t\t<h3 class=\"elementor-heading-title elementor-size-default\">Inicios<\/h3>\t\t\t\t<\/div>\n\t\t\t\t<\/div>\n\t\t\t\t\t<\/div>\n\t\t\t\t<\/div>\n\t\t<div class=\"elementor-element elementor-element-225efd7 e-flex e-con-boxed e-con e-parent\" data-id=\"225efd7\" data-element_type=\"container\" data-e-type=\"container\">\n\t\t\t\t\t<div class=\"e-con-inner\">\n\t\t\t\t<div class=\"elementor-element elementor-element-887827d elementor-widget-divider--view-line elementor-widget elementor-widget-divider\" data-id=\"887827d\" data-element_type=\"widget\" data-e-type=\"widget\" data-widget_type=\"divider.default\">\n\t\t\t\t<div class=\"elementor-widget-container\">\n\t\t\t\t\t\t\t<div class=\"elementor-divider\">\n\t\t\t<span class=\"elementor-divider-separator\">\n\t\t\t\t\t\t<\/span>\n\t\t<\/div>\n\t\t\t\t\t\t<\/div>\n\t\t\t\t<\/div>\n\t\t\t\t\t<\/div>\n\t\t\t\t<\/div>\n\t\t<div class=\"elementor-element elementor-element-1bbc8fc e-flex e-con-boxed e-con e-parent\" data-id=\"1bbc8fc\" data-element_type=\"container\" data-e-type=\"container\">\n\t\t\t\t\t<div class=\"e-con-inner\">\n\t\t\t\t<div class=\"elementor-element elementor-element-d8f521e elementor-widget elementor-widget-image\" data-id=\"d8f521e\" data-element_type=\"widget\" data-e-type=\"widget\" data-widget_type=\"image.default\">\n\t\t\t\t<div class=\"elementor-widget-container\">\n\t\t\t\t\t\t\t\t\t\t\t\t\t\t\t<img fetchpriority=\"high\" decoding=\"async\" width=\"554\" height=\"419\" src=\"https:\/\/testigosfalsos.es\/tf\/wp-content\/uploads\/2025\/02\/FALSOS.jpg\" class=\"attachment-large size-large wp-image-261\" alt=\"\" srcset=\"https:\/\/testigosfalsos.es\/tf\/wp-content\/uploads\/2025\/02\/FALSOS.jpg 554w, https:\/\/testigosfalsos.es\/tf\/wp-content\/uploads\/2025\/02\/FALSOS-300x227.jpg 300w\" sizes=\"(max-width: 554px) 100vw, 554px\" \/>\t\t\t\t\t\t\t\t\t\t\t\t\t\t\t<\/div>\n\t\t\t\t<\/div>\n\t\t\t\t\t<\/div>\n\t\t\t\t<\/div>\n\t\t<div class=\"elementor-element elementor-element-bd287f5 e-flex e-con-boxed e-con e-parent\" data-id=\"bd287f5\" data-element_type=\"container\" data-e-type=\"container\">\n\t\t\t\t\t<div class=\"e-con-inner\">\n\t\t\t\t<div class=\"elementor-element elementor-element-c3b5ab7 elementor-widget elementor-widget-text-editor\" data-id=\"c3b5ab7\" data-element_type=\"widget\" data-e-type=\"widget\" data-widget_type=\"text-editor.default\">\n\t\t\t\t<div class=\"elementor-widget-container\">\n\t\t\t\t\t\t\t\t\t<section class=\"elementor-section elementor-top-section elementor-element elementor-element-0e352c0 elementor-section-boxed elementor-section-height-default elementor-section-height-default\" data-id=\"0e352c0\" data-element_type=\"section\"><div class=\"elementor-container elementor-column-gap-default\"><div class=\"elementor-row\"><div class=\"elementor-column elementor-col-100 elementor-top-column elementor-element elementor-element-418587c\" data-id=\"418587c\" data-element_type=\"column\"><div class=\"elementor-column-wrap elementor-element-populated\"><div class=\"elementor-widget-wrap\"><div class=\"elementor-element elementor-element-1c31cca elementor-widget elementor-widget-text-editor\" data-id=\"1c31cca\" data-element_type=\"widget\" data-settings=\"{&quot;_transform_transition_hover&quot;:{&quot;unit&quot;:&quot;px&quot;,&quot;size&quot;:&quot;&quot;,&quot;sizes&quot;:[]}}\" data-widget_type=\"text-editor.default\"><div class=\"elementor-widget-container\"><div class=\"elementor-text-editor elementor-clearfix\"><p>Los primeros datos sobre la existencia de la Corporaci\u00f3n B\u00edblica, <strong>LOS TESTIGOS FALSOS DE JES\u00daS<\/strong>, como as\u00ed se denomina, datan al a\u00f1o 1874, seg\u00fan consta en los archivos del Ilustre Ayuntamiento de nuestra localidad.<br \/>De esta \u00e9poca no existe m\u00e1s documentaci\u00f3n sobre la actividad de la Corporaci\u00f3n, ya que en la inundaci\u00f3n del 63, los libros de actas que exist\u00edan fueron destruidos por la misma. Hay que remontarse\u00a0<strong>al a\u00f1o 1919<\/strong>\u00a0para comprobar la trayectoria que mantiene, siendo una de las Corporaciones m\u00e1s numerosas y activas de aquel tiempo.<br \/>Posteriormente y hasta el a\u00f1o\u00a0<strong>1944<\/strong>\u00a0se inicia una nueva etapa que tiene su final sobre\u00a0<strong>1967<\/strong> en que se disuelve la Corporaci\u00f3n, motivada posiblemente por la no incorporaci\u00f3n de gente joven a la misma, aunque no deja de procesionarse, quedando tres hermanos Antonio Rivas, Antonio Sebastianes y Jos\u00e9 Labrador.<\/p><p><img decoding=\"async\" class=\"alignleft wp-image-260 size-full\" src=\"https:\/\/testigosfalsos.es\/tf\/wp-content\/uploads\/2025\/02\/PRIMERA.jpg\" alt=\"\" width=\"450\" height=\"348\" srcset=\"https:\/\/testigosfalsos.es\/tf\/wp-content\/uploads\/2025\/02\/PRIMERA.jpg 450w, https:\/\/testigosfalsos.es\/tf\/wp-content\/uploads\/2025\/02\/PRIMERA-300x232.jpg 300w\" sizes=\"(max-width: 450px) 100vw, 450px\" \/>En\u00a0<strong>1974, se produce la reorganizaci\u00f3n de esta Corporaci\u00f3n<\/strong>, incorpor\u00e1ndose con estos tres hermanos 15 m\u00e1s en ese a\u00f1o, recogiendo la antorcha de nuestros antiguos hermanos.<\/p><p class=\"MsoNormal\">Nuestro cuartel, est\u00e1 situado en la calle Poeta Garc\u00eda Lorca, que fue inaugurado oficialmente el d\u00eda 19 de Marzo de 1.976. Una de las caracter\u00edsticas principales de esta Corporaci\u00f3n, radia en su Grupo de Tambores, formado por \u201cHermanos\u201d, que todos los s\u00e1bados de Cuaresma, hace su visita ante el Templo donde est\u00e1 la imagen de Jes\u00fas Nazareno, para ofrecerle al Patr\u00f3n nuestro respeto y nuestras cuarteleras. De vuelta a nuestro Cuartel, un \u201chermano\u201d lee un pasaje de la Biblia que tenga \u00edntima relaci\u00f3n con el Domingo de cuaresma correspondiente mientras otros hermanos entonan Saetas Cuarteleras<\/p><p>En el a\u00f1o 1.985, fue estrenado el himno de la Corporaci\u00f3n, que cont\u00f3 con la inestimable colaboraci\u00f3n de\u00a0<strong>D. MANUEL SERRANO<\/strong>\u00a0(q.e.p.d), como autor de la letra y\u00a0<strong>D. JOSE MANUEL CUENCA<\/strong>, autor de la m\u00fasica.<br \/>Se compone esta Corporaci\u00f3n de tres figuras escoltadas por siete Romanos, todas ellas con vistosas y ricas vestimentas al estilo de la \u00e9poca. Representan a tres falsos hombres-testigos, que depusieron contra Jes\u00fas en casa de Caif\u00e1s, portan Moneda como Tributo al C\u00e9sar; Templo que recuerda la destrucci\u00f3n del mismo y Tributo a Dios.<br \/>Hacen su salida primera la tarde del Jueves Santo, acompa\u00f1ando al paso de Jes\u00fas Preso. En la madrugada del Viernes Santo, despu\u00e9s de asistir a la Diana, que se toca en honor a Nuestro Padre Jes\u00fas Nazareno, se incorpora al desfile procesional haci\u00e9ndole presente su respeto \u2013 reverencia- en la calle Santa Catalina. Haciendo su \u00faltimo desfile el Domingo de Resurrecci\u00f3n broche de oro de nuestra Semana Santa.<\/p><\/div><\/div><\/div><\/div><\/div><\/div><\/div><\/div><\/section>\t\t\t\t\t\t\t\t<\/div>\n\t\t\t\t<\/div>\n\t\t\t\t\t<\/div>\n\t\t\t\t<\/div>\n\t\t<div class=\"elementor-element elementor-element-5c68657 e-flex e-con-boxed e-con e-parent\" data-id=\"5c68657\" data-element_type=\"container\" data-e-type=\"container\">\n\t\t\t\t\t<div class=\"e-con-inner\">\n\t\t\t\t\t<\/div>\n\t\t\t\t<\/div>\n\t\t\t\t<\/div>\n\t\t","protected":false},"excerpt":{"rendered":"<p>Inicios Los primeros datos sobre la existencia de la Corporaci\u00f3n B\u00edblica, LOS TESTIGOS FALSOS DE JES\u00daS, como as\u00ed se denomina, datan al a\u00f1o 1874, seg\u00fan consta en los archivos del Ilustre Ayuntamiento de nuestra localidad.De esta \u00e9poca no existe m\u00e1s documentaci\u00f3n sobre la actividad de la Corporaci\u00f3n, ya que en la inundaci\u00f3n del 63, los&hellip;&nbsp;<a href=\"https:\/\/testigosfalsos.es\/tf\/inicios\/\" rel=\"bookmark\">Leer m\u00e1s &raquo;<span class=\"screen-reader-text\">Inicios<\/span><\/a><\/p>\n","protected":false},"author":1,"featured_media":0,"parent":0,"menu_order":0,"comment_status":"closed","ping_status":"closed","template":"page-templates\/template-pagebuilder-full-width.php","meta":{"neve_meta_sidebar":"","neve_meta_container":"","neve_meta_enable_content_width":"on","neve_meta_content_width":100,"neve_meta_title_alignment":"","neve_meta_author_avatar":"","neve_post_elements_order":"","neve_meta_disable_header":"","neve_meta_disable_footer":"","neve_meta_disable_title":"on","footnotes":""},"wf_page_folders":[12],"class_list":["post-258","page","type-page","status-publish","hentry"],"_links":{"self":[{"href":"https:\/\/testigosfalsos.es\/tf\/wp-json\/wp\/v2\/pages\/258","targetHints":{"allow":["GET"]}}],"collection":[{"href":"https:\/\/testigosfalsos.es\/tf\/wp-json\/wp\/v2\/pages"}],"about":[{"href":"https:\/\/testigosfalsos.es\/tf\/wp-json\/wp\/v2\/types\/page"}],"author":[{"embeddable":true,"href":"https:\/\/testigosfalsos.es\/tf\/wp-json\/wp\/v2\/users\/1"}],"replies":[{"embeddable":true,"href":"https:\/\/testigosfalsos.es\/tf\/wp-json\/wp\/v2\/comments?post=258"}],"version-history":[{"count":4,"href":"https:\/\/testigosfalsos.es\/tf\/wp-json\/wp\/v2\/pages\/258\/revisions"}],"predecessor-version":[{"id":264,"href":"https:\/\/testigosfalsos.es\/tf\/wp-json\/wp\/v2\/pages\/258\/revisions\/264"}],"wp:attachment":[{"href":"https:\/\/testigosfalsos.es\/tf\/wp-json\/wp\/v2\/media?parent=258"}],"wp:term":[{"taxonomy":"wf_page_folders","embeddable":true,"href":"https:\/\/testigosfalsos.es\/tf\/wp-json\/wp\/v2\/wf_page_folders?post=258"}],"curies":[{"name":"wp","href":"https:\/\/api.w.org\/{rel}","templated":true}]}}