{"id":252,"date":"2025-02-06T22:51:38","date_gmt":"2025-02-06T22:51:38","guid":{"rendered":"https:\/\/testigosfalsos.es\/tf\/?page_id=252"},"modified":"2025-02-06T23:18:09","modified_gmt":"2025-02-06T23:18:09","slug":"fundacion","status":"publish","type":"page","link":"https:\/\/testigosfalsos.es\/tf\/fundacion\/","title":{"rendered":"Fundaci\u00f3n"},"content":{"rendered":"\t\t<div data-elementor-type=\"wp-page\" data-elementor-id=\"252\" class=\"elementor elementor-252\" data-elementor-post-type=\"page\">\n\t\t\t\t<div class=\"elementor-element elementor-element-55600cb e-flex e-con-boxed e-con e-parent\" data-id=\"55600cb\" data-element_type=\"container\" data-e-type=\"container\">\n\t\t\t\t\t<div class=\"e-con-inner\">\n\t\t\t\t<div class=\"elementor-element elementor-element-c7785ee elementor-widget-divider--view-line elementor-widget elementor-widget-divider\" data-id=\"c7785ee\" data-element_type=\"widget\" data-e-type=\"widget\" data-widget_type=\"divider.default\">\n\t\t\t\t<div class=\"elementor-widget-container\">\n\t\t\t\t\t\t\t<div class=\"elementor-divider\">\n\t\t\t<span class=\"elementor-divider-separator\">\n\t\t\t\t\t\t<\/span>\n\t\t<\/div>\n\t\t\t\t\t\t<\/div>\n\t\t\t\t<\/div>\n\t\t\t\t\t<\/div>\n\t\t\t\t<\/div>\n\t\t<div class=\"elementor-element elementor-element-e8ce051 e-flex e-con-boxed e-con e-parent\" data-id=\"e8ce051\" data-element_type=\"container\" data-e-type=\"container\">\n\t\t\t\t\t<div class=\"e-con-inner\">\n\t\t\t\t<div class=\"elementor-element elementor-element-095bfdc elementor-widget elementor-widget-heading\" data-id=\"095bfdc\" data-element_type=\"widget\" data-e-type=\"widget\" data-widget_type=\"heading.default\">\n\t\t\t\t<div class=\"elementor-widget-container\">\n\t\t\t\t\t<h3 class=\"elementor-heading-title elementor-size-default\">Fundaci\u00f3n<\/h3>\t\t\t\t<\/div>\n\t\t\t\t<\/div>\n\t\t\t\t\t<\/div>\n\t\t\t\t<\/div>\n\t\t<div class=\"elementor-element elementor-element-1654366 e-flex e-con-boxed e-con e-parent\" data-id=\"1654366\" data-element_type=\"container\" data-e-type=\"container\">\n\t\t\t\t\t<div class=\"e-con-inner\">\n\t\t\t\t<div class=\"elementor-element elementor-element-dd4707c elementor-widget elementor-widget-heading\" data-id=\"dd4707c\" data-element_type=\"widget\" data-e-type=\"widget\" data-widget_type=\"heading.default\">\n\t\t\t\t<div class=\"elementor-widget-container\">\n\t\t\t\t\t<h4 class=\"elementor-heading-title elementor-size-default\">Extracto del Acta de la Sesi\u00f3n Ordinaria del Ayuntamiento de Puente Genil, del d\u00eda 28 de Julio de 1.882\n<\/h4>\t\t\t\t<\/div>\n\t\t\t\t<\/div>\n\t\t\t\t\t<\/div>\n\t\t\t\t<\/div>\n\t\t<div class=\"elementor-element elementor-element-225efd7 e-flex e-con-boxed e-con e-parent\" data-id=\"225efd7\" data-element_type=\"container\" data-e-type=\"container\">\n\t\t\t\t\t<div class=\"e-con-inner\">\n\t\t\t\t<div class=\"elementor-element elementor-element-887827d elementor-widget-divider--view-line elementor-widget elementor-widget-divider\" data-id=\"887827d\" data-element_type=\"widget\" data-e-type=\"widget\" data-widget_type=\"divider.default\">\n\t\t\t\t<div class=\"elementor-widget-container\">\n\t\t\t\t\t\t\t<div class=\"elementor-divider\">\n\t\t\t<span class=\"elementor-divider-separator\">\n\t\t\t\t\t\t<\/span>\n\t\t<\/div>\n\t\t\t\t\t\t<\/div>\n\t\t\t\t<\/div>\n\t\t\t\t\t<\/div>\n\t\t\t\t<\/div>\n\t\t<div class=\"elementor-element elementor-element-1bbc8fc e-flex e-con-boxed e-con e-parent\" data-id=\"1bbc8fc\" data-element_type=\"container\" data-e-type=\"container\">\n\t\t\t\t\t<div class=\"e-con-inner\">\n\t\t\t\t<div class=\"elementor-element elementor-element-c092de2 elementor-widget elementor-widget-text-editor\" data-id=\"c092de2\" data-element_type=\"widget\" data-e-type=\"widget\" data-widget_type=\"text-editor.default\">\n\t\t\t\t<div class=\"elementor-widget-container\">\n\t\t\t\t\t\t\t\t\t<p style=\"text-align: center;\"><strong>Asistentes al Pleno:<\/strong><\/p><p style=\"text-align: center;\">Manuel Melgar<\/p><p style=\"text-align: center;\">Francisco Luque<\/p><p style=\"text-align: center;\">Francisco Morales<\/p><p style=\"text-align: center;\">Lorenzo Contreras<\/p><p style=\"text-align: center;\">Manuel Morales<\/p><p style=\"text-align: center;\">\u00a0Francisco Crespo<\/p><p style=\"text-align: center;\">Francisco Reina<\/p><p style=\"text-align: center;\">Marcos Bajo<\/p><p style=\"text-align: center;\">Faustino Moreno<\/p><p style=\"text-align: center;\">Francisco Chac\u00f3n<\/p>\t\t\t\t\t\t\t\t<\/div>\n\t\t\t\t<\/div>\n\t\t\t\t\t<\/div>\n\t\t\t\t<\/div>\n\t\t<div class=\"elementor-element elementor-element-bd287f5 e-flex e-con-boxed e-con e-parent\" data-id=\"bd287f5\" data-element_type=\"container\" data-e-type=\"container\">\n\t\t\t\t\t<div class=\"e-con-inner\">\n\t\t\t\t<div class=\"elementor-element elementor-element-c3b5ab7 elementor-widget elementor-widget-text-editor\" data-id=\"c3b5ab7\" data-element_type=\"widget\" data-e-type=\"widget\" data-widget_type=\"text-editor.default\">\n\t\t\t\t<div class=\"elementor-widget-container\">\n\t\t\t\t\t\t\t\t\t<p><em><strong>Sesi\u00f3n Ordinaria del veintiocho de Julio de Mil Ochocientos ochenta y dos en la sala de acuerdos de la Casa Capitular a la que asisten los se\u00f1ores concejales que al margen se anotan bajo la presidencia del Alcalde D. Manuel Mar\u00eda Melgar Padilla, ley\u00e9ndose a su orden por mi, el Secretario, el acta anteriorq que hallada exacta fue aprobada.<\/strong><\/em><\/p>\t\t\t\t\t\t\t\t<\/div>\n\t\t\t\t<\/div>\n\t\t\t\t\t<\/div>\n\t\t\t\t<\/div>\n\t\t<div class=\"elementor-element elementor-element-f0e4ea9 e-flex e-con-boxed e-con e-parent\" data-id=\"f0e4ea9\" data-element_type=\"container\" data-e-type=\"container\">\n\t\t\t\t\t<div class=\"e-con-inner\">\n\t\t\t\t<div class=\"elementor-element elementor-element-d40b7eb elementor-widget elementor-widget-text-editor\" data-id=\"d40b7eb\" data-element_type=\"widget\" data-e-type=\"widget\" data-widget_type=\"text-editor.default\">\n\t\t\t\t<div class=\"elementor-widget-container\">\n\t\t\t\t\t\t\t\t\t<p><em><strong>Se dio cuenta de las solicitudes presentadas por Manuel Rivas Cielos, Ricardo Illanes Velasco e Ildefonso Navas Llamas, interesando se les concediese autorizaci\u00f3n para las pr\u00f3ximas Procesiones de Semana Santa, en que desean salir presentando las figuras de: \u00abLos Testigos Falsos en el Proceso contra Jes\u00fas\u00bb. El Ayuntamiento acord\u00f3 otorgar la autorizaci\u00f3n solicitada. Seg\u00fan consta en el Libro de Actas que obra en el Archivo Municipal.<\/strong><\/em><\/p>\t\t\t\t\t\t\t\t<\/div>\n\t\t\t\t<\/div>\n\t\t\t\t\t<\/div>\n\t\t\t\t<\/div>\n\t\t\t\t<\/div>\n\t\t","protected":false},"excerpt":{"rendered":"<p>Fundaci\u00f3n Extracto del Acta de la Sesi\u00f3n Ordinaria del Ayuntamiento de Puente Genil, del d\u00eda 28 de Julio de 1.882 Asistentes al Pleno: Manuel Melgar Francisco Luque Francisco Morales Lorenzo Contreras Manuel Morales \u00a0Francisco Crespo Francisco Reina Marcos Bajo Faustino Moreno Francisco Chac\u00f3n Sesi\u00f3n Ordinaria del veintiocho de Julio de Mil Ochocientos ochenta y dos&hellip;&nbsp;<a href=\"https:\/\/testigosfalsos.es\/tf\/fundacion\/\" rel=\"bookmark\">Leer m\u00e1s &raquo;<span class=\"screen-reader-text\">Fundaci\u00f3n<\/span><\/a><\/p>\n","protected":false},"author":1,"featured_media":0,"parent":0,"menu_order":0,"comment_status":"closed","ping_status":"closed","template":"page-templates\/template-pagebuilder-full-width.php","meta":{"neve_meta_sidebar":"","neve_meta_container":"","neve_meta_enable_content_width":"on","neve_meta_content_width":100,"neve_meta_title_alignment":"","neve_meta_author_avatar":"","neve_post_elements_order":"","neve_meta_disable_header":"","neve_meta_disable_footer":"","neve_meta_disable_title":"on","footnotes":""},"wf_page_folders":[12],"class_list":["post-252","page","type-page","status-publish","hentry"],"_links":{"self":[{"href":"https:\/\/testigosfalsos.es\/tf\/wp-json\/wp\/v2\/pages\/252","targetHints":{"allow":["GET"]}}],"collection":[{"href":"https:\/\/testigosfalsos.es\/tf\/wp-json\/wp\/v2\/pages"}],"about":[{"href":"https:\/\/testigosfalsos.es\/tf\/wp-json\/wp\/v2\/types\/page"}],"author":[{"embeddable":true,"href":"https:\/\/testigosfalsos.es\/tf\/wp-json\/wp\/v2\/users\/1"}],"replies":[{"embeddable":true,"href":"https:\/\/testigosfalsos.es\/tf\/wp-json\/wp\/v2\/comments?post=252"}],"version-history":[{"count":4,"href":"https:\/\/testigosfalsos.es\/tf\/wp-json\/wp\/v2\/pages\/252\/revisions"}],"predecessor-version":[{"id":257,"href":"https:\/\/testigosfalsos.es\/tf\/wp-json\/wp\/v2\/pages\/252\/revisions\/257"}],"wp:attachment":[{"href":"https:\/\/testigosfalsos.es\/tf\/wp-json\/wp\/v2\/media?parent=252"}],"wp:term":[{"taxonomy":"wf_page_folders","embeddable":true,"href":"https:\/\/testigosfalsos.es\/tf\/wp-json\/wp\/v2\/wf_page_folders?post=252"}],"curies":[{"name":"wp","href":"https:\/\/api.w.org\/{rel}","templated":true}]}}