{"id":206,"date":"2021-09-22T09:58:17","date_gmt":"2021-09-22T09:58:17","guid":{"rendered":"http:\/\/testigosfalsos.es\/wp\/?page_id=206"},"modified":"2021-09-22T09:58:17","modified_gmt":"2021-09-22T09:58:17","slug":"exaltacion-a-la-saeta-cuartelera","status":"publish","type":"page","link":"https:\/\/testigosfalsos.es\/tf\/exaltacion-a-la-saeta-cuartelera\/","title":{"rendered":"Evangelio-Carnaval"},"content":{"rendered":"\t\t<div data-elementor-type=\"wp-page\" data-elementor-id=\"206\" class=\"elementor elementor-206\" data-elementor-post-type=\"page\">\n\t\t\t\t\t\t<section class=\"elementor-section elementor-top-section elementor-element elementor-element-0e43292 elementor-section-boxed elementor-section-height-default elementor-section-height-default\" data-id=\"0e43292\" data-element_type=\"section\" data-e-type=\"section\">\n\t\t\t\t\t\t<div class=\"elementor-container elementor-column-gap-default\">\n\t\t\t\t\t<div class=\"elementor-column elementor-col-100 elementor-top-column elementor-element elementor-element-c892a0e\" data-id=\"c892a0e\" data-element_type=\"column\" data-e-type=\"column\">\n\t\t\t<div class=\"elementor-widget-wrap elementor-element-populated\">\n\t\t\t\t\t\t<div class=\"elementor-element elementor-element-18be49b elementor-widget elementor-widget-heading\" data-id=\"18be49b\" data-element_type=\"widget\" data-e-type=\"widget\" data-widget_type=\"heading.default\">\n\t\t\t\t<div class=\"elementor-widget-container\">\n\t\t\t\t\t<h2 class=\"elementor-heading-title elementor-size-default\">Evangelios de Cuaresma - Carnaval<\/h2>\t\t\t\t<\/div>\n\t\t\t\t<\/div>\n\t\t\t\t\t<\/div>\n\t\t<\/div>\n\t\t\t\t\t<\/div>\n\t\t<\/section>\n\t\t\t\t<section class=\"elementor-section elementor-top-section elementor-element elementor-element-b55736c elementor-section-boxed elementor-section-height-default elementor-section-height-default\" data-id=\"b55736c\" data-element_type=\"section\" data-e-type=\"section\">\n\t\t\t\t\t\t<div class=\"elementor-container elementor-column-gap-default\">\n\t\t\t\t\t<div class=\"elementor-column elementor-col-100 elementor-top-column elementor-element elementor-element-b917f02\" data-id=\"b917f02\" data-element_type=\"column\" data-e-type=\"column\">\n\t\t\t<div class=\"elementor-widget-wrap elementor-element-populated\">\n\t\t\t\t\t\t<div class=\"elementor-element elementor-element-d976aba elementor-widget-divider--view-line elementor-widget elementor-widget-divider\" data-id=\"d976aba\" data-element_type=\"widget\" data-e-type=\"widget\" data-widget_type=\"divider.default\">\n\t\t\t\t<div class=\"elementor-widget-container\">\n\t\t\t\t\t\t\t<div class=\"elementor-divider\">\n\t\t\t<span class=\"elementor-divider-separator\">\n\t\t\t\t\t\t<\/span>\n\t\t<\/div>\n\t\t\t\t\t\t<\/div>\n\t\t\t\t<\/div>\n\t\t\t\t\t<\/div>\n\t\t<\/div>\n\t\t\t\t\t<\/div>\n\t\t<\/section>\n\t\t\t\t<section class=\"elementor-section elementor-top-section elementor-element elementor-element-011cb56 elementor-section-boxed elementor-section-height-default elementor-section-height-default\" data-id=\"011cb56\" data-element_type=\"section\" data-e-type=\"section\">\n\t\t\t\t\t\t<div class=\"elementor-container elementor-column-gap-default\">\n\t\t\t\t\t<div class=\"elementor-column elementor-col-100 elementor-top-column elementor-element elementor-element-7d930b5\" data-id=\"7d930b5\" data-element_type=\"column\" data-e-type=\"column\">\n\t\t\t<div class=\"elementor-widget-wrap elementor-element-populated\">\n\t\t\t\t\t\t<div class=\"elementor-element elementor-element-53cffe5 elementor-widget elementor-widget-image\" data-id=\"53cffe5\" data-element_type=\"widget\" data-e-type=\"widget\" data-widget_type=\"image.default\">\n\t\t\t\t<div class=\"elementor-widget-container\">\n\t\t\t\t\t\t\t\t\t\t\t\t\t\t\t<img decoding=\"async\" src=\"http:\/\/testigosfalsos.es\/wp\/wp-content\/uploads\/2021\/09\/pata1.jpg\" title=\"\" alt=\"\" loading=\"lazy\" \/>\t\t\t\t\t\t\t\t\t\t\t\t\t\t\t<\/div>\n\t\t\t\t<\/div>\n\t\t\t\t\t<\/div>\n\t\t<\/div>\n\t\t\t\t\t<\/div>\n\t\t<\/section>\n\t\t\t\t<section class=\"elementor-section elementor-top-section elementor-element elementor-element-4ef7d8a elementor-section-boxed elementor-section-height-default elementor-section-height-default\" data-id=\"4ef7d8a\" data-element_type=\"section\" data-e-type=\"section\">\n\t\t\t\t\t\t<div class=\"elementor-container elementor-column-gap-default\">\n\t\t\t\t\t<div class=\"elementor-column elementor-col-100 elementor-top-column elementor-element elementor-element-cc0b3c1\" data-id=\"cc0b3c1\" data-element_type=\"column\" data-e-type=\"column\">\n\t\t\t<div class=\"elementor-widget-wrap elementor-element-populated\">\n\t\t\t\t\t\t<div class=\"elementor-element elementor-element-ae8e8a5 elementor-widget elementor-widget-text-editor\" data-id=\"ae8e8a5\" data-element_type=\"widget\" data-e-type=\"widget\" data-widget_type=\"text-editor.default\">\n\t\t\t\t<div class=\"elementor-widget-container\">\n\t\t\t\t\t\t\t\t\t<p align=\"center\">Evangelio.- (Lc. 18. 31-43)<\/p><p class=\"subHeader\" align=\"center\"><strong><em>\u00abEn aquel tiempo: Tomando Jes\u00fas aparta a los doce ap\u00f3stoles, les dice: &#8211; Ya veis que subimos a Jerusal\u00e9n, donde se cumplir\u00e1n todas la cosas que fueron escritas por los profetas acerca del hijo del hombre, porque ser\u00e1 entregado en manos de los gentiles, y escupido y azotado, escarnecido, le dar\u00e1n la muerte y al tercer D\u00eda resucitar\u00e1.- Pero ellos, ninguna de estas cosas comprendieron: Antes era este un lenguaje desconocido para ellos, ni entend\u00edan la significaci\u00f3n de las palabras dichas. Y al acercarse a Jeric\u00f3, estaba un ciego sentado a la Orilla del camino pidiendo limosna. Y sintiendo el tropel de la gente que pasaba, pregunt\u00f3 que novedad era aquella. Dijeronle que Jes\u00fas Nazareno pasaba por all\u00ed de camino. Y al punto se puso a gritar: Jes\u00fas, hijo de David, Ten piedad de m\u00ed. Los que iban delante le reprend\u00edan para que callase,. Pero el levantaba mucho m\u00e1s el grito: Hijo de David, ten piedad de mi. Parose entonces Jes\u00fas y mand\u00f3 traerle a su presencia. Y cuando le tuvo ya cerca, preguntole diciendo: &#8211; \u00bfQue quieres que te haga?-. Se\u00f1or respondi\u00f3 \u00e9l, que yo tenga vista. D\u00edjole Jes\u00fas: &#8211; Tenla-; y se que tu fe te ha salvado. Y al instante vio, y le segu\u00eda celebrando las grandezas de Dios. Y todo el Pueblo, cuando vio esto, alab\u00f3 a Dios.\u00bb<\/em><\/strong><\/p><p class=\"subHeader\" align=\"center\"><strong><em>Palabra de Dios.\u00a0<\/em><\/strong><\/p>\t\t\t\t\t\t\t\t<\/div>\n\t\t\t\t<\/div>\n\t\t\t\t\t<\/div>\n\t\t<\/div>\n\t\t\t\t\t<\/div>\n\t\t<\/section>\n\t\t\t\t<\/div>\n\t\t","protected":false},"excerpt":{"rendered":"<p>Evangelios de Cuaresma &#8211; Carnaval Evangelio.- (Lc. 18. 31-43) \u00abEn aquel tiempo: Tomando Jes\u00fas aparta a los doce ap\u00f3stoles, les dice: &#8211; Ya veis que subimos a Jerusal\u00e9n, donde se cumplir\u00e1n todas la cosas que fueron escritas por los profetas acerca del hijo del hombre, porque ser\u00e1 entregado en manos de los gentiles, y escupido&hellip;&nbsp;<a href=\"https:\/\/testigosfalsos.es\/tf\/exaltacion-a-la-saeta-cuartelera\/\" rel=\"bookmark\">Leer m\u00e1s &raquo;<span class=\"screen-reader-text\">Evangelio-Carnaval<\/span><\/a><\/p>\n","protected":false},"author":1,"featured_media":0,"parent":0,"menu_order":0,"comment_status":"closed","ping_status":"closed","template":"","meta":{"neve_meta_sidebar":"","neve_meta_container":"","neve_meta_enable_content_width":"","neve_meta_content_width":0,"neve_meta_title_alignment":"","neve_meta_author_avatar":"","neve_post_elements_order":"","neve_meta_disable_header":"","neve_meta_disable_footer":"","neve_meta_disable_title":"","footnotes":""},"wf_page_folders":[38],"class_list":["post-206","page","type-page","status-publish","hentry"],"_links":{"self":[{"href":"https:\/\/testigosfalsos.es\/tf\/wp-json\/wp\/v2\/pages\/206","targetHints":{"allow":["GET"]}}],"collection":[{"href":"https:\/\/testigosfalsos.es\/tf\/wp-json\/wp\/v2\/pages"}],"about":[{"href":"https:\/\/testigosfalsos.es\/tf\/wp-json\/wp\/v2\/types\/page"}],"author":[{"embeddable":true,"href":"https:\/\/testigosfalsos.es\/tf\/wp-json\/wp\/v2\/users\/1"}],"replies":[{"embeddable":true,"href":"https:\/\/testigosfalsos.es\/tf\/wp-json\/wp\/v2\/comments?post=206"}],"version-history":[{"count":0,"href":"https:\/\/testigosfalsos.es\/tf\/wp-json\/wp\/v2\/pages\/206\/revisions"}],"wp:attachment":[{"href":"https:\/\/testigosfalsos.es\/tf\/wp-json\/wp\/v2\/media?parent=206"}],"wp:term":[{"taxonomy":"wf_page_folders","embeddable":true,"href":"https:\/\/testigosfalsos.es\/tf\/wp-json\/wp\/v2\/wf_page_folders?post=206"}],"curies":[{"name":"wp","href":"https:\/\/api.w.org\/{rel}","templated":true}]}}