{"id":185,"date":"2025-02-06T21:14:02","date_gmt":"2025-02-06T21:14:02","guid":{"rendered":"https:\/\/testigosfalsos.es\/tf\/?page_id=185"},"modified":"2025-02-06T22:19:46","modified_gmt":"2025-02-06T22:19:46","slug":"inicio","status":"publish","type":"page","link":"https:\/\/testigosfalsos.es\/tf\/","title":{"rendered":"Inicio"},"content":{"rendered":"\t\t<div data-elementor-type=\"wp-page\" data-elementor-id=\"185\" class=\"elementor elementor-185\" data-elementor-post-type=\"page\">\n\t\t\t\t<div class=\"elementor-element elementor-element-55600cb e-flex e-con-boxed e-con e-parent\" data-id=\"55600cb\" data-element_type=\"container\" data-e-type=\"container\">\n\t\t\t\t\t<div class=\"e-con-inner\">\n\t\t\t\t<div class=\"elementor-element elementor-element-c7785ee elementor-widget-divider--view-line elementor-widget elementor-widget-divider\" data-id=\"c7785ee\" data-element_type=\"widget\" data-e-type=\"widget\" data-widget_type=\"divider.default\">\n\t\t\t\t<div class=\"elementor-widget-container\">\n\t\t\t\t\t\t\t<div class=\"elementor-divider\">\n\t\t\t<span class=\"elementor-divider-separator\">\n\t\t\t\t\t\t<\/span>\n\t\t<\/div>\n\t\t\t\t\t\t<\/div>\n\t\t\t\t<\/div>\n\t\t\t\t\t<\/div>\n\t\t\t\t<\/div>\n\t\t<div class=\"elementor-element elementor-element-e8ce051 e-flex e-con-boxed e-con e-parent\" data-id=\"e8ce051\" data-element_type=\"container\" data-e-type=\"container\">\n\t\t\t\t\t<div class=\"e-con-inner\">\n\t\t\t\t<div class=\"elementor-element elementor-element-2f532f9 elementor-widget elementor-widget-image\" data-id=\"2f532f9\" data-element_type=\"widget\" data-e-type=\"widget\" data-widget_type=\"image.default\">\n\t\t\t\t<div class=\"elementor-widget-container\">\n\t\t\t\t\t\t\t\t\t\t\t\t\t\t\t<img fetchpriority=\"high\" decoding=\"async\" width=\"604\" height=\"451\" src=\"https:\/\/testigosfalsos.es\/tf\/wp-content\/uploads\/2025\/02\/HISTO32-1.jpg\" class=\"attachment-large size-large wp-image-225\" alt=\"\" srcset=\"https:\/\/testigosfalsos.es\/tf\/wp-content\/uploads\/2025\/02\/HISTO32-1.jpg 604w, https:\/\/testigosfalsos.es\/tf\/wp-content\/uploads\/2025\/02\/HISTO32-1-300x224.jpg 300w\" sizes=\"(max-width: 604px) 100vw, 604px\" \/>\t\t\t\t\t\t\t\t\t\t\t\t\t\t\t<\/div>\n\t\t\t\t<\/div>\n\t\t\t\t\t<\/div>\n\t\t\t\t<\/div>\n\t\t<div class=\"elementor-element elementor-element-225efd7 e-flex e-con-boxed e-con e-parent\" data-id=\"225efd7\" data-element_type=\"container\" data-e-type=\"container\">\n\t\t\t\t\t<div class=\"e-con-inner\">\n\t\t\t\t<div class=\"elementor-element elementor-element-e2c4e93 elementor-widget elementor-widget-text-editor\" data-id=\"e2c4e93\" data-element_type=\"widget\" data-e-type=\"widget\" data-widget_type=\"text-editor.default\">\n\t\t\t\t<div class=\"elementor-widget-container\">\n\t\t\t\t\t\t\t\t\t<p style=\"text-align: center;\" align=\"justify\"><strong>Nuestra p\u00e1gina web, se abre con la intenci\u00f3n de dar a todos los internautas, la posibilidad de enriquecerse de la Semana Santa de Puente Genil, y de conocer a\u00fan m\u00e1s esta Corporaci\u00f3n, que surgio como parte activa de este entramado de Asociaciones.<\/strong><\/p><p style=\"text-align: center;\" align=\"justify\"><strong>Nuestro fin, es engrandecer nuestra Semana Santa, aportando nuestra ilusi\u00f3n al conjunto que forma este nucleo de Corporaci\u00f3nes y Cofrad\u00edas, que ha conseguido que por primavera, nuestro pueblo huela a Pasi\u00f3n, Muerte y Resurreci\u00f3n.<\/strong><\/p><p style=\"text-align: center;\" align=\"justify\"><strong>Conoce nuestra Corporaci\u00f3n y sabr\u00e1s un poco m\u00e1s de nuestro Pueblo y su Semana Santa.<\/strong><\/p><p style=\"text-align: center;\" align=\"justify\"><strong>No dudes en aportar ideas, opiniones y sugerencias a nuestro\u00a0<a class=\"Estilo2\" href=\"mailto:webmaster@losapostoles.org\">webmaster<\/a>, para la belleza y presentaci\u00f3n de nuestra web<\/strong><\/p><p style=\"text-align: center;\" align=\"justify\"><strong>Los datos que ir\u00e1s conociendo, sin lugar a dudas enriquecer\u00e1 tu conocimiento sobre nuestra Corporaci\u00f3n, nuestras tradiciones y nuestra forma de vivir la Cuaresma y Semana Santa.<\/strong><\/p><p style=\"text-align: center;\" align=\"justify\"><strong>Como pilar fundamental, tenemos nuestra vocaci\u00f3n fiel a nuestro Padre Jes\u00fas en su Oraci\u00f3n del Huerto y a Mar\u00eda Sant\u00edsima de la Victoria.<\/strong><\/p>\t\t\t\t\t\t\t\t<\/div>\n\t\t\t\t<\/div>\n\t\t\t\t\t<\/div>\n\t\t\t\t<\/div>\n\t\t<div class=\"elementor-element elementor-element-d60ee8d e-flex e-con-boxed e-con e-parent\" data-id=\"d60ee8d\" data-element_type=\"container\" data-e-type=\"container\">\n\t\t\t\t\t<div class=\"e-con-inner\">\n\t\t\t\t<div class=\"elementor-element elementor-element-f7ce438 elementor-widget elementor-widget-google_maps\" data-id=\"f7ce438\" data-element_type=\"widget\" data-e-type=\"widget\" data-widget_type=\"google_maps.default\">\n\t\t\t\t<div class=\"elementor-widget-container\">\n\t\t\t\t\t\t\t<div class=\"elementor-custom-embed\">\n\t\t\t<iframe loading=\"lazy\"\n\t\t\t\t\tsrc=\"https:\/\/maps.google.com\/maps?q=Poeta%20Garc%C3%ADa%20Lorca%2C%2033%20Puente%20Genil&#038;t=m&#038;z=10&#038;output=embed&#038;iwloc=near\"\n\t\t\t\t\ttitle=\"Poeta Garc\u00eda Lorca, 33 Puente Genil\"\n\t\t\t\t\taria-label=\"Poeta Garc\u00eda Lorca, 33 Puente Genil\"\n\t\t\t><\/iframe>\n\t\t<\/div>\n\t\t\t\t\t\t<\/div>\n\t\t\t\t<\/div>\n\t\t\t\t\t<\/div>\n\t\t\t\t<\/div>\n\t\t\t\t<\/div>\n\t\t","protected":false},"excerpt":{"rendered":"<p>Nuestra p\u00e1gina web, se abre con la intenci\u00f3n de dar a todos los internautas, la posibilidad de enriquecerse de la Semana Santa de Puente Genil, y de conocer a\u00fan m\u00e1s esta Corporaci\u00f3n, que surgio como parte activa de este entramado de Asociaciones. Nuestro fin, es engrandecer nuestra Semana Santa, aportando nuestra ilusi\u00f3n al conjunto que&hellip;&nbsp;<a href=\"https:\/\/testigosfalsos.es\/tf\/\" rel=\"bookmark\">Leer m\u00e1s &raquo;<span class=\"screen-reader-text\">Inicio<\/span><\/a><\/p>\n","protected":false},"author":1,"featured_media":0,"parent":0,"menu_order":0,"comment_status":"closed","ping_status":"open","template":"page-templates\/template-pagebuilder-full-width.php","meta":{"neve_meta_sidebar":"","neve_meta_container":"","neve_meta_enable_content_width":"on","neve_meta_content_width":100,"neve_meta_title_alignment":"","neve_meta_author_avatar":"","neve_post_elements_order":"","neve_meta_disable_header":"","neve_meta_disable_footer":"","neve_meta_disable_title":"on","footnotes":""},"wf_page_folders":[],"class_list":["post-185","page","type-page","status-publish","hentry"],"_links":{"self":[{"href":"https:\/\/testigosfalsos.es\/tf\/wp-json\/wp\/v2\/pages\/185","targetHints":{"allow":["GET"]}}],"collection":[{"href":"https:\/\/testigosfalsos.es\/tf\/wp-json\/wp\/v2\/pages"}],"about":[{"href":"https:\/\/testigosfalsos.es\/tf\/wp-json\/wp\/v2\/types\/page"}],"author":[{"embeddable":true,"href":"https:\/\/testigosfalsos.es\/tf\/wp-json\/wp\/v2\/users\/1"}],"replies":[{"embeddable":true,"href":"https:\/\/testigosfalsos.es\/tf\/wp-json\/wp\/v2\/comments?post=185"}],"version-history":[{"count":10,"href":"https:\/\/testigosfalsos.es\/tf\/wp-json\/wp\/v2\/pages\/185\/revisions"}],"predecessor-version":[{"id":228,"href":"https:\/\/testigosfalsos.es\/tf\/wp-json\/wp\/v2\/pages\/185\/revisions\/228"}],"wp:attachment":[{"href":"https:\/\/testigosfalsos.es\/tf\/wp-json\/wp\/v2\/media?parent=185"}],"wp:term":[{"taxonomy":"wf_page_folders","embeddable":true,"href":"https:\/\/testigosfalsos.es\/tf\/wp-json\/wp\/v2\/wf_page_folders?post=185"}],"curies":[{"name":"wp","href":"https:\/\/api.w.org\/{rel}","templated":true}]}}