{"id":1099,"date":"2021-09-22T13:48:54","date_gmt":"2021-09-22T13:48:54","guid":{"rendered":"http:\/\/testigosfalsos.es\/wp\/?page_id=225"},"modified":"2025-02-17T21:27:20","modified_gmt":"2025-02-17T21:27:20","slug":"cuarto-sabado-de-cuaresma","status":"publish","type":"page","link":"https:\/\/testigosfalsos.es\/tf\/cuarto-sabado-de-cuaresma\/","title":{"rendered":"Cuarto S\u00e1bado de Cuaresma"},"content":{"rendered":"\t\t<div data-elementor-type=\"wp-page\" data-elementor-id=\"1099\" class=\"elementor elementor-1099\" data-elementor-post-type=\"page\">\n\t\t\t\t<div class=\"elementor-element elementor-element-5bead12e e-flex e-con-boxed e-con e-parent\" data-id=\"5bead12e\" data-element_type=\"container\" data-e-type=\"container\">\n\t\t\t\t\t<div class=\"e-con-inner\">\n\t\t\t\t<div class=\"elementor-element elementor-element-7cb5b9f elementor-widget elementor-widget-spacer\" data-id=\"7cb5b9f\" data-element_type=\"widget\" data-e-type=\"widget\" data-widget_type=\"spacer.default\">\n\t\t\t\t<div class=\"elementor-widget-container\">\n\t\t\t\t\t\t\t<div class=\"elementor-spacer\">\n\t\t\t<div class=\"elementor-spacer-inner\"><\/div>\n\t\t<\/div>\n\t\t\t\t\t\t<\/div>\n\t\t\t\t<\/div>\n\t\t\t\t\t<\/div>\n\t\t\t\t<\/div>\n\t\t<div class=\"elementor-element elementor-element-eb0172b e-flex e-con-boxed e-con e-parent\" data-id=\"eb0172b\" data-element_type=\"container\" data-e-type=\"container\">\n\t\t\t\t\t<div class=\"e-con-inner\">\n\t\t\t\t<div class=\"elementor-element elementor-element-9a54ca6 elementor-widget elementor-widget-text-editor\" data-id=\"9a54ca6\" data-element_type=\"widget\" data-e-type=\"widget\" data-widget_type=\"text-editor.default\">\n\t\t\t\t<div class=\"elementor-widget-container\">\n\t\t\t\t\t\t\t\t\t<h4 style=\"text-align: center;\">Cuarto S\u00e1bado de Cuaresma &#8211; Mirando al Futuro<\/h4><p>Con el objetivo responsable de mantener vivas las tradiciones de nuestra incomparable Semana Santa, de transmitir el estilo, la forma y la propia idiosincrasia de la Corporaci\u00f3n de Los Testigos Falsos, se instituye en la Corporaci\u00f3n el Cuarto S\u00e1bado de Cuaresma para compartir nuestras vivencias con los hijos y amigos de los hermanos con una edad manantera jov\u00e9n.\u00a0<\/p><figure><img fetchpriority=\"high\" decoding=\"async\" class=\"wp-image-7134 size-full aligncenter\" src=\"https:\/\/testigosfalsos.es\/tf\/wp-content\/uploads\/2025\/02\/cuartosabado1.jpg\" alt=\"\" width=\"750\" height=\"338\" srcset=\"https:\/\/testigosfalsos.es\/tf\/wp-content\/uploads\/2025\/02\/cuartosabado1.jpg 750w, https:\/\/testigosfalsos.es\/tf\/wp-content\/uploads\/2025\/02\/cuartosabado1-300x135.jpg 300w\" sizes=\"(max-width: 750px) 100vw, 750px\" \/><br \/><figcaption><\/figcaption><\/figure><figure><img decoding=\"async\" class=\"wp-image-7133 size-full aligncenter\" src=\"https:\/\/testigosfalsos.es\/tf\/wp-content\/uploads\/2025\/02\/cuartosabado.jpg\" alt=\"\" width=\"750\" height=\"338\" srcset=\"https:\/\/testigosfalsos.es\/tf\/wp-content\/uploads\/2025\/02\/cuartosabado.jpg 750w, https:\/\/testigosfalsos.es\/tf\/wp-content\/uploads\/2025\/02\/cuartosabado-300x135.jpg 300w\" sizes=\"(max-width: 750px) 100vw, 750px\" \/><br \/><figcaption><\/figcaption><\/figure><p style=\"text-align: left;\">Suele ser una manifestaci\u00f3n espont\u00e1nea y sincera de lo que es y supone un s\u00e1bado de Cuaresma en una Corporaci\u00f3n.<\/p><p>Las cuarteleras, las uvitas, las intervenciones con aire joven, en definitiva un espejo donde los mayores sacamos nuestras conclusiones positivas. Ellos son esa noche los protagonistas, porque dentro de poco tiempo tendr\u00e1n que coger la responsabilidad de mantener vivas las ense\u00f1anzas recibidas.<\/p><p>Tambi\u00e9n tiene esa celebraci\u00f3n el objetivo de poder incorporar a la Corporaci\u00f3n a esos hijos de hermanos que mantengan ese deseo de seguir con la tradici\u00f3n familiar, de seguir los pasos de sus mayores. En una apuesta por el futuro, ya sabemos que las personas pasan y los grupos permanecen y para que esto ocurra se necesita en todos los sitios el innegable relevo generacional. Se vislumbran posibles incorporaciones, se guardan en el recuerdo ilusiones renovadas, se viaja en el tiempo y en definitiva, se hace una gran Corporaci\u00f3n en ese d\u00eda.<\/p><p><img decoding=\"async\" class=\"aligncenter\" src=\"https:\/\/testigosfalsos.es\/tf\/wp-content\/uploads\/2021\/09\/Imagen00011-1-1024x771.jpg\" sizes=\"(max-width: 640px) 100vw, 640px\" srcset=\"https:\/\/testigosfalsos.es\/tf\/wp-content\/uploads\/2021\/09\/Imagen00011-1-1024x771.jpg 1024w, https:\/\/testigosfalsos.es\/tf\/wp-content\/uploads\/2021\/09\/Imagen00011-1-300x226.jpg 300w, https:\/\/testigosfalsos.es\/tf\/wp-content\/uploads\/2021\/09\/Imagen00011-1-768x578.jpg 768w, https:\/\/testigosfalsos.es\/tf\/wp-content\/uploads\/2021\/09\/Imagen00011-1-1536x1156.jpg 1536w, https:\/\/testigosfalsos.es\/tf\/wp-content\/uploads\/2021\/09\/Imagen00011-1-136x102.jpg 136w, https:\/\/testigosfalsos.es\/tf\/wp-content\/uploads\/2021\/09\/Imagen00011-1.jpg 1818w\" alt=\"\" width=\"640\" height=\"482\" \/><br \/><img loading=\"lazy\" decoding=\"async\" class=\"aligncenter\" src=\"https:\/\/testigosfalsos.es\/tf\/wp-content\/uploads\/2021\/09\/Imagen00009-1-1024x771.jpg\" sizes=\"(max-width: 640px) 100vw, 640px\" srcset=\"https:\/\/testigosfalsos.es\/tf\/wp-content\/uploads\/2021\/09\/Imagen00009-1-1024x771.jpg 1024w, https:\/\/testigosfalsos.es\/tf\/wp-content\/uploads\/2021\/09\/Imagen00009-1-300x226.jpg 300w, https:\/\/testigosfalsos.es\/tf\/wp-content\/uploads\/2021\/09\/Imagen00009-1-768x578.jpg 768w, https:\/\/testigosfalsos.es\/tf\/wp-content\/uploads\/2021\/09\/Imagen00009-1-1536x1156.jpg 1536w, https:\/\/testigosfalsos.es\/tf\/wp-content\/uploads\/2021\/09\/Imagen00009-1-136x102.jpg 136w, https:\/\/testigosfalsos.es\/tf\/wp-content\/uploads\/2021\/09\/Imagen00009-1.jpg 1818w\" alt=\"\" width=\"640\" height=\"482\" \/><\/p><p style=\"text-align: center;\"><strong>Ser manantero hijo m\u00edo<\/strong><br \/><strong>no es cantar como un poseso<\/strong><br \/><strong>las \u00faltimas melod\u00edas<\/strong><br \/><strong>de moda en ese momento<\/strong><br \/><strong>ni tampoco cuarteleras<\/strong><br \/><strong>gritando con desenfreno<\/strong><br \/><strong>y la voz aguardientosa<\/strong><br \/><strong>de un borracho marinero,<\/strong><br \/><strong>no es recorrer nuestro pueblo<\/strong><br \/><strong>con un tambor maltemplao<\/strong><br \/><strong>poniendo cara de entierro<\/strong><br \/><strong>ni coger una gran mona<\/strong><br \/><strong>cosa de poco acierto<\/strong><br \/><strong>y pasearse con ella<\/strong><br \/><strong>vestido de rebateo<\/strong><br \/><strong>golpeando con el cirio<\/strong><br \/><strong>los adoquines del suelo,<\/strong><br \/><strong>no es dejarse siete d\u00edas<\/strong><br \/><strong>la misma ropa en el cuerpo<\/strong><br \/><strong>ni vestirse de figura<\/strong><br \/><strong>y menos de Nazareno<\/strong><br \/><strong>mirando hacia los balcones<\/strong><br \/><strong>con gesto carnavalero.<\/strong><br \/><strong>Ser manantero hijo m\u00edo<\/strong><br \/><strong>es algo mucho m\u00e1s serio,<\/strong><br \/><strong>es tener un coraz\u00f3n<\/strong><br \/><strong>que no te quepa en el pecho,<\/strong><br \/><strong>es amar a todo el mundo,<\/strong><br \/><strong>a tu hermano, al forastero,<\/strong><br \/><strong>ser humilde, ser cristiano,<\/strong><br \/><strong>cuando haya que ser alegre,<\/strong><br \/><strong>ser alegre como el agua<\/strong><br \/><strong>de un juguet\u00f3n arroyuelo,<\/strong><br \/><strong>y llorar gotas de sangre<\/strong><br \/><strong>al pasar el Nazareno.<\/strong><br \/><strong>Si la Virgen es la rosa,<\/strong><br \/><strong>tu debes ser el jardinero<\/strong><br \/><strong>que le corte las espinas,<\/strong><br \/><strong>y de la cruz de Jes\u00fas<\/strong><br \/><strong>debes ser carpintero<\/strong><br \/><strong>que rebaje las aristas<\/strong><br \/><strong>y convierta ese maero<\/strong><br \/><strong>en un confortable lecho.<\/strong><br \/><strong>Por amor, por manantero,<\/strong><br \/><strong>es ayudar al humilde,<\/strong><br \/><strong>es servir a cada hermano,<\/strong><br \/><strong>es abrir tu coraz\u00f3n<\/strong><br \/><strong>en cada apret\u00f3n de manos.<\/strong><br \/><strong>Respeta los manantiales<\/strong><br \/><strong>en los que antes bebieron<\/strong><br \/><strong>pontanenses que se han ido.<\/strong><br \/><strong>Viste los mismos ropajes,<\/strong><br \/><strong>sigue los mismos ejemplos<\/strong><br \/><strong>que dieron a nuestros padres<\/strong><br \/><strong>con cari\u00f1o sus abuelos.<\/strong><br \/><strong>\u00a1Lucha por nuestra mananta!<\/strong><br \/><strong>en las sombras y en silencio<\/strong><br \/><strong>se guardi\u00e1n firme y fiel<\/strong><br \/><strong>de la tradici\u00f3n del pueblo.<\/strong><br \/><strong>Y cuando el Terrible quiera<\/strong><br \/><strong>llevarte con \u00c9l al cielo<\/strong><br \/><strong>entra por la puerta grande,<\/strong><br \/><strong>y al que este all\u00ed de portero<\/strong><br \/><strong>ens\u00e9\u00f1ale con orgullo<\/strong><br \/><strong>tu coraz\u00f3n manantero.<\/strong><\/p>\t\t\t\t\t\t\t\t<\/div>\n\t\t\t\t<\/div>\n\t\t\t\t\t<\/div>\n\t\t\t\t<\/div>\n\t\t\t\t<\/div>\n\t\t","protected":false},"excerpt":{"rendered":"<p>Cuarto S\u00e1bado de Cuaresma &#8211; Mirando al Futuro Con el objetivo responsable de mantener vivas las tradiciones de nuestra incomparable Semana Santa, de transmitir el estilo, la forma y la propia idiosincrasia de la Corporaci\u00f3n de Los Testigos Falsos, se instituye en la Corporaci\u00f3n el Cuarto S\u00e1bado de Cuaresma para compartir nuestras vivencias con los&hellip;&nbsp;<a href=\"https:\/\/testigosfalsos.es\/tf\/cuarto-sabado-de-cuaresma\/\" rel=\"bookmark\">Leer m\u00e1s &raquo;<span class=\"screen-reader-text\">Cuarto S\u00e1bado de Cuaresma<\/span><\/a><\/p>\n","protected":false},"author":1,"featured_media":0,"parent":0,"menu_order":0,"comment_status":"closed","ping_status":"closed","template":"","meta":{"neve_meta_sidebar":"","neve_meta_container":"","neve_meta_enable_content_width":"","neve_meta_content_width":0,"neve_meta_title_alignment":"","neve_meta_author_avatar":"","neve_post_elements_order":"","neve_meta_disable_header":"","neve_meta_disable_footer":"","neve_meta_disable_title":"","footnotes":""},"wf_page_folders":[23],"class_list":["post-1099","page","type-page","status-publish","hentry"],"_links":{"self":[{"href":"https:\/\/testigosfalsos.es\/tf\/wp-json\/wp\/v2\/pages\/1099","targetHints":{"allow":["GET"]}}],"collection":[{"href":"https:\/\/testigosfalsos.es\/tf\/wp-json\/wp\/v2\/pages"}],"about":[{"href":"https:\/\/testigosfalsos.es\/tf\/wp-json\/wp\/v2\/types\/page"}],"author":[{"embeddable":true,"href":"https:\/\/testigosfalsos.es\/tf\/wp-json\/wp\/v2\/users\/1"}],"replies":[{"embeddable":true,"href":"https:\/\/testigosfalsos.es\/tf\/wp-json\/wp\/v2\/comments?post=1099"}],"version-history":[{"count":3,"href":"https:\/\/testigosfalsos.es\/tf\/wp-json\/wp\/v2\/pages\/1099\/revisions"}],"predecessor-version":[{"id":7137,"href":"https:\/\/testigosfalsos.es\/tf\/wp-json\/wp\/v2\/pages\/1099\/revisions\/7137"}],"wp:attachment":[{"href":"https:\/\/testigosfalsos.es\/tf\/wp-json\/wp\/v2\/media?parent=1099"}],"wp:term":[{"taxonomy":"wf_page_folders","embeddable":true,"href":"https:\/\/testigosfalsos.es\/tf\/wp-json\/wp\/v2\/wf_page_folders?post=1099"}],"curies":[{"name":"wp","href":"https:\/\/api.w.org\/{rel}","templated":true}]}}